{"id":46682,"date":"2022-08-12T15:11:59","date_gmt":"2022-08-12T13:11:59","guid":{"rendered":"https:\/\/bp2.eu\/program-bp2-50-50\/"},"modified":"2025-09-03T15:12:28","modified_gmt":"2025-09-03T13:12:28","slug":"bp2-50-50","status":"publish","type":"page","link":"https:\/\/bp2.eu\/hu\/bp2-50-50\/","title":{"rendered":"BP2 50:50"},"content":{"rendered":"\n<div class=\"wp-block-group is-style-with-b2-background\"><div class=\"wp-block-group__inner-container is-layout-flow wp-block-group-is-layout-flow\">\n<div style=\"height:100px\" aria-hidden=\"true\" class=\"wp-block-spacer is-style-small-spacer\"><\/div>\n\n\n\n<p class=\"has-text-align-center noMarginBottom has-red-color has-text-color\"><strong><strong><strong>A K\u00c9NYELMES \u00c9S BIZTONS\u00c1GOS FELIRATOZOTT MUNKARUHA AZ \u00d6N C\u00c9G\u00c9NEK T\u00d6K\u00c9LETES MEGJELEN\u00c9SI FORM\u00c1JA<\/strong><\/strong><\/strong><\/p>\n\n\n\n<h2 class=\"wp-block-heading has-text-align-center noMarginTop noMarginBottom is-style-h1\" style=\"font-size:3.5em\">BP2 50:50<\/h2>\n\n\n\n<div style=\"height:100px\" aria-hidden=\"true\" class=\"wp-block-spacer is-style-small-spacer\"><\/div>\n<\/div><\/div>\n\n\n\n<div class=\"wp-block-group is-style-narrower-group\"><div class=\"wp-block-group__inner-container is-layout-flow wp-block-group-is-layout-flow\">\n<p class=\"has-text-align-center\" style=\"font-size:22px\">Forgalmaz\u00f3knak \u00e9s a tet\u0151fed\u0151knek sz\u00f3l\u00f3 program, amelyben a megb\u00edzhat\u00f3 munkaruh\u00e1zat \u00e9s a kiv\u00e1l\u00f3 min\u0151s\u00e9g\u0171 szersz\u00e1mok el\u0151\u00e1ll\u00edt\u00e1si k\u00f6lts\u00e9geit a BP2 \u00e9s az \u00fcgyf\u00e9l fele-fele ar\u00e1nyban osztj\u00e1k meg. A term\u00e9keken a BP2 50:50 program partnereinek log\u00f3ja l\u00e1that\u00f3.<\/p>\n<\/div><\/div>\n\n\n\n<div style=\"height:100px\" aria-hidden=\"true\" class=\"wp-block-spacer is-style-smaller-spacer\"><\/div>\n\n\n\n<div class=\"wp-block-group\"><div class=\"wp-block-group__inner-container is-layout-flow wp-block-group-is-layout-flow\">\n<div class=\"wp-block-columns is-style-grid fade-in is-layout-flex wp-container-core-columns-is-layout-9d6595d7 wp-block-columns-is-layout-flex\">\n<div class=\"wp-block-column is-layout-flow wp-block-column-is-layout-flow\">\n<div class=\"wp-block-cover is-style-full-height\"><img loading=\"lazy\" decoding=\"async\" width=\"1306\" height=\"1864\" class=\"wp-block-cover__image-background wp-image-57779\" alt=\"\" src=\"https:\/\/bp2.eu\/wp-content\/uploads\/2023\/02\/50-50-bp2-1.jpeg\" data-object-fit=\"cover\" srcset=\"https:\/\/bp2.eu\/wp-content\/uploads\/2023\/02\/50-50-bp2-1.jpeg 1306w, https:\/\/bp2.eu\/wp-content\/uploads\/2023\/02\/50-50-bp2-1-673x960.jpeg 673w, https:\/\/bp2.eu\/wp-content\/uploads\/2023\/02\/50-50-bp2-1-717x1024.jpeg 717w, https:\/\/bp2.eu\/wp-content\/uploads\/2023\/02\/50-50-bp2-1-768x1096.jpeg 768w, https:\/\/bp2.eu\/wp-content\/uploads\/2023\/02\/50-50-bp2-1-1076x1536.jpeg 1076w\" sizes=\"auto, (max-width: 1306px) 100vw, 1306px\" \/><span aria-hidden=\"true\" class=\"wp-block-cover__background has-background-dim-0 has-background-dim\"><\/span><div class=\"wp-block-cover__inner-container is-layout-flow wp-block-cover-is-layout-flow\">\n<p class=\"has-text-align-center\"><\/p>\n<\/div><\/div>\n<\/div>\n\n\n\n<div class=\"wp-block-column is-layout-flow wp-block-column-is-layout-flow\">\n<div class=\"wp-block-cover is-light is-style-full-width wp-duotone-8c00b7-fcff41-1\"><span aria-hidden=\"true\" class=\"wp-block-cover__background has-dark-gray-background-color has-background-dim-100 has-background-dim\"><\/span><div class=\"wp-block-cover__inner-container is-layout-flow wp-block-cover-is-layout-flow\">\n<figure class=\"wp-block-image size-full is-resized\"><img decoding=\"async\" src=\"https:\/\/bp2.eu\/wp-content\/uploads\/2023\/04\/bp2-50-50.svg\" alt=\"\" class=\"wp-image-63388\" style=\"width:185px;height:113px\"\/><\/figure>\n\n\n\n<p>A munkaruha minden dolgoz\u00f3 sz\u00e1m\u00e1ra n\u00e9lk\u00fcl\u00f6zhetetlen felszerel\u00e9s. T\u00f6k\u00e9letes z\u00e1szl\u00f3shaj\u00f3 az \u00d6n c\u00e9ge sz\u00e1m\u00e1ra, amely az \u00fcgyfelek k\u00f6r\u00e9ben n\u00f6veli a m\u00e1rka ismerts\u00e9g\u00e9t, dolgoz\u00f3i k\u00f6r\u00e9ben pedig az egys\u00e9g \u00e9s a c\u00e9ghez val\u00f3 k\u00f6t\u0151d\u00e9s \u00e9rz\u00e9s\u00e9t er\u0151s\u00edti.<\/p>\n\n\n\n<p>A munkaruh\u00e1zatot kiv\u00e1l\u00f3 min\u0151s\u00e9g\u0171 anyagokb\u00f3l k\u00e9sz\u00fclt tet\u0151fed\u0151 szersz\u00e1mok \u00e9s a kieg\u00e9sz\u00edt\u0151k eg\u00e9sz\u00edtik ki, amelyek biztos\u00edtj\u00e1k a k\u00e9nyelmet \u00e9s a munkabiztons\u00e1got.<\/p>\n\n\n\n<p><strong>Programunkban kiv\u00e1l\u00f3 min\u0151s\u00e9g\u0171 munkaruh\u00e1zatot k\u00edn\u00e1lunk<\/strong>, amely a legk\u00fcl\u00f6nb\u00f6z\u0151bb k\u00f6r\u00fclm\u00e9nyek k\u00f6z\u00f6tt haszn\u00e1lhat\u00f3 &#8211; v\u00e9delmet ny\u00fajt a lehets\u00e9ges vesz\u00e9lyekkel szemben, ugyanakkor teljes mozg\u00e1sszabads\u00e1got biztos\u00edt, megjelen\u00e9se pedig mutat\u00f3s \u00e9s n\u00f6veli a m\u00e1rk\u00e1dnak ismerts\u00e9g\u00e9t.<\/p>\n\n\n\n<a href=\"https:\/\/bp2.eu\/wp-content\/uploads\/2023\/02\/Katalogus-50-50-BP2-HU-09-2025.pdf\" target=\"_blank\" class=\"button button--red \">MUNKARUH\u00c1ZATI KATAL\u00d3GUS LET\u00d6LT\u00c9SE<\/a>\n\n\n<a href=\"https:\/\/bp2.eu\/wp-content\/uploads\/2024\/09\/Urlap-50-50-BP2-HU-09-2025.pdf\" target=\"_blank\" class=\"button button--black \">T\u00f6ltse le az 50:50 megrendel\u0151lapot<\/a>\n\n\n<div style=\"height:100px\" aria-hidden=\"true\" class=\"wp-block-spacer\"><\/div>\n<\/div><\/div>\n<\/div>\n<\/div>\n<\/div><\/div>\n\n\n\n<div class=\"wp-block-group has-white-background-color has-background\"><div class=\"wp-block-group__inner-container is-layout-flow wp-block-group-is-layout-flow\">\n<div style=\"height:100px\" aria-hidden=\"true\" class=\"wp-block-spacer is-style-smaller-spacer\"><\/div>\n\n\n\n<div class=\"wp-block-columns is-style-grid is-layout-flex wp-container-core-columns-is-layout-9d6595d7 wp-block-columns-is-layout-flex\">\n<div class=\"wp-block-column is-layout-flow wp-block-column-is-layout-flow\">\n<div class=\"wp-block-cover is-light is-style-content-from-bottom\"><img loading=\"lazy\" decoding=\"async\" width=\"1306\" height=\"1864\" class=\"wp-block-cover__image-background wp-image-31260\" alt=\"\" src=\"https:\/\/bp2.eu\/wp-content\/uploads\/2022\/10\/BPACK-v2.jpg\" style=\"object-position:48% 100%\" data-object-fit=\"cover\" data-object-position=\"48% 100%\" srcset=\"https:\/\/bp2.eu\/wp-content\/uploads\/2022\/10\/BPACK-v2.jpg 1306w, https:\/\/bp2.eu\/wp-content\/uploads\/2022\/10\/BPACK-v2-673x960.jpg 673w, https:\/\/bp2.eu\/wp-content\/uploads\/2022\/10\/BPACK-v2-717x1024.jpg 717w, https:\/\/bp2.eu\/wp-content\/uploads\/2022\/10\/BPACK-v2-768x1096.jpg 768w, https:\/\/bp2.eu\/wp-content\/uploads\/2022\/10\/BPACK-v2-1076x1536.jpg 1076w\" sizes=\"auto, (max-width: 1306px) 100vw, 1306px\" \/><span aria-hidden=\"true\" class=\"wp-block-cover__background has-background-dim\"><\/span><div class=\"wp-block-cover__inner-container is-layout-flow wp-block-cover-is-layout-flow\">\n<div style=\"height:100px\" aria-hidden=\"true\" class=\"wp-block-spacer is-style-medium-spacer\"><\/div>\n\n\n\n<figure class=\"wp-block-image size-large is-resized\"><img decoding=\"async\" src=\"https:\/\/bp2.eu\/wp-content\/uploads\/\/2025\/09\/bp2-bpack.svg\" alt=\"bp2 bpack icon\" class=\"wp-image-103539\" style=\"width:163px;height:113px\"\/><\/figure>\n\n\n\n<p class=\"has-white-color has-text-color\">A forgalmaz\u00f3knak sz\u00f3l\u00f3 marketingakci\u00f3, melynek keret\u00e9ben a forgalmaz\u00f3 a szolg\u00e1ltat\u00e1sunkon kereszt\u00fcl \u00e9vente k\u00e9tszer az elnyert pontok alapj\u00e1n \u00f6n\u00e1ll\u00f3an \u00e1ll\u00edthatja \u00f6ssze a program aktu\u00e1lis kiad\u00e1s\u00e1ban k\u00edn\u00e1lt marketinganyagok kosar\u00e1t.<\/p>\n\n\n\n<div class=\"wp-block-group\"><div class=\"wp-block-group__inner-container is-layout-flow wp-block-group-is-layout-flow\">\n<a href=\"https:\/\/bp2.eu\/hu\/bp2-bpack\/\"  class=\"button button--red \">TOV\u00c1BBI R\u00c9SZLETEK<\/a><\/div><\/div>\n<\/div><\/div>\n<\/div>\n\n\n\n<div class=\"wp-block-column is-layout-flow wp-block-column-is-layout-flow\">\n<div class=\"wp-block-cover is-light is-style-content-from-bottom\"><img loading=\"lazy\" decoding=\"async\" width=\"1306\" height=\"1864\" class=\"wp-block-cover__image-background wp-image-31334\" alt=\"\" src=\"https:\/\/bp2.eu\/wp-content\/uploads\/2022\/10\/AD.jpg\" style=\"object-position:45% 100%\" data-object-fit=\"cover\" data-object-position=\"45% 100%\" srcset=\"https:\/\/bp2.eu\/wp-content\/uploads\/2022\/10\/AD.jpg 1306w, https:\/\/bp2.eu\/wp-content\/uploads\/2022\/10\/AD-673x960.jpg 673w, https:\/\/bp2.eu\/wp-content\/uploads\/2022\/10\/AD-717x1024.jpg 717w, https:\/\/bp2.eu\/wp-content\/uploads\/2022\/10\/AD-768x1096.jpg 768w, https:\/\/bp2.eu\/wp-content\/uploads\/2022\/10\/AD-1076x1536.jpg 1076w\" sizes=\"auto, (max-width: 1306px) 100vw, 1306px\" \/><span aria-hidden=\"true\" class=\"wp-block-cover__background has-background-dim\"><\/span><div class=\"wp-block-cover__inner-container is-layout-flow wp-block-cover-is-layout-flow\">\n<div style=\"height:100px\" aria-hidden=\"true\" class=\"wp-block-spacer is-style-medium-spacer\"><\/div>\n\n\n\n<figure class=\"wp-block-image size-large is-resized\"><img decoding=\"async\" src=\"https:\/\/bp2.eu\/wp-content\/uploads\/\/2025\/09\/bp2-ad.svg\" alt=\"bp2 authorised d\" class=\"wp-image-103547\" style=\"width:185px;height:113px\"\/><\/figure>\n\n\n\n<p class=\"has-white-color has-text-color\">Hogy megfelelj\u00fcnk a forgalmaz\u00f3k elv\u00e1r\u00e1sainak l\u00e9trehoztuk egy \u00e1tfog\u00f3 programot a BP2 term\u00e9kek \u00e9rt\u00e9kes\u00edt\u00e9s\u00e9nek t\u00e1mogat\u00e1s\u00e1ra. Jelenleg az \u00e9rt\u00e9kes\u00edt\u00e9st t\u00e1mogat\u00f3 tev\u00e9kenys\u00e9gek a digit\u00e1lis marketingre \u00e9s a helyi internetes kamp\u00e1nyokra \u00f6sszpontos\u00edtanak. Oszt\u00e1lyunk k\u00e9szen \u00e1ll arra, hogy minden sz\u00fcks\u00e9ges tan\u00e1csot megadjon.<\/p>\n\n\n\n<div class=\"wp-block-group\"><div class=\"wp-block-group__inner-container is-layout-flow wp-block-group-is-layout-flow\">\n<a href=\"https:\/\/bp2.eu\/hu\/bp2-hivatalos-forgalmazoja\/\"  class=\"button button--red \">TOV\u00c1BBI R\u00c9SZLETEK<\/a><\/div><\/div>\n<\/div><\/div>\n<\/div>\n\n\n\n<div class=\"wp-block-column is-layout-flow wp-block-column-is-layout-flow\">\n<div class=\"wp-block-cover is-light is-style-content-from-bottom\"><img loading=\"lazy\" decoding=\"async\" width=\"1306\" height=\"1864\" class=\"wp-block-cover__image-background wp-image-31207\" alt=\"\" src=\"https:\/\/bp2.eu\/wp-content\/uploads\/2022\/10\/BPACK.jpg\" style=\"object-position:51% 100%\" data-object-fit=\"cover\" data-object-position=\"51% 100%\" srcset=\"https:\/\/bp2.eu\/wp-content\/uploads\/2022\/10\/BPACK.jpg 1306w, https:\/\/bp2.eu\/wp-content\/uploads\/2022\/10\/BPACK-673x960.jpg 673w, https:\/\/bp2.eu\/wp-content\/uploads\/2022\/10\/BPACK-717x1024.jpg 717w, https:\/\/bp2.eu\/wp-content\/uploads\/2022\/10\/BPACK-768x1096.jpg 768w, https:\/\/bp2.eu\/wp-content\/uploads\/2022\/10\/BPACK-1076x1536.jpg 1076w\" sizes=\"auto, (max-width: 1306px) 100vw, 1306px\" \/><span aria-hidden=\"true\" class=\"wp-block-cover__background has-background-dim\"><\/span><div class=\"wp-block-cover__inner-container is-layout-flow wp-block-cover-is-layout-flow\">\n<div style=\"height:100px\" aria-hidden=\"true\" class=\"wp-block-spacer is-style-medium-spacer\"><\/div>\n\n\n\n<figure class=\"wp-block-image size-large is-resized\"><img decoding=\"async\" src=\"https:\/\/bp2.eu\/wp-content\/uploads\/\/2025\/09\/bp2eshop.svg\" alt=\"bp2 eshop\" class=\"wp-image-103555\" style=\"width:185px;height:113px\"\/><\/figure>\n\n\n\n<p class=\"has-white-color has-text-color\">A BP2 \u00e1ltal egy meghatalmazott forgalmaz\u00f3val egy\u00fctt kezelt webalap\u00fa \u00e9rt\u00e9kes\u00edt\u00e9si platform. A platform megfelel\u0151 m\u0171k\u00f6d\u00e9s\u00e9t informatikai szempontb\u00f3l teljes m\u00e9rt\u00e9kben a BP2 garant\u00e1lja. A forgalmaz\u00f3 szabadon alak\u00edthatja a honlapot \u00e9s az aj\u00e1nlatot, valamint a kereskedelmi felt\u00e9teleket.<\/p>\n\n\n\n<div class=\"wp-block-group\"><div class=\"wp-block-group__inner-container is-layout-flow wp-block-group-is-layout-flow\">\n<a href=\"https:\/\/bp2.eu\/hu\/bp2-eshop\/\"  class=\"button button--red \">TOV\u00c1BBI R\u00c9SZLETEK<\/a><\/div><\/div>\n<\/div><\/div>\n<\/div>\n<\/div>\n\n\n\n<div style=\"height:100px\" aria-hidden=\"true\" class=\"wp-block-spacer is-style-small-spacer\"><\/div>\n<\/div><\/div>\n\n\n\n<div style=\"height:100px\" aria-hidden=\"true\" class=\"wp-block-spacer is-style-smaller-spacer\"><\/div>\n","protected":false},"excerpt":{"rendered":"<p>A K\u00c9NYELMES \u00c9S BIZTONS\u00c1GOS FELIRATOZOTT MUNKARUHA AZ \u00d6N C\u00c9G\u00c9NEK T\u00d6K\u00c9LETES MEGJELEN\u00c9SI FORM\u00c1JA BP2 50:50 Forgalmaz\u00f3knak \u00e9s a tet\u0151fed\u0151knek sz\u00f3l\u00f3 program, amelyben a megb\u00edzhat\u00f3 munkaruh\u00e1zat \u00e9s a kiv\u00e1l\u00f3 min\u0151s\u00e9g\u0171 szersz\u00e1mok el\u0151\u00e1ll\u00edt\u00e1si k\u00f6lts\u00e9geit a BP2 \u00e9s az \u00fcgyf\u00e9l fele-fele ar\u00e1nyban osztj\u00e1k meg. A term\u00e9keken a BP2 50:50 program partnereinek log\u00f3ja l\u00e1that\u00f3.<\/p>\n","protected":false},"author":6,"featured_media":0,"parent":0,"menu_order":81,"comment_status":"closed","ping_status":"closed","template":"","meta":{"_acf_changed":false,"content-type":"","inline_featured_image":false,"footnotes":""},"class_list":["post-46682","page","type-page","status-publish","hentry"],"acf":[],"_links":{"self":[{"href":"https:\/\/bp2.eu\/hu\/wp-json\/wp\/v2\/pages\/46682","targetHints":{"allow":["GET"]}}],"collection":[{"href":"https:\/\/bp2.eu\/hu\/wp-json\/wp\/v2\/pages"}],"about":[{"href":"https:\/\/bp2.eu\/hu\/wp-json\/wp\/v2\/types\/page"}],"author":[{"embeddable":true,"href":"https:\/\/bp2.eu\/hu\/wp-json\/wp\/v2\/users\/6"}],"replies":[{"embeddable":true,"href":"https:\/\/bp2.eu\/hu\/wp-json\/wp\/v2\/comments?post=46682"}],"version-history":[{"count":7,"href":"https:\/\/bp2.eu\/hu\/wp-json\/wp\/v2\/pages\/46682\/revisions"}],"predecessor-version":[{"id":103668,"href":"https:\/\/bp2.eu\/hu\/wp-json\/wp\/v2\/pages\/46682\/revisions\/103668"}],"wp:attachment":[{"href":"https:\/\/bp2.eu\/hu\/wp-json\/wp\/v2\/media?parent=46682"}],"curies":[{"name":"wp","href":"https:\/\/api.w.org\/{rel}","templated":true}]}}