{"id":46703,"date":"2022-01-05T14:14:44","date_gmt":"2022-01-05T13:14:44","guid":{"rendered":"https:\/\/bp2.eu\/oferta\/"},"modified":"2023-03-03T14:50:43","modified_gmt":"2023-03-03T13:50:43","slug":"ajanlat","status":"publish","type":"page","link":"https:\/\/bp2.eu\/hu\/ajanlat\/","title":{"rendered":"Aj\u00e1nlat"},"content":{"rendered":"\n<div class=\"wp-block-group is-style-with-b2-background\"><div class=\"wp-block-group__inner-container is-layout-flow wp-block-group-is-layout-flow\">\n<div style=\"height:100px\" aria-hidden=\"true\" class=\"wp-block-spacer is-style-small-spacer\"><\/div>\n\n\n\n<p class=\"has-text-align-center noMarginBottom has-red-color has-text-color\"><strong>MEGTAL\u00c1LNI A T\u00d6K\u00c9LETES FEDEZETET AZ \u00d6N IG\u00c9NYEINEK MEGFELEL\u0150EN<\/strong><\/p>\n\n\n\n<h1 class=\"has-text-align-center is-style-h1 noMarginTop noMarginBottom wp-block-heading\" style=\"font-size:3.5em\"><strong>AJ\u00c1NLATUNK<\/strong><\/h1>\n\n\n\n<div style=\"height:100px\" aria-hidden=\"true\" class=\"wp-block-spacer is-style-small-spacer\"><\/div>\n<\/div><\/div>\n\n\n\n<div class=\"wp-block-group is-style-narrow-group\"><div class=\"wp-block-group__inner-container is-layout-flow wp-block-group-is-layout-flow\">\n<p class=\"has-text-align-center\" style=\"font-size:22px\">\u00c1tfog\u00f3 megold\u00e1sokat gy\u00e1rtunk az \u00e9p\u00edt\u0151ipar sz\u00e1m\u00e1ra. A beruh\u00e1z\u00e1si \u00e9s csal\u00e1di \u00e9p\u00edtkez\u00e9sekhez sz\u00e1nt term\u00e9kek eg\u00e9sz sor\u00e1t k\u00edn\u00e1ljuk, azaz tet\u0151fed\u00e9seket, szerkezeti lemezeket, homlokzati rendszereket, szendvicspaneleket, falkazett\u00e1kat, ereszcsatorna rendszereket, valamint ac\u00e9lszervizk\u00f6zpontunkban speci\u00e1lis ac\u00e9lfeldolgoz\u00e1si szolg\u00e1ltat\u00e1sokat ny\u00fajtunk. Folyamatosan b\u0151v\u00edtj\u00fck term\u00e9kpalett\u00e1nkat, alkalmazkodva a piaci ig\u00e9nyekhez \u00e9s a technol\u00f3giai fejl\u0151d\u00e9shez.<\/p>\n<\/div><\/div>\n\n\n\n<div class=\"wp-block-group is-style-narrow-group\"><div class=\"wp-block-group__inner-container is-layout-flow wp-block-group-is-layout-flow\">\n<p class=\"has-text-align-center\"><\/p>\n\n\n\n<div style=\"height:100px\" aria-hidden=\"true\" class=\"wp-block-spacer is-style-small-spacer\"><\/div>\n<\/div><\/div>\n\n\n\n<div class=\"wp-block-group\"><div class=\"wp-block-group__inner-container is-layout-flow wp-block-group-is-layout-flow\">\n<div class=\"wp-block-columns is-style-grid is-layout-flex wp-container-core-columns-is-layout-9d6595d7 wp-block-columns-is-layout-flex\">\n<div class=\"wp-block-column is-layout-flow wp-block-column-is-layout-flow\">\n<div class=\"wp-block-cover is-style-full-height\"><span aria-hidden=\"true\" class=\"wp-block-cover__background has-background-dim-0 has-background-dim\"><\/span><img loading=\"lazy\" decoding=\"async\" width=\"804\" height=\"538\" class=\"wp-block-cover__image-background wp-image-783\" alt=\"\" src=\"https:\/\/bp2.eu\/wp-content\/uploads\/2022\/02\/bp2_oferta_1.png\" data-object-fit=\"cover\" srcset=\"https:\/\/bp2.eu\/wp-content\/uploads\/2022\/02\/bp2_oferta_1.png 804w, https:\/\/bp2.eu\/wp-content\/uploads\/2022\/02\/bp2_oferta_1-768x514.png 768w\" sizes=\"auto, (max-width: 804px) 100vw, 804px\" \/><div class=\"wp-block-cover__inner-container is-layout-flow wp-block-cover-is-layout-flow\">\n<p class=\"has-text-align-center has-large-font-size\"><\/p>\n<\/div><\/div>\n<\/div>\n\n\n\n<div class=\"wp-block-column is-layout-flow wp-block-column-is-layout-flow\">\n<div class=\"wp-block-cover is-light is-style-full-height\"><span aria-hidden=\"true\" class=\"wp-block-cover__background has-dark-gray-background-color has-background-dim-100 has-background-dim\"><\/span><div class=\"wp-block-cover__inner-container is-layout-flow wp-block-cover-is-layout-flow\">\n<h3 class=\"header-with-icon \">\n<span class=\"header-with-icon__icon\"><img decoding=\"async\" src=\"https:\/\/bp2.eu\/wp-content\/uploads\/2022\/01\/home-icon.png\" alt=\"LAKOSS\u00c1GI \u00c9P\u00cdTKEZ\u00c9S\"><\/span>\n<span class=\"header-with-icon__content\">LAKOSS\u00c1GI \u00c9P\u00cdTKEZ\u00c9S<\/span>\n<\/h3>\n\n\n<ul class=\"links-list links-list--multiple \">\n                    <li class=\"links-list__item\">\n            <a href=\"https:\/\/bp2.eu\/hu\/ajanlat\/lakoepuletek-epitese\/?type=modularis-cserepeslemezek\">\n                <span class=\"links-list__smallTitle\">Modul\u00e1ris cserepeslemezek<\/span>                <span class=\"links-list__title\">MODULAR SERIES<\/span>            <\/a>\n        <\/li>\n                    <li class=\"links-list__item\">\n            <a href=\"https:\/\/bp2.eu\/hu\/ajanlat\/lakoepuletek-epitese\/?type=kompakt-tetocserepek\">\n                <span class=\"links-list__smallTitle\">Kompakt tet\u0151cserepek<\/span>                <span class=\"links-list__title\">COMPACT SERIES<\/span>            <\/a>\n        <\/li>\n                    <li class=\"links-list__item\">\n            <a href=\"https:\/\/bp2.eu\/hu\/ajanlat\/lakoepuletek-epitese\/?type=meretre-vagott-cserepeslemezek\">\n                <span class=\"links-list__smallTitle\">M\u00e9retre v\u00e1gott cserepeslemezek<\/span>                <span class=\"links-list__title\">CLASSIC SERIES<\/span>            <\/a>\n        <\/li>\n                    <li class=\"links-list__item\">\n            <a href=\"https:\/\/bp2.eu\/hu\/ajanlat\/lakoepuletek-epitese\/?type=tetopanelek\">\n                <span class=\"links-list__smallTitle\">Tet\u0151panelek<\/span>                <span class=\"links-list__title\">PANEL SERIES<\/span>            <\/a>\n        <\/li>\n                    <li class=\"links-list__item\">\n            <a href=\"https:\/\/bp2.eu\/hu\/ajanlat\/lakoepuletek-epitese\/?type=trapezlemezek-hu\">\n                <span class=\"links-list__smallTitle\">Tet\u0151fed\u0151 \u00e9s homlokzati <\/span>                <span class=\"links-list__title\">Trap\u00e9zlemezek<\/span>            <\/a>\n        <\/li>\n                    <li class=\"links-list__item\">\n            <a href=\"https:\/\/bp2.eu\/hu\/ajanlat\/lakoepuletek-epitese\/?type=ereszcsatorna-rendszerek\">\n                <span class=\"links-list__smallTitle\">Ereszcsatorna-rendszerek<\/span>                <span class=\"links-list__title\">INGURI<\/span>            <\/a>\n        <\/li>\n                    <li class=\"links-list__item\">\n            <a href=\"https:\/\/bp2.eu\/hu\/ajanlat\/lakoepuletek-epitese\/?type=badogos-termekek\">\n                                <span class=\"links-list__title\">B\u00e1dogos elemek<\/span>            <\/a>\n        <\/li>\n                    <li class=\"links-list__item\">\n            <a href=\"https:\/\/bp2.eu\/hu\/ajanlat\/lakoepuletek-epitese\/?type=tartozekok\">\n                                <span class=\"links-list__title\">Tartoz\u00e9kok<\/span>            <\/a>\n        <\/li>\n                    <li class=\"links-list__item\">\n            <a href=\"https:\/\/bp2.eu\/hu\/ajanlat\/lakoepuletek-epitese\/?type=siklemezek\">\n                                <span class=\"links-list__title\">S\u00edklemezek<\/span>            <\/a>\n        <\/li>\n    <\/ul><\/div><\/div>\n<\/div>\n<\/div>\n\n\n\n<div class=\"wp-block-columns is-style-mobile-reverse is-style-grid fade-in is-layout-flex wp-container-core-columns-is-layout-9d6595d7 wp-block-columns-is-layout-flex\">\n<div class=\"wp-block-column is-layout-flow wp-block-column-is-layout-flow\">\n<div class=\"wp-block-cover is-light is-style-full-height\"><span aria-hidden=\"true\" class=\"wp-block-cover__background has-dark-gray-background-color has-background-dim-100 has-background-dim\"><\/span><div class=\"wp-block-cover__inner-container is-layout-flow wp-block-cover-is-layout-flow\">\n<h3 class=\"header-with-icon \">\n<span class=\"header-with-icon__icon\"><img decoding=\"async\" src=\"https:\/\/bp2.eu\/wp-content\/uploads\/2022\/02\/noun_mall_3821276.png\" alt=\"IPARI L\u00c9TES\u00cdTM\u00c9NYEK\"><\/span>\n<span class=\"header-with-icon__content\">IPARI L\u00c9TES\u00cdTM\u00c9NYEK<\/span>\n<\/h3>\n\n\n<ul class=\"links-list links-list--single \">\n                    <li class=\"links-list__item\">\n            <a href=\"https:\/\/bp2.eu\/hu\/ajanlat\/ipari-letesitmenyek\/?type=kazettas-homlokzatburkolatok\">\n                <span class=\"links-list__smallTitle\">Homlokzati burkolatok<\/span>                <span class=\"links-list__title\">SKRIN, LINEA, SINUS<\/span>            <\/a>\n        <\/li>\n                    <li class=\"links-list__item\">\n            <a href=\"https:\/\/bp2.eu\/hu\/ajanlat\/ipari-letesitmenyek\/?type=szendvics-panelek-corepir\">\n                <span class=\"links-list__smallTitle\">CorePIR<\/span>                <span class=\"links-list__title\">Szendvics panelek <\/span>            <\/a>\n        <\/li>\n                    <li class=\"links-list__item\">\n            <a href=\"https:\/\/bp2.eu\/hu\/ajanlat\/ipari-letesitmenyek\/?type=szendvics-panelek-corewool\">\n                <span class=\"links-list__smallTitle\">CoreWOOL<\/span>                <span class=\"links-list__title\">Szendvics panelek <\/span>            <\/a>\n        <\/li>\n                    <li class=\"links-list__item\">\n            <a href=\"#\">\n                                <span class=\"links-list__title\">Falkazett\u00e1k \u00e9s PROSYSTEM<\/span>            <\/a>\n        <\/li>\n                    <li class=\"links-list__item\">\n            <a href=\"https:\/\/bp2.eu\/hu\/ajanlat\/ipari-letesitmenyek\/?type=trapezlemezek\">\n                <span class=\"links-list__smallTitle\">Tet\u0151fed\u0151 \u00e9s homlokzati <\/span>                <span class=\"links-list__title\">Trap\u00e9zlemezek<\/span>            <\/a>\n        <\/li>\n    <\/ul><\/div><\/div>\n<\/div>\n\n\n\n<div class=\"wp-block-column is-layout-flow wp-block-column-is-layout-flow\">\n<div class=\"wp-block-cover is-light is-style-full-height\"><span aria-hidden=\"true\" class=\"wp-block-cover__background has-background-dim-0 has-background-dim\"><\/span><img loading=\"lazy\" decoding=\"async\" width=\"804\" height=\"487\" class=\"wp-block-cover__image-background wp-image-789\" alt=\"\" src=\"https:\/\/bp2.eu\/wp-content\/uploads\/2022\/02\/bp2_oferta_2.png\" data-object-fit=\"cover\" srcset=\"https:\/\/bp2.eu\/wp-content\/uploads\/2022\/02\/bp2_oferta_2.png 804w, https:\/\/bp2.eu\/wp-content\/uploads\/2022\/02\/bp2_oferta_2-768x465.png 768w\" sizes=\"auto, (max-width: 804px) 100vw, 804px\" \/><div class=\"wp-block-cover__inner-container is-layout-flow wp-block-cover-is-layout-flow\">\n<p class=\"has-text-align-center has-large-font-size\"><\/p>\n<\/div><\/div>\n<\/div>\n<\/div>\n\n\n\n<div class=\"wp-block-columns is-style-grid is-layout-flex wp-container-core-columns-is-layout-9d6595d7 wp-block-columns-is-layout-flex\">\n<div class=\"wp-block-column is-layout-flow wp-block-column-is-layout-flow\">\n<div class=\"wp-block-cover is-style-full-height\"><span aria-hidden=\"true\" class=\"wp-block-cover__background has-background-dim-0 has-background-dim\"><\/span><img loading=\"lazy\" decoding=\"async\" width=\"804\" height=\"393\" class=\"wp-block-cover__image-background wp-image-57450\" alt=\"\" src=\"https:\/\/bp2.eu\/wp-content\/uploads\/2023\/01\/vss.jpg\" data-object-fit=\"cover\" srcset=\"https:\/\/bp2.eu\/wp-content\/uploads\/2023\/01\/vss.jpg 804w, https:\/\/bp2.eu\/wp-content\/uploads\/2023\/01\/vss-768x375.jpg 768w\" sizes=\"auto, (max-width: 804px) 100vw, 804px\" \/><div class=\"wp-block-cover__inner-container is-layout-flow wp-block-cover-is-layout-flow\">\n<p class=\"has-text-align-center has-large-font-size\"><\/p>\n<\/div><\/div>\n<\/div>\n\n\n\n<div class=\"wp-block-column is-layout-flow wp-block-column-is-layout-flow\">\n<div class=\"wp-block-cover is-light is-style-full-height\"><span aria-hidden=\"true\" class=\"wp-block-cover__background has-dark-gray-background-color has-background-dim-100 has-background-dim\"><\/span><div class=\"wp-block-cover__inner-container is-layout-flow wp-block-cover-is-layout-flow\">\n<h3 class=\"header-with-icon \">\n<span class=\"header-with-icon__icon\"><img decoding=\"async\" src=\"https:\/\/bp2.eu\/wp-content\/uploads\/2022\/02\/Path-99.png\" alt=\"Ac\u00e9lipari Szolg\u00e1ltat\u00f3k\u00f6zpont\"><\/span>\n<span class=\"header-with-icon__content\">Ac\u00e9lipari Szolg\u00e1ltat\u00f3k\u00f6zpont<\/span>\n<\/h3>\n\n\n<ul class=\"links-list links-list--single \">\n                    <li class=\"links-list__item\">\n            <a href=\"https:\/\/vss.sk\/hu\/?post_type=product&#038;p=33617\">\n                                <span class=\"links-list__title\">S\u00edklemezek<\/span>            <\/a>\n        <\/li>\n                    <li class=\"links-list__item\">\n            <a href=\"https:\/\/vss.sk\/hu\/termek\/vagasi-es-attekercselesi-szolgaltatasok\/\">\n                                <span class=\"links-list__title\">V\u00e1g\u00e1si \u00e9s \u00e1ttekercsel\u00e9si szolg\u00e1ltat\u00e1sok<\/span>            <\/a>\n        <\/li>\n                    <li class=\"links-list__item\">\n            <a href=\"https:\/\/vss.sk\/hu\/termek\/lemez-perforacio\/\">\n                                <span class=\"links-list__title\">Lemez perfor\u00e1ci\u00f3<\/span>            <\/a>\n        <\/li>\n                    <li class=\"links-list__item\">\n            <a href=\"https:\/\/vss.sk\/hu\/termek\/vedelem-es-csomagolas\/\">\n                                <span class=\"links-list__title\">V\u00e9delem \u00e9s csomagol\u00e1s<\/span>            <\/a>\n        <\/li>\n    <\/ul><\/div><\/div>\n<\/div>\n<\/div>\n\n\n\n<div style=\"height:100px\" aria-hidden=\"true\" class=\"wp-block-spacer is-style-small-spacer\"><\/div>\n<\/div><\/div>\n","protected":false},"excerpt":{"rendered":"<p>MEGTAL\u00c1LNI A T\u00d6K\u00c9LETES FEDEZETET AZ \u00d6N IG\u00c9NYEINEK MEGFELEL\u0150EN AJ\u00c1NLATUNK \u00c1tfog\u00f3 megold\u00e1sokat gy\u00e1rtunk az \u00e9p\u00edt\u0151ipar sz\u00e1m\u00e1ra. A beruh\u00e1z\u00e1si \u00e9s csal\u00e1di \u00e9p\u00edtkez\u00e9sekhez sz\u00e1nt term\u00e9kek eg\u00e9sz sor\u00e1t k\u00edn\u00e1ljuk, azaz tet\u0151fed\u00e9seket, szerkezeti lemezeket, homlokzati rendszereket, szendvicspaneleket, falkazett\u00e1kat, ereszcsatorna rendszereket, valamint ac\u00e9lszervizk\u00f6zpontunkban speci\u00e1lis ac\u00e9lfeldolgoz\u00e1si szolg\u00e1ltat\u00e1sokat ny\u00fajtunk. Folyamatosan b\u0151v\u00edtj\u00fck term\u00e9kpalett\u00e1nkat, alkalmazkodva a piaci ig\u00e9nyekhez \u00e9s a technol\u00f3giai fejl\u0151d\u00e9shez.<\/p>\n","protected":false},"author":1,"featured_media":0,"parent":0,"menu_order":146,"comment_status":"closed","ping_status":"closed","template":"templates\/offer.php","meta":{"_acf_changed":false,"content-type":"","inline_featured_image":false,"footnotes":""},"class_list":["post-46703","page","type-page","status-publish","hentry"],"acf":[],"_links":{"self":[{"href":"https:\/\/bp2.eu\/hu\/wp-json\/wp\/v2\/pages\/46703","targetHints":{"allow":["GET"]}}],"collection":[{"href":"https:\/\/bp2.eu\/hu\/wp-json\/wp\/v2\/pages"}],"about":[{"href":"https:\/\/bp2.eu\/hu\/wp-json\/wp\/v2\/types\/page"}],"author":[{"embeddable":true,"href":"https:\/\/bp2.eu\/hu\/wp-json\/wp\/v2\/users\/1"}],"replies":[{"embeddable":true,"href":"https:\/\/bp2.eu\/hu\/wp-json\/wp\/v2\/comments?post=46703"}],"version-history":[{"count":0,"href":"https:\/\/bp2.eu\/hu\/wp-json\/wp\/v2\/pages\/46703\/revisions"}],"wp:attachment":[{"href":"https:\/\/bp2.eu\/hu\/wp-json\/wp\/v2\/media?parent=46703"}],"curies":[{"name":"wp","href":"https:\/\/api.w.org\/{rel}","templated":true}]}}