{"id":33552,"date":"2022-03-11T13:56:18","date_gmt":"2022-03-11T12:56:18","guid":{"rendered":"https:\/\/bp2.eu\/produkt\/lambda-2-0\/"},"modified":"2025-07-01T13:43:57","modified_gmt":"2025-07-01T11:43:57","slug":"lambda-2-0","status":"publish","type":"product","link":"https:\/\/bp2.eu\/hu\/termek\/lambda-2-0\/","title":{"rendered":"LAMBDA 2.0"},"content":{"rendered":"\n<div class=\"wp-block-group is-style-narrower-group\"><div class=\"wp-block-group__inner-container is-layout-flow wp-block-group-is-layout-flow\">\n<h2 class=\"wp-block-heading has-text-align-center is-style-h1\">AZ \u00d6N IG\u00c9NYEINEK MEGFELEL\u0150EN<\/h2>\n\n\n\n<p class=\"has-text-align-center\">A LAMBDA 2.0 k\u00e9t sz\u00e9less\u00e9gben (515 mm valamint 307 mm &#8211; fed\u0151sz\u00e9less\u00e9gek) \u00e9s n\u00e9gy profilmint\u00e1zattal kaphat\u00f3, ami t\u00f6k\u00e9letes megjelen\u00e9st biztos\u00edt .<\/p>\n<\/div><\/div>\n\n\n\n<div class=\"wp-block-group\"><div class=\"wp-block-group__inner-container is-layout-flow wp-block-group-is-layout-flow\">\n<h2 class=\"wp-block-heading has-text-align-center is-style-h3 has-red-color has-text-color\">MICRO RIB [M]<\/h2>\n\n\n\n<p class=\"has-text-align-center\">A lemez hosszanti teljes fel\u00fclet\u00e9n t\u00f6rt\u00e9n\u0151 mikr\u00f3profiloz\u00e1sa minimaliz\u00e1lja a panel lapos r\u00e9sz\u00e9n hull\u00e1mosod\u00e1si effektus fell\u00e9p\u00e9s\u00e9nek lehet\u0151s\u00e9g\u00e9t.<\/p>\n\n\n\n<div style=\"height:100px\" aria-hidden=\"true\" class=\"wp-block-spacer is-style-small-spacer\"><\/div>\n\n\n\n<div class=\"wp-block-columns is-layout-flex wp-container-core-columns-is-layout-9d6595d7 wp-block-columns-is-layout-flex\">\n<div class=\"wp-block-column is-layout-flow wp-block-column-is-layout-flow\"><div class=\"wp-block-image\">\n<figure class=\"aligncenter size-large is-resized\"><img loading=\"lazy\" decoding=\"async\" width=\"1024\" height=\"753\" src=\"https:\/\/bp2.eu\/wp-content\/uploads\/2022\/03\/Lambda_2_0_LW.2.0.515.M_dim-1024x753.png\" alt=\"\" class=\"wp-image-5648\" style=\"width:512px;height:377px\" srcset=\"https:\/\/bp2.eu\/wp-content\/uploads\/2022\/03\/Lambda_2_0_LW.2.0.515.M_dim-1024x753.png 1024w, https:\/\/bp2.eu\/wp-content\/uploads\/2022\/03\/Lambda_2_0_LW.2.0.515.M_dim-820x603.png 820w, https:\/\/bp2.eu\/wp-content\/uploads\/2022\/03\/Lambda_2_0_LW.2.0.515.M_dim-768x565.png 768w, https:\/\/bp2.eu\/wp-content\/uploads\/2022\/03\/Lambda_2_0_LW.2.0.515.M_dim-1536x1130.png 1536w, https:\/\/bp2.eu\/wp-content\/uploads\/2022\/03\/Lambda_2_0_LW.2.0.515.M_dim.png 1892w\" sizes=\"auto, (max-width: 1024px) 100vw, 1024px\" \/><\/figure>\n<\/div>\n\n\n<p class=\"has-text-align-center\"><strong>A term\u00e9k k\u00f3dja:<br>LW.2.0.515.M<\/strong><\/p>\n\n\n\n<p class=\"has-text-align-center\">LAMBDA 2.0 tet\u0151panel MICRO-RIB hosszanti mikr\u00f3profiloz\u00e1ssal \u00e9s kiv\u00e1g\u00e1ssal a hajl\u00edt\u00e1shoz.<\/p>\n<\/div>\n\n\n\n<div class=\"wp-block-column is-layout-flow wp-block-column-is-layout-flow\"><div class=\"wp-block-image\">\n<figure class=\"aligncenter size-large is-resized\"><img loading=\"lazy\" decoding=\"async\" width=\"1024\" height=\"753\" src=\"https:\/\/bp2.eu\/wp-content\/uploads\/2022\/03\/Lambda_2_0_LW.2.0.515.M_dim-1-1024x753.png\" alt=\"\" class=\"wp-image-5711\" style=\"width:512px;height:377px\" srcset=\"https:\/\/bp2.eu\/wp-content\/uploads\/2022\/03\/Lambda_2_0_LW.2.0.515.M_dim-1-1024x753.png 1024w, https:\/\/bp2.eu\/wp-content\/uploads\/2022\/03\/Lambda_2_0_LW.2.0.515.M_dim-1-820x603.png 820w, https:\/\/bp2.eu\/wp-content\/uploads\/2022\/03\/Lambda_2_0_LW.2.0.515.M_dim-1-768x565.png 768w, https:\/\/bp2.eu\/wp-content\/uploads\/2022\/03\/Lambda_2_0_LW.2.0.515.M_dim-1-1536x1130.png 1536w, https:\/\/bp2.eu\/wp-content\/uploads\/2022\/03\/Lambda_2_0_LW.2.0.515.M_dim-1.png 1892w\" sizes=\"auto, (max-width: 1024px) 100vw, 1024px\" \/><\/figure>\n<\/div>\n\n\n<p class=\"has-text-align-center\"><strong>A term\u00e9k k\u00f3dja:<br>LWZ.2.0.515.M<\/strong><\/p>\n\n\n\n<p class=\"has-text-align-center\">LAMBDA 2.0 tet\u0151panel MICRO-RIB hosszanti mikr\u00f3profiloz\u00e1ssal \u00e9s BEND-LOCK visszahajt\u00e1ssal..<\/p>\n<\/div>\n<\/div>\n\n\n\n<div style=\"height:100px\" aria-hidden=\"true\" class=\"wp-block-spacer is-style-small-spacer\"><\/div>\n\n\n\n<h2 class=\"wp-block-heading has-text-align-center is-style-h3 has-red-color has-text-color\">[R] T\u00cdP\u00daSU PROFILOZ\u00c1S<\/h2>\n\n\n\n<p class=\"has-text-align-center\">A panel fel\u00fclet\u00e9nek hosszanti ir\u00e1ny\u00fa szimmetrikus hornyokkal val\u00f3 profiloz\u00e1sa.<\/p>\n\n\n\n<div style=\"height:100px\" aria-hidden=\"true\" class=\"wp-block-spacer is-style-small-spacer\"><\/div>\n\n\n\n<div class=\"wp-block-columns is-layout-flex wp-container-core-columns-is-layout-9d6595d7 wp-block-columns-is-layout-flex\">\n<div class=\"wp-block-column is-layout-flow wp-block-column-is-layout-flow\"><div class=\"wp-block-image\">\n<figure class=\"aligncenter size-large is-resized\"><img loading=\"lazy\" decoding=\"async\" width=\"1024\" height=\"754\" src=\"https:\/\/bp2.eu\/wp-content\/uploads\/2022\/03\/LW.2.0.515.R_dim-1024x754.png\" alt=\"\" class=\"wp-image-5724\" style=\"width:512px;height:377px\" srcset=\"https:\/\/bp2.eu\/wp-content\/uploads\/2022\/03\/LW.2.0.515.R_dim-1024x754.png 1024w, https:\/\/bp2.eu\/wp-content\/uploads\/2022\/03\/LW.2.0.515.R_dim-820x604.png 820w, https:\/\/bp2.eu\/wp-content\/uploads\/2022\/03\/LW.2.0.515.R_dim-768x565.png 768w, https:\/\/bp2.eu\/wp-content\/uploads\/2022\/03\/LW.2.0.515.R_dim.png 1500w\" sizes=\"auto, (max-width: 1024px) 100vw, 1024px\" \/><\/figure>\n<\/div>\n\n\n<p class=\"has-text-align-center\"><strong>A term\u00e9k k\u00f3dja:<br>LW.2.0.515.R<\/strong><\/p>\n\n\n\n<p class=\"has-text-align-center\">LAMBDA2.0 tet\u0151panel dupla f\u00e9lk\u00f6r\u00edves profiloz\u00e1ssal \u00e9s kiv\u00e1g\u00e1ssal a hajl\u00edt\u00e1shoz.<\/p>\n<\/div>\n\n\n\n<div class=\"wp-block-column is-layout-flow wp-block-column-is-layout-flow\"><div class=\"wp-block-image\">\n<figure class=\"aligncenter size-large is-resized\"><img loading=\"lazy\" decoding=\"async\" width=\"1024\" height=\"754\" src=\"https:\/\/bp2.eu\/wp-content\/uploads\/2022\/03\/LWZ.2.0.515.R_dim-1024x754.png\" alt=\"\" class=\"wp-image-5720\" style=\"width:512px;height:377px\" srcset=\"https:\/\/bp2.eu\/wp-content\/uploads\/2022\/03\/LWZ.2.0.515.R_dim-1024x754.png 1024w, https:\/\/bp2.eu\/wp-content\/uploads\/2022\/03\/LWZ.2.0.515.R_dim-820x604.png 820w, https:\/\/bp2.eu\/wp-content\/uploads\/2022\/03\/LWZ.2.0.515.R_dim-768x565.png 768w, https:\/\/bp2.eu\/wp-content\/uploads\/2022\/03\/LWZ.2.0.515.R_dim.png 1500w\" sizes=\"auto, (max-width: 1024px) 100vw, 1024px\" \/><\/figure>\n<\/div>\n\n\n<p class=\"has-text-align-center\"><strong>A term\u00e9k k\u00f3dja:<br>LWZ.2.0.515.R<\/strong><\/p>\n\n\n\n<p class=\"has-text-align-center\">LAMBDA 2.0 tet\u0151panel dupla f\u00e9lk\u00f6r\u00edves profiloz\u00e1ssal \u00e9s BEND-LOCK visszahajt\u00e1ssal.<\/p>\n<\/div>\n<\/div>\n\n\n\n<div style=\"height:100px\" aria-hidden=\"true\" class=\"wp-block-spacer is-style-small-spacer\"><\/div>\n\n\n\n<h2 class=\"wp-block-heading has-text-align-center is-style-h3 has-red-color has-text-color\">[T25] T\u00cdP\u00daSU PROFILOZ\u00c1S<\/h2>\n\n\n\n<p class=\"has-text-align-center\">A panel fel\u00fclet\u00e9nek kialak\u00edt\u00e1sa hosszanti ir\u00e1nyban sz\u00e9les trap\u00e9z minta profiloz\u00e1ssal.<\/p>\n\n\n\n<div style=\"height:100px\" aria-hidden=\"true\" class=\"wp-block-spacer is-style-small-spacer\"><\/div>\n\n\n\n<div class=\"wp-block-columns is-layout-flex wp-container-core-columns-is-layout-9d6595d7 wp-block-columns-is-layout-flex\">\n<div class=\"wp-block-column is-layout-flow wp-block-column-is-layout-flow\"><div class=\"wp-block-image\">\n<figure class=\"aligncenter size-large is-resized\"><img loading=\"lazy\" decoding=\"async\" width=\"1024\" height=\"754\" src=\"https:\/\/bp2.eu\/wp-content\/uploads\/2022\/03\/LW.2.0.515.T25_dim-1024x754.png\" alt=\"\" class=\"wp-image-5738\" style=\"width:512px;height:377px\" srcset=\"https:\/\/bp2.eu\/wp-content\/uploads\/2022\/03\/LW.2.0.515.T25_dim-1024x754.png 1024w, https:\/\/bp2.eu\/wp-content\/uploads\/2022\/03\/LW.2.0.515.T25_dim-820x604.png 820w, https:\/\/bp2.eu\/wp-content\/uploads\/2022\/03\/LW.2.0.515.T25_dim-768x565.png 768w, https:\/\/bp2.eu\/wp-content\/uploads\/2022\/03\/LW.2.0.515.T25_dim.png 1500w\" sizes=\"auto, (max-width: 1024px) 100vw, 1024px\" \/><\/figure>\n<\/div>\n\n\n<p class=\"has-text-align-center\"><strong>A term\u00e9k k\u00f3dja:<br>LW.2.0.515.T25<\/strong><\/p>\n\n\n\n<p class=\"has-text-align-center\">LAMBDA 2.0 tet\u0151panel dupla trap\u00e9z profiloz\u00e1ssal \u00e9s kiv\u00e1g\u00e1ssal a hajl\u00edt\u00e1shoz<\/p>\n<\/div>\n\n\n\n<div class=\"wp-block-column is-layout-flow wp-block-column-is-layout-flow\"><div class=\"wp-block-image\">\n<figure class=\"aligncenter size-large is-resized\"><img loading=\"lazy\" decoding=\"async\" width=\"1024\" height=\"754\" src=\"https:\/\/bp2.eu\/wp-content\/uploads\/2022\/03\/LWZ.2.0.515.T25_dim-1024x754.png\" alt=\"\" class=\"wp-image-5742\" style=\"width:512px;height:377px\" srcset=\"https:\/\/bp2.eu\/wp-content\/uploads\/2022\/03\/LWZ.2.0.515.T25_dim-1024x754.png 1024w, https:\/\/bp2.eu\/wp-content\/uploads\/2022\/03\/LWZ.2.0.515.T25_dim-820x604.png 820w, https:\/\/bp2.eu\/wp-content\/uploads\/2022\/03\/LWZ.2.0.515.T25_dim-768x565.png 768w, https:\/\/bp2.eu\/wp-content\/uploads\/2022\/03\/LWZ.2.0.515.T25_dim.png 1500w\" sizes=\"auto, (max-width: 1024px) 100vw, 1024px\" \/><\/figure>\n<\/div>\n\n\n<p class=\"has-text-align-center\"><strong>A term\u00e9k k\u00f3dja:<br>LWZ.2.0.515.T25<\/strong><\/p>\n\n\n\n<p class=\"has-text-align-center\">LAMBDA 2.0 tet\u0151panel dupla trap\u00e9z profiloz\u00e1ssal \u00e9s BENDLOCK visszahajt\u00e1ssal.<\/p>\n<\/div>\n<\/div>\n\n\n\n<div style=\"height:100px\" aria-hidden=\"true\" class=\"wp-block-spacer is-style-small-spacer\"><\/div>\n\n\n\n<h2 class=\"wp-block-heading has-text-align-center is-style-h3 has-red-color has-text-color\">[P] \u00c1TPROFILOZ\u00c1S N\u00c9LK\u00dcLI FEL\u00dcLET<\/h2>\n\n\n\n<p class=\"has-text-align-center\">Klasszikus sima panel fel\u00fclet Mindenf\u00e9le profiloz\u00e1s n\u00e9lk\u00fcl<\/p>\n\n\n\n<div style=\"height:100px\" aria-hidden=\"true\" class=\"wp-block-spacer is-style-small-spacer\"><\/div>\n\n\n\n<div class=\"wp-block-columns is-layout-flex wp-container-core-columns-is-layout-9d6595d7 wp-block-columns-is-layout-flex\">\n<div class=\"wp-block-column is-layout-flow wp-block-column-is-layout-flow\"><div class=\"wp-block-image\">\n<figure class=\"aligncenter size-large is-resized\"><img loading=\"lazy\" decoding=\"async\" width=\"1024\" height=\"754\" src=\"https:\/\/bp2.eu\/wp-content\/uploads\/2022\/03\/LW.2.0.515.P_dim-1024x754.png\" alt=\"\" class=\"wp-image-5762\" style=\"width:512px;height:377px\" srcset=\"https:\/\/bp2.eu\/wp-content\/uploads\/2022\/03\/LW.2.0.515.P_dim-1024x754.png 1024w, https:\/\/bp2.eu\/wp-content\/uploads\/2022\/03\/LW.2.0.515.P_dim-820x604.png 820w, https:\/\/bp2.eu\/wp-content\/uploads\/2022\/03\/LW.2.0.515.P_dim-768x565.png 768w, https:\/\/bp2.eu\/wp-content\/uploads\/2022\/03\/LW.2.0.515.P_dim.png 1500w\" sizes=\"auto, (max-width: 1024px) 100vw, 1024px\" \/><\/figure>\n<\/div>\n\n\n<p class=\"has-text-align-center\"><strong>A term\u00e9k k\u00f3dja:<br>LW.2.0.515.P<\/strong><\/p>\n\n\n\n<p class=\"has-text-align-center\">LAMBDA 2.0 tet\u0151panel sima fel\u00fclettel \u00e9s kiv\u00e1g\u00e1ssal a hajl\u00edt\u00e1shoz.<\/p>\n<\/div>\n\n\n\n<div class=\"wp-block-column is-layout-flow wp-block-column-is-layout-flow\"><div class=\"wp-block-image\">\n<figure class=\"aligncenter size-large is-resized\"><img loading=\"lazy\" decoding=\"async\" width=\"1024\" height=\"754\" src=\"https:\/\/bp2.eu\/wp-content\/uploads\/2022\/03\/LWZ.2.0.515.P_dim-2-1024x754.png\" alt=\"\" class=\"wp-image-5766\" style=\"width:512px;height:377px\" srcset=\"https:\/\/bp2.eu\/wp-content\/uploads\/2022\/03\/LWZ.2.0.515.P_dim-2-1024x754.png 1024w, https:\/\/bp2.eu\/wp-content\/uploads\/2022\/03\/LWZ.2.0.515.P_dim-2-820x604.png 820w, https:\/\/bp2.eu\/wp-content\/uploads\/2022\/03\/LWZ.2.0.515.P_dim-2-768x565.png 768w, https:\/\/bp2.eu\/wp-content\/uploads\/2022\/03\/LWZ.2.0.515.P_dim-2.png 1500w\" sizes=\"auto, (max-width: 1024px) 100vw, 1024px\" \/><\/figure>\n<\/div>\n\n\n<p class=\"has-text-align-center\"><strong>A term\u00e9k k\u00f3dja:<br>LWZ.2.0.515.P<\/strong><\/p>\n\n\n\n<p class=\"has-text-align-center\">LAMBDA 2.0 tet\u0151panel sima fel\u00fclettel \u00e9s BEND-LOCK visszahajt\u00e1ssal.<\/p>\n<\/div>\n<\/div>\n\n\n\n<h2 class=\"wp-block-heading is-style-h3\">FIGYELEM!<\/h2>\n\n\n\n<p>A tet\u0151panelek szerkezet\u00fckb\u0151l kifoly\u00f3an a tet\u0151fed\u00e9sen \u00fan. lemez hull\u00e1mosod\u00e1si jelens\u00e9g l\u00e9phet fel. Ez egy term\u00e9szetes jelens\u00e9g az ilyen t\u00edpus\u00fa term\u00e9kekn\u00e9l.<\/p>\n<\/div><\/div>\n","protected":false},"featured_media":7051,"menu_order":172,"template":"","product_category":[557],"warranty":[564,569,565,568,562,566,567],"product_serie":[],"class_list":["post-33552","product","type-product","status-publish","has-post-thumbnail","hentry","product_category-tetopanelek","warranty-10-ev","warranty-15-ev","warranty-20-ev","warranty-25-ev","warranty-30-ev","warranty-35-ev","warranty-40-ev"],"acf":[],"_links":{"self":[{"href":"https:\/\/bp2.eu\/hu\/wp-json\/wp\/v2\/product\/33552","targetHints":{"allow":["GET"]}}],"collection":[{"href":"https:\/\/bp2.eu\/hu\/wp-json\/wp\/v2\/product"}],"about":[{"href":"https:\/\/bp2.eu\/hu\/wp-json\/wp\/v2\/types\/product"}],"wp:featuredmedia":[{"embeddable":true,"href":"https:\/\/bp2.eu\/hu\/wp-json\/wp\/v2\/media\/7051"}],"wp:attachment":[{"href":"https:\/\/bp2.eu\/hu\/wp-json\/wp\/v2\/media?parent=33552"}],"wp:term":[{"taxonomy":"product_category","embeddable":true,"href":"https:\/\/bp2.eu\/hu\/wp-json\/wp\/v2\/product_category?post=33552"},{"taxonomy":"warranty","embeddable":true,"href":"https:\/\/bp2.eu\/hu\/wp-json\/wp\/v2\/warranty?post=33552"},{"taxonomy":"product_serie","embeddable":true,"href":"https:\/\/bp2.eu\/hu\/wp-json\/wp\/v2\/product_serie?post=33552"}],"curies":[{"name":"wp","href":"https:\/\/api.w.org\/{rel}","templated":true}]}}