{"id":33567,"date":"2022-04-01T14:12:59","date_gmt":"2022-04-01T12:12:59","guid":{"rendered":"https:\/\/bp2.eu\/produkt\/panele-elewacyjne-linea\/"},"modified":"2025-01-24T11:59:35","modified_gmt":"2025-01-24T10:59:35","slug":"homlokzati-panelek-linea","status":"publish","type":"product","link":"https:\/\/bp2.eu\/hu\/termek\/homlokzati-panelek-linea\/","title":{"rendered":"Homlokzati panelek\u00a0LINEA"},"content":{"rendered":"\n<div style=\"height:100px\" aria-hidden=\"true\" class=\"wp-block-spacer is-style-small-spacer\"><\/div>\n\n\n\r\n<div class=\"section__data\" data-section=\"JUTALMAK\"><\/div>\n\n\n<div class=\"wp-block-group\"><div class=\"wp-block-group__inner-container is-layout-flow wp-block-group-is-layout-flow\">\n<div class=\"wp-block-columns is-style-mobile-reverse is-layout-flex wp-container-core-columns-is-layout-9d6595d7 wp-block-columns-is-layout-flex\">\n<div class=\"wp-block-column is-vertically-aligned-center is-layout-flow wp-block-column-is-layout-flow\">\n<div class=\"wp-block-cover is-light is-style-default\"><span aria-hidden=\"true\" class=\"wp-block-cover__background has-dark-gray-background-color has-background-dim-100 has-background-dim\"><\/span><div class=\"wp-block-cover__inner-container is-layout-flow wp-block-cover-is-layout-flow\">\n<h2 class=\"wp-block-heading is-style-h3\"><strong>El\u0151ny\u00f6k<\/strong><\/h2>\n\n\n\n<p>A LINEA homlokzati panelek f\u0151 el\u0151nyei az egyszer\u0171 \u00e9s gyors szerel\u00e9s, valamint a burkolatnak a homlokzat alakj\u00e1hoz val\u00f3 igaz\u00edt\u00e1s\u00e1nak rugalmass\u00e1ga.<\/p>\n\n\n\n<p>Ez a term\u00e9k kiv\u00e1l\u00f3an alkalmas tov\u00e1bb\u00e1 a homlokzaton m\u00e1s t\u00edpus\u00fa burkolatokkal val\u00f3 csatlakoz\u00e1sra, pl. a kazett\u00e1s homlokzatburkolatra vagy a LAMBDA tet\u0151panelekre, ami vonz\u00f3 vizu\u00e1lis hat\u00e1st garant\u00e1l.<\/p>\n<\/div><\/div>\n<\/div>\n\n\n\n<div class=\"wp-block-column is-vertically-aligned-center is-layout-flow wp-block-column-is-layout-flow\">\n<figure class=\"wp-block-image size-full is-style-full-width\"><img loading=\"lazy\" decoding=\"async\" width=\"820\" height=\"547\" src=\"https:\/\/bp2.eu\/wp-content\/uploads\/2022\/06\/PANEL-ELEWACYJNY.png\" alt=\"\" class=\"wp-image-11125\" srcset=\"https:\/\/bp2.eu\/wp-content\/uploads\/2022\/06\/PANEL-ELEWACYJNY.png 820w, https:\/\/bp2.eu\/wp-content\/uploads\/2022\/06\/PANEL-ELEWACYJNY-768x512.png 768w\" sizes=\"auto, (max-width: 820px) 100vw, 820px\" \/><\/figure>\n<\/div>\n<\/div>\n<\/div><\/div>\n\n\n\n<div class=\"wp-block-group\"><div class=\"wp-block-group__inner-container is-layout-flow wp-block-group-is-layout-flow\">\r\n<div class=\"section__data\" data-section=\"M\u00c9RETTARTOM\u00c1NYOK\"><\/div>\n\n\n<h2 class=\"wp-block-heading has-text-align-center is-style-h3\">A homlokzati panelek szabv\u00e1nyos m\u00e9reteinek tartom\u00e1nya [mm]<\/h2>\n\n\n\n<div class=\"wp-block-columns has-dark-gray-background-color has-background is-layout-flex wp-container-core-columns-is-layout-9d6595d7 wp-block-columns-is-layout-flex\">\n<div class=\"wp-block-column is-layout-flow wp-block-column-is-layout-flow\">\n<h2 class=\"wp-block-heading is-style-h3\">Panelek fuga n\u00e9lk\u00fcl<\/h2>\n\n\n\n<figure class=\"wp-block-table\"><table><tbody><tr><td>Term\u00e9kk\u00f3d<\/td><td class=\"has-text-align-left\" data-align=\"left\">PS 282.417<\/td><td class=\"has-text-align-left\" data-align=\"left\">PS 177.312<\/td><td class=\"has-text-align-left\" data-align=\"left\">PS 115.250<\/td><\/tr><tr><td>Hasznos fed\u0151sz\u00e9less\u00e9g<\/td><td class=\"has-text-align-left\" data-align=\"left\">282<\/td><td class=\"has-text-align-left\" data-align=\"left\">177<\/td><td class=\"has-text-align-left\" data-align=\"left\">115<\/td><\/tr><tr><td>Panel eleje<\/td><td class=\"has-text-align-left\" data-align=\"left\">282<\/td><td class=\"has-text-align-left\" data-align=\"left\">177<\/td><td class=\"has-text-align-left\" data-align=\"left\">115<\/td><\/tr><tr><td>Lemezvastags\u00e1g<\/td><td class=\"has-text-align-left\" data-align=\"left\">0,7\u20131,0<\/td><td class=\"has-text-align-left\" data-align=\"left\">0,7\u20131,0<\/td><td class=\"has-text-align-left\" data-align=\"left\">0,7\u20131,0<\/td><\/tr><tr><td>Hasznos hossz\u00fas\u00e1g<\/td><td class=\"has-text-align-left\" data-align=\"left\">800\u20136000<\/td><td class=\"has-text-align-left\" data-align=\"left\">800\u20136000<\/td><td class=\"has-text-align-left\" data-align=\"left\">800\u20136000<\/td><\/tr><\/tbody><\/table><\/figure>\n<\/div>\n\n\n\n<div class=\"wp-block-column is-layout-flow wp-block-column-is-layout-flow\">\n<h2 class=\"wp-block-heading is-style-h3\">Panelek fuga n\u00e9lk\u00fcl 15 mm<\/h2>\n\n\n\n<figure class=\"wp-block-table\"><table><tbody><tr><td>Term\u00e9kk\u00f3d<\/td><td class=\"has-text-align-left\" data-align=\"left\">PSF 270.417.15<\/td><td class=\"has-text-align-left\" data-align=\"left\">PSF 165.312.15<\/td><td class=\"has-text-align-left\" data-align=\"left\">PSF 103.250.15<\/td><\/tr><tr><td>Hasznos fed\u0151sz\u00e9less\u00e9g<\/td><td class=\"has-text-align-left\" data-align=\"left\">270<\/td><td class=\"has-text-align-left\" data-align=\"left\">165<\/td><td class=\"has-text-align-left\" data-align=\"left\">103<\/td><\/tr><tr><td>Panel eleje<\/td><td class=\"has-text-align-left\" data-align=\"left\">255<\/td><td class=\"has-text-align-left\" data-align=\"left\">150<\/td><td class=\"has-text-align-left\" data-align=\"left\">88<\/td><\/tr><tr><td>Lemezvastags\u00e1g<\/td><td class=\"has-text-align-left\" data-align=\"left\">0,7\u20131,0<\/td><td class=\"has-text-align-left\" data-align=\"left\">0,7\u20131,0<\/td><td class=\"has-text-align-left\" data-align=\"left\">0,7\u20131,0<\/td><\/tr><tr><td>Hasznos hossz\u00fas\u00e1g<\/td><td class=\"has-text-align-left\" data-align=\"left\">800\u20136000<\/td><td class=\"has-text-align-left\" data-align=\"left\">800\u20136000<\/td><td class=\"has-text-align-left\" data-align=\"left\">800\u20136000<\/td><\/tr><\/tbody><\/table><\/figure>\n<\/div>\n<\/div>\n\n\n<div class=\"wp-block-image\">\n<figure class=\"aligncenter size-large is-resized\"><img loading=\"lazy\" decoding=\"async\" width=\"590\" height=\"1024\" src=\"https:\/\/bp2.eu\/wp-content\/uploads\/2022\/12\/LINEA-SPEC-HU-590x1024.png\" alt=\"\" class=\"wp-image-47462\" style=\"width:443px;height:768px\" srcset=\"https:\/\/bp2.eu\/wp-content\/uploads\/2022\/12\/LINEA-SPEC-HU-590x1024.png 590w, https:\/\/bp2.eu\/wp-content\/uploads\/2022\/12\/LINEA-SPEC-HU-768x1332.png 768w, https:\/\/bp2.eu\/wp-content\/uploads\/2022\/12\/LINEA-SPEC-HU-886x1536.png 886w, https:\/\/bp2.eu\/wp-content\/uploads\/2022\/12\/LINEA-SPEC-HU-1181x2048.png 1181w, https:\/\/bp2.eu\/wp-content\/uploads\/2022\/12\/LINEA-SPEC-HU.png 1200w\" sizes=\"auto, (max-width: 590px) 100vw, 590px\" \/><\/figure>\n<\/div><\/div><\/div>\n\n\n\n<div style=\"height:100px\" aria-hidden=\"true\" class=\"wp-block-spacer is-style-smaller-spacer\"><\/div>\n\n\n\n<div class=\"wp-block-group\"><div class=\"wp-block-group__inner-container is-layout-flow wp-block-group-is-layout-flow\">\n<ul class=\"wp-block-list\">\n<li>Kazetta perfor\u00e1l\u00e1st aj\u00e1nlunk sz\u00e9les m\u00e9ret \u00e9s formav\u00e1laszt\u00e9kban. A r\u00e9szleteket egy\u00e9nileg kell megbesz\u00e9lni a kereskedelmi oszt\u00e1ll<\/li>\n\n\n\n<li>Az anyag h\u0151t\u00e1gul\u00e1sa sor\u00e1n keletkez\u0151 fesz\u00fclts\u00e9gek kompenz\u00e1ci\u00f3ja c\u00e9lj\u00e1b\u00f3l a panel beszerel\u00e9se sor\u00e1n figyelembe kell venni az anyagok mozg\u00e1s\u00e1t. (domborulat).<\/li>\n<\/ul>\n<\/div><\/div>\n","protected":false},"featured_media":11129,"menu_order":228,"template":"","product_category":[542,545],"warranty":[564,569,565],"product_serie":[],"class_list":["post-33567","product","type-product","status-publish","has-post-thumbnail","hentry","product_category-ipari-letesitmenyek","product_category-kazettas-homlokzatburkolatok","warranty-10-ev","warranty-15-ev","warranty-20-ev"],"acf":[],"_links":{"self":[{"href":"https:\/\/bp2.eu\/hu\/wp-json\/wp\/v2\/product\/33567","targetHints":{"allow":["GET"]}}],"collection":[{"href":"https:\/\/bp2.eu\/hu\/wp-json\/wp\/v2\/product"}],"about":[{"href":"https:\/\/bp2.eu\/hu\/wp-json\/wp\/v2\/types\/product"}],"wp:featuredmedia":[{"embeddable":true,"href":"https:\/\/bp2.eu\/hu\/wp-json\/wp\/v2\/media\/11129"}],"wp:attachment":[{"href":"https:\/\/bp2.eu\/hu\/wp-json\/wp\/v2\/media?parent=33567"}],"wp:term":[{"taxonomy":"product_category","embeddable":true,"href":"https:\/\/bp2.eu\/hu\/wp-json\/wp\/v2\/product_category?post=33567"},{"taxonomy":"warranty","embeddable":true,"href":"https:\/\/bp2.eu\/hu\/wp-json\/wp\/v2\/warranty?post=33567"},{"taxonomy":"product_serie","embeddable":true,"href":"https:\/\/bp2.eu\/hu\/wp-json\/wp\/v2\/product_serie?post=33567"}],"curies":[{"name":"wp","href":"https:\/\/api.w.org\/{rel}","templated":true}]}}