{"id":33617,"date":"2022-03-22T13:53:58","date_gmt":"2022-03-22T12:53:58","guid":{"rendered":"https:\/\/bp2.eu\/produkt\/formatki-i-blachy-plaskie\/"},"modified":"2022-12-13T13:14:01","modified_gmt":"2022-12-13T12:14:01","slug":"siklemezek-2","status":"publish","type":"product","link":"https:\/\/bp2.eu\/hu\/termek\/siklemezek-2\/","title":{"rendered":"S\u00cdKLEMEZEK"},"content":{"rendered":"\n<div class=\"wp-block-group\"><div class=\"wp-block-group__inner-container is-layout-flow wp-block-group-is-layout-flow\">\n<div style=\"height:100px\" aria-hidden=\"true\" class=\"wp-block-spacer is-style-small-spacer\"><\/div>\n\n\n\n<div class=\"wp-block-columns has-dark-gray-background-color has-background is-layout-flex wp-container-core-columns-is-layout-9d6595d7 wp-block-columns-is-layout-flex\">\n<div class=\"wp-block-column is-layout-flow wp-block-column-is-layout-flow\">\n<h2 class=\"is-style-h3 wp-block-heading\"><strong>Horganyzott lemezek [mm]<\/strong><\/h2>\n\n\n\n<figure class=\"wp-block-table\"><table><tbody><tr><td class=\"has-text-align-left\" data-align=\"left\"><strong>Az alapanyag vastags\u00e1ga<\/strong><\/td><td class=\"has-text-align-left\" data-align=\"left\"><strong>A tekercs sz\u00e9less\u00e9ge<\/strong><\/td><\/tr><tr><td class=\"has-text-align-left\" data-align=\"left\">0,40<\/td><td class=\"has-text-align-left\" data-align=\"left\">1000<\/td><\/tr><tr><td class=\"has-text-align-left\" data-align=\"left\">0,45<\/td><td class=\"has-text-align-left\" data-align=\"left\">1250<\/td><\/tr><tr><td class=\"has-text-align-left\" data-align=\"left\">0,50<\/td><td class=\"has-text-align-left\" data-align=\"left\">1000, 1250, 1500<\/td><\/tr><tr><td class=\"has-text-align-left\" data-align=\"left\">0,60<\/td><td class=\"has-text-align-left\" data-align=\"left\">1000, 1250, 1500<\/td><\/tr><tr><td class=\"has-text-align-left\" data-align=\"left\">0,70<\/td><td class=\"has-text-align-left\" data-align=\"left\">1000, 1250, 1500<\/td><\/tr><tr><td class=\"has-text-align-left\" data-align=\"left\">0,80<\/td><td class=\"has-text-align-left\" data-align=\"left\">1000, 1250, 1500<\/td><\/tr><tr><td class=\"has-text-align-left\" data-align=\"left\">0,90<\/td><td class=\"has-text-align-left\" data-align=\"left\">1250, 1500<\/td><\/tr><tr><td class=\"has-text-align-left\" data-align=\"left\">1,00<\/td><td class=\"has-text-align-left\" data-align=\"left\">1000, 1250, 1500<\/td><\/tr><tr><td class=\"has-text-align-left\" data-align=\"left\">1,25<\/td><td class=\"has-text-align-left\" data-align=\"left\">1000, 1250, 1500<\/td><\/tr><tr><td class=\"has-text-align-left\" data-align=\"left\">1,50<\/td><td class=\"has-text-align-left\" data-align=\"left\">1000, 1250, 1500<\/td><\/tr><tr><td class=\"has-text-align-left\" data-align=\"left\">2,00<\/td><td class=\"has-text-align-left\" data-align=\"left\">1000, 1250, 1500<\/td><\/tr><\/tbody><\/table><\/figure>\n<\/div>\n\n\n\n<div class=\"wp-block-column is-layout-flow wp-block-column-is-layout-flow\">\n<h2 class=\"is-style-h3 wp-block-heading\"><strong>Alucink lemezek [mm]<\/strong><\/h2>\n\n\n\n<figure class=\"wp-block-table\"><table><tbody><tr><td class=\"has-text-align-left\" data-align=\"left\"><strong><strong>Az alapanyag vastags\u00e1ga<\/strong><\/strong><\/td><td class=\"has-text-align-left\" data-align=\"left\"><strong>A tekercs sz\u00e9less\u00e9ge<\/strong><\/td><\/tr><tr><td class=\"has-text-align-left\" data-align=\"left\">0,50<\/td><td class=\"has-text-align-left\" data-align=\"left\">1250<\/td><\/tr><tr><td class=\"has-text-align-left\" data-align=\"left\">0,60<\/td><td class=\"has-text-align-left\" data-align=\"left\">1250<\/td><\/tr><tr><td class=\"has-text-align-left\" data-align=\"left\">0,70<\/td><td class=\"has-text-align-left\" data-align=\"left\">1250<\/td><\/tr><tr><td class=\"has-text-align-left\" data-align=\"left\">1,00<\/td><td class=\"has-text-align-left\" data-align=\"left\">1250<\/td><\/tr><\/tbody><\/table><\/figure>\n<\/div>\n\n\n\n<div class=\"wp-block-column is-layout-flow wp-block-column-is-layout-flow\">\n<h2 class=\"is-style-h3 wp-block-heading\"><strong>Bevont lemezek [mm]<\/strong><\/h2>\n\n\n\n<figure class=\"wp-block-table\"><table><tbody><tr><td class=\"has-text-align-left\" data-align=\"left\"><strong><strong>Az alapanyag vastags\u00e1ga<\/strong><\/strong><\/td><td class=\"has-text-align-left\" data-align=\"left\"><strong>A tekercs sz\u00e9less\u00e9ge<\/strong><\/td><\/tr><tr><td class=\"has-text-align-left\" data-align=\"left\">0,50<\/td><td class=\"has-text-align-left\" data-align=\"left\">1250<\/td><\/tr><tr><td class=\"has-text-align-left\" data-align=\"left\">0,70<\/td><td class=\"has-text-align-left\" data-align=\"left\">1250<\/td><\/tr><tr><td class=\"has-text-align-left\" data-align=\"left\">1,00<\/td><td class=\"has-text-align-left\" data-align=\"left\">1250<\/td><\/tr><tr><td class=\"has-text-align-left\" data-align=\"left\">1,25<\/td><td class=\"has-text-align-left\" data-align=\"left\">1250<\/td><\/tr><tr><td class=\"has-text-align-left\" data-align=\"left\">1,50<\/td><td class=\"has-text-align-left\" data-align=\"left\">1250<\/td><\/tr><\/tbody><\/table><\/figure>\n<\/div>\n<\/div>\n\n\n<div class=\"wp-block-image\">\n<figure class=\"aligncenter size-large\"><img loading=\"lazy\" decoding=\"async\" width=\"1024\" height=\"320\" src=\"https:\/\/bp2.eu\/wp-content\/uploads\/2022\/03\/SCS_blachy_plaskie-1024x320.jpg\" alt=\"\" class=\"wp-image-5119\" srcset=\"https:\/\/bp2.eu\/wp-content\/uploads\/2022\/03\/SCS_blachy_plaskie-1024x320.jpg 1024w, https:\/\/bp2.eu\/wp-content\/uploads\/2022\/03\/SCS_blachy_plaskie-820x256.jpg 820w, https:\/\/bp2.eu\/wp-content\/uploads\/2022\/03\/SCS_blachy_plaskie-768x240.jpg 768w, https:\/\/bp2.eu\/wp-content\/uploads\/2022\/03\/SCS_blachy_plaskie-1536x480.jpg 1536w, https:\/\/bp2.eu\/wp-content\/uploads\/2022\/03\/SCS_blachy_plaskie.jpg 1600w\" sizes=\"auto, (max-width: 1024px) 100vw, 1024px\" \/><\/figure>\n<\/div>\n\n\n<p class=\"has-text-align-center\"><strong>M\u00e1s t\u00e1blam\u00e9retek lemezform\u00e1tumok \u00e9s egy\u00e9b vastags\u00e1gok megrendel\u00e9sre kaphat\u00f3k.<\/strong><\/p>\n<\/div><\/div>\n","protected":false},"featured_media":11071,"menu_order":408,"template":"","product_category":[],"warranty":[],"product_serie":[],"class_list":["post-33617","product","type-product","status-publish","has-post-thumbnail","hentry"],"acf":[],"_links":{"self":[{"href":"https:\/\/bp2.eu\/hu\/wp-json\/wp\/v2\/product\/33617","targetHints":{"allow":["GET"]}}],"collection":[{"href":"https:\/\/bp2.eu\/hu\/wp-json\/wp\/v2\/product"}],"about":[{"href":"https:\/\/bp2.eu\/hu\/wp-json\/wp\/v2\/types\/product"}],"wp:featuredmedia":[{"embeddable":true,"href":"https:\/\/bp2.eu\/hu\/wp-json\/wp\/v2\/media\/11071"}],"wp:attachment":[{"href":"https:\/\/bp2.eu\/hu\/wp-json\/wp\/v2\/media?parent=33617"}],"wp:term":[{"taxonomy":"product_category","embeddable":true,"href":"https:\/\/bp2.eu\/hu\/wp-json\/wp\/v2\/product_category?post=33617"},{"taxonomy":"warranty","embeddable":true,"href":"https:\/\/bp2.eu\/hu\/wp-json\/wp\/v2\/warranty?post=33617"},{"taxonomy":"product_serie","embeddable":true,"href":"https:\/\/bp2.eu\/hu\/wp-json\/wp\/v2\/product_serie?post=33617"}],"curies":[{"name":"wp","href":"https:\/\/api.w.org\/{rel}","templated":true}]}}