{"id":33624,"date":"2022-03-23T11:22:49","date_gmt":"2022-03-23T10:22:49","guid":{"rendered":"https:\/\/bp2.eu\/produkt\/perforacja-blach\/"},"modified":"2022-12-13T13:14:11","modified_gmt":"2022-12-13T12:14:11","slug":"lemez-perforacio","status":"publish","type":"product","link":"https:\/\/bp2.eu\/hu\/termek\/lemez-perforacio\/","title":{"rendered":"LEMEZ PERFOR\u00c1CI\u00d3"},"content":{"rendered":"\n<div class=\"wp-block-group\"><div class=\"wp-block-group__inner-container is-layout-flow wp-block-group-is-layout-flow\">\n<div style=\"height:100px\" aria-hidden=\"true\" class=\"wp-block-spacer is-style-small-spacer\"><\/div>\n\n\n\n<h2 class=\"is-style-h3 wp-block-heading\"><strong>perfor\u00e1ci\u00f3kat sokf\u00e9le m\u00e9retben \u00e9s form\u00e1ban k\u00e9sz\u00edtj\u00fck :<\/strong><\/h2>\n\n\n\n<div style=\"height:100px\" aria-hidden=\"true\" class=\"wp-block-spacer is-style-small-spacer\"><\/div>\n\n\n\n<div class=\"wp-block-columns is-layout-flex wp-container-core-columns-is-layout-9d6595d7 wp-block-columns-is-layout-flex\">\n<div class=\"wp-block-column is-layout-flow wp-block-column-is-layout-flow\">\n<div class=\"wp-block-columns is-layout-flex wp-container-core-columns-is-layout-9d6595d7 wp-block-columns-is-layout-flex\">\n<div class=\"wp-block-column is-layout-flow wp-block-column-is-layout-flow\"><div class=\"wp-block-image\">\n<figure class=\"aligncenter size-full\"><img loading=\"lazy\" decoding=\"async\" width=\"96\" height=\"96\" src=\"https:\/\/bp2.eu\/wp-content\/uploads\/2022\/03\/SCS_perforacja_icon_1.png\" alt=\"\" class=\"wp-image-5209\"\/><\/figure>\n<\/div>\n\n\n<p class=\"has-text-align-center\">okr\u0105g\u0142e<\/p>\n<\/div>\n\n\n\n<div class=\"wp-block-column is-layout-flow wp-block-column-is-layout-flow\"><div class=\"wp-block-image\">\n<figure class=\"aligncenter size-full\"><img loading=\"lazy\" decoding=\"async\" width=\"150\" height=\"96\" src=\"https:\/\/bp2.eu\/wp-content\/uploads\/2022\/03\/SCS_perforacja_icon_5.png\" alt=\"\" class=\"wp-image-5234\"\/><\/figure>\n<\/div>\n\n\n<p class=\"has-text-align-center\">pod\u0142u\u017cne<br>(tzw fasolki)<\/p>\n<\/div>\n\n\n\n<div class=\"wp-block-column is-layout-flow wp-block-column-is-layout-flow\"><div class=\"wp-block-image\">\n<figure class=\"aligncenter size-full\"><img loading=\"lazy\" decoding=\"async\" width=\"150\" height=\"96\" src=\"https:\/\/bp2.eu\/wp-content\/uploads\/2022\/03\/SCS_perforacja_icon_6.png\" alt=\"\" class=\"wp-image-5230\"\/><\/figure>\n<\/div>\n\n\n<p class=\"has-text-align-center\">prostok\u0105tne<\/p>\n<\/div>\n<\/div>\n\n\n\n<div class=\"wp-block-columns is-layout-flex wp-container-core-columns-is-layout-9d6595d7 wp-block-columns-is-layout-flex\">\n<div class=\"wp-block-column is-layout-flow wp-block-column-is-layout-flow\"><div class=\"wp-block-image\">\n<figure class=\"aligncenter size-full\"><img loading=\"lazy\" decoding=\"async\" width=\"96\" height=\"96\" src=\"https:\/\/bp2.eu\/wp-content\/uploads\/2022\/03\/SCS_perforacja_icon_2.png\" alt=\"\" class=\"wp-image-5217\"\/><\/figure>\n<\/div>\n\n\n<p class=\"has-text-align-center\">sze\u015bciok\u0105tne<\/p>\n<\/div>\n\n\n\n<div class=\"wp-block-column is-layout-flow wp-block-column-is-layout-flow\"><div class=\"wp-block-image\">\n<figure class=\"aligncenter size-full\"><img loading=\"lazy\" decoding=\"async\" width=\"96\" height=\"96\" src=\"https:\/\/bp2.eu\/wp-content\/uploads\/2022\/03\/SCS_perforacja_icon_3.png\" alt=\"\" class=\"wp-image-5221\"\/><\/figure>\n<\/div>\n\n\n<p class=\"has-text-align-center\">gwiazdki<\/p>\n<\/div>\n\n\n\n<div class=\"wp-block-column is-layout-flow wp-block-column-is-layout-flow\"><div class=\"wp-block-image\">\n<figure class=\"aligncenter size-full\"><img loading=\"lazy\" decoding=\"async\" width=\"96\" height=\"96\" src=\"https:\/\/bp2.eu\/wp-content\/uploads\/2022\/03\/SCS_perforacja_icon_4.png\" alt=\"\" class=\"wp-image-5226\"\/><\/figure>\n<\/div>\n\n\n<p class=\"has-text-align-center\">nieregularne<\/p>\n<\/div>\n<\/div>\n<\/div>\n\n\n\n<div class=\"wp-block-column is-layout-flow wp-block-column-is-layout-flow\">\n<div class=\"wp-block-cover is-light is-style-full-height\"><span aria-hidden=\"true\" class=\"wp-block-cover__background has-dark-gray-background-color has-background-dim-100 has-background-dim\"><\/span><div class=\"wp-block-cover__inner-container is-layout-flow wp-block-cover-is-layout-flow\">\n<p class=\"has-text-align-left\"><strong><strong>M\u0171szaki param\u00e9terek<\/strong><\/strong><\/p>\n\n\n\n<figure class=\"wp-block-table\"><table><tbody><tr><td>A szalag maxim\u00e1lis sz\u00e9less\u00e9ge<\/td><td>1500 mm<\/td><\/tr><tr><td>A lemez vastags\u00e1ga<\/td><td>0,4\u20132,0 mm<\/td><\/tr><\/tbody><\/table><\/figure>\n<\/div><\/div>\n<\/div>\n<\/div>\n\n\n\n<p><\/p>\n\n\n\n<p>* Ezen k\u00edv\u00fcl a megrendel\u0151 \u00e1ltal biztos\u00edtott anyagok perfor\u00e1l\u00e1s\u00e1ra is van m\u00f3d. A r\u00e9szletekr\u0151l az \u00e9rt\u00e9kes\u00edt\u00e9si oszt\u00e1ly tud inform\u00e1ci\u00f3t adni.<\/p>\n<\/div><\/div>\n","protected":false},"featured_media":16962,"menu_order":433,"template":"","product_category":[],"warranty":[],"product_serie":[],"class_list":["post-33624","product","type-product","status-publish","has-post-thumbnail","hentry"],"acf":[],"_links":{"self":[{"href":"https:\/\/bp2.eu\/hu\/wp-json\/wp\/v2\/product\/33624","targetHints":{"allow":["GET"]}}],"collection":[{"href":"https:\/\/bp2.eu\/hu\/wp-json\/wp\/v2\/product"}],"about":[{"href":"https:\/\/bp2.eu\/hu\/wp-json\/wp\/v2\/types\/product"}],"wp:featuredmedia":[{"embeddable":true,"href":"https:\/\/bp2.eu\/hu\/wp-json\/wp\/v2\/media\/16962"}],"wp:attachment":[{"href":"https:\/\/bp2.eu\/hu\/wp-json\/wp\/v2\/media?parent=33624"}],"wp:term":[{"taxonomy":"product_category","embeddable":true,"href":"https:\/\/bp2.eu\/hu\/wp-json\/wp\/v2\/product_category?post=33624"},{"taxonomy":"warranty","embeddable":true,"href":"https:\/\/bp2.eu\/hu\/wp-json\/wp\/v2\/warranty?post=33624"},{"taxonomy":"product_serie","embeddable":true,"href":"https:\/\/bp2.eu\/hu\/wp-json\/wp\/v2\/product_serie?post=33624"}],"curies":[{"name":"wp","href":"https:\/\/api.w.org\/{rel}","templated":true}]}}