{"id":33627,"date":"2022-03-23T10:33:34","date_gmt":"2022-03-23T09:33:34","guid":{"rendered":"https:\/\/bp2.eu\/produkt\/zabezpieczenie-i-pakowanie\/"},"modified":"2022-12-13T13:14:16","modified_gmt":"2022-12-13T12:14:16","slug":"vedelem-es-csomagolas","status":"publish","type":"product","link":"https:\/\/bp2.eu\/hu\/termek\/vedelem-es-csomagolas\/","title":{"rendered":"V\u00c9DELEM \u00c9S CSOMAGOL\u00c1S"},"content":{"rendered":"\n<div class=\"wp-block-group\"><div class=\"wp-block-group__inner-container is-layout-flow wp-block-group-is-layout-flow\">\n<h2 class=\"is-style-h3 wp-block-heading\"><strong>V\u00e9delem &#8211; f\u00f3lia t\u00edpusai<\/strong><\/h2>\n\n\n\n<p>A lemezek v\u00e9delme \u00e9rdek\u00e9ben az \u00fcgyf\u00e9l k\u00e9r\u00e9s\u00e9re v\u00e9d\u0151f\u00f3li\u00e1val l\u00e1tjuk el. N\u00e1lunk alap, hogy olyan f\u00f3li\u00e1t haszn\u00e1lunk, melynek ragaszt\u00f3 r\u00e9teg\u00e9nek \u00f6sszet\u00e9tele az adott lemezbevonathoz passzol a vizsg\u00e1latoknak megfelel\u0151en: a ragaszt\u00f3r\u00e9teg \u00e9s a f\u00f3lia t\u00edpus\u00e1t \u00e9s vastags\u00e1g\u00e1t \u00fagy hat\u00e1roztuk meg, hogy maxim\u00e1lisan megfelel\u0151 tapad\u00e1sa legyen, \u00e9s hogy nem k\u00e1ros\u00edtsa a bevonatot az elt\u00e1vol\u00edt\u00e1skor.<\/p>\n\n\n\n<p>K\u00fcl\u00f6nb\u00f6z\u0151 param\u00e9terekkel rendelkez\u0151 f\u00f3li\u00e1kat k\u00edn\u00e1lunk, amelyeket egyedileg lehet kiv\u00e1lasztani, figyelembe v\u00e9ve:<\/p>\n\n\n\n<div style=\"height:100px\" aria-hidden=\"true\" class=\"wp-block-spacer is-style-small-spacer\"><\/div>\n\n\n\n<div class=\"wp-block-columns is-layout-flex wp-container-core-columns-is-layout-9d6595d7 wp-block-columns-is-layout-flex\">\n<div class=\"wp-block-column is-layout-flow wp-block-column-is-layout-flow\"><div class=\"wp-block-image\">\n<figure class=\"aligncenter size-full\"><img loading=\"lazy\" decoding=\"async\" width=\"96\" height=\"96\" src=\"https:\/\/bp2.eu\/wp-content\/uploads\/2022\/03\/SCS_zabezpieczenie_pakowanie_icon_1.png\" alt=\"\" class=\"wp-image-5168\"\/><\/figure>\n<\/div>\n\n\n<p class=\"has-text-align-center\"><strong><strong>Ragaszt\u00f3<\/strong><\/strong><\/p>\n\n\n\n<ul class=\"wp-block-list\">\n<li>akril, v\u00edzb\u00e1zis\u00fa &#8211; \u00f6kol\u00f3giai, v\u00edzzel lemoshat\u00f3,<\/li>\n\n\n\n<li>akril, old\u00f3szer alap\u00fa &#8211; nem old\u00f3dik v\u00edzben, matt bevonatokhoz haszn\u00e1ljuk<\/li>\n\n\n\n<li>gumi, old\u00f3szer alap\u00fa &#8211; nem old\u00f3dik v\u00edzben, poli\u00e9szter bevonatokhoz haszn\u00e1ljuk.<\/li>\n<\/ul>\n<\/div>\n\n\n\n<div class=\"wp-block-column is-layout-flow wp-block-column-is-layout-flow\"><div class=\"wp-block-image\">\n<figure class=\"aligncenter size-full\"><img loading=\"lazy\" decoding=\"async\" width=\"96\" height=\"96\" src=\"https:\/\/bp2.eu\/wp-content\/uploads\/2022\/03\/SCS_zabezpieczenie_pakowanie_icon_2.png\" alt=\"\" class=\"wp-image-5174\"\/><\/figure>\n<\/div>\n\n\n<p class=\"has-text-align-center\"><strong><strong>F\u00e9ny\u00e1tereszt\u0151 k\u00e9pess\u00e9g<\/strong><\/strong><\/p>\n\n\n\n<p class=\"has-text-align-center\">fed\u0151 \u00e9s \u00e1tl\u00e1tsz\u00f3 f\u00f3li\u00e1k.<\/p>\n<\/div>\n\n\n\n<div class=\"wp-block-column is-layout-flow wp-block-column-is-layout-flow\"><div class=\"wp-block-image\">\n<figure class=\"aligncenter size-full\"><img loading=\"lazy\" decoding=\"async\" width=\"96\" height=\"96\" src=\"https:\/\/bp2.eu\/wp-content\/uploads\/2022\/03\/SCS_zabezpieczenie_pakowanie_icon_3.png\" alt=\"\" class=\"wp-image-5178\"\/><\/figure>\n<\/div>\n\n\n<p class=\"has-text-align-center\"><strong><strong>UV sugaraknak ellen\u00e1ll<\/strong><\/strong><\/p>\n\n\n\n<p class=\"has-text-align-center\">1 h\u00f3napt\u00f3l 12 h\u00f3napig.<\/p>\n<\/div>\n<\/div>\n\n\n\n<div class=\"wp-block-columns is-layout-flex wp-container-core-columns-is-layout-9d6595d7 wp-block-columns-is-layout-flex\">\n<div class=\"wp-block-column is-layout-flow wp-block-column-is-layout-flow\"><div class=\"wp-block-image\">\n<figure class=\"aligncenter size-full\"><img loading=\"lazy\" decoding=\"async\" width=\"172\" height=\"96\" src=\"https:\/\/bp2.eu\/wp-content\/uploads\/2022\/03\/SCS_zabezpieczenie_pakowanie_icon_4.png\" alt=\"\" class=\"wp-image-5191\"\/><\/figure>\n<\/div>\n\n\n<p class=\"has-text-align-center\"><strong><strong>A f\u00f3lia vastags\u00e1ga<\/strong><\/strong><\/p>\n\n\n\n<p class=\"has-text-align-center\">35\u2013100\u03bcm<\/p>\n\n\n\n<p class=\"has-text-align-center\"><strong><strong>F\u00f3lia t\u00edpusa<\/strong><\/strong><\/p>\n\n\n\n<p class=\"has-text-align-center\">MAT\/PO\u0141YSK<\/p>\n<\/div>\n\n\n\n<div class=\"wp-block-column is-layout-flow wp-block-column-is-layout-flow\"><div class=\"wp-block-image\">\n<figure class=\"aligncenter size-full\"><img loading=\"lazy\" decoding=\"async\" width=\"96\" height=\"96\" src=\"https:\/\/bp2.eu\/wp-content\/uploads\/2022\/03\/SCS_zabezpieczenie_pakowanie_icon_5.png\" alt=\"\" class=\"wp-image-5183\"\/><\/figure>\n<\/div>\n\n\n<p class=\"has-text-align-center\"><strong><strong>P\u00e1ra kondenz\u00e1ci\u00f3ja<\/strong><\/strong><\/p>\n\n\n\n<p class=\"has-text-align-center\">p\u00e1ramentes\u00edt\u0151 bevonat.<\/p>\n<\/div>\n\n\n\n<div class=\"wp-block-column is-layout-flow wp-block-column-is-layout-flow\"><div class=\"wp-block-image\">\n<figure class=\"aligncenter size-full\"><img loading=\"lazy\" decoding=\"async\" width=\"96\" height=\"96\" src=\"https:\/\/bp2.eu\/wp-content\/uploads\/2022\/03\/SCS_zabezpieczenie_pakowanie_icon_6.png\" alt=\"\" class=\"wp-image-5187\"\/><\/figure>\n<\/div>\n\n\n<p class=\"has-text-align-center\"><strong><strong>Alkalmaz\u00e1s<\/strong><\/strong><\/p>\n\n\n\n<p class=\"has-text-align-center\">univerz\u00e1lis f\u00f3li\u00e1k, a bevonat t\u00edpus\u00e1hoz \u00e9s speci\u00e1lis alkalmaz\u00e1sokhoz, p\u00e9ld\u00e1ul l\u00e9zerv\u00e1g\u00e1shoz (Fiber).<\/p>\n<\/div>\n<\/div>\n<\/div><\/div>\n\n\n\n<p><\/p>\n","protected":false},"featured_media":26428,"menu_order":394,"template":"","product_category":[],"warranty":[],"product_serie":[],"class_list":["post-33627","product","type-product","status-publish","has-post-thumbnail","hentry"],"acf":[],"_links":{"self":[{"href":"https:\/\/bp2.eu\/hu\/wp-json\/wp\/v2\/product\/33627","targetHints":{"allow":["GET"]}}],"collection":[{"href":"https:\/\/bp2.eu\/hu\/wp-json\/wp\/v2\/product"}],"about":[{"href":"https:\/\/bp2.eu\/hu\/wp-json\/wp\/v2\/types\/product"}],"wp:featuredmedia":[{"embeddable":true,"href":"https:\/\/bp2.eu\/hu\/wp-json\/wp\/v2\/media\/26428"}],"wp:attachment":[{"href":"https:\/\/bp2.eu\/hu\/wp-json\/wp\/v2\/media?parent=33627"}],"wp:term":[{"taxonomy":"product_category","embeddable":true,"href":"https:\/\/bp2.eu\/hu\/wp-json\/wp\/v2\/product_category?post=33627"},{"taxonomy":"warranty","embeddable":true,"href":"https:\/\/bp2.eu\/hu\/wp-json\/wp\/v2\/warranty?post=33627"},{"taxonomy":"product_serie","embeddable":true,"href":"https:\/\/bp2.eu\/hu\/wp-json\/wp\/v2\/product_serie?post=33627"}],"curies":[{"name":"wp","href":"https:\/\/api.w.org\/{rel}","templated":true}]}}