{"id":33635,"date":"2020-03-14T15:06:00","date_gmt":"2020-03-14T14:06:00","guid":{"rendered":"https:\/\/bp2.eu\/produkt\/swietliki\/"},"modified":"2025-08-28T08:45:10","modified_gmt":"2025-08-28T06:45:10","slug":"tetoablakok-trapezprofilu-lemezekhez","status":"publish","type":"product","link":"https:\/\/bp2.eu\/hu\/termek\/tetoablakok-trapezprofilu-lemezekhez\/","title":{"rendered":"Tet\u0151ablakok trap\u00e9zprofil\u00fa lemezekhez"},"content":{"rendered":"\n<div style=\"height:100px\" aria-hidden=\"true\" class=\"wp-block-spacer is-style-smaller-spacer\"><\/div>\n\n\n\n<div class=\"wp-block-group\"><div class=\"wp-block-group__inner-container is-layout-constrained wp-block-group-is-layout-constrained\">\n<h2 class=\"wp-block-heading has-text-align-center has-red-color has-text-color has-link-color wp-elements-9560a2785637499aaee1b1c64a68acb4\">Tet\u0151bevil\u00e1g\u00edt\u00f3 SKY-T18<\/h2>\n\n\n\n<p class=\"has-text-align-center\">A SKY-T18 tet\u0151s\u00edk ablak speci\u00e1lis megold\u00e1s a T-18 trap\u00e9zlemezekhez, amely \u00f6tv\u00f6zi a magas<br>f\u00e9ny\u00e1tereszt\u00e9st a tart\u00f3s szerkezettel. Hat\u00e9konyan biztos\u00edtja a csarnokok \u00e9s kisebb helyis\u00e9gek<br>megvil\u00e1g\u00edt\u00e1s\u00e1t. Nagy \u00fct\u00e9s\u00e1ll\u00f3s\u00e1ggal rendelkezik, mik\u00f6zben meg\u0151rzi a szerkezet eszt\u00e9tik\u00e1j\u00e1t \u00e9s funkcionalit\u00e1s\u00e1t.<\/p>\n\n\n\n<div class=\"wp-block-columns is-layout-flex wp-container-core-columns-is-layout-9d6595d7 wp-block-columns-is-layout-flex\">\n<div class=\"wp-block-column is-layout-flow wp-block-column-is-layout-flow\">\n<figure class=\"wp-block-image size-large\"><img loading=\"lazy\" decoding=\"async\" width=\"1024\" height=\"874\" src=\"https:\/\/bp2.eu\/wp-content\/uploads\/2020\/03\/Swietlik-T18-Wymiary-1024x874.jpg\" alt=\"\" class=\"wp-image-102675\" srcset=\"https:\/\/bp2.eu\/wp-content\/uploads\/2020\/03\/Swietlik-T18-Wymiary-1024x874.jpg 1024w, https:\/\/bp2.eu\/wp-content\/uploads\/2020\/03\/Swietlik-T18-Wymiary-820x700.jpg 820w, https:\/\/bp2.eu\/wp-content\/uploads\/2020\/03\/Swietlik-T18-Wymiary-768x656.jpg 768w, https:\/\/bp2.eu\/wp-content\/uploads\/2020\/03\/Swietlik-T18-Wymiary-1536x1311.jpg 1536w, https:\/\/bp2.eu\/wp-content\/uploads\/2020\/03\/Swietlik-T18-Wymiary.jpg 1943w\" sizes=\"auto, (max-width: 1024px) 100vw, 1024px\" \/><\/figure>\n<\/div>\n\n\n\n<div class=\"wp-block-column is-layout-flow wp-block-column-is-layout-flow\">\n<h2 class=\"wp-block-heading is-style-h3 has-red-color has-text-color has-link-color wp-elements-9477b9d531c00955ba1ef8c54733ce92\">M\u0171szaki param\u00e9terek<\/h2>\n\n\n\n<table style=\"width:100%; border-collapse:collapse; border:0; table-layout:fixed;\">\n  <tbody>\n    <tr>\n      <td style=\"padding:10px; border-top:1px solid #ddd; border-bottom:1px solid #ddd; vertical-align:top;\"><strong>Vastags\u00e1g:<\/strong><\/td>\n      <td style=\"padding:10px; border-top:1px solid #ddd; border-bottom:1px solid #ddd; vertical-align:top;\">1,0 mm<\/td>\n    <\/tr>\n    <tr>\n      <td style=\"padding:10px; border-bottom:1px solid #ddd; vertical-align:top;\"><strong>Hasznos sz\u00e9less\u00e9g:<\/strong><\/td>\n      <td style=\"padding:10px; border-bottom:1px solid #ddd; vertical-align:top;\">1063&plusmn;5 mm<\/td>\n    <\/tr>\n    <tr>\n      <td style=\"padding:10px; border-bottom:1px solid #ddd; vertical-align:top;\"><strong>Lemez sz\u00e9less\u00e9ge:<\/strong><\/td>\n      <td style=\"padding:10px; border-bottom:1px solid #ddd; vertical-align:top;\">1117&plusmn;5 mm<\/td>\n    <\/tr>\n    <tr>\n      <td style=\"padding:10px; border-bottom:1px solid #ddd; vertical-align:top;\"><strong>Hull\u00e1mhossz:<\/strong><\/td>\n      <td style=\"padding:10px; border-bottom:1px solid #ddd; vertical-align:top;\">134 mm<\/td>\n    <\/tr>\n    <tr>\n      <td style=\"padding:10px; border-bottom:1px solid #ddd; vertical-align:top;\"><strong>Hull\u00e1mmagass\u00e1g:<\/strong><\/td>\n      <td style=\"padding:10px; border-bottom:1px solid #ddd; vertical-align:top;\">18 mm<\/td>\n    <\/tr>\n    <tr>\n      <td style=\"padding:10px; border-bottom:1px solid #ddd; vertical-align:top;\"><strong>Lemez hossza:<\/strong><\/td>\n      <td style=\"padding:10px; border-bottom:1px solid #ddd; vertical-align:top;\">3 m<\/td>\n    <\/tr>\n    <tr>\n      <td style=\"padding:10px; border-bottom:1px solid #ddd; vertical-align:top;\"><strong>Sz\u00edn:<\/strong><\/td>\n      <td style=\"padding:10px; border-bottom:1px solid #ddd; vertical-align:top;\">\u00c1tl\u00e1tsz\u00f3<\/td>\n    <\/tr>\n    <tr>\n      <td style=\"padding:10px; border-bottom:1px solid #ddd; vertical-align:top;\"><strong>Szerkezet:<\/strong><\/td>\n      <td style=\"padding:10px; border-bottom:1px solid #ddd; vertical-align:top;\">Teljes lemez<\/td>\n    <\/tr>\n    <tr>\n      <td style=\"padding:10px; border-bottom:1px solid #ddd; vertical-align:top;\"><strong>UV-v\u00e9delem:<\/strong><\/td>\n      <td style=\"padding:10px; border-bottom:1px solid #ddd; vertical-align:top;\">Igen<\/td>\n    <\/tr>\n    <tr>\n      <td style=\"padding:10px; border-bottom:1px solid #ddd; vertical-align:top;\"><strong>T\u0171zv\u00e9delmi oszt\u00e1ly:<\/strong><\/td>\n      <td style=\"padding:10px; border-bottom:1px solid #ddd; vertical-align:top;\">B s1 d0<\/td>\n    <\/tr>\n    <tr>\n      <td style=\"padding:10px; border-bottom:1px solid #ddd; vertical-align:top;\"><strong>\u00dczemi h\u0151m\u00e9rs\u00e9klet-tartom\u00e1ny:<\/strong><\/td>\n      <td style=\"padding:10px; border-bottom:1px solid #ddd; vertical-align:top;\">-40&deg; \/ +130&deg;C<\/td>\n    <\/tr>\n    <tr>\n      <td style=\"padding:10px; border-bottom:1px solid #ddd; vertical-align:top;\"><strong>Line\u00e1ris h\u0151t\u00e1gul\u00e1s:<\/strong><\/td>\n      <td style=\"padding:10px; border-bottom:1px solid #ddd; vertical-align:top;\">6,7 &times; 10<sup>-5<\/sup> mm\/mm &deg;C<\/td>\n    <\/tr>\n    <tr>\n      <td style=\"padding:10px; border-bottom:1px solid #ddd; vertical-align:top;\"><strong>K\u00e9miai ellen\u00e1ll\u00e1s (haszn\u00e1lat \u00e9s karbantart\u00e1s):<\/strong><\/td>\n      <td style=\"padding:10px; border-bottom:1px solid #ddd; vertical-align:top;\">Irodalomban meghat\u00e1rozott<\/td>\n    <\/tr>\n    <tr>\n      <td style=\"padding:10px; border-bottom:1px solid #ddd; vertical-align:top;\"><strong>H\u0151szigetel\u00e9s:<\/strong><\/td>\n      <td style=\"padding:10px; border-bottom:1px solid #ddd; vertical-align:top;\">5,70 W\/mK<\/td>\n    <\/tr>\n    <tr>\n      <td style=\"padding:10px; border-bottom:1px solid #ddd; vertical-align:top;\"><strong>F\u00e9ny\u00e1tereszt\u00e9s (\u00c1TL\u00c1TSZ\u00d3):<\/strong><\/td>\n      <td style=\"padding:10px; border-bottom:1px solid #ddd; vertical-align:top;\">89&plusmn;2 %<\/td>\n    <\/tr>\n    <tr>\n      <td style=\"padding:10px; border-bottom:1px solid #ddd; vertical-align:top;\"><strong>Garancia:<\/strong><\/td>\n      <td style=\"padding:10px; border-bottom:1px solid #ddd; vertical-align:top;\">10 \u00e9v*<\/td>\n    <\/tr>\n  <\/tbody>\n<\/table>\n<\/div>\n<\/div>\n\n\n\n<ul class=\"wp-block-list\">\n<li><strong>Felhaszn\u00e1l\u00e1s<\/strong>: tet\u0151s\u00edk ablakok \u00e9s lapostet\u0151 fed\u00e9sek kivitelez\u00e9se<\/li>\n\n\n\n<li><strong>Kieg\u00e9sz\u00edt\u0151k<\/strong>: a rendszert kieg\u00e9sz\u00edt\u0151k eg\u00e9sz\u00edtik ki (a kieg\u00e9sz\u00edt\u0151kr\u0151l r\u00e9szletes inform\u00e1ci\u00f3\u00e9rt k\u00e9rj\u00fck, vegye fel a kapcsolatot a gy\u00e1rt\u00f3val).<br><br><strong>MEGJEGYZ\u00c9S:<\/strong> a magas h\u0151szigetel\u00e9si param\u00e9terekkel rendelkez\u0151 tet\u0151s\u00edk ablakok kivitelez\u00e9s\u00e9hez a hat\u00e1lyos szabv\u00e1ny szerint bels\u0151 \u00e1lmennyezet adhat\u00f3 hozz\u00e1.<\/li>\n<\/ul>\n<\/div><\/div>\n\n\n\n<div style=\"height:100px\" aria-hidden=\"true\" class=\"wp-block-spacer is-style-smaller-spacer\"><\/div>\n\n\n\n<div class=\"wp-block-group\"><div class=\"wp-block-group__inner-container is-layout-constrained wp-block-group-is-layout-constrained\">\n<h2 class=\"wp-block-heading has-text-align-center has-red-color has-text-color has-link-color wp-elements-df9bf913d31011aed884ecdc3c0e16c8\">Tet\u0151bevil\u00e1g\u00edt\u00f3 SKY-T18 ECO<\/h2>\n\n\n\n<p class=\"has-text-align-center\">A SKY-T18 ECO k\u00f6nny\u0171 \u00e9s gazdas\u00e1gos tet\u0151s\u00edk ablak, amelyet kifejezetten a T18 ECO trap\u00e9zlemezhez terveztek.<br>Hat\u00e9kony alternat\u00edv\u00e1t jelent a mesters\u00e9ges vil\u00e1g\u00edt\u00e1ssal szemben, nagy \u00e1tl\u00e1tsz\u00f3s\u00e1got \u00e9s tart\u00f3ss\u00e1got k\u00edn\u00e1l az<br>energiahat\u00e9kony param\u00e9terek meg\u0151rz\u00e9se mellett \u2013 ide\u00e1lis gazdas\u00e1gi \u00e9s beruh\u00e1z\u00e1si l\u00e9tes\u00edtm\u00e9nyekhez.<\/p>\n\n\n\n<div class=\"wp-block-columns is-layout-flex wp-container-core-columns-is-layout-9d6595d7 wp-block-columns-is-layout-flex\">\n<div class=\"wp-block-column is-layout-flow wp-block-column-is-layout-flow\">\n<figure class=\"wp-block-image size-large\"><img loading=\"lazy\" decoding=\"async\" width=\"1024\" height=\"856\" src=\"https:\/\/bp2.eu\/wp-content\/uploads\/2020\/03\/Swietlik-T18-ECO_Wymiary-1024x856.jpg\" alt=\"\" class=\"wp-image-102683\" srcset=\"https:\/\/bp2.eu\/wp-content\/uploads\/2020\/03\/Swietlik-T18-ECO_Wymiary-1024x856.jpg 1024w, https:\/\/bp2.eu\/wp-content\/uploads\/2020\/03\/Swietlik-T18-ECO_Wymiary-820x686.jpg 820w, https:\/\/bp2.eu\/wp-content\/uploads\/2020\/03\/Swietlik-T18-ECO_Wymiary-768x642.jpg 768w, https:\/\/bp2.eu\/wp-content\/uploads\/2020\/03\/Swietlik-T18-ECO_Wymiary-1536x1284.jpg 1536w, https:\/\/bp2.eu\/wp-content\/uploads\/2020\/03\/Swietlik-T18-ECO_Wymiary.jpg 2025w\" sizes=\"auto, (max-width: 1024px) 100vw, 1024px\" \/><\/figure>\n<\/div>\n\n\n\n<div class=\"wp-block-column is-layout-flow wp-block-column-is-layout-flow\">\n<h2 class=\"wp-block-heading is-style-h3 has-red-color has-text-color has-link-color wp-elements-9477b9d531c00955ba1ef8c54733ce92\">M\u0171szaki param\u00e9terek<\/h2>\n\n\n\n<table style=\"width:100%; border-collapse:collapse; border:0; table-layout:fixed;\">\n  <tbody>\n    <tr>\n      <td style=\"padding:10px; border-top:1px solid #ddd; border-bottom:1px solid #ddd;\"><strong>Vastags\u00e1g:<\/strong><\/td>\n      <td style=\"padding:10px; border-top:1px solid #ddd; border-bottom:1px solid #ddd;\">1,0 mm<\/td>\n    <\/tr>\n    <tr>\n      <td style=\"padding:10px; border-bottom:1px solid #ddd;\"><strong>Hasznos sz\u00e9less\u00e9g:<\/strong><\/td>\n      <td style=\"padding:10px; border-bottom:1px solid #ddd;\">1170&plusmn;5 mm<\/td>\n    <\/tr>\n    <tr>\n      <td style=\"padding:10px; border-bottom:1px solid #ddd;\"><strong>Lemez sz\u00e9less\u00e9ge:<\/strong><\/td>\n      <td style=\"padding:10px; border-bottom:1px solid #ddd;\">1120&plusmn;5 mm<\/td>\n    <\/tr>\n    <tr>\n      <td style=\"padding:10px; border-bottom:1px solid #ddd;\"><strong>Hull\u00e1mhossz:<\/strong><\/td>\n      <td style=\"padding:10px; border-bottom:1px solid #ddd;\">187,5 mm<\/td>\n    <\/tr>\n    <tr>\n      <td style=\"padding:10px; border-bottom:1px solid #ddd;\"><strong>Hull\u00e1mmagass\u00e1g:<\/strong><\/td>\n      <td style=\"padding:10px; border-bottom:1px solid #ddd;\">16,5 mm<\/td>\n    <\/tr>\n    <tr>\n      <td style=\"padding:10px; border-bottom:1px solid #ddd;\"><strong>Lemez hossza:<\/strong><\/td>\n      <td style=\"padding:10px; border-bottom:1px solid #ddd;\">3 m<\/td>\n    <\/tr>\n    <tr>\n      <td style=\"padding:10px; border-bottom:1px solid #ddd;\"><strong>Sz\u00edn:<\/strong><\/td>\n      <td style=\"padding:10px; border-bottom:1px solid #ddd;\">\u00c1tl\u00e1tsz\u00f3<\/td>\n    <\/tr>\n    <tr>\n      <td style=\"padding:10px; border-bottom:1px solid #ddd;\"><strong>Szerkezet:<\/strong><\/td>\n      <td style=\"padding:10px; border-bottom:1px solid #ddd;\">Teljes lemez<\/td>\n    <\/tr>\n    <tr>\n      <td style=\"padding:10px; border-bottom:1px solid #ddd;\"><strong>UV-v\u00e9delem:<\/strong><\/td>\n      <td style=\"padding:10px; border-bottom:1px solid #ddd;\">Igen<\/td>\n    <\/tr>\n    <tr>\n      <td style=\"padding:10px; border-bottom:1px solid #ddd;\"><strong>T\u0171zv\u00e9delmi oszt\u00e1ly:<\/strong><\/td>\n      <td style=\"padding:10px; border-bottom:1px solid #ddd;\">B s1 d0<\/td>\n    <\/tr>\n    <tr>\n      <td style=\"padding:10px; border-bottom:1px solid #ddd;\"><strong>\u00dczemi h\u0151m\u00e9rs\u00e9klet-tartom\u00e1ny:<\/strong><\/td>\n      <td style=\"padding:10px; border-bottom:1px solid #ddd;\">-40&deg; \/ +130&deg;C<\/td>\n    <\/tr>\n    <tr>\n      <td style=\"padding:10px; border-bottom:1px solid #ddd;\"><strong>Line\u00e1ris h\u0151t\u00e1gul\u00e1s:<\/strong><\/td>\n      <td style=\"padding:10px; border-bottom:1px solid #ddd;\">6,7 &times; 10<sup>-5<\/sup> mm\/mm &deg;C<\/td>\n    <\/tr>\n    <tr>\n      <td style=\"padding:10px; border-bottom:1px solid #ddd;\"><strong>K\u00e9miai ellen\u00e1ll\u00e1s (haszn\u00e1lat \u00e9s karbantart\u00e1s):<\/strong><\/td>\n      <td style=\"padding:10px; border-bottom:1px solid #ddd;\">Irodalomban meghat\u00e1rozott<\/td>\n    <\/tr>\n    <tr>\n      <td style=\"padding:10px; border-bottom:1px solid #ddd;\"><strong>H\u0151szigetel\u00e9s:<\/strong><\/td>\n      <td style=\"padding:10px; border-bottom:1px solid #ddd;\">5,70 W\/mK<\/td>\n    <\/tr>\n    <tr>\n      <td style=\"padding:10px; border-bottom:1px solid #ddd;\"><strong>F\u00e9ny\u00e1tereszt\u00e9s (\u00c1TL\u00c1TSZ\u00d3):<\/strong><\/td>\n      <td style=\"padding:10px; border-bottom:1px solid #ddd;\">89&plusmn;2 %<\/td>\n    <\/tr>\n    <tr>\n      <td style=\"padding:10px; border-bottom:1px solid #ddd;\"><strong>Garancia:<\/strong><\/td>\n      <td style=\"padding:10px; border-bottom:1px solid #ddd;\">10 \u00e9v*<\/td>\n    <\/tr>\n  <\/tbody>\n<\/table>\n<\/div>\n<\/div>\n\n\n\n<ul class=\"wp-block-list\">\n<li><strong>Felhaszn\u00e1l\u00e1s<\/strong>: tet\u0151s\u00edk ablakok \u00e9s lapostet\u0151 fed\u00e9sek kivitelez\u00e9se<\/li>\n\n\n\n<li><strong>Kieg\u00e9sz\u00edt\u0151k<\/strong>: a rendszert kieg\u00e9sz\u00edt\u0151k eg\u00e9sz\u00edtik ki (a kieg\u00e9sz\u00edt\u0151kr\u0151l r\u00e9szletes inform\u00e1ci\u00f3\u00e9rt k\u00e9rj\u00fck, vegye fel a kapcsolatot a gy\u00e1rt\u00f3val).<br><br><strong>MEGJEGYZ\u00c9S:<\/strong> a magas h\u0151szigetel\u00e9si param\u00e9terekkel rendelkez\u0151 tet\u0151s\u00edk ablakok kivitelez\u00e9s\u00e9hez a hat\u00e1lyos szabv\u00e1ny szerint bels\u0151 \u00e1lmennyezet adhat\u00f3 hozz\u00e1.<\/li>\n<\/ul>\n<\/div><\/div>\n\n\n\n<div style=\"height:100px\" aria-hidden=\"true\" class=\"wp-block-spacer is-style-smaller-spacer\"><\/div>\n\n\n\n<div class=\"wp-block-group\"><div class=\"wp-block-group__inner-container is-layout-constrained wp-block-group-is-layout-constrained\">\n<h2 class=\"wp-block-heading has-text-align-center has-red-color has-text-color has-link-color wp-elements-4c04a2d9ff867a6d8b5e4a2d276dfebc\">Tet\u0151bevil\u00e1g\u00edt\u00f3 SKY-T35<\/h2>\n\n\n\n<p class=\"has-text-align-center\">A SKY-T35 er\u0151s \u00e9s tart\u00f3s tet\u0151s\u00edk ablak, amely a T35 trap\u00e9zlemezekhez k\u00e9sz\u00fclt, olyan \u00e9p\u00fcletekhez,<br>amelyek szil\u00e1rd szerkezetet ig\u00e9nyelnek. Biztos\u00edtja a bels\u0151 terek hat\u00e9kony megvil\u00e1g\u00edt\u00e1s\u00e1t, magas<br>id\u0151j\u00e1r\u00e1s\u00e1ll\u00f3s\u00e1got \u00e9s a tet\u0151k eszt\u00e9tik\u00e1j\u00e1nak meg\u0151rz\u00e9s\u00e9t ipari \u00e9s kereskedelmi \u00e9p\u00edtkez\u00e9sekn\u00e9l.<\/p>\n\n\n\n<div class=\"wp-block-columns is-layout-flex wp-container-core-columns-is-layout-9d6595d7 wp-block-columns-is-layout-flex\">\n<div class=\"wp-block-column is-layout-flow wp-block-column-is-layout-flow\">\n<figure class=\"wp-block-image size-large\"><img loading=\"lazy\" decoding=\"async\" width=\"1024\" height=\"853\" src=\"https:\/\/bp2.eu\/wp-content\/uploads\/2020\/03\/Swietlik-T35_Wymiary-1024x853.jpg\" alt=\"\" class=\"wp-image-102691\" srcset=\"https:\/\/bp2.eu\/wp-content\/uploads\/2020\/03\/Swietlik-T35_Wymiary-1024x853.jpg 1024w, https:\/\/bp2.eu\/wp-content\/uploads\/2020\/03\/Swietlik-T35_Wymiary-820x683.jpg 820w, https:\/\/bp2.eu\/wp-content\/uploads\/2020\/03\/Swietlik-T35_Wymiary-768x640.jpg 768w, https:\/\/bp2.eu\/wp-content\/uploads\/2020\/03\/Swietlik-T35_Wymiary-1536x1279.jpg 1536w, https:\/\/bp2.eu\/wp-content\/uploads\/2020\/03\/Swietlik-T35_Wymiary.jpg 1961w\" sizes=\"auto, (max-width: 1024px) 100vw, 1024px\" \/><\/figure>\n<\/div>\n\n\n\n<div class=\"wp-block-column is-layout-flow wp-block-column-is-layout-flow\">\n<h2 class=\"wp-block-heading is-style-h3 has-red-color has-text-color has-link-color wp-elements-9477b9d531c00955ba1ef8c54733ce92\">M\u0171szaki param\u00e9terek<\/h2>\n\n\n\n<table style=\"width:100%; border-collapse:collapse; border:0; table-layout:fixed;\">\n  <tbody>\n    <tr>\n      <td style=\"padding:10px; border-top:1px solid #ddd; border-bottom:1px solid #ddd;\"><strong>Vastags\u00e1g:<\/strong><\/td>\n      <td style=\"padding:10px; border-top:1px solid #ddd; border-bottom:1px solid #ddd;\">1,0 mm<\/td>\n    <\/tr>\n    <tr>\n      <td style=\"padding:10px; border-bottom:1px solid #ddd;\"><strong>Hasznos sz\u00e9less\u00e9g:<\/strong><\/td>\n      <td style=\"padding:10px; border-bottom:1px solid #ddd;\">1065 &plusmn; 5 mm<\/td>\n    <\/tr>\n    <tr>\n      <td style=\"padding:10px; border-bottom:1px solid #ddd;\"><strong>Lemez sz\u00e9less\u00e9ge:<\/strong><\/td>\n      <td style=\"padding:10px; border-bottom:1px solid #ddd;\">1119 &plusmn; 5 mm<\/td>\n    <\/tr>\n    <tr>\n      <td style=\"padding:10px; border-bottom:1px solid #ddd;\"><strong>Hull\u00e1mhossz:<\/strong><\/td>\n      <td style=\"padding:10px; border-bottom:1px solid #ddd;\">213 mm<\/td>\n    <\/tr>\n    <tr>\n      <td style=\"padding:10px; border-bottom:1px solid #ddd;\"><strong>Hull\u00e1mmagass\u00e1g:<\/strong><\/td>\n      <td style=\"padding:10px; border-bottom:1px solid #ddd;\">34 mm<\/td>\n    <\/tr>\n    <tr>\n      <td style=\"padding:10px; border-bottom:1px solid #ddd;\"><strong>Lemez hossza:<\/strong><\/td>\n      <td style=\"padding:10px; border-bottom:1px solid #ddd;\">3 m<\/td>\n    <\/tr>\n    <tr>\n      <td style=\"padding:10px; border-bottom:1px solid #ddd;\"><strong>Sz\u00edn:<\/strong><\/td>\n      <td style=\"padding:10px; border-bottom:1px solid #ddd;\">\u00c1tl\u00e1tsz\u00f3<\/td>\n    <\/tr>\n    <tr>\n      <td style=\"padding:10px; border-bottom:1px solid #ddd;\"><strong>Szerkezet:<\/strong><\/td>\n      <td style=\"padding:10px; border-bottom:1px solid #ddd;\">Teljes lemez<\/td>\n    <\/tr>\n    <tr>\n      <td style=\"padding:10px; border-bottom:1px solid #ddd;\"><strong>UV-v\u00e9delem:<\/strong><\/td>\n      <td style=\"padding:10px; border-bottom:1px solid #ddd;\">Igen<\/td>\n    <\/tr>\n    <tr>\n      <td style=\"padding:10px; border-bottom:1px solid #ddd;\"><strong>T\u0171zv\u00e9delmi oszt\u00e1ly:<\/strong><\/td>\n      <td style=\"padding:10px; border-bottom:1px solid #ddd;\">B s1 d0<\/td>\n    <\/tr>\n    <tr>\n      <td style=\"padding:10px; border-bottom:1px solid #ddd;\"><strong>\u00dczemi h\u0151m\u00e9rs\u00e9klet-tartom\u00e1ny:<\/strong><\/td>\n      <td style=\"padding:10px; border-bottom:1px solid #ddd;\">-40&deg; \/ +130&deg;C<\/td>\n    <\/tr>\n    <tr>\n      <td style=\"padding:10px; border-bottom:1px solid #ddd;\"><strong>Line\u00e1ris h\u0151t\u00e1gul\u00e1s:<\/strong><\/td>\n      <td style=\"padding:10px; border-bottom:1px solid #ddd;\">6,7 &times; 10<sup>-5<\/sup> mm\/mm &deg;C<\/td>\n    <\/tr>\n    <tr>\n      <td style=\"padding:10px; border-bottom:1px solid #ddd;\"><strong>K\u00e9miai ellen\u00e1ll\u00e1s (haszn\u00e1lat \u00e9s karbantart\u00e1s):<\/strong><\/td>\n      <td style=\"padding:10px; border-bottom:1px solid #ddd;\">Irodalomban meghat\u00e1rozott<\/td>\n    <\/tr>\n    <tr>\n      <td style=\"padding:10px; border-bottom:1px solid #ddd;\"><strong>H\u0151szigetel\u00e9s:<\/strong><\/td>\n      <td style=\"padding:10px; border-bottom:1px solid #ddd;\">5,70 W\/mk<\/td>\n    <\/tr>\n    <tr>\n      <td style=\"padding:10px; border-bottom:1px solid #ddd;\"><strong>F\u00e9ny\u00e1tereszt\u00e9s (\u00c1TL\u00c1TSZ\u00d3):<\/strong><\/td>\n      <td style=\"padding:10px; border-bottom:1px solid #ddd;\">89 &plusmn; 2 %<\/td>\n    <\/tr>\n    <tr>\n      <td style=\"padding:10px; border-bottom:1px solid #ddd;\"><strong>Garancia:<\/strong><\/td>\n      <td style=\"padding:10px; border-bottom:1px solid #ddd;\">10 \u00e9v*<\/td>\n    <\/tr>\n  <\/tbody>\n<\/table>\n<\/div>\n<\/div>\n\n\n\n<ul class=\"wp-block-list\">\n<li><strong>Felhaszn\u00e1l\u00e1s<\/strong>: tet\u0151s\u00edk ablakok \u00e9s lapostet\u0151 fed\u00e9sek gy\u00e1rt\u00e1sa.<\/li>\n\n\n\n<li><strong>Kieg\u00e9sz\u00edt\u0151k<\/strong>: a rendszert kieg\u00e9sz\u00edt\u0151k eg\u00e9sz\u00edtik ki (a kieg\u00e9sz\u00edt\u0151kr\u0151l r\u00e9szletes inform\u00e1ci\u00f3\u00e9rt<br>k\u00e9rj\u00fck, vegye fel a kapcsolatot a gy\u00e1rt\u00f3val).<br><br><strong>MEGJEGYZ\u00c9S:<\/strong> a magas h\u0151szigetel\u00e9si param\u00e9terekkel rendelkez\u0151 tet\u0151s\u00edk ablakok kivitelez\u00e9s\u00e9hez a hat\u00e1lyos szabv\u00e1ny szerint bels\u0151 \u00e1lmennyezet adhat\u00f3 hozz\u00e1.<\/li>\n<\/ul>\n<\/div><\/div>\n\n\n\n<div style=\"height:100px\" aria-hidden=\"true\" class=\"wp-block-spacer is-style-smaller-spacer\"><\/div>\n\n\n\n<div class=\"wp-block-group\"><div class=\"wp-block-group__inner-container is-layout-constrained wp-block-group-is-layout-constrained\">\n<div class=\"wp-block-columns is-layout-flex wp-container-core-columns-is-layout-9d6595d7 wp-block-columns-is-layout-flex\">\n<div class=\"wp-block-column is-layout-flow wp-block-column-is-layout-flow\"><div class=\"wp-block-image\">\n<figure class=\"aligncenter size-large\"><img loading=\"lazy\" decoding=\"async\" width=\"1024\" height=\"899\" src=\"https:\/\/bp2.eu\/wp-content\/uploads\/2020\/03\/Zrzut-ekranu-2025-08-28-083036-1024x899.png\" alt=\"\" class=\"wp-image-102776\" srcset=\"https:\/\/bp2.eu\/wp-content\/uploads\/2020\/03\/Zrzut-ekranu-2025-08-28-083036-1024x899.png 1024w, https:\/\/bp2.eu\/wp-content\/uploads\/2020\/03\/Zrzut-ekranu-2025-08-28-083036-820x720.png 820w, https:\/\/bp2.eu\/wp-content\/uploads\/2020\/03\/Zrzut-ekranu-2025-08-28-083036-768x674.png 768w, https:\/\/bp2.eu\/wp-content\/uploads\/2020\/03\/Zrzut-ekranu-2025-08-28-083036.png 1098w\" sizes=\"auto, (max-width: 1024px) 100vw, 1024px\" \/><\/figure>\n<\/div><\/div>\n\n\n\n<div class=\"wp-block-column is-vertically-aligned-top is-layout-flow wp-block-column-is-layout-flow\"><div class=\"wp-block-image\">\n<figure class=\"aligncenter size-large\"><img loading=\"lazy\" decoding=\"async\" width=\"1024\" height=\"395\" src=\"https:\/\/bp2.eu\/wp-content\/uploads\/2020\/03\/Zrzut-ekranu-2025-08-28-083044-1024x395.png\" alt=\"\" class=\"wp-image-102784\" srcset=\"https:\/\/bp2.eu\/wp-content\/uploads\/2020\/03\/Zrzut-ekranu-2025-08-28-083044-1024x395.png 1024w, https:\/\/bp2.eu\/wp-content\/uploads\/2020\/03\/Zrzut-ekranu-2025-08-28-083044-820x317.png 820w, https:\/\/bp2.eu\/wp-content\/uploads\/2020\/03\/Zrzut-ekranu-2025-08-28-083044-768x296.png 768w, https:\/\/bp2.eu\/wp-content\/uploads\/2020\/03\/Zrzut-ekranu-2025-08-28-083044.png 1145w\" sizes=\"auto, (max-width: 1024px) 100vw, 1024px\" \/><\/figure>\n<\/div><\/div>\n<\/div>\n<\/div><\/div>\n\n\n\n<div style=\"height:100px\" aria-hidden=\"true\" class=\"wp-block-spacer is-style-smaller-spacer\"><\/div>\n","protected":false},"featured_media":102669,"menu_order":601,"template":"","product_category":[549],"warranty":[],"product_serie":[],"class_list":["post-33635","product","type-product","status-publish","has-post-thumbnail","hentry","product_category-tartozekok"],"acf":[],"_links":{"self":[{"href":"https:\/\/bp2.eu\/hu\/wp-json\/wp\/v2\/product\/33635","targetHints":{"allow":["GET"]}}],"collection":[{"href":"https:\/\/bp2.eu\/hu\/wp-json\/wp\/v2\/product"}],"about":[{"href":"https:\/\/bp2.eu\/hu\/wp-json\/wp\/v2\/types\/product"}],"wp:featuredmedia":[{"embeddable":true,"href":"https:\/\/bp2.eu\/hu\/wp-json\/wp\/v2\/media\/102669"}],"wp:attachment":[{"href":"https:\/\/bp2.eu\/hu\/wp-json\/wp\/v2\/media?parent=33635"}],"wp:term":[{"taxonomy":"product_category","embeddable":true,"href":"https:\/\/bp2.eu\/hu\/wp-json\/wp\/v2\/product_category?post=33635"},{"taxonomy":"warranty","embeddable":true,"href":"https:\/\/bp2.eu\/hu\/wp-json\/wp\/v2\/warranty?post=33635"},{"taxonomy":"product_serie","embeddable":true,"href":"https:\/\/bp2.eu\/hu\/wp-json\/wp\/v2\/product_serie?post=33635"}],"curies":[{"name":"wp","href":"https:\/\/api.w.org\/{rel}","templated":true}]}}