{"id":33641,"date":"2020-03-14T14:16:00","date_gmt":"2020-03-14T13:16:00","guid":{"rendered":"https:\/\/bp2.eu\/produkt\/kominek-dachowy-izi\/"},"modified":"2023-07-21T11:11:55","modified_gmt":"2023-07-21T09:11:55","slug":"szellozokemenyek-izi","status":"publish","type":"product","link":"https:\/\/bp2.eu\/hu\/termek\/szellozokemenyek-izi\/","title":{"rendered":"Szell\u0151z\u0151k\u00e9m\u00e9nyek IZI"},"content":{"rendered":"","protected":false},"featured_media":11095,"menu_order":643,"template":"","product_category":[549],"warranty":[],"product_serie":[],"class_list":["post-33641","product","type-product","status-publish","has-post-thumbnail","hentry","product_category-tartozekok"],"acf":[],"_links":{"self":[{"href":"https:\/\/bp2.eu\/hu\/wp-json\/wp\/v2\/product\/33641","targetHints":{"allow":["GET"]}}],"collection":[{"href":"https:\/\/bp2.eu\/hu\/wp-json\/wp\/v2\/product"}],"about":[{"href":"https:\/\/bp2.eu\/hu\/wp-json\/wp\/v2\/types\/product"}],"wp:featuredmedia":[{"embeddable":true,"href":"https:\/\/bp2.eu\/hu\/wp-json\/wp\/v2\/media\/11095"}],"wp:attachment":[{"href":"https:\/\/bp2.eu\/hu\/wp-json\/wp\/v2\/media?parent=33641"}],"wp:term":[{"taxonomy":"product_category","embeddable":true,"href":"https:\/\/bp2.eu\/hu\/wp-json\/wp\/v2\/product_category?post=33641"},{"taxonomy":"warranty","embeddable":true,"href":"https:\/\/bp2.eu\/hu\/wp-json\/wp\/v2\/warranty?post=33641"},{"taxonomy":"product_serie","embeddable":true,"href":"https:\/\/bp2.eu\/hu\/wp-json\/wp\/v2\/product_serie?post=33641"}],"curies":[{"name":"wp","href":"https:\/\/api.w.org\/{rel}","templated":true}]}}