{"id":33643,"date":"2020-03-14T13:27:00","date_gmt":"2020-03-14T12:27:00","guid":{"rendered":"https:\/\/bp2.eu\/produkt\/komunikacja-dachowa-izi\/"},"modified":"2023-07-21T11:08:52","modified_gmt":"2023-07-21T09:08:52","slug":"szellozokemenyek-izi-2","status":"publish","type":"product","link":"https:\/\/bp2.eu\/hu\/termek\/szellozokemenyek-izi-2\/","title":{"rendered":"Szell\u0151z\u0151k\u00e9m\u00e9nyek IZI"},"content":{"rendered":"","protected":false},"featured_media":11099,"menu_order":651,"template":"","product_category":[549],"warranty":[],"product_serie":[],"class_list":["post-33643","product","type-product","status-publish","has-post-thumbnail","hentry","product_category-tartozekok"],"acf":[],"_links":{"self":[{"href":"https:\/\/bp2.eu\/hu\/wp-json\/wp\/v2\/product\/33643","targetHints":{"allow":["GET"]}}],"collection":[{"href":"https:\/\/bp2.eu\/hu\/wp-json\/wp\/v2\/product"}],"about":[{"href":"https:\/\/bp2.eu\/hu\/wp-json\/wp\/v2\/types\/product"}],"wp:featuredmedia":[{"embeddable":true,"href":"https:\/\/bp2.eu\/hu\/wp-json\/wp\/v2\/media\/11099"}],"wp:attachment":[{"href":"https:\/\/bp2.eu\/hu\/wp-json\/wp\/v2\/media?parent=33643"}],"wp:term":[{"taxonomy":"product_category","embeddable":true,"href":"https:\/\/bp2.eu\/hu\/wp-json\/wp\/v2\/product_category?post=33643"},{"taxonomy":"warranty","embeddable":true,"href":"https:\/\/bp2.eu\/hu\/wp-json\/wp\/v2\/warranty?post=33643"},{"taxonomy":"product_serie","embeddable":true,"href":"https:\/\/bp2.eu\/hu\/wp-json\/wp\/v2\/product_serie?post=33643"}],"curies":[{"name":"wp","href":"https:\/\/api.w.org\/{rel}","templated":true}]}}