{"id":33648,"date":"2020-03-14T15:41:22","date_gmt":"2020-03-14T14:41:22","guid":{"rendered":"https:\/\/bp2.eu\/produkt\/membrana-dachowa-wysokoparoprzepuszczalna\/"},"modified":"2023-07-21T11:00:27","modified_gmt":"2023-07-21T09:00:27","slug":"nagy-paraatereszto-kepessegu-tetofolia","status":"publish","type":"product","link":"https:\/\/bp2.eu\/hu\/termek\/nagy-paraatereszto-kepessegu-tetofolia\/","title":{"rendered":"Nagy p\u00e1ra\u00e1tereszt\u0151 k\u00e9pess\u00e9g\u0171 tet\u0151f\u00f3lia"},"content":{"rendered":"\n<div class=\"wp-block-group\"><div class=\"wp-block-group__inner-container is-layout-flow wp-block-group-is-layout-flow\">\n<div class=\"wp-block-columns is-style-default is-layout-flex wp-container-core-columns-is-layout-9d6595d7 wp-block-columns-is-layout-flex\">\n<div class=\"wp-block-column is-vertically-aligned-center is-style-space-left is-layout-flow wp-block-column-is-layout-flow\">\n<h3 class=\"wp-block-heading\"><strong>El\u0151ny\u00f6k:<\/strong><\/h3>\n\n\n\n<ul class=\"wp-block-list\">\n<li>egyenletes, kiv\u00e1l\u00f3 a p\u00e1ra\u00e1tereszt\u0151 k\u00e9pess\u00e9ge,<\/li>\n\n\n\n<li>kis t\u00f6mege \u00e9s rugalmass\u00e1ga megk\u00f6nny\u00edti lefektet\u00e9s\u00e9t,<\/li>\n\n\n\n<li>v\u00edz\u00e1ll\u00f3s\u00e1ga v\u00e9di a tet\u0151t,<\/li>\n\n\n\n<li>nagy a terhelhet\u0151s\u00e9ge,<\/li>\n\n\n\n<li>j\u00f3 az UV-\u00e1ll\u00f3s\u00e1ga,<\/li>\n\n\n\n<li>minden inform\u00e1ci\u00f3 rendelkez\u00e9sre \u00e1ll helyes alkalmaz\u00e1s\u00e1hoz.<\/li>\n<\/ul>\n<\/div>\n\n\n\n<div class=\"wp-block-column is-layout-flow wp-block-column-is-layout-flow\">\n<figure class=\"wp-block-image size-large\"><img loading=\"lazy\" decoding=\"async\" width=\"1024\" height=\"639\" src=\"https:\/\/bp2.eu\/wp-content\/uploads\/2022\/03\/dachowa3_ALL-1024x639.jpg\" alt=\"\" class=\"wp-image-2869\" srcset=\"https:\/\/bp2.eu\/wp-content\/uploads\/2022\/03\/dachowa3_ALL-1024x639.jpg 1024w, https:\/\/bp2.eu\/wp-content\/uploads\/2022\/03\/dachowa3_ALL-820x512.jpg 820w, https:\/\/bp2.eu\/wp-content\/uploads\/2022\/03\/dachowa3_ALL-768x479.jpg 768w, https:\/\/bp2.eu\/wp-content\/uploads\/2022\/03\/dachowa3_ALL-rotated.jpg 1080w\" sizes=\"auto, (max-width: 1024px) 100vw, 1024px\" \/><\/figure>\n<\/div>\n<\/div>\n<\/div><\/div>\n\n\n\n<p><\/p>\n","protected":false},"featured_media":15688,"menu_order":667,"template":"","product_category":[549],"warranty":[],"product_serie":[],"class_list":["post-33648","product","type-product","status-publish","has-post-thumbnail","hentry","product_category-tartozekok"],"acf":[],"_links":{"self":[{"href":"https:\/\/bp2.eu\/hu\/wp-json\/wp\/v2\/product\/33648","targetHints":{"allow":["GET"]}}],"collection":[{"href":"https:\/\/bp2.eu\/hu\/wp-json\/wp\/v2\/product"}],"about":[{"href":"https:\/\/bp2.eu\/hu\/wp-json\/wp\/v2\/types\/product"}],"wp:featuredmedia":[{"embeddable":true,"href":"https:\/\/bp2.eu\/hu\/wp-json\/wp\/v2\/media\/15688"}],"wp:attachment":[{"href":"https:\/\/bp2.eu\/hu\/wp-json\/wp\/v2\/media?parent=33648"}],"wp:term":[{"taxonomy":"product_category","embeddable":true,"href":"https:\/\/bp2.eu\/hu\/wp-json\/wp\/v2\/product_category?post=33648"},{"taxonomy":"warranty","embeddable":true,"href":"https:\/\/bp2.eu\/hu\/wp-json\/wp\/v2\/warranty?post=33648"},{"taxonomy":"product_serie","embeddable":true,"href":"https:\/\/bp2.eu\/hu\/wp-json\/wp\/v2\/product_serie?post=33648"}],"curies":[{"name":"wp","href":"https:\/\/api.w.org\/{rel}","templated":true}]}}