{"id":33662,"date":"2020-03-14T12:40:00","date_gmt":"2020-03-14T11:40:00","guid":{"rendered":"https:\/\/bp2.eu\/produkt\/wkret-typu-torx-z-podkladka-epdm\/"},"modified":"2023-07-21T10:33:16","modified_gmt":"2023-07-21T08:33:16","slug":"torx-tipusu-csavar-epdm-alatettel","status":"publish","type":"product","link":"https:\/\/bp2.eu\/hu\/termek\/torx-tipusu-csavar-epdm-alatettel\/","title":{"rendered":"TORX T\u00cdPUS\u00da CSAVAR EPDM AL\u00c1T\u00c9TTEL"},"content":{"rendered":"","protected":false},"featured_media":7990,"menu_order":681,"template":"","product_category":[549],"warranty":[],"product_serie":[],"class_list":["post-33662","product","type-product","status-publish","has-post-thumbnail","hentry","product_category-tartozekok"],"acf":[],"_links":{"self":[{"href":"https:\/\/bp2.eu\/hu\/wp-json\/wp\/v2\/product\/33662","targetHints":{"allow":["GET"]}}],"collection":[{"href":"https:\/\/bp2.eu\/hu\/wp-json\/wp\/v2\/product"}],"about":[{"href":"https:\/\/bp2.eu\/hu\/wp-json\/wp\/v2\/types\/product"}],"wp:featuredmedia":[{"embeddable":true,"href":"https:\/\/bp2.eu\/hu\/wp-json\/wp\/v2\/media\/7990"}],"wp:attachment":[{"href":"https:\/\/bp2.eu\/hu\/wp-json\/wp\/v2\/media?parent=33662"}],"wp:term":[{"taxonomy":"product_category","embeddable":true,"href":"https:\/\/bp2.eu\/hu\/wp-json\/wp\/v2\/product_category?post=33662"},{"taxonomy":"warranty","embeddable":true,"href":"https:\/\/bp2.eu\/hu\/wp-json\/wp\/v2\/warranty?post=33662"},{"taxonomy":"product_serie","embeddable":true,"href":"https:\/\/bp2.eu\/hu\/wp-json\/wp\/v2\/product_serie?post=33662"}],"curies":[{"name":"wp","href":"https:\/\/api.w.org\/{rel}","templated":true}]}}