{"id":58803,"date":"2021-03-13T15:57:00","date_gmt":"2021-03-13T14:57:00","guid":{"rendered":"https:\/\/bp2.eu\/produkt\/gasior-barylkowy-szeroki\/"},"modified":"2025-07-01T13:58:47","modified_gmt":"2025-07-01T11:58:47","slug":"felkorives-gerinclemez","status":"publish","type":"product","link":"https:\/\/bp2.eu\/hu\/termek\/felkorives-gerinclemez\/","title":{"rendered":"F\u00c9LK\u00d6R\u00cdVES GERINCLEMEZ"},"content":{"rendered":"","protected":false},"featured_media":33995,"menu_order":489,"template":"","product_category":[556,1657],"warranty":[],"product_serie":[1712,1707,1702],"class_list":["post-58803","product","type-product","status-publish","has-post-thumbnail","hentry","product_category-badogos-termekek","product_category-gerinclemezek","product_serie-classic-series-hu","product_serie-compact-series-hu","product_serie-modular-series-hu"],"acf":[],"_links":{"self":[{"href":"https:\/\/bp2.eu\/hu\/wp-json\/wp\/v2\/product\/58803","targetHints":{"allow":["GET"]}}],"collection":[{"href":"https:\/\/bp2.eu\/hu\/wp-json\/wp\/v2\/product"}],"about":[{"href":"https:\/\/bp2.eu\/hu\/wp-json\/wp\/v2\/types\/product"}],"wp:featuredmedia":[{"embeddable":true,"href":"https:\/\/bp2.eu\/hu\/wp-json\/wp\/v2\/media\/33995"}],"wp:attachment":[{"href":"https:\/\/bp2.eu\/hu\/wp-json\/wp\/v2\/media?parent=58803"}],"wp:term":[{"taxonomy":"product_category","embeddable":true,"href":"https:\/\/bp2.eu\/hu\/wp-json\/wp\/v2\/product_category?post=58803"},{"taxonomy":"warranty","embeddable":true,"href":"https:\/\/bp2.eu\/hu\/wp-json\/wp\/v2\/warranty?post=58803"},{"taxonomy":"product_serie","embeddable":true,"href":"https:\/\/bp2.eu\/hu\/wp-json\/wp\/v2\/product_serie?post=58803"}],"curies":[{"name":"wp","href":"https:\/\/api.w.org\/{rel}","templated":true}]}}