{"id":58809,"date":"2021-04-11T07:27:00","date_gmt":"2021-04-11T05:27:00","guid":{"rendered":"https:\/\/bp2.eu\/produkt\/zakonczenie-gasiora\/"},"modified":"2025-07-01T13:59:06","modified_gmt":"2025-07-01T11:59:06","slug":"gerinclemez-vegzaro","status":"publish","type":"product","link":"https:\/\/bp2.eu\/hu\/termek\/gerinclemez-vegzaro\/","title":{"rendered":"GERINCLEMEZ V\u00c9GZ\u00c1R\u00d3"},"content":{"rendered":"","protected":false},"featured_media":34049,"menu_order":512,"template":"","product_category":[556,1657],"warranty":[],"product_serie":[1712,1707,1702],"class_list":["post-58809","product","type-product","status-publish","has-post-thumbnail","hentry","product_category-badogos-termekek","product_category-gerinclemezek","product_serie-classic-series-hu","product_serie-compact-series-hu","product_serie-modular-series-hu"],"acf":[],"_links":{"self":[{"href":"https:\/\/bp2.eu\/hu\/wp-json\/wp\/v2\/product\/58809","targetHints":{"allow":["GET"]}}],"collection":[{"href":"https:\/\/bp2.eu\/hu\/wp-json\/wp\/v2\/product"}],"about":[{"href":"https:\/\/bp2.eu\/hu\/wp-json\/wp\/v2\/types\/product"}],"wp:featuredmedia":[{"embeddable":true,"href":"https:\/\/bp2.eu\/hu\/wp-json\/wp\/v2\/media\/34049"}],"wp:attachment":[{"href":"https:\/\/bp2.eu\/hu\/wp-json\/wp\/v2\/media?parent=58809"}],"wp:term":[{"taxonomy":"product_category","embeddable":true,"href":"https:\/\/bp2.eu\/hu\/wp-json\/wp\/v2\/product_category?post=58809"},{"taxonomy":"warranty","embeddable":true,"href":"https:\/\/bp2.eu\/hu\/wp-json\/wp\/v2\/warranty?post=58809"},{"taxonomy":"product_serie","embeddable":true,"href":"https:\/\/bp2.eu\/hu\/wp-json\/wp\/v2\/product_serie?post=58809"}],"curies":[{"name":"wp","href":"https:\/\/api.w.org\/{rel}","templated":true}]}}