{"id":58812,"date":"2022-11-23T13:34:10","date_gmt":"2022-11-23T12:34:10","guid":{"rendered":"https:\/\/bp2.eu\/produkt\/listwa-dylatacyjna\/"},"modified":"2025-07-01T14:00:11","modified_gmt":"2025-07-01T12:00:11","slug":"dilatacios-lec","status":"publish","type":"product","link":"https:\/\/bp2.eu\/hu\/termek\/dilatacios-lec\/","title":{"rendered":"DILAT\u00c1CI\u00d3S L\u00c9C"},"content":{"rendered":"","protected":false},"featured_media":33824,"menu_order":552,"template":"","product_category":[556,1656],"warranty":[],"product_serie":[1712,1707,1702],"class_list":["post-58812","product","type-product","status-publish","has-post-thumbnail","hentry","product_category-badogos-termekek","product_category-falszegelyek","product_serie-classic-series-hu","product_serie-compact-series-hu","product_serie-modular-series-hu"],"acf":[],"_links":{"self":[{"href":"https:\/\/bp2.eu\/hu\/wp-json\/wp\/v2\/product\/58812","targetHints":{"allow":["GET"]}}],"collection":[{"href":"https:\/\/bp2.eu\/hu\/wp-json\/wp\/v2\/product"}],"about":[{"href":"https:\/\/bp2.eu\/hu\/wp-json\/wp\/v2\/types\/product"}],"wp:featuredmedia":[{"embeddable":true,"href":"https:\/\/bp2.eu\/hu\/wp-json\/wp\/v2\/media\/33824"}],"wp:attachment":[{"href":"https:\/\/bp2.eu\/hu\/wp-json\/wp\/v2\/media?parent=58812"}],"wp:term":[{"taxonomy":"product_category","embeddable":true,"href":"https:\/\/bp2.eu\/hu\/wp-json\/wp\/v2\/product_category?post=58812"},{"taxonomy":"warranty","embeddable":true,"href":"https:\/\/bp2.eu\/hu\/wp-json\/wp\/v2\/warranty?post=58812"},{"taxonomy":"product_serie","embeddable":true,"href":"https:\/\/bp2.eu\/hu\/wp-json\/wp\/v2\/product_serie?post=58812"}],"curies":[{"name":"wp","href":"https:\/\/api.w.org\/{rel}","templated":true}]}}