{"id":58820,"date":"2021-04-10T15:44:00","date_gmt":"2021-04-10T13:44:00","guid":{"rendered":"https:\/\/bp2.eu\/produkt\/uniwersalny-pas-podrynnowy-przedluzenie-wiatrownicy\/"},"modified":"2025-07-01T13:59:29","modified_gmt":"2025-07-01T11:59:29","slug":"univerzalis-also-ereszszegely-oromdeszka-szegely-toldat","status":"publish","type":"product","link":"https:\/\/bp2.eu\/hu\/termek\/univerzalis-also-ereszszegely-oromdeszka-szegely-toldat\/","title":{"rendered":"UNIVERZ\u00c1LIS ALS\u00d3 ERESZSZEG\u00c9LY \/ OROMDESZKA SZEG\u00c9LY TOLDAT"},"content":{"rendered":"","protected":false},"featured_media":33932,"menu_order":533,"template":"","product_category":[556,1655],"warranty":[],"product_serie":[1712,1707,1702],"class_list":["post-58820","product","type-product","status-publish","has-post-thumbnail","hentry","product_category-badogos-termekek","product_category-vapaszegelyek-es-ereszszegelyek","product_serie-classic-series-hu","product_serie-compact-series-hu","product_serie-modular-series-hu"],"acf":[],"_links":{"self":[{"href":"https:\/\/bp2.eu\/hu\/wp-json\/wp\/v2\/product\/58820","targetHints":{"allow":["GET"]}}],"collection":[{"href":"https:\/\/bp2.eu\/hu\/wp-json\/wp\/v2\/product"}],"about":[{"href":"https:\/\/bp2.eu\/hu\/wp-json\/wp\/v2\/types\/product"}],"wp:featuredmedia":[{"embeddable":true,"href":"https:\/\/bp2.eu\/hu\/wp-json\/wp\/v2\/media\/33932"}],"wp:attachment":[{"href":"https:\/\/bp2.eu\/hu\/wp-json\/wp\/v2\/media?parent=58820"}],"wp:term":[{"taxonomy":"product_category","embeddable":true,"href":"https:\/\/bp2.eu\/hu\/wp-json\/wp\/v2\/product_category?post=58820"},{"taxonomy":"warranty","embeddable":true,"href":"https:\/\/bp2.eu\/hu\/wp-json\/wp\/v2\/warranty?post=58820"},{"taxonomy":"product_serie","embeddable":true,"href":"https:\/\/bp2.eu\/hu\/wp-json\/wp\/v2\/product_serie?post=58820"}],"curies":[{"name":"wp","href":"https:\/\/api.w.org\/{rel}","templated":true}]}}