{"id":58829,"date":"2021-04-03T11:52:00","date_gmt":"2021-04-03T09:52:00","guid":{"rendered":"https:\/\/bp2.eu\/produkt\/obrobka-przyscienna-z-listwa-dylatacyjna\/"},"modified":"2025-07-01T14:00:18","modified_gmt":"2025-07-01T12:00:18","slug":"falszegely-dilatacios-leccel","status":"publish","type":"product","link":"https:\/\/bp2.eu\/hu\/termek\/falszegely-dilatacios-leccel\/","title":{"rendered":"FALSZEG\u00c9LY DILAT\u00c1CI\u00d3S L\u00c9CCEL"},"content":{"rendered":"","protected":false},"featured_media":33831,"menu_order":560,"template":"","product_category":[556,1656],"warranty":[],"product_serie":[1712,1707,1702],"class_list":["post-58829","product","type-product","status-publish","has-post-thumbnail","hentry","product_category-badogos-termekek","product_category-falszegelyek","product_serie-classic-series-hu","product_serie-compact-series-hu","product_serie-modular-series-hu"],"acf":[],"_links":{"self":[{"href":"https:\/\/bp2.eu\/hu\/wp-json\/wp\/v2\/product\/58829","targetHints":{"allow":["GET"]}}],"collection":[{"href":"https:\/\/bp2.eu\/hu\/wp-json\/wp\/v2\/product"}],"about":[{"href":"https:\/\/bp2.eu\/hu\/wp-json\/wp\/v2\/types\/product"}],"wp:featuredmedia":[{"embeddable":true,"href":"https:\/\/bp2.eu\/hu\/wp-json\/wp\/v2\/media\/33831"}],"wp:attachment":[{"href":"https:\/\/bp2.eu\/hu\/wp-json\/wp\/v2\/media?parent=58829"}],"wp:term":[{"taxonomy":"product_category","embeddable":true,"href":"https:\/\/bp2.eu\/hu\/wp-json\/wp\/v2\/product_category?post=58829"},{"taxonomy":"warranty","embeddable":true,"href":"https:\/\/bp2.eu\/hu\/wp-json\/wp\/v2\/warranty?post=58829"},{"taxonomy":"product_serie","embeddable":true,"href":"https:\/\/bp2.eu\/hu\/wp-json\/wp\/v2\/product_serie?post=58829"}],"curies":[{"name":"wp","href":"https:\/\/api.w.org\/{rel}","templated":true}]}}