{"id":58832,"date":"2021-04-05T11:55:00","date_gmt":"2021-04-05T09:55:00","guid":{"rendered":"https:\/\/bp2.eu\/produkt\/lacznik-paneli-dachowych\/"},"modified":"2025-07-01T14:01:31","modified_gmt":"2025-07-01T12:01:31","slug":"tetopanel-osszekotoelem","status":"publish","type":"product","link":"https:\/\/bp2.eu\/hu\/termek\/tetopanel-osszekotoelem\/","title":{"rendered":"TET\u0150PANEL \u00d6SSZEK\u00d6T\u0150ELEM"},"content":{"rendered":"","protected":false},"featured_media":33756,"menu_order":568,"template":"","product_category":[556,1658],"warranty":[],"product_serie":[1697],"class_list":["post-58832","product","type-product","status-publish","has-post-thumbnail","hentry","product_category-badogos-termekek","product_category-tartozekok-hu","product_serie-panel-series-hu"],"acf":[],"_links":{"self":[{"href":"https:\/\/bp2.eu\/hu\/wp-json\/wp\/v2\/product\/58832","targetHints":{"allow":["GET"]}}],"collection":[{"href":"https:\/\/bp2.eu\/hu\/wp-json\/wp\/v2\/product"}],"about":[{"href":"https:\/\/bp2.eu\/hu\/wp-json\/wp\/v2\/types\/product"}],"wp:featuredmedia":[{"embeddable":true,"href":"https:\/\/bp2.eu\/hu\/wp-json\/wp\/v2\/media\/33756"}],"wp:attachment":[{"href":"https:\/\/bp2.eu\/hu\/wp-json\/wp\/v2\/media?parent=58832"}],"wp:term":[{"taxonomy":"product_category","embeddable":true,"href":"https:\/\/bp2.eu\/hu\/wp-json\/wp\/v2\/product_category?post=58832"},{"taxonomy":"warranty","embeddable":true,"href":"https:\/\/bp2.eu\/hu\/wp-json\/wp\/v2\/warranty?post=58832"},{"taxonomy":"product_serie","embeddable":true,"href":"https:\/\/bp2.eu\/hu\/wp-json\/wp\/v2\/product_serie?post=58832"}],"curies":[{"name":"wp","href":"https:\/\/api.w.org\/{rel}","templated":true}]}}