{"id":58835,"date":"2021-04-07T11:58:00","date_gmt":"2021-04-07T09:58:00","guid":{"rendered":"https:\/\/bp2.eu\/produkt\/uniwersalna-obrobka-wentylacyjna-2\/"},"modified":"2025-07-01T14:01:12","modified_gmt":"2025-07-01T12:01:12","slug":"univerzalis-szellozteto-badogos-elem","status":"publish","type":"product","link":"https:\/\/bp2.eu\/hu\/termek\/univerzalis-szellozteto-badogos-elem\/","title":{"rendered":"UNIVERZ\u00c1LIS SZELL\u0150ZTET\u0150 B\u00c1DOGOS ELEM"},"content":{"rendered":"","protected":false},"featured_media":33763,"menu_order":576,"template":"","product_category":[556,1658],"warranty":[],"product_serie":[1712,1707,1702],"class_list":["post-58835","product","type-product","status-publish","has-post-thumbnail","hentry","product_category-badogos-termekek","product_category-tartozekok-hu","product_serie-classic-series-hu","product_serie-compact-series-hu","product_serie-modular-series-hu"],"acf":[],"_links":{"self":[{"href":"https:\/\/bp2.eu\/hu\/wp-json\/wp\/v2\/product\/58835","targetHints":{"allow":["GET"]}}],"collection":[{"href":"https:\/\/bp2.eu\/hu\/wp-json\/wp\/v2\/product"}],"about":[{"href":"https:\/\/bp2.eu\/hu\/wp-json\/wp\/v2\/types\/product"}],"wp:featuredmedia":[{"embeddable":true,"href":"https:\/\/bp2.eu\/hu\/wp-json\/wp\/v2\/media\/33763"}],"wp:attachment":[{"href":"https:\/\/bp2.eu\/hu\/wp-json\/wp\/v2\/media?parent=58835"}],"wp:term":[{"taxonomy":"product_category","embeddable":true,"href":"https:\/\/bp2.eu\/hu\/wp-json\/wp\/v2\/product_category?post=58835"},{"taxonomy":"warranty","embeddable":true,"href":"https:\/\/bp2.eu\/hu\/wp-json\/wp\/v2\/warranty?post=58835"},{"taxonomy":"product_serie","embeddable":true,"href":"https:\/\/bp2.eu\/hu\/wp-json\/wp\/v2\/product_serie?post=58835"}],"curies":[{"name":"wp","href":"https:\/\/api.w.org\/{rel}","templated":true}]}}