{"id":75864,"date":"2023-08-29T11:05:36","date_gmt":"2023-08-29T09:05:36","guid":{"rendered":"https:\/\/bp2.eu\/produkt\/swietlik-polaciowy-spr-sky\/"},"modified":"2025-09-04T11:58:30","modified_gmt":"2025-09-04T09:58:30","slug":"tetobevilagitok-szendvicspanelekhez-spr-sky-spr-sky-eco","status":"publish","type":"product","link":"https:\/\/bp2.eu\/hu\/termek\/tetobevilagitok-szendvicspanelekhez-spr-sky-spr-sky-eco\/","title":{"rendered":"Tet\u0151bevil\u00e1g\u00edt\u00f3k szendvicspanelekhez SPR-SKY &amp; SPR-SKY ECO"},"content":{"rendered":"\n<div style=\"height:100px\" aria-hidden=\"true\" class=\"wp-block-spacer is-style-medium-spacer\"><\/div>\n\n\n\n<div class=\"wp-block-group is-style-default\"><div class=\"wp-block-group__inner-container is-layout-constrained wp-block-group-is-layout-constrained\">\n<div class=\"wp-block-columns is-style-default is-layout-flex wp-container-core-columns-is-layout-9d6595d7 wp-block-columns-is-layout-flex\">\n<div class=\"wp-block-column is-vertically-aligned-center is-style-full-height is-layout-flow wp-block-column-is-layout-flow\" style=\"flex-basis:50%\"><div class=\"wp-block-image\">\n<figure class=\"aligncenter size-full\"><img loading=\"lazy\" decoding=\"async\" width=\"2057\" height=\"2560\" src=\"https:\/\/bp2.eu\/wp-content\/uploads\/2023\/08\/Render_Swietlik-1A-1-scaled.jpg\" alt=\"\" class=\"wp-image-102603\" srcset=\"https:\/\/bp2.eu\/wp-content\/uploads\/2023\/08\/Render_Swietlik-1A-1-scaled.jpg 2057w, https:\/\/bp2.eu\/wp-content\/uploads\/2023\/08\/Render_Swietlik-1A-1-771x960.jpg 771w, https:\/\/bp2.eu\/wp-content\/uploads\/2023\/08\/Render_Swietlik-1A-1-823x1024.jpg 823w, https:\/\/bp2.eu\/wp-content\/uploads\/2023\/08\/Render_Swietlik-1A-1-768x956.jpg 768w, https:\/\/bp2.eu\/wp-content\/uploads\/2023\/08\/Render_Swietlik-1A-1-1234x1536.jpg 1234w, https:\/\/bp2.eu\/wp-content\/uploads\/2023\/08\/Render_Swietlik-1A-1-1646x2048.jpg 1646w\" sizes=\"auto, (max-width: 2057px) 100vw, 2057px\" \/><\/figure>\n<\/div><\/div>\n\n\n\n<div class=\"wp-block-column is-vertically-aligned-center is-style-default is-layout-flow wp-block-column-is-layout-flow\" style=\"flex-basis:50%\">\n<div class=\"wp-block-cover is-light is-style-full-height\"><span aria-hidden=\"true\" class=\"wp-block-cover__background has-background-dim-0 has-background-dim\"><\/span><div class=\"wp-block-cover__inner-container is-layout-constrained wp-block-cover-is-layout-constrained\">\n<figure class=\"wp-block-image size-full is-resized\"><img loading=\"lazy\" decoding=\"async\" width=\"250\" height=\"220\" src=\"https:\/\/bp2.eu\/wp-content\/uploads\/2024\/02\/swietlik-icon-1.png\" alt=\"TET\u0150BEVIL\u00c1G\u00cdT\u00d3 BP2\" class=\"wp-image-84596\" style=\"width:80px\"\/><\/figure>\n\n\n\n<h2 class=\"wp-block-heading is-style-h3 has-red-color has-text-color has-link-color wp-elements-6bb334749ad593d9ad2da48f0c17eeba\">SPR-SKY tet\u0151bevil\u00e1g\u00edt\u00f3 alkalmaz\u00e1sa<\/h2>\n\n\n\n<p>Az <strong>SPR-SKY<\/strong> tet\u0151bevil\u00e1g\u00edt\u00f3 alkalmaz\u00e1sa hat\u00e9kony megold\u00e1s a term\u00e9szetes f\u00e9ny bevezet\u00e9s\u00e9re az \u00e9p\u00fclet belsej\u00e9be. M\u00e1r a tet\u0151fel\u00fclet 7\u201315&nbsp;% lefed\u00e9se eset\u00e9n k\u00e9pes kiv\u00e1ltani a villamos vil\u00e1g\u00edt\u00e1st. A tet\u0151bevil\u00e1g\u00edt\u00f3 kamr\u00e1s fel\u00e9p\u00edt\u00e9se korl\u00e1tozza a napsug\u00e1rz\u00e1s okozta t\u00falzott h\u0151m\u00e9rs\u00e9klet-n\u00f6veked\u00e9st, valamint minimaliz\u00e1lja az \u00e9p\u00fcletben felhalmozott h\u0151 vesztes\u00e9geit. A tet\u0151bevil\u00e1g\u00edt\u00f3k ipari l\u00e9tes\u00edtm\u00e9nyekben haszn\u00e1lhat\u00f3k, ahol a tet\u0151 d\u0151l\u00e9ssz\u00f6ge meghaladja a 10&nbsp;%-ot, szendvicspanelb\u0151l k\u00e9sz\u00fclt meleg tet\u0151k eset\u00e9n. Az <strong>SPR-SKY<\/strong> tet\u0151bevil\u00e1g\u00edt\u00f3 pontszer\u0171 vil\u00e1g\u00edt\u00f3testk\u00e9nt vagy f\u00e9nycs\u00edkk\u00e9nt szerelhet\u0151 a gerinct\u0151l az ereszig, a tet\u0151 k\u00f6zep\u00e9n, a gerincn\u00e9l vagy a k\u00f6z\u00e9pt\u0151l az ereszig. Az <strong>SPR-SKY<\/strong> tet\u0151bevil\u00e1g\u00edt\u00f3k szendvicspanelekhez oldals\u00f3 (hull\u00e1mokn\u00e1l) \u00e9s v\u00e9ges (\u00e1tfed\u00e9ses) kapcsol\u00f3d\u00e1sokkal csatlakoznak, azonban az <strong>SPR-SKY<\/strong> burkolat vastags\u00e1ga 3\u20134-szerese a panel k\u00fcls\u0151 burkolat\u00e1nak vastags\u00e1g\u00e1nak. Ez azt jelenti, hogy az \u00e1tfed\u00e9si kapcsolatokn\u00e1l a burkolatok nem illeszkednek t\u00f6k\u00e9letesen, ez\u00e9rt a tervez\u00e9s \u00e9s szerel\u00e9s sor\u00e1n k\u00fcl\u00f6n\u00f6s figyelmet kell ford\u00edtani ezek t\u00f6m\u00edt\u00e9s\u00e9re. Tov\u00e1bb\u00e1 figyelembe kell venni, hogy a tet\u0151bevil\u00e1g\u00edt\u00f3k nem olyan teherb\u00edr\u00f3ak, mint a szomsz\u00e9dos szendvicspanel-fed\u00e9s, ez\u00e9rt a szil\u00e1rds\u00e1g \u00e9s a t\u00f6m\u00edtetts\u00e9g meg\u0151rz\u00e9se \u00e9rdek\u00e9ben a szerel\u00e9st az el\u0151\u00edr\u00e1soknak \u00e9s az \u00e9p\u00edt\u00e9si szakmai szab\u00e1lyoknak megfelel\u0151en kell v\u00e9gezni.<br>&nbsp;<\/p>\n<\/div><\/div>\n<\/div>\n<\/div>\n<\/div><\/div>\n\n\n\n<div class=\"wp-block-group is-style-default\"><div class=\"wp-block-group__inner-container is-layout-constrained wp-block-group-is-layout-constrained\">\n<div class=\"wp-block-columns is-style-default is-layout-flex wp-container-core-columns-is-layout-9d6595d7 wp-block-columns-is-layout-flex\">\n<div class=\"wp-block-column is-vertically-aligned-center is-style-default is-layout-flow wp-block-column-is-layout-flow\" style=\"flex-basis:50%\">\n<div class=\"wp-block-cover is-light is-style-full-height\"><span aria-hidden=\"true\" class=\"wp-block-cover__background has-background-dim-0 has-background-dim\"><\/span><div class=\"wp-block-cover__inner-container is-layout-constrained wp-block-cover-is-layout-constrained\">\n<figure class=\"wp-block-image size-full is-resized\"><img loading=\"lazy\" decoding=\"async\" width=\"250\" height=\"220\" src=\"https:\/\/bp2.eu\/wp-content\/uploads\/2024\/02\/swietlik-icon-1.png\" alt=\"TET\u0150BEVIL\u00c1G\u00cdT\u00d3 BP2\" class=\"wp-image-84596\" style=\"width:80px\"\/><\/figure>\n\n\n\n<h2 class=\"wp-block-heading is-style-h3 has-red-color has-text-color has-link-color wp-elements-69b87e7f06c1a9f1c19aafba12c887cb\"><br><strong>SPR-SKY ECO tet\u0151bevil\u00e1g\u00edt\u00f3 alkalmaz\u00e1sa<\/strong><\/h2>\n\n\n\n<p>Az <strong>SPR-SKY ECO<\/strong> tet\u0151bevil\u00e1g\u00edt\u00f3 alkalmaz\u00e1sa hat\u00e9kony megold\u00e1s a term\u00e9szetes f\u00e9ny bevezet\u00e9s\u00e9re az \u00e9p\u00fclet belsej\u00e9be. M\u00e1r a tet\u0151fel\u00fclet 7\u201315&nbsp;% lefed\u00e9se eset\u00e9n k\u00e9pes kiv\u00e1ltani a villamos vil\u00e1g\u00edt\u00e1st. A tet\u0151bevil\u00e1g\u00edt\u00f3 kamr\u00e1s fel\u00e9p\u00edt\u00e9se korl\u00e1tozza a napsug\u00e1rz\u00e1s okozta t\u00falzott h\u0151m\u00e9rs\u00e9klet-n\u00f6veked\u00e9st, valamint minimaliz\u00e1lja az \u00e9p\u00fcletben felhalmozott h\u0151 vesztes\u00e9geit. A tet\u0151bevil\u00e1g\u00edt\u00f3k ipari l\u00e9tes\u00edtm\u00e9nyekben haszn\u00e1lhat\u00f3k, ahol a tet\u0151 d\u0151l\u00e9ssz\u00f6ge megegyezik az <strong>SPR CORE<\/strong> tet\u0151panel minim\u00e1lis d\u0151l\u00e9ssz\u00f6g\u00e9vel, amely nem hossz\u00e1ban toldott \u00e9s nincs technol\u00f3giai \u00e1tt\u00f6r\u00e9s, azaz 5&nbsp;%, szendvicspanelb\u0151l k\u00e9sz\u00fclt meleg tet\u0151k eset\u00e9n. Az <strong>SPR-SKY ECO<\/strong> tet\u0151bevil\u00e1g\u00edt\u00f3 f\u00e9nycs\u00edkk\u00e9nt szerelhet\u0151 a gerinct\u0151l az ereszig. Tov\u00e1bb\u00e1 figyelembe kell venni, hogy a tet\u0151bevil\u00e1g\u00edt\u00f3k nem olyan teherb\u00edr\u00f3ak, mint a szomsz\u00e9dos szendvicspanel-fed\u00e9s, ez\u00e9rt a szil\u00e1rds\u00e1g \u00e9s a t\u00f6m\u00edtetts\u00e9g meg\u0151rz\u00e9se \u00e9rdek\u00e9ben a szerel\u00e9st az el\u0151\u00edr\u00e1soknak \u00e9s az \u00e9p\u00edt\u00e9si szakmai szab\u00e1lyoknak megfelel\u0151en kell v\u00e9gezni.<br>&nbsp;<\/p>\n<\/div><\/div>\n<\/div>\n\n\n\n<div class=\"wp-block-column is-vertically-aligned-center is-style-full-height is-layout-flow wp-block-column-is-layout-flow\" style=\"flex-basis:50%\"><div class=\"wp-block-image\">\n<figure class=\"aligncenter size-full\"><img loading=\"lazy\" decoding=\"async\" width=\"1920\" height=\"2560\" src=\"https:\/\/bp2.eu\/wp-content\/uploads\/2025\/08\/Render-SPR-SKY-ECO-OKLADKA-scaled.jpg\" alt=\"\" class=\"wp-image-102580\" srcset=\"https:\/\/bp2.eu\/wp-content\/uploads\/2025\/08\/Render-SPR-SKY-ECO-OKLADKA-scaled.jpg 1920w, https:\/\/bp2.eu\/wp-content\/uploads\/2025\/08\/Render-SPR-SKY-ECO-OKLADKA-720x960.jpg 720w, https:\/\/bp2.eu\/wp-content\/uploads\/2025\/08\/Render-SPR-SKY-ECO-OKLADKA-768x1024.jpg 768w, https:\/\/bp2.eu\/wp-content\/uploads\/2025\/08\/Render-SPR-SKY-ECO-OKLADKA-1152x1536.jpg 1152w, https:\/\/bp2.eu\/wp-content\/uploads\/2025\/08\/Render-SPR-SKY-ECO-OKLADKA-1536x2048.jpg 1536w\" sizes=\"auto, (max-width: 1920px) 100vw, 1920px\" \/><\/figure>\n<\/div><\/div>\n<\/div>\n<\/div><\/div>\n\n\n\n<div style=\"height:100px\" aria-hidden=\"true\" class=\"wp-block-spacer is-style-smaller-spacer\"><\/div>\n\n\n\n<div class=\"wp-block-group\"><div class=\"wp-block-group__inner-container is-layout-constrained wp-block-group-is-layout-constrained\">\n<h2 class=\"wp-block-heading has-text-align-center is-style-h3 has-red-color has-text-color\">SPR-SKY m\u0171szaki param\u00e9terei<\/h2>\n\n\n\n<div class=\"wp-block-columns is-layout-flex wp-container-core-columns-is-layout-9d6595d7 wp-block-columns-is-layout-flex\">\n<div class=\"wp-block-column is-layout-flow wp-block-column-is-layout-flow\">\n<figure class=\"wp-block-image size-full\"><img loading=\"lazy\" decoding=\"async\" width=\"1427\" height=\"505\" src=\"https:\/\/bp2.eu\/wp-content\/uploads\/2023\/08\/Zrzut-ekranu-2025-09-04-114150.png\" alt=\"spr-sky parametry hu\" class=\"wp-image-103825\" srcset=\"https:\/\/bp2.eu\/wp-content\/uploads\/2023\/08\/Zrzut-ekranu-2025-09-04-114150.png 1427w, https:\/\/bp2.eu\/wp-content\/uploads\/2023\/08\/Zrzut-ekranu-2025-09-04-114150-820x290.png 820w, https:\/\/bp2.eu\/wp-content\/uploads\/2023\/08\/Zrzut-ekranu-2025-09-04-114150-1024x362.png 1024w, https:\/\/bp2.eu\/wp-content\/uploads\/2023\/08\/Zrzut-ekranu-2025-09-04-114150-768x272.png 768w\" sizes=\"auto, (max-width: 1427px) 100vw, 1427px\" \/><\/figure>\n<\/div>\n\n\n\n<div class=\"wp-block-column is-layout-flow wp-block-column-is-layout-flow\">\n<table style=\"width:100%; border-collapse:collapse;\"> <tbody> <tr><td><strong>ANYAG:<\/strong><\/td><td>Gyanta-\u00fcveg kompozit, 25 mm vagy 32 mm vastag polikarbon\u00e1ttal kombin\u00e1lva<\/td><\/tr> <tr><td><strong>MODUL\u00c1RIS SZ\u00c9LESS\u00c9G:<\/strong><\/td><td>1050 mm<\/td><\/tr> <tr><td><strong>NY\u00cdL\u00c1S HOSSZA:<\/strong><\/td><td>7,0 m (maxim\u00e1lis burkolathossz 7,2 m)<br>A helysz\u00ednen hossz\u00e1ban toldhat\u00f3<\/td><\/tr> <tr><td><strong>AJ\u00c1NLOTT MINIM\u00c1LIS TET\u0150HAJL\u00c1SSZ\u00d6G:<\/strong><\/td><td>10 % (20 cm \u00e1tfed\u00e9ssel)<\/td><\/tr> <tr><td><strong>MAXIM\u00c1LIS T\u00c1MASZK\u00d6Z:<\/strong><\/td><td>1,5 m<\/td><\/tr> <tr><td><strong>VASTAGS\u00c1G:<\/strong><\/td><td>Polikarbon\u00e1t 25 mm \u2013 30 mm + hull\u00e1mmagass\u00e1g<br>Polikarbon\u00e1t 32 mm \u2013 35 mm + hull\u00e1mmagass\u00e1g<\/td><\/tr> <tr><td><strong>S\u00daLY:<\/strong><\/td><td>5,9 kg \u00b1 5%<\/td><\/tr> <tr><td><strong>MEGENGEDETT M\u00c9RETELT\u00c9R\u00c9SEK HOSSZBAN, SZ\u00c9LESS\u00c9GBEN \u00c9S VASTAGS\u00c1GBAN:<\/strong><\/td><td>\u00b1 5%<\/td><\/tr> <tr><td><strong>H\u0150\u00c1TBOCS\u00c1T\u00c1SI T\u00c9NYEZ\u0150:<\/strong><\/td><td>U = 1,5 W\/m\u00b2K 25 mm polikarbon\u00e1t eset\u00e9n<br>U = 1,1 W\/m\u00b2K 32 mm polikarbon\u00e1t eset\u00e9n<\/td><\/tr> <tr><td><strong>F\u00c9NY\u00c1TERESZT\u00c9S:<\/strong><\/td><td>50% \u00b1 5%<\/td><\/tr> <\/tbody> <\/table>\n<\/div>\n<\/div>\n<\/div><\/div>\n\n\n\n<div style=\"height:100px\" aria-hidden=\"true\" class=\"wp-block-spacer is-style-smaller-spacer\"><\/div>\n\n\n\n<div class=\"wp-block-group\"><div class=\"wp-block-group__inner-container is-layout-constrained wp-block-group-is-layout-constrained\">\n<h2 class=\"wp-block-heading has-text-align-center is-style-h3 has-red-color has-text-color\">SPR-SKY ECO m\u0171szaki param\u00e9terei<\/h2>\n\n\n\n<div class=\"wp-block-columns is-layout-flex wp-container-core-columns-is-layout-9d6595d7 wp-block-columns-is-layout-flex\">\n<div class=\"wp-block-column is-layout-flow wp-block-column-is-layout-flow\">\n<figure class=\"wp-block-image size-full\"><img loading=\"lazy\" decoding=\"async\" width=\"1458\" height=\"611\" src=\"https:\/\/bp2.eu\/wp-content\/uploads\/2023\/08\/Zrzut-ekranu-2025-09-04-114309.png\" alt=\"spr-sky eco parametry hu\" class=\"wp-image-103833\" srcset=\"https:\/\/bp2.eu\/wp-content\/uploads\/2023\/08\/Zrzut-ekranu-2025-09-04-114309.png 1458w, https:\/\/bp2.eu\/wp-content\/uploads\/2023\/08\/Zrzut-ekranu-2025-09-04-114309-820x344.png 820w, https:\/\/bp2.eu\/wp-content\/uploads\/2023\/08\/Zrzut-ekranu-2025-09-04-114309-1024x429.png 1024w, https:\/\/bp2.eu\/wp-content\/uploads\/2023\/08\/Zrzut-ekranu-2025-09-04-114309-768x322.png 768w\" sizes=\"auto, (max-width: 1458px) 100vw, 1458px\" \/><\/figure>\n<\/div>\n\n\n\n<div class=\"wp-block-column is-layout-flow wp-block-column-is-layout-flow\">\n<table style=\"width:100%; border-collapse:collapse;\"> <tbody> <tr><td><strong>Vastags\u00e1g:<\/strong><\/td><td>20 mm<\/td><\/tr> <tr><td><strong>Modul\u00e1ris sz\u00e9less\u00e9g:<\/strong><\/td><td>1050 mm (\u00b15)<\/td><\/tr> <tr><td><strong>Hull\u00e1msz\u00e9less\u00e9g:<\/strong><\/td><td>4 hull\u00e1m, egyenk\u00e9nt 350 mm<\/td><\/tr> <tr><td><strong>Hull\u00e1m magass\u00e1ga (bels\u0151):<\/strong><\/td><td>45 mm<\/td><\/tr> <tr><td><strong>Sz\u00e9ls\u0151 hull\u00e1m vastags\u00e1ga:<\/strong><\/td><td>40\u00b12 mm (k\u00fcls\u0151) \u2013 45\u00b12 mm (bels\u0151)<\/td><\/tr> <tr><td><strong>Lemez hossza:<\/strong><\/td><td>13 m<\/td><\/tr> <tr><td><strong>Sz\u00edn:<\/strong><\/td><td>Szat\u00e9n \u00e1tl\u00e1tsz\u00f3 vagy op\u00e1l<\/td><\/tr> <tr><td><strong>Hajl\u00edt\u00e1si sug\u00e1r:<\/strong><\/td><td>Gy\u00e1ri hajl\u00edt\u00e1s R 3,5 vagy 6,0 m \u2013 hideg hajl\u00edt\u00e1s R &gt; 10 m<\/td><\/tr> <tr><td><strong>Lemezv\u00e9gek t\u00f6m\u00edt\u00e9se:<\/strong><\/td><td>H\u0151hegesztett v\u00e9gek<\/td><\/tr> <tr><td><strong>Bels\u0151 szerkezet:<\/strong><\/td><td>N\u00e9gyr\u00e9teg\u0171<\/td><\/tr> <tr><td><strong>UV v\u00e9delem:<\/strong><\/td><td>A k\u00fcls\u0151 r\u00e9tegen<\/td><\/tr> <tr><td><strong>T\u0171z\u00e1ll\u00f3s\u00e1g:<\/strong><\/td><td>B s1 d0<\/td><\/tr> <tr><td><strong>\u00dczemi h\u0151m\u00e9rs\u00e9klet-tartom\u00e1ny:<\/strong><\/td><td>-40\u00b0 \/ +130\u00b0<\/td><\/tr> <tr><td><strong>Line\u00e1ris h\u0151t\u00e1gul\u00e1s:<\/strong><\/td><td>6,7 \u00d7 10<sup>-5<\/sup><\/td><\/tr> <tr><td><strong>H\u0151szigetel\u00e9s:<\/strong><\/td><td>U = 2,28 W\/m\u00b2K &nbsp;&nbsp;|&nbsp;&nbsp; U = 1,98 W\/m\u00b2K &nbsp;&nbsp;|&nbsp;&nbsp; U = 1,78 W\/m\u00b2K<\/td><\/tr> <tr><td><strong>F\u00e9ny\u00e1tereszt\u00e9s (szat\u00e9n \u00e1tl\u00e1tsz\u00f3 v\u00e1ltozat):<\/strong><\/td><td>67 \u00b12 % &nbsp;&nbsp;|&nbsp;&nbsp; 65 \u00b12 % &nbsp;&nbsp;|&nbsp;&nbsp; 60 \u00b12 %<\/td><\/tr> <tr><td><strong>F\u00e9ny\u00e1tereszt\u00e9s (op\u00e1l v\u00e1ltozat):<\/strong><\/td><td>43 \u00b12 % &nbsp;&nbsp;|&nbsp;&nbsp; 41 \u00b12 % &nbsp;&nbsp;|&nbsp;&nbsp; 38 \u00b12 %<\/td><\/tr> <\/tbody> <\/table>\n<\/div>\n<\/div>\n<\/div><\/div>\n","protected":false},"featured_media":102542,"menu_order":800,"template":"","product_category":[542,1916],"warranty":[],"product_serie":[],"class_list":["post-75864","product","type-product","status-publish","has-post-thumbnail","hentry","product_category-ipari-letesitmenyek","product_category-szendvics-panel-tartozekok"],"acf":[],"_links":{"self":[{"href":"https:\/\/bp2.eu\/hu\/wp-json\/wp\/v2\/product\/75864","targetHints":{"allow":["GET"]}}],"collection":[{"href":"https:\/\/bp2.eu\/hu\/wp-json\/wp\/v2\/product"}],"about":[{"href":"https:\/\/bp2.eu\/hu\/wp-json\/wp\/v2\/types\/product"}],"wp:featuredmedia":[{"embeddable":true,"href":"https:\/\/bp2.eu\/hu\/wp-json\/wp\/v2\/media\/102542"}],"wp:attachment":[{"href":"https:\/\/bp2.eu\/hu\/wp-json\/wp\/v2\/media?parent=75864"}],"wp:term":[{"taxonomy":"product_category","embeddable":true,"href":"https:\/\/bp2.eu\/hu\/wp-json\/wp\/v2\/product_category?post=75864"},{"taxonomy":"warranty","embeddable":true,"href":"https:\/\/bp2.eu\/hu\/wp-json\/wp\/v2\/warranty?post=75864"},{"taxonomy":"product_serie","embeddable":true,"href":"https:\/\/bp2.eu\/hu\/wp-json\/wp\/v2\/product_serie?post=75864"}],"curies":[{"name":"wp","href":"https:\/\/api.w.org\/{rel}","templated":true}]}}