{"id":91328,"date":"2024-12-20T10:13:19","date_gmt":"2024-12-20T09:13:19","guid":{"rendered":"https:\/\/bp2.eu\/produkt\/maskownice-systemu-rynnowego-inguri\/"},"modified":"2026-04-07T15:43:07","modified_gmt":"2026-04-07T13:43:07","slug":"inguri-eresztorendszer-fedok","status":"publish","type":"product","link":"https:\/\/bp2.eu\/hu\/termek\/inguri-eresztorendszer-fedok\/","title":{"rendered":"INGURI ereszt\u0151rendszer fed\u0151k"},"content":{"rendered":"\n<div style=\"height:100px\" aria-hidden=\"true\" class=\"wp-block-spacer is-style-smaller-spacer\"><\/div>\n\n\n\n<div class=\"wp-block-group\"><div class=\"wp-block-group__inner-container is-layout-flow wp-block-group-is-layout-flow\">\n<div class=\"wp-block-columns is-style-grid is-layout-flex wp-container-core-columns-is-layout-9d6595d7 wp-block-columns-is-layout-flex\">\n<div class=\"wp-block-column is-layout-flow wp-block-column-is-layout-flow\">\n<div class=\"wp-block-cover is-light is-style-full-width\"><span aria-hidden=\"true\" class=\"wp-block-cover__background has-dark-gray-background-color has-background-dim-100 has-background-dim\"><\/span><div class=\"wp-block-cover__inner-container is-layout-flow wp-block-cover-is-layout-flow\">\n<figure class=\"wp-block-image size-full is-resized\"><img decoding=\"async\" src=\"https:\/\/bp2.eu\/wp-content\/uploads\/2024\/12\/bezokapowy.svg\" alt=\"\" class=\"wp-image-101076\" style=\"object-fit:cover;width:100px;height:100px\"\/><\/figure>\n\n\n\n<h3 class=\"wp-block-heading\">ERESZ N\u00c9LK\u00dcLI RENDSZER<\/h3>\n\n\n\n<p>Ez az ereszcsatorna-rendszer t\u00f6k\u00e9letesen elrejti a szigetelt falra szerelt ereszcsatorn\u00e1kat \u00e9s lefoly\u00f3cs\u00f6veket, \u00edgy t\u00f6k\u00e9letesen illeszkedik a modern, minimalista \u00e9p\u00edt\u00e9szethez. A lefoly\u00f3cs\u0151 fals\u00edkj\u00e1nak praktikus kialak\u00edt\u00e1sa lehet\u0151v\u00e9 teszi a burkol\u00e1s elt\u00e1vol\u00edt\u00e1st \u00e9s a szervizel\u00e9shez val\u00f3 hozz\u00e1f\u00e9r\u00e9st.<\/p>\n<\/div><\/div>\n<\/div>\n\n\n\n<div class=\"wp-block-column is-layout-flow wp-block-column-is-layout-flow\">\n<div class=\"wp-block-cover is-style-full-height\"><img loading=\"lazy\" decoding=\"async\" width=\"1024\" height=\"660\" class=\"wp-block-cover__image-background wp-image-90777 size-large\" alt=\"system elewacyjny - BP2\" src=\"https:\/\/bp2.eu\/wp-content\/uploads\/2024\/12\/system-elewacyjny-img-1024x660.jpg\" data-object-fit=\"cover\" srcset=\"https:\/\/bp2.eu\/wp-content\/uploads\/2024\/12\/system-elewacyjny-img-1024x660.jpg 1024w, https:\/\/bp2.eu\/wp-content\/uploads\/2024\/12\/system-elewacyjny-img-820x528.jpg 820w, https:\/\/bp2.eu\/wp-content\/uploads\/2024\/12\/system-elewacyjny-img-768x495.jpg 768w, https:\/\/bp2.eu\/wp-content\/uploads\/2024\/12\/system-elewacyjny-img-1536x989.jpg 1536w, https:\/\/bp2.eu\/wp-content\/uploads\/2024\/12\/system-elewacyjny-img.jpg 1568w\" sizes=\"auto, (max-width: 1024px) 100vw, 1024px\" \/><span aria-hidden=\"true\" class=\"wp-block-cover__background has-background-dim-0 has-background-dim\" style=\"background-color:#414248\"><\/span><div class=\"wp-block-cover__inner-container is-layout-flow wp-block-cover-is-layout-flow\">\n<p class=\"has-text-align-center has-large-font-size\"><\/p>\n<\/div><\/div>\n<\/div>\n<\/div>\n\n\n\n<div style=\"height:100px\" aria-hidden=\"true\" class=\"wp-block-spacer is-style-smaller-spacer\"><\/div>\n\n\n\n<div class=\"wp-block-columns is-style-mobile-reverse is-style-grid fade-in is-layout-flex wp-container-core-columns-is-layout-9d6595d7 wp-block-columns-is-layout-flex\">\n<div class=\"wp-block-column is-layout-flow wp-block-column-is-layout-flow\">\n<div class=\"wp-block-cover is-style-full-height\"><img loading=\"lazy\" decoding=\"async\" width=\"1568\" height=\"1010\" class=\"wp-block-cover__image-background wp-image-90765\" alt=\"\" src=\"https:\/\/bp2.eu\/wp-content\/uploads\/2024\/12\/system-z-okapem-img.jpg\" data-object-fit=\"cover\" srcset=\"https:\/\/bp2.eu\/wp-content\/uploads\/2024\/12\/system-z-okapem-img.jpg 1568w, https:\/\/bp2.eu\/wp-content\/uploads\/2024\/12\/system-z-okapem-img-820x528.jpg 820w, https:\/\/bp2.eu\/wp-content\/uploads\/2024\/12\/system-z-okapem-img-1024x660.jpg 1024w, https:\/\/bp2.eu\/wp-content\/uploads\/2024\/12\/system-z-okapem-img-768x495.jpg 768w\" sizes=\"auto, (max-width: 1568px) 100vw, 1568px\" \/><span aria-hidden=\"true\" class=\"wp-block-cover__background has-background-dim-0 has-background-dim\" style=\"background-color:#66666c\"><\/span><div class=\"wp-block-cover__inner-container is-layout-flow wp-block-cover-is-layout-flow\">\n<p class=\"has-text-align-center has-large-font-size\"><\/p>\n<\/div><\/div>\n<\/div>\n\n\n\n<div class=\"wp-block-column is-layout-flow wp-block-column-is-layout-flow\">\n<div class=\"wp-block-cover is-light is-style-full-width\"><span aria-hidden=\"true\" class=\"wp-block-cover__background has-dark-gray-background-color has-background-dim-100 has-background-dim\"><\/span><div class=\"wp-block-cover__inner-container is-layout-flow wp-block-cover-is-layout-flow\">\n<figure class=\"wp-block-image size-full is-resized\"><img decoding=\"async\" src=\"https:\/\/bp2.eu\/wp-content\/uploads\/2024\/12\/z-okapem.svg\" alt=\"\" class=\"wp-image-101084\" style=\"object-fit:cover;width:100px;height:100px\"\/><\/figure>\n\n\n\n<h3 class=\"wp-block-heading\">RENDSZER ERESZALJAKHOZ<\/h3>\n\n\n\n<p>A homlokzatot egy <strong>LAMBDA 2.0<\/strong> \u00e1ll\u00f3varr\u00e1s\u00fa vagy <strong>T7<\/strong> trap\u00e9zvarr\u00e1s\u00fa panelb\u0151l k\u00e9szu\u0308lt profilozott aljzatelem eg\u00e9sz\u00edti ki. Ez lehet\u0151v\u00e9 teszi a l\u00e1bazat felszerel\u00e9s\u00e9t az oromfalra vagy a falra is.<\/p>\n<\/div><\/div>\n<\/div>\n<\/div>\n\n\n\n<div style=\"height:100px\" aria-hidden=\"true\" class=\"wp-block-spacer is-style-smaller-spacer\"><\/div>\n\n\n\n<div class=\"wp-block-columns is-style-grid is-layout-flex wp-container-core-columns-is-layout-9d6595d7 wp-block-columns-is-layout-flex\">\n<div class=\"wp-block-column is-layout-flow wp-block-column-is-layout-flow\">\n<div class=\"wp-block-cover is-light is-style-full-width\"><span aria-hidden=\"true\" class=\"wp-block-cover__background has-dark-gray-background-color has-background-dim-100 has-background-dim\"><\/span><div class=\"wp-block-cover__inner-container is-layout-flow wp-block-cover-is-layout-flow\">\n<figure class=\"wp-block-image size-full is-resized\"><img decoding=\"async\" src=\"https:\/\/bp2.eu\/wp-content\/uploads\/2024\/12\/elewacyjny.svg\" alt=\"\" class=\"wp-image-101092\" style=\"object-fit:cover;width:100px;height:100px\"\/><\/figure>\n\n\n\n<h3 class=\"wp-block-heading\">HOMLOKZATI RENDSZER<\/h3>\n\n\n\n<p>A homlokzati fals\u00edkrendszer megv\u00e9di az \u00e9pu\u0308let szigetel\u00e9s\u00e9t az ereszcsatorna-csatlakoz\u00e1sokn\u00e1l fell\u00e9p\u0151 esetleges sziv\u00e1rg\u00e1st\u00f3l, k\u00f6sz\u00f6nhet\u0151en az ereszcsatornacs\u00edknak, amelyet a szerkezetben haszn\u00e1lnak.<\/p>\n\n\n\n<p>A homlokzati s\u00e1v als\u00f3 r\u00e9sz\u00e9n l\u00e9v\u0151 perfor\u00e1ci\u00f3k biztons\u00e1gosan elvezetik a nedvess\u00e9get \u00e9s fenntartj\u00e1k az optim\u00e1lis szell\u0151z\u00e9si szintet.<\/p>\n\n\n\n<p>Az ereszcsatorna-rendszer stabiliz\u00e1l\u00f3 gumisz\u0171k\u00edt\u00e9ssel van ell\u00e1tva, amely az ereszcsatorna lefoly\u00f3j\u00e1t egy 110 mm \u00e1tm\u00e9r\u0151j\u0171 szennyv\u00edzcs\u0151h\u00f6z csatlakoztatja. Az alkalmazott PVC-cs\u0151 pedig megakad\u00e1lyozza, hogy a v\u00edz az ac\u00e9lb\u00f3l k\u00e9szu\u0308lt ereszcsatorn\u00e1k felu\u0308let\u00e9n lecsap\u00f3djon.<\/p>\n<\/div><\/div>\n<\/div>\n\n\n\n<div class=\"wp-block-column is-layout-flow wp-block-column-is-layout-flow\">\n<div class=\"wp-block-cover is-style-full-height\"><img loading=\"lazy\" decoding=\"async\" width=\"1024\" height=\"660\" class=\"wp-block-cover__image-background wp-image-90785 size-large\" alt=\"system bezokapowy - BP2\" src=\"https:\/\/bp2.eu\/wp-content\/uploads\/2024\/12\/system-bezokapowy-img-1024x660.jpg\" data-object-fit=\"cover\" srcset=\"https:\/\/bp2.eu\/wp-content\/uploads\/2024\/12\/system-bezokapowy-img-1024x660.jpg 1024w, https:\/\/bp2.eu\/wp-content\/uploads\/2024\/12\/system-bezokapowy-img-820x528.jpg 820w, https:\/\/bp2.eu\/wp-content\/uploads\/2024\/12\/system-bezokapowy-img-768x495.jpg 768w, https:\/\/bp2.eu\/wp-content\/uploads\/2024\/12\/system-bezokapowy-img-1536x989.jpg 1536w, https:\/\/bp2.eu\/wp-content\/uploads\/2024\/12\/system-bezokapowy-img.jpg 1568w\" sizes=\"auto, (max-width: 1024px) 100vw, 1024px\" \/><span aria-hidden=\"true\" class=\"wp-block-cover__background has-background-dim-0 has-background-dim\" style=\"background-color:#414149\"><\/span><div class=\"wp-block-cover__inner-container is-layout-flow wp-block-cover-is-layout-flow\">\n<p class=\"has-text-align-center has-large-font-size\"><\/p>\n<\/div><\/div>\n<\/div>\n<\/div>\n<\/div><\/div>\n\n\n\n<div style=\"height:100px\" aria-hidden=\"true\" class=\"wp-block-spacer is-style-small-spacer\"><\/div>\n\n\n\n<div class=\"wp-block-group has-dark-gray-background-color has-background\"><div class=\"wp-block-group__inner-container is-layout-constrained wp-block-group-is-layout-constrained\">\n<div style=\"height:100px\" aria-hidden=\"true\" class=\"wp-block-spacer is-style-small-spacer\"><\/div>\n\n\n\n<figure class=\"wp-block-embed aligncenter is-type-video is-provider-youtube wp-block-embed-youtube is-style-default wp-embed-aspect-16-9 wp-has-aspect-ratio\"><div class=\"wp-block-embed__wrapper\">\n<iframe loading=\"lazy\" title=\"NEW! INGURI GUTTER SYSTEM TRIM\" width=\"640\" height=\"360\" src=\"https:\/\/www.youtube.com\/embed\/9yhcSknpRXU?feature=oembed\" frameborder=\"0\" allow=\"accelerometer; autoplay; clipboard-write; encrypted-media; gyroscope; picture-in-picture; web-share\" referrerpolicy=\"strict-origin-when-cross-origin\" allowfullscreen><\/iframe>\n<\/div><\/figure>\n\n\n\n<div style=\"height:100px\" aria-hidden=\"true\" class=\"wp-block-spacer is-style-small-spacer\"><\/div>\n<\/div><\/div>\n\n\n\n<div class=\"wp-block-group is-style-default\"><div class=\"wp-block-group__inner-container is-layout-constrained wp-block-group-is-layout-constrained\">\n<div style=\"height:100px\" aria-hidden=\"true\" class=\"wp-block-spacer is-style-small-spacer\"><\/div>\n\n\n\r\n<div class=\"section__data\" data-section=\"INGURI FED\u0150 RENDSZERELEMEK\"><\/div>\n\n\n<div class=\"wp-block-cover is-style-full-height\"><span aria-hidden=\"true\" class=\"wp-block-cover__background has-red-background-color has-background-dim-100 has-background-dim\"><\/span><div class=\"wp-block-cover__inner-container is-layout-constrained wp-block-cover-is-layout-constrained\"><div class=\"wp-block-image\">\n<figure class=\"aligncenter size-large is-resized\"><img decoding=\"async\" src=\"https:\/\/bp2.eu\/wp-content\/uploads\/2024\/12\/elementy-icon.svg\" alt=\"\" class=\"wp-image-90985\" style=\"object-fit:contain;width:100px;height:100px\"\/><\/figure>\n<\/div>\n\n\n<div style=\"height:100px\" aria-hidden=\"true\" class=\"wp-block-spacer is-style-smaller-spacer\"><\/div>\n\n\n\n<h2 class=\"wp-block-heading has-text-align-center\">INGURI FED\u0150 RENDSZERELEMEK<\/h2>\n<\/div><\/div>\n<\/div><\/div>\n\n\n\n<div style=\"height:100px\" aria-hidden=\"true\" class=\"wp-block-spacer is-style-smaller-spacer\"><\/div>\n\n\n\n<div class=\"wp-block-group is-style-default\"><div class=\"wp-block-group__inner-container is-layout-flow wp-block-group-is-layout-flow\">\n<div class=\"wp-block-columns are-vertically-aligned-center is-layout-flex wp-container-core-columns-is-layout-9d6595d7 wp-block-columns-is-layout-flex\">\n<div class=\"wp-block-column is-vertically-aligned-center has-gray-background-color has-background is-layout-flow wp-block-column-is-layout-flow\">\n<div style=\"height:100px\" aria-hidden=\"true\" class=\"wp-block-spacer is-style-smaller-spacer\"><\/div>\n\n\n\n<figure class=\"wp-block-gallery has-nested-images columns-3 is-cropped wp-block-gallery-1 is-layout-flex wp-block-gallery-is-layout-flex\">\n<figure class=\"wp-block-image size-full\"><a href=\"https:\/\/bp2.eu\/wp-content\/uploads\/2024\/12\/MASKOWNICA-RURY-HU-1024x719-1.png\"><img loading=\"lazy\" decoding=\"async\" width=\"1024\" height=\"719\" data-id=\"92317\" src=\"https:\/\/bp2.eu\/wp-content\/uploads\/2024\/12\/MASKOWNICA-RURY-HU-1024x719-1.png\" alt=\"\" class=\"wp-image-92317\" srcset=\"https:\/\/bp2.eu\/wp-content\/uploads\/2024\/12\/MASKOWNICA-RURY-HU-1024x719-1.png 1024w, https:\/\/bp2.eu\/wp-content\/uploads\/2024\/12\/MASKOWNICA-RURY-HU-1024x719-1-820x576.png 820w, https:\/\/bp2.eu\/wp-content\/uploads\/2024\/12\/MASKOWNICA-RURY-HU-1024x719-1-768x539.png 768w\" sizes=\"auto, (max-width: 1024px) 100vw, 1024px\" \/><\/a><\/figure>\n<\/figure>\n\n\n\n<div style=\"height:100px\" aria-hidden=\"true\" class=\"wp-block-spacer is-style-smaller-spacer\"><\/div>\n<\/div>\n\n\n\n<div class=\"wp-block-column is-vertically-aligned-center has-gray-background-color has-background is-layout-flow wp-block-column-is-layout-flow\">\n<div style=\"height:100px\" aria-hidden=\"true\" class=\"wp-block-spacer is-style-smaller-spacer\"><\/div>\n\n\n\n<figure class=\"wp-block-gallery has-nested-images columns-3 is-cropped wp-block-gallery-2 is-layout-flex wp-block-gallery-is-layout-flex\">\n<figure class=\"wp-block-image size-full\"><a href=\"https:\/\/bp2.eu\/wp-content\/uploads\/2024\/12\/MASKOWNICA-RYNNY-HU-1024x719-1.png\"><img loading=\"lazy\" decoding=\"async\" width=\"1024\" height=\"719\" data-id=\"92325\" src=\"https:\/\/bp2.eu\/wp-content\/uploads\/2024\/12\/MASKOWNICA-RYNNY-HU-1024x719-1.png\" alt=\"\" class=\"wp-image-92325\" srcset=\"https:\/\/bp2.eu\/wp-content\/uploads\/2024\/12\/MASKOWNICA-RYNNY-HU-1024x719-1.png 1024w, https:\/\/bp2.eu\/wp-content\/uploads\/2024\/12\/MASKOWNICA-RYNNY-HU-1024x719-1-820x576.png 820w, https:\/\/bp2.eu\/wp-content\/uploads\/2024\/12\/MASKOWNICA-RYNNY-HU-1024x719-1-768x539.png 768w\" sizes=\"auto, (max-width: 1024px) 100vw, 1024px\" \/><\/a><\/figure>\n<\/figure>\n\n\n\n<div style=\"height:100px\" aria-hidden=\"true\" class=\"wp-block-spacer is-style-smaller-spacer\"><\/div>\n<\/div>\n<\/div>\n<\/div><\/div>\n\n\n\n<div class=\"wp-block-group is-style-default\"><div class=\"wp-block-group__inner-container is-layout-flow wp-block-group-is-layout-flow\">\n<div class=\"wp-block-columns is-layout-flex wp-container-core-columns-is-layout-9d6595d7 wp-block-columns-is-layout-flex\">\n<div class=\"wp-block-column is-layout-flow wp-block-column-is-layout-flow\">\n<h4 class=\"wp-block-heading\"><strong><strong>CS\u0150BURKOLAT<\/strong><\/strong><\/h4>\n\n\n\n<p class=\"has-text-align-left\">A cs\u0151burkolat k\u00e9t r\u00e9szb\u0151l \u00e1ll: az alap idomb\u00f3l &#8211; a falhoz r\u00f6gz\u00edtett r\u00e9szb\u0151l, \u00e9s a burkolatb\u00f3l &#8211; a f\u0151 r\u00e9szb\u0151l, amely eszt\u00e9tikusan elrejti a lefoly\u00f3cs\u00f6veket, ugyanakkor k\u00f6nny\u0171 hozz\u00e1f\u00e9r\u00e9st biztos\u00edt a karbantart\u00e1si munk\u00e1khoz. \u00dagy tervezt\u00e9k, hogy megjelen\u00e9s\u00e9ben megegyezzen az ereszcsatorna fals\u00edkj\u00e1val, egys\u00e9ges eszt\u00e9tik\u00e1t biztos\u00edtva az eg\u00e9sz rendszer sz\u00e1m\u00e1ra.<\/p>\n<\/div>\n\n\n\n<div class=\"wp-block-column is-layout-flow wp-block-column-is-layout-flow\">\n<h4 class=\"wp-block-heading\"><strong><strong><strong><strong>ERESZ MASZK<\/strong><\/strong><\/strong><\/strong><\/h4>\n\n\n\n<p class=\"has-text-align-left\">A 185 cm hossz\u00fa univerz\u00e1lis ereszmaszk olyan term\u00e9k, amely kiv\u00e1ltja a szabv\u00e1nyos tompa oromzatokat, als\u00f3 ereszszeg\u00e9lyt , ereszcsatorna szalagot, ereszcsatorn\u00e1t, \u00e9s egyes\u00edti mindezen term\u00e9kek jellemz\u0151it. Az \u00fcgyf\u00e9l olcs\u00f3bb, ugyanolyan hat\u00e9kony megold\u00e1st kap, amely kevesebb t\u00e1rol\u00e1si helyet ig\u00e9nyel. Az ereszl\u00e9c egy speci\u00e1lisan kialak\u00edtott trap\u00e9z z\u00e1rral van ell\u00e1tva, amely stabiliz\u00e1lja az ereszl\u00e9cet \u00e9s minimaliz\u00e1lja a hull\u00e1mhat\u00e1st. Az als\u00f3 r\u00e9sz egy bord\u00e1zott ereszcs\u00edk, amely az ereszcsatorn\u00e1t helyettes\u00edti. Ezenk\u00edv\u00fcl lehet\u0151v\u00e9 teszi a rugalmass\u00e1got, hogy m\u00e1s aljzatot v\u00e1lasszunk, amely k\u00f6nnyen felszerelhet\u0151 a homlokzati r\u00e9sz als\u00f3 &#8222;C&#8221; profilj\u00e1ra. Az ereszl\u00e9c speci\u00e1lisan meger\u0151s\u00edtett, hogy megfelel\u0151 v\u00e9delmet ny\u00fajtson.<\/p>\n<\/div>\n<\/div>\n<\/div><\/div>\n\n\n\n<div class=\"wp-block-group\"><div class=\"wp-block-group__inner-container is-layout-constrained wp-block-group-is-layout-constrained\">\n<div class=\"wp-block-cover aligncenter is-style-full-height\"><img loading=\"lazy\" decoding=\"async\" width=\"1920\" height=\"1072\" class=\"wp-block-cover__image-background wp-image-91018\" alt=\"\" src=\"https:\/\/bp2.eu\/wp-content\/uploads\/2024\/12\/porownanie.jpg\" data-object-fit=\"cover\" srcset=\"https:\/\/bp2.eu\/wp-content\/uploads\/2024\/12\/porownanie.jpg 1920w, https:\/\/bp2.eu\/wp-content\/uploads\/2024\/12\/porownanie-820x458.jpg 820w, https:\/\/bp2.eu\/wp-content\/uploads\/2024\/12\/porownanie-1024x572.jpg 1024w, https:\/\/bp2.eu\/wp-content\/uploads\/2024\/12\/porownanie-768x429.jpg 768w, https:\/\/bp2.eu\/wp-content\/uploads\/2024\/12\/porownanie-1536x858.jpg 1536w\" sizes=\"auto, (max-width: 1920px) 100vw, 1920px\" \/><span aria-hidden=\"true\" class=\"wp-block-cover__background has-background-dim-0 has-background-dim\"><\/span><div class=\"wp-block-cover__inner-container is-layout-constrained wp-block-cover-is-layout-constrained\">\n<p class=\"has-text-align-center has-large-font-size\"><\/p>\n<\/div><\/div>\n<\/div><\/div>\n\n\n\n<div style=\"height:100px\" aria-hidden=\"true\" class=\"wp-block-spacer is-style-smaller-spacer\"><\/div>\n\n\n\n<div class=\"wp-block-group is-style-default\"><div class=\"wp-block-group__inner-container is-layout-flow wp-block-group-is-layout-flow\">\n<div class=\"wp-block-columns are-vertically-aligned-center is-layout-flex wp-container-core-columns-is-layout-9d6595d7 wp-block-columns-is-layout-flex\">\n<div class=\"wp-block-column is-vertically-aligned-center has-gray-background-color has-background is-layout-flow wp-block-column-is-layout-flow\">\n<div style=\"height:100px\" aria-hidden=\"true\" class=\"wp-block-spacer is-style-smaller-spacer\"><\/div>\n\n\n\n<figure class=\"wp-block-gallery has-nested-images columns-3 is-cropped wp-block-gallery-3 is-layout-flex wp-block-gallery-is-layout-flex\">\n<figure class=\"wp-block-image size-full\"><a href=\"https:\/\/bp2.eu\/wp-content\/uploads\/2024\/12\/HAK-MASKOWNICY-HU-1024x620-1.png\"><img loading=\"lazy\" decoding=\"async\" width=\"1024\" height=\"620\" data-id=\"92334\" src=\"https:\/\/bp2.eu\/wp-content\/uploads\/2024\/12\/HAK-MASKOWNICY-HU-1024x620-1.png\" alt=\"\" class=\"wp-image-92334\" srcset=\"https:\/\/bp2.eu\/wp-content\/uploads\/2024\/12\/HAK-MASKOWNICY-HU-1024x620-1.png 1024w, https:\/\/bp2.eu\/wp-content\/uploads\/2024\/12\/HAK-MASKOWNICY-HU-1024x620-1-820x496.png 820w, https:\/\/bp2.eu\/wp-content\/uploads\/2024\/12\/HAK-MASKOWNICY-HU-1024x620-1-768x465.png 768w\" sizes=\"auto, (max-width: 1024px) 100vw, 1024px\" \/><\/a><\/figure>\n<\/figure>\n\n\n\n<div style=\"height:100px\" aria-hidden=\"true\" class=\"wp-block-spacer is-style-smaller-spacer\"><\/div>\n<\/div>\n\n\n\n<div class=\"wp-block-column is-vertically-aligned-center has-gray-background-color has-background is-layout-flow wp-block-column-is-layout-flow\">\n<div style=\"height:100px\" aria-hidden=\"true\" class=\"wp-block-spacer is-style-smaller-spacer\"><\/div>\n\n\n\n<figure class=\"wp-block-gallery has-nested-images columns-3 is-cropped wp-block-gallery-4 is-layout-flex wp-block-gallery-is-layout-flex\">\n<figure class=\"wp-block-image size-large\"><a href=\"https:\/\/bp2.eu\/wp-content\/uploads\/2024\/12\/ZASLEPKA-MASKOWNICY-HU-1024x620.png\"><img loading=\"lazy\" decoding=\"async\" width=\"1024\" height=\"620\" data-id=\"91523\" src=\"https:\/\/bp2.eu\/wp-content\/uploads\/2024\/12\/ZASLEPKA-MASKOWNICY-HU-1024x620.png\" alt=\"\" class=\"wp-image-91523\" srcset=\"https:\/\/bp2.eu\/wp-content\/uploads\/2024\/12\/ZASLEPKA-MASKOWNICY-HU-1024x620.png 1024w, https:\/\/bp2.eu\/wp-content\/uploads\/2024\/12\/ZASLEPKA-MASKOWNICY-HU-820x496.png 820w, https:\/\/bp2.eu\/wp-content\/uploads\/2024\/12\/ZASLEPKA-MASKOWNICY-HU-768x465.png 768w, https:\/\/bp2.eu\/wp-content\/uploads\/2024\/12\/ZASLEPKA-MASKOWNICY-HU-1536x930.png 1536w, https:\/\/bp2.eu\/wp-content\/uploads\/2024\/12\/ZASLEPKA-MASKOWNICY-HU-2048x1240.png 2048w\" sizes=\"auto, (max-width: 1024px) 100vw, 1024px\" \/><\/a><\/figure>\n<\/figure>\n\n\n\n<div style=\"height:100px\" aria-hidden=\"true\" class=\"wp-block-spacer is-style-smaller-spacer\"><\/div>\n<\/div>\n\n\n\n<div class=\"wp-block-column is-vertically-aligned-center has-gray-background-color has-background is-layout-flow wp-block-column-is-layout-flow\">\n<div style=\"height:100px\" aria-hidden=\"true\" class=\"wp-block-spacer is-style-smaller-spacer\"><\/div>\n\n\n\n<figure class=\"wp-block-gallery has-nested-images columns-3 is-cropped wp-block-gallery-5 is-layout-flex wp-block-gallery-is-layout-flex\">\n<figure class=\"wp-block-image size-large\"><a href=\"https:\/\/bp2.eu\/wp-content\/uploads\/2024\/12\/NAROZNIKI-ZEWWEW-HU-1024x620.png\"><img loading=\"lazy\" decoding=\"async\" width=\"1024\" height=\"620\" data-id=\"91531\" src=\"https:\/\/bp2.eu\/wp-content\/uploads\/2024\/12\/NAROZNIKI-ZEWWEW-HU-1024x620.png\" alt=\"\" class=\"wp-image-91531\" srcset=\"https:\/\/bp2.eu\/wp-content\/uploads\/2024\/12\/NAROZNIKI-ZEWWEW-HU-1024x620.png 1024w, https:\/\/bp2.eu\/wp-content\/uploads\/2024\/12\/NAROZNIKI-ZEWWEW-HU-820x496.png 820w, https:\/\/bp2.eu\/wp-content\/uploads\/2024\/12\/NAROZNIKI-ZEWWEW-HU-768x465.png 768w, https:\/\/bp2.eu\/wp-content\/uploads\/2024\/12\/NAROZNIKI-ZEWWEW-HU-1536x930.png 1536w, https:\/\/bp2.eu\/wp-content\/uploads\/2024\/12\/NAROZNIKI-ZEWWEW-HU-2048x1240.png 2048w\" sizes=\"auto, (max-width: 1024px) 100vw, 1024px\" \/><\/a><\/figure>\n<\/figure>\n\n\n\n<div style=\"height:100px\" aria-hidden=\"true\" class=\"wp-block-spacer is-style-smaller-spacer\"><\/div>\n<\/div>\n<\/div>\n<\/div><\/div>\n\n\n\n<div class=\"wp-block-group is-style-default\"><div class=\"wp-block-group__inner-container is-layout-flow wp-block-group-is-layout-flow\">\n<div class=\"wp-block-columns is-layout-flex wp-container-core-columns-is-layout-9d6595d7 wp-block-columns-is-layout-flex\">\n<div class=\"wp-block-column is-vertically-aligned-center is-layout-flow wp-block-column-is-layout-flow\">\n<h4 class=\"wp-block-heading\"><strong><strong><strong><strong><strong><strong>BOR\u00cdT\u00d3 KAMP\u00d3<\/strong><\/strong><\/strong><\/strong><\/strong><\/strong><\/h4>\n\n\n\n<p class=\"has-text-align-left\">A bor\u00edt\u00f3 kamp\u00f3 egy stabiliz\u00e1l\u00f3 \u00e9s fogad\u00f3 szerkezeti elem, amelyet 1 m\u00e9terenk\u00e9nt helyeznek el. Kialak\u00edt\u00e1sa lehet\u0151v\u00e9 teszi a maszk t\u00f6k\u00e9letes f\u00fcgg\u0151leges igaz\u00edt\u00e1s\u00e1t. A kamp\u00f3 speci\u00e1lisan kialak\u00edtott vulkaniz\u00e1lt , \u00edgy a felszerel\u00e9s nem invaz\u00edv, \u00e9s lehet\u0151v\u00e9 teszi a maszkhoz val\u00f3 egyszer\u0171 csatlakoztat\u00e1st.<\/p>\n<\/div>\n\n\n\n<div class=\"wp-block-column is-vertically-aligned-top is-layout-flow wp-block-column-is-layout-flow\">\n<h4 class=\"wp-block-heading\"><strong><strong><strong><strong><strong><strong><strong><strong>ERESZMASZK V\u00c9GELEM<\/strong><\/strong><\/strong><\/strong><\/strong><\/strong><\/strong><\/strong><\/h4>\n\n\n\n<p>Az ereszmaszk v\u00e9gelem lehet\u0151v\u00e9 teszi, hogy az ereszcsatorna-rendszer minden alkatr\u00e9sze v\u00e9gleg elrejthet\u0151 legyen a maszk alatt. \u00cdgy egszer\u0171en, eszt\u00e9tikusan \u00e9s gyorsan bez\u00e1rhatjuk a takar\u00f3maszkunkat.<\/p>\n<\/div>\n\n\n\n<div class=\"wp-block-column is-vertically-aligned-top is-layout-flow wp-block-column-is-layout-flow\">\n<h4 class=\"wp-block-heading\"><strong><strong><strong><strong><strong><strong><strong><strong><strong><strong>K\u00dcLS\u0150\/BELS\u0150 SARKOK<\/strong><\/strong><\/strong><\/strong><\/strong><\/strong><\/strong><\/strong><\/strong><\/strong><\/h4>\n\n\n\n<p class=\"has-text-align-left\">A ku\u0308ls\u0151 \u00e9s bels\u0151 sarkok lehet\u0151v\u00e9 teszik a homlokzatok eszt\u00e9tikus \u00f6sszekapcsol\u00e1s\u00e1t k\u00e9t tet\u0151hajl\u00e1ssz\u00f6g tal\u00e1lkoz\u00e1s\u00e1n\u00e1l vagy a tet\u0151 sark\u00e1n\u00e1l. Kiv\u00e1l\u00f3 min\u0151s\u00e9g\u0171 anyagb\u00f3l k\u00e9szu\u0308lnek, ami eszt\u00e9tikuss\u00e1 \u00e9s tart\u00f3ss\u00e1 teszi \u0151ket.<\/p>\n<\/div>\n<\/div>\n<\/div><\/div>\n\n\n\n<div style=\"height:100px\" aria-hidden=\"true\" class=\"wp-block-spacer is-style-smaller-spacer\"><\/div>\n\n\n\n<div class=\"wp-block-group\"><div class=\"wp-block-group__inner-container is-layout-constrained wp-block-group-is-layout-constrained\"><section class=\"data-section compare-slider__wrapper\">\n    <div class=\"compare-slider\">\n        <div class=\"before-after-slider\" data-beforeAfterSlider>\n            <div class=\"before-image\">\n                <img decoding=\"async\" src=\"https:\/\/bp2.eu\/wp-content\/uploads\/2024\/12\/maskownice-left.jpg\" alt=\"\">\n                <div class=\"compare-slider__text-1 h7\"><b>Ac\u00e9l ereszcsatorna rendszerek INGURI<\/b><\/div>\n            <\/div>\n            <div class=\"after-image\">\n                <img decoding=\"async\" src=\"https:\/\/bp2.eu\/wp-content\/uploads\/2024\/12\/maskownice-right.jpg\" alt=\"\">\n                <div class=\"compare-slider__text-2 h7\"><b>INGURI ereszt\u0151rendszer fed\u0151k<\/b><\/div>\n            <\/div>\n            <div class=\"resizer\"><\/div>\n        <\/div>\n    <\/div>\n<\/section>\n<\/div><\/div>\n","protected":false},"featured_media":90731,"menu_order":345,"template":"","product_category":[558],"warranty":[564,569,565,568,562],"product_serie":[],"class_list":["post-91328","product","type-product","status-publish","has-post-thumbnail","hentry","product_category-ereszcsatorna-rendszerek","warranty-10-ev","warranty-15-ev","warranty-20-ev","warranty-25-ev","warranty-30-ev"],"acf":[],"_links":{"self":[{"href":"https:\/\/bp2.eu\/hu\/wp-json\/wp\/v2\/product\/91328","targetHints":{"allow":["GET"]}}],"collection":[{"href":"https:\/\/bp2.eu\/hu\/wp-json\/wp\/v2\/product"}],"about":[{"href":"https:\/\/bp2.eu\/hu\/wp-json\/wp\/v2\/types\/product"}],"wp:featuredmedia":[{"embeddable":true,"href":"https:\/\/bp2.eu\/hu\/wp-json\/wp\/v2\/media\/90731"}],"wp:attachment":[{"href":"https:\/\/bp2.eu\/hu\/wp-json\/wp\/v2\/media?parent=91328"}],"wp:term":[{"taxonomy":"product_category","embeddable":true,"href":"https:\/\/bp2.eu\/hu\/wp-json\/wp\/v2\/product_category?post=91328"},{"taxonomy":"warranty","embeddable":true,"href":"https:\/\/bp2.eu\/hu\/wp-json\/wp\/v2\/warranty?post=91328"},{"taxonomy":"product_serie","embeddable":true,"href":"https:\/\/bp2.eu\/hu\/wp-json\/wp\/v2\/product_serie?post=91328"}],"curies":[{"name":"wp","href":"https:\/\/api.w.org\/{rel}","templated":true}]}}