{"id":48353,"date":"2022-04-19T08:11:31","date_gmt":"2022-04-19T06:11:31","guid":{"rendered":"https:\/\/bp2.eu\/faq\/"},"modified":"2023-01-11T13:54:37","modified_gmt":"2023-01-11T12:54:37","slug":"dazniausiai-uzduodami-klausimai-duk","status":"publish","type":"page","link":"https:\/\/bp2.eu\/lt\/dazniausiai-uzduodami-klausimai-duk\/","title":{"rendered":"Da\u017eniausiai u\u017eduodami klausimai (DUK)"},"content":{"rendered":"\n<h2 class=\"is-style-h2 wp-block-heading\" style=\"font-size:24px\">Reikia pagalbos? \u010cia rasite atsakymus \u012f da\u017eniausiai klientams u\u017eduodamus klausimus.<\/h2>\n\n\n\n<p>Vertiname j\u016bs\u0173 laik\u0105, tod\u0117l mums svarbiausia greitai i\u0161spr\u0119sti bet kokias problemas.<\/p>\n\n\n\n<p>Jei neradote atsakymo \u012f jums r\u016bpim\u0105 klausim\u0105, galite paklausti m\u016bs\u0173 specialist\u0173, pasinaudoti kontakt\u0173 skirtuku ir para\u0161yti mums.<\/p>\n\n\n\n<p>Mielai jums pad\u0117sime ir i\u0161sklaidysime visas abejones.<\/p>\n","protected":false},"excerpt":{"rendered":"<p>Reikia pagalbos? \u010cia rasite atsakymus \u012f da\u017eniausiai klientams u\u017eduodamus klausimus. Vertiname j\u016bs\u0173 laik\u0105, tod\u0117l mums svarbiausia greitai i\u0161spr\u0119sti bet kokias problemas. Jei neradote atsakymo \u012f jums r\u016bpim\u0105 klausim\u0105, galite paklausti m\u016bs\u0173 specialist\u0173, pasinaudoti kontakt\u0173 skirtuku ir para\u0161yti mums. Mielai jums pad\u0117sime ir i\u0161sklaidysime visas abejones.<\/p>\n","protected":false},"author":1,"featured_media":0,"parent":0,"menu_order":33,"comment_status":"closed","ping_status":"closed","template":"templates\/faq.php","meta":{"_acf_changed":false,"content-type":"","inline_featured_image":false,"footnotes":""},"class_list":["post-48353","page","type-page","status-publish","hentry"],"acf":[],"_links":{"self":[{"href":"https:\/\/bp2.eu\/lt\/wp-json\/wp\/v2\/pages\/48353","targetHints":{"allow":["GET"]}}],"collection":[{"href":"https:\/\/bp2.eu\/lt\/wp-json\/wp\/v2\/pages"}],"about":[{"href":"https:\/\/bp2.eu\/lt\/wp-json\/wp\/v2\/types\/page"}],"author":[{"embeddable":true,"href":"https:\/\/bp2.eu\/lt\/wp-json\/wp\/v2\/users\/1"}],"replies":[{"embeddable":true,"href":"https:\/\/bp2.eu\/lt\/wp-json\/wp\/v2\/comments?post=48353"}],"version-history":[{"count":0,"href":"https:\/\/bp2.eu\/lt\/wp-json\/wp\/v2\/pages\/48353\/revisions"}],"wp:attachment":[{"href":"https:\/\/bp2.eu\/lt\/wp-json\/wp\/v2\/media?parent=48353"}],"curies":[{"name":"wp","href":"https:\/\/api.w.org\/{rel}","templated":true}]}}