{"id":48359,"date":"2022-04-04T17:10:31","date_gmt":"2022-04-04T15:10:31","guid":{"rendered":"https:\/\/bp2.eu\/dzialania-marketingowe\/"},"modified":"2024-09-05T13:41:05","modified_gmt":"2024-09-05T11:41:05","slug":"rinkodaros-veikla","status":"publish","type":"page","link":"https:\/\/bp2.eu\/lt\/rinkodaros-veikla\/","title":{"rendered":"Rinkodaros veikla"},"content":{"rendered":"\n<div class=\"wp-block-group is-style-with-b2-background\"><div class=\"wp-block-group__inner-container is-layout-flow wp-block-group-is-layout-flow\">\n<div style=\"height:100px\" aria-hidden=\"true\" class=\"wp-block-spacer is-style-small-spacer\"><\/div>\n\n\n\n<p class=\"has-text-align-center noMarginBottom has-red-color has-text-color\"><strong>YRA DALYK\u0172, KURI\u0172 VERTA IMTIS<\/strong><\/p>\n\n\n\n<h2 class=\"wp-block-heading has-text-align-center noMarginTop noMarginBottom is-style-h1\" style=\"font-size:3.5em\">RINKODAROS VEIKLA<\/h2>\n\n\n\n<div style=\"height:100px\" aria-hidden=\"true\" class=\"wp-block-spacer is-style-small-spacer\"><\/div>\n<\/div><\/div>\n\n\n\n<div class=\"wp-block-group is-style-narrower-group\"><div class=\"wp-block-group__inner-container is-layout-flow wp-block-group-is-layout-flow\">\n<p class=\"has-text-align-center\" style=\"font-size:22px\"><strong>M\u016bs\u0173 patikimumas ir atsakomyb\u0117 leid\u017eia mums kurti ilgalaikius ir atvirus santykius. <\/strong>D\u0117l to galime veikti socialiai, nuolat pl\u0117sdami apr\u0117pt\u012f. Tai leid\u017eia mums gerinti prek\u0117s \u017eenklo \u017einomum\u0105 Lenkijos ir u\u017esienio rinkose.<\/p>\n\n\n\n<div style=\"height:100px\" aria-hidden=\"true\" class=\"wp-block-spacer is-style-small-spacer\"><\/div>\n<\/div><\/div>\n\n\n\n<div class=\"wp-block-group is-style-narrower-group has-red-background-color has-background\"><div class=\"wp-block-group__inner-container is-layout-flow wp-block-group-is-layout-flow\">\n<div style=\"height:100px\" aria-hidden=\"true\" class=\"wp-block-spacer is-style-small-spacer\"><\/div>\n\n\n\n<div class=\"wp-block-group is-style-narrow-group\"><div class=\"wp-block-group__inner-container is-layout-flow wp-block-group-is-layout-flow\">\r\n<div class=\"section__data\" data-section=\"\u012eSA PRIEMON\u0116S\"><\/div><\/div><\/div>\n\n\n<div class=\"wp-block-image\">\n<figure class=\"aligncenter size-full is-resized\"><img decoding=\"async\" src=\"https:\/\/bp2.eu\/wp-content\/uploads\/2022\/12\/bp2-csr-icon-white.svg\" alt=\"\" class=\"wp-image-46551\" style=\"width:148px;height:113px\"\/><\/figure>\n<\/div>\n\n\n<h2 class=\"wp-block-heading has-text-align-center is-style-h3 has-white-color has-text-color\"><strong>\u012eSA PRIEMON\u0116S<\/strong><\/h2>\n\n\n\n<div style=\"height:100px\" aria-hidden=\"true\" class=\"wp-block-spacer is-style-small-spacer\"><\/div>\n<\/div><\/div>\n\n\n\n<div style=\"height:100px\" aria-hidden=\"true\" class=\"wp-block-spacer is-style-smaller-spacer\"><\/div>\n\n\n\n<div style=\"height:100px\" aria-hidden=\"true\" class=\"wp-block-spacer is-style-smaller-spacer\"><\/div>\n\n\n\n<div class=\"wp-block-group\"><div class=\"wp-block-group__inner-container is-layout-flow wp-block-group-is-layout-flow\">\n<div class=\"wp-block-columns is-style-mobile-reverse is-style-grid fade-in is-layout-flex wp-container-core-columns-is-layout-9d6595d7 wp-block-columns-is-layout-flex\">\n<div class=\"wp-block-column is-layout-flow wp-block-column-is-layout-flow\">\n<div class=\"wp-block-cover is-light is-style-full-width\"><span aria-hidden=\"true\" class=\"wp-block-cover__background has-dark-gray-background-color has-background-dim-100 has-background-dim\"><\/span><div class=\"wp-block-cover__inner-container is-layout-flow wp-block-cover-is-layout-flow\">\n<h2 class=\"wp-block-heading is-style-h3 has-large-font-size\"><strong>Stog\u0105 vir\u0161 galvos vilkams u\u017etikrina BP2<\/strong><\/h2>\n\n\n\n<p>Su vilkais mums pakeliui jau ilgesn\u012f laik\u0105. Mus \u017eavi j\u0173 komandinis darbas, lojalumas ir kartu nepriklausomyb\u0117. Ne be reikalo m\u016bs\u0173 logotipe vaizduojamas vilkas. Norime keisti m\u0105stym\u0105 apie \u0161iuos fantasti\u0161kus gyv\u016bnus, kuriuos da\u017enai neteisingai vertinami t\u0173, kurie ma\u017eai apie juos \u017eino.<\/p>\n\n\n\n<p>2021-2022 m. tapome Krokuvos zoologijos sode gyvenan\u010di\u0173 vilk\u0173 r\u0117m\u0117jais. D\u017eiaugiam\u0117s gal\u0117dami finansi\u0161kai r\u016bpintis \u0161iais nuostabiais padarais ir taip u\u017etikrinti j\u0173 gerov\u0119.<\/p>\n\n\n\n<div class=\"wp-block-group\"><div class=\"wp-block-group__inner-container is-layout-flow wp-block-group-is-layout-flow\">\n<a href=\"https:\/\/zoo-krakow.pl\/\" target=\"_blank\" class=\"button button--blackSpecial \">SU\u017dINOKITE DAUGIAU<\/a><\/div><\/div>\n<\/div><\/div>\n<\/div>\n\n\n\n<div class=\"wp-block-column is-layout-flow wp-block-column-is-layout-flow\">\n<div class=\"wp-block-cover is-style-full-height\"><span aria-hidden=\"true\" class=\"wp-block-cover__background has-background-dim-0 has-background-dim\"><\/span><img loading=\"lazy\" decoding=\"async\" width=\"1900\" height=\"1204\" class=\"wp-block-cover__image-background wp-image-16602\" alt=\"\" src=\"https:\/\/bp2.eu\/wp-content\/uploads\/2022\/08\/wolf.jpg\" data-object-fit=\"cover\" srcset=\"https:\/\/bp2.eu\/wp-content\/uploads\/2022\/08\/wolf.jpg 1900w, https:\/\/bp2.eu\/wp-content\/uploads\/2022\/08\/wolf-820x520.jpg 820w, https:\/\/bp2.eu\/wp-content\/uploads\/2022\/08\/wolf-1024x649.jpg 1024w, https:\/\/bp2.eu\/wp-content\/uploads\/2022\/08\/wolf-768x487.jpg 768w, https:\/\/bp2.eu\/wp-content\/uploads\/2022\/08\/wolf-1536x973.jpg 1536w\" sizes=\"auto, (max-width: 1900px) 100vw, 1900px\" \/><div class=\"wp-block-cover__inner-container is-layout-flow wp-block-cover-is-layout-flow\">\n<p class=\"has-text-align-center\"><\/p>\n<\/div><\/div>\n<\/div>\n<\/div>\n\n\n\n<div class=\"wp-block-columns is-style-grid fade-in is-style-default is-layout-flex wp-container-core-columns-is-layout-9d6595d7 wp-block-columns-is-layout-flex\">\n<div class=\"wp-block-column is-layout-flow wp-block-column-is-layout-flow\">\n<div class=\"wp-block-cover is-light is-style-full-height\"><span aria-hidden=\"true\" class=\"wp-block-cover__background has-background-dim-0 has-background-dim\"><\/span><img loading=\"lazy\" decoding=\"async\" width=\"1500\" height=\"1000\" class=\"wp-block-cover__image-background wp-image-7574\" alt=\"\" src=\"https:\/\/bp2.eu\/wp-content\/uploads\/2022\/04\/bp2_stowarzyszenie_wilk.png\" data-object-fit=\"cover\" srcset=\"https:\/\/bp2.eu\/wp-content\/uploads\/2022\/04\/bp2_stowarzyszenie_wilk.png 1500w, https:\/\/bp2.eu\/wp-content\/uploads\/2022\/04\/bp2_stowarzyszenie_wilk-820x547.png 820w, https:\/\/bp2.eu\/wp-content\/uploads\/2022\/04\/bp2_stowarzyszenie_wilk-1024x683.png 1024w, https:\/\/bp2.eu\/wp-content\/uploads\/2022\/04\/bp2_stowarzyszenie_wilk-768x512.png 768w\" sizes=\"auto, (max-width: 1500px) 100vw, 1500px\" \/><div class=\"wp-block-cover__inner-container is-layout-flow wp-block-cover-is-layout-flow\">\n<p class=\"has-text-align-center\"><\/p>\n<\/div><\/div>\n<\/div>\n\n\n\n<div class=\"wp-block-column is-layout-flow wp-block-column-is-layout-flow\">\n<div class=\"wp-block-cover is-light is-style-full-width\"><span aria-hidden=\"true\" class=\"wp-block-cover__background has-dark-gray-background-color has-background-dim-100 has-background-dim\"><\/span><div class=\"wp-block-cover__inner-container is-layout-flow wp-block-cover-is-layout-flow\">\n<h2 class=\"wp-block-heading is-style-h3 has-large-font-size\"><strong>Gamtos asociacija \u201eVilkas\u201c<\/strong><\/h2>\n\n\n\n<p>Jau\u010diame vilko alk\u012f pad\u0117ti. Tod\u0117l 2021-2022 m. finansi\u0161kai par\u0117m\u0117me Gamtos asociacij\u0105 <strong>\u201eVilkas\u201c<\/strong>, kuri vienija grup\u0119 geriausi\u0173 specialist\u0173, dirban\u010di\u0173 vilk\u0173 apsaugos srityje Lenkijoje.<\/p>\n\n\n\n<p>Gamtos asociacija <strong>\u201eVilkas\u201c<\/strong> nuo 1996 m. be paliovos dirba m\u016bs\u0173 gamtos labui, ypa\u010d r\u016bpinasi dideli\u0173 pl\u0117\u0161r\u016bn\u0173 \u2013 l\u016b\u0161i\u0173, loki\u0173 ir vilk\u0173 \u2013 apsauga. J\u0173 nuostabus, nors beproti\u0161kai sunkus darbas vertas pripa\u017einimo. Padedame mes, ir Jus kar\u0161tai kvie\u010diame tai daryti. Bet kokia, net kukli parama suteikia daug pasitenkinimo.<\/p>\n\n\n\n<div class=\"wp-block-group\"><div class=\"wp-block-group__inner-container is-layout-flow wp-block-group-is-layout-flow\">\n<a href=\"https:\/\/www.polskiwilk.org.pl\/\" target=\"_blank\" class=\"button button--blackSpecial \">SU\u017dINOKITE DAUGIAU<\/a><\/div><\/div>\n<\/div><\/div>\n<\/div>\n<\/div>\n\n\n\n<div class=\"wp-block-columns is-style-mobile-reverse is-style-grid fade-in is-layout-flex wp-container-core-columns-is-layout-9d6595d7 wp-block-columns-is-layout-flex\">\n<div class=\"wp-block-column is-layout-flow wp-block-column-is-layout-flow\">\n<div class=\"wp-block-cover is-light is-style-full-width\"><span aria-hidden=\"true\" class=\"wp-block-cover__background has-dark-gray-background-color has-background-dim-100 has-background-dim\"><\/span><div class=\"wp-block-cover__inner-container is-layout-flow wp-block-cover-is-layout-flow\">\n<h2 class=\"wp-block-heading is-style-h3 has-large-font-size\">HC Ko\u0161ice<\/h2>\n\n\n\n<p>Nuo 2018 m. kovo m\u0117n. esame oficialus ledo rutulio komandos \u201eHC Ko\u0161ice\u201c r\u0117m\u0117jas.<\/p>\n\n\n\n<p>Tai vienas s\u0117kmingiausi\u0173 Slovakijos klub\u0173, a\u0161tuonis kartus i\u0161kovoj\u0119s \u0161alies \u010dempiono titul\u0105. Savo rungtynes \u017eaid\u017eia \u201eSteel Ar\u00e9na\u201c ledo arenoje, kurioje galite pamatyti m\u016bs\u0173 reklam\u0173.<\/p>\n\n\n\n<div class=\"wp-block-group\"><div class=\"wp-block-group__inner-container is-layout-flow wp-block-group-is-layout-flow\">\n<a href=\"https:\/\/www.hckosice.sk\/\" target=\"_blank\" class=\"button button--blackSpecial \">DOWIEDZ SI\u0118 WI\u0118CEJ<\/a><\/div><\/div>\n<\/div><\/div>\n<\/div>\n\n\n\n<div class=\"wp-block-column is-layout-flow wp-block-column-is-layout-flow\">\n<div class=\"wp-block-cover is-style-full-height\"><span aria-hidden=\"true\" class=\"wp-block-cover__background has-background-dim-0 has-background-dim\"><\/span><img loading=\"lazy\" decoding=\"async\" width=\"1900\" height=\"1204\" class=\"wp-block-cover__image-background wp-image-16634\" alt=\"\" src=\"https:\/\/bp2.eu\/wp-content\/uploads\/2022\/08\/hc-kosice.jpg\" style=\"object-position:49% 26%\" data-object-fit=\"cover\" data-object-position=\"49% 26%\" srcset=\"https:\/\/bp2.eu\/wp-content\/uploads\/2022\/08\/hc-kosice.jpg 1900w, https:\/\/bp2.eu\/wp-content\/uploads\/2022\/08\/hc-kosice-820x520.jpg 820w, https:\/\/bp2.eu\/wp-content\/uploads\/2022\/08\/hc-kosice-1024x649.jpg 1024w, https:\/\/bp2.eu\/wp-content\/uploads\/2022\/08\/hc-kosice-768x487.jpg 768w, https:\/\/bp2.eu\/wp-content\/uploads\/2022\/08\/hc-kosice-1536x973.jpg 1536w\" sizes=\"auto, (max-width: 1900px) 100vw, 1900px\" \/><div class=\"wp-block-cover__inner-container is-layout-flow wp-block-cover-is-layout-flow\">\n<p class=\"has-text-align-center\"><\/p>\n<\/div><\/div>\n<\/div>\n<\/div>\n<\/div><\/div>\n\n\n\n<div class=\"wp-block-group is-style-narrower-group has-red-background-color has-background\"><div class=\"wp-block-group__inner-container is-layout-flow wp-block-group-is-layout-flow\">\n<div style=\"height:100px\" aria-hidden=\"true\" class=\"wp-block-spacer is-style-small-spacer\"><\/div>\n\n\n\r\n<div class=\"section__data\" data-section=\"PREK\u0116S \u017dENKLO AMBASADORIUS\"><\/div>\n\n<div class=\"wp-block-image\">\n<figure class=\"aligncenter size-full is-resized\"><img decoding=\"async\" src=\"https:\/\/bp2.eu\/wp-content\/uploads\/2022\/12\/bp2-csr-icon-white.svg\" alt=\"\" class=\"wp-image-46551\" style=\"width:148px;height:113px\"\/><\/figure>\n<\/div>\n\n\n<h2 class=\"wp-block-heading has-text-align-center is-style-h3 has-white-color has-text-color\"><strong>PREK\u0116S \u017dENKLO AMBASADORIUS<\/strong><\/h2>\n\n\n\n<p class=\"has-text-align-center has-white-color has-text-color\">BP2 prek\u0117s \u017eenklo ambasadorius nuo 2017 iki 2022 met\u0173 \u2013 Adamas Ma\u0142yszas. Geriausias \u0161uolininkas tarp stogdengi\u0173 ir geriausias stogdengys tarp \u0161uolinink\u0173, nusprend\u0119s pasitik\u0117ti BP2. Mus siejo ta pati aistra ir nuolatinis tobulyb\u0117s siekis. Buvo didel\u0117 privilegija tur\u0117ti meistr\u0105 \u0161alia man\u0119s.<\/p>\n\n\n\n<div style=\"height:100px\" aria-hidden=\"true\" class=\"wp-block-spacer is-style-small-spacer\"><\/div>\n<\/div><\/div>\n\n\n\n<div style=\"height:100px\" aria-hidden=\"true\" class=\"wp-block-spacer is-style-smaller-spacer\"><\/div>\n\n\n\n<div class=\"wp-block-group is-style-default\"><div class=\"wp-block-group__inner-container is-layout-flow wp-block-group-is-layout-flow\">\n<div class=\"wp-block-columns is-style-mobile-reverse is-style-grid fade-in is-layout-flex wp-container-core-columns-is-layout-9d6595d7 wp-block-columns-is-layout-flex\">\n<div class=\"wp-block-column is-layout-flow wp-block-column-is-layout-flow\">\n<div class=\"wp-block-cover is-light is-style-full-width\"><span aria-hidden=\"true\" class=\"wp-block-cover__background has-dark-gray-background-color has-background-dim-100 has-background-dim\"><\/span><div class=\"wp-block-cover__inner-container is-layout-flow wp-block-cover-is-layout-flow\">\n<h2 class=\"wp-block-heading is-style-h3\"><br><strong>GERIAUSIAS STOGDENGYS TARP \u0160UOLININK\u0172<\/strong><\/h2>\n\n\n\n<h2 class=\"wp-block-heading is-style-h3\" style=\"font-style:normal;font-weight:300\">Geriausias \u0161uolininkas tarp stogdengi\u0173<\/h2>\n\n\n\n<p>BP2 prek\u0117s \u017eenklo ambasadorius nuo 2017 iki 2022 met\u0173 \u2013 Adamas Ma\u0142yszas. Geriausias \u0161uolininkas tarp stogdengi\u0173 ir geriausias stogdengys tarp \u0161uolinink\u0173, nusprend\u0119s pasitik\u0117ti BP2. Mus siejo ta pati aistra ir nuolatinis tobulyb\u0117s siekis. Buvo didel\u0117 privilegija tur\u0117ti meistr\u0105 \u0161alia man\u0119s.<\/p>\n\n\n\n<p>Vis d\u0117lto nedaugelis \u017eino, kad Adamas Ma\u0142yszas pagal profesij\u0105 yra stogdengys ir tai l\u0117m\u0117 m\u016bs\u0173 bendradarbiavim\u0105. Nors yra laim\u0117j\u0119s daugyb\u0119 titul\u0173, nepamir\u0161o savo \u0161akn\u0173 ir su jauduliu gr\u012f\u017eta prie stogdengio darb\u0173.<\/p>\n\n\n\n<p>Stogdengio profesija pastaraisiais metais i\u0161tobul\u0117jo, tapo presti\u017ein\u0117 ir nepaprastai patraukli. Vis dar rinkoje yra didel\u0117 paklausa. Kintanti tikrov\u0117 ir technologin\u0117 pa\u017eanga lemia, kad stogdengyst\u0117s meistrai privalo sekti naujienas.<\/p>\n\n\n\n<p>Kaip Adamas Ma\u0142yszas \u012fsivaizduoja save, jeigu jo karjera b\u016bt\u0173 klos\u010diusi kitaip, jeigu b\u016bt\u0173 lik\u0119s dirbti \u0161\u012f darb\u0105?<\/p>\n\n\n\n<p><em>\u201eJeigu \u0161iandien\u0105 tur\u0117\u010diau b\u016bti stogdengiu, siek\u010diau tur\u0117ti savo \u012fmon\u0119, neb\u016b\u010diau pameistrys, ei\u010diau \u012f meistrus. Vis\u0105 laik\u0105 moky\u010diausi ir nor\u0117\u010diau kelti savo kvalifikacij\u0105. Niekada nebijojau i\u0161\u0161\u016bki\u0173 \u2013 tai geriausiai \u012frodo mano kelias \u0161uoli\u0173 su slid\u0117mis ir motocikl\u0173 sporte. Ir \u010dia susitvarky\u010diau!\u201c<\/em><\/p>\n\n\n\n<p>Pastaraisiais metais Adamas Ma\u0142yszas dalyvavo mokymuose, ragindamas savo profesijos kolegas \u012fgyti nauj\u0173 \u017eini\u0173 ir kelti kvalifikacij\u0105, kas \u0161iais laikais yra taip svarbu.<\/p>\n<\/div><\/div>\n<\/div>\n\n\n\n<div class=\"wp-block-column is-layout-flow wp-block-column-is-layout-flow\">\n<div class=\"wp-block-cover is-style-full-height\"><span aria-hidden=\"true\" class=\"wp-block-cover__background has-background-dim-0 has-background-dim\"><\/span><img loading=\"lazy\" decoding=\"async\" width=\"1000\" height=\"909\" class=\"wp-block-cover__image-background wp-image-10432\" alt=\"\" src=\"https:\/\/bp2.eu\/wp-content\/uploads\/2022\/05\/adam.png\" data-object-fit=\"cover\" srcset=\"https:\/\/bp2.eu\/wp-content\/uploads\/2022\/05\/adam.png 1000w, https:\/\/bp2.eu\/wp-content\/uploads\/2022\/05\/adam-820x745.png 820w, https:\/\/bp2.eu\/wp-content\/uploads\/2022\/05\/adam-768x698.png 768w\" sizes=\"auto, (max-width: 1000px) 100vw, 1000px\" \/><div class=\"wp-block-cover__inner-container is-layout-flow wp-block-cover-is-layout-flow\">\n<p class=\"has-text-align-center\"><\/p>\n<\/div><\/div>\n<\/div>\n<\/div>\n\n\n\n<div style=\"height:100px\" aria-hidden=\"true\" class=\"wp-block-spacer is-style-smaller-spacer\"><\/div>\n<\/div><\/div>\n\n\n\n<div class=\"wp-block-group has-black-background-color has-background\"><div class=\"wp-block-group__inner-container is-layout-flow wp-block-group-is-layout-flow\">\n<figure class=\"wp-block-embed is-type-video is-provider-youtube wp-block-embed-youtube wp-embed-aspect-16-9 wp-has-aspect-ratio\"><div class=\"wp-block-embed__wrapper\">\n<iframe loading=\"lazy\" title=\"RANGA: MISTRZ. ZAW\u00d3D: DEKARZ. ADAM MA\u0141YSZ AMBASADOR BLACHPROFIL 2\" width=\"640\" height=\"360\" src=\"https:\/\/www.youtube.com\/embed\/D_ijt3CxV6k?feature=oembed\" frameborder=\"0\" allow=\"accelerometer; autoplay; clipboard-write; encrypted-media; gyroscope; picture-in-picture; web-share\" referrerpolicy=\"strict-origin-when-cross-origin\" allowfullscreen><\/iframe>\n<\/div><\/figure>\n<\/div><\/div>\n\n\n\n<div style=\"height:100px\" aria-hidden=\"true\" class=\"wp-block-spacer is-style-small-spacer\"><\/div>\n\n\n\n<div class=\"wp-block-group\"><div class=\"wp-block-group__inner-container is-layout-flow wp-block-group-is-layout-flow\">\n<div class=\"wp-block-columns is-style-grid is-layout-flex wp-container-core-columns-is-layout-9d6595d7 wp-block-columns-is-layout-flex\">\n<div class=\"wp-block-column is-layout-flow wp-block-column-is-layout-flow\">\n<div class=\"wp-block-cover is-style-content-from-bottom\"><span aria-hidden=\"true\" class=\"wp-block-cover__background has-background-dim-60 has-background-dim\"><\/span><img loading=\"lazy\" decoding=\"async\" width=\"1620\" height=\"1080\" class=\"wp-block-cover__image-background wp-image-11144\" alt=\"\" src=\"https:\/\/bp2.eu\/wp-content\/uploads\/2022\/06\/bp2_master_roofer.jpg\" data-object-fit=\"cover\" srcset=\"https:\/\/bp2.eu\/wp-content\/uploads\/2022\/06\/bp2_master_roofer.jpg 1620w, https:\/\/bp2.eu\/wp-content\/uploads\/2022\/06\/bp2_master_roofer-820x547.jpg 820w, https:\/\/bp2.eu\/wp-content\/uploads\/2022\/06\/bp2_master_roofer-1024x683.jpg 1024w, https:\/\/bp2.eu\/wp-content\/uploads\/2022\/06\/bp2_master_roofer-768x512.jpg 768w, https:\/\/bp2.eu\/wp-content\/uploads\/2022\/06\/bp2_master_roofer-1536x1024.jpg 1536w\" sizes=\"auto, (max-width: 1620px) 100vw, 1620px\" \/><div class=\"wp-block-cover__inner-container is-layout-flow wp-block-cover-is-layout-flow\">\n<div style=\"height:100px\" aria-hidden=\"true\" class=\"wp-block-spacer is-style-medium-spacer\"><\/div>\n\n\n\n<h2 class=\"wp-block-heading is-style-h3\">MASTER ROOFER<\/h2>\n\n\n\n<p>Programa, pagal kuri\u0105 mokome stogdengius ir supa\u017eindiname juos su m\u016bs\u0173 si\u016blomais gaminiais.<\/p>\n\n\n\n<div class=\"wp-block-group\"><div class=\"wp-block-group__inner-container is-layout-flow wp-block-group-is-layout-flow\">\n<a href=\"#\"  class=\"button button--red \">TAPKITE M\u016aS\u0172 SERTIFIKUOTU STOGDENGIU!<\/a><\/div><\/div>\n<\/div><\/div>\n<\/div>\n\n\n\n<div class=\"wp-block-column is-layout-flow wp-block-column-is-layout-flow\">\n<div class=\"wp-block-cover is-style-content-from-bottom\"><span aria-hidden=\"true\" class=\"wp-block-cover__background has-background-dim-60 has-background-dim\"><\/span><img loading=\"lazy\" decoding=\"async\" width=\"526\" height=\"534\" class=\"wp-block-cover__image-background wp-image-5514\" alt=\"\" src=\"https:\/\/bp2.eu\/wp-content\/uploads\/2022\/03\/MASTER-ROOFER_01-07-2021-23.png\" data-object-fit=\"cover\"\/><div class=\"wp-block-cover__inner-container is-layout-flow wp-block-cover-is-layout-flow\">\n<div style=\"height:100px\" aria-hidden=\"true\" class=\"wp-block-spacer is-style-medium-spacer\"><\/div>\n\n\n\n<h2 class=\"wp-block-heading is-style-h3\"><strong>MEISTR\u0172 AKADEMIJA<\/strong><\/h2>\n\n\n\n<p>Autorin\u0117 praktini\u0173 mokym\u0173 programa, kuriai vadovauja stogdengyst\u0117s meistras Waldemaras Piela.<\/p>\n\n\n\n<div class=\"wp-block-group\"><div class=\"wp-block-group__inner-container is-layout-flow wp-block-group-is-layout-flow\">\n<a href=\"#\"  class=\"button button--red \">PRISIJUNKITE PRIE MEISTR\u0172 AKADEMIJOS!<\/a><\/div><\/div>\n<\/div><\/div>\n<\/div>\n\n\n\n<div class=\"wp-block-column is-layout-flow wp-block-column-is-layout-flow\">\n<div class=\"wp-block-cover is-style-content-from-bottom\"><span aria-hidden=\"true\" class=\"wp-block-cover__background has-background-dim-60 has-background-dim\"><\/span><img loading=\"lazy\" decoding=\"async\" width=\"1000\" height=\"667\" class=\"wp-block-cover__image-background wp-image-11148\" alt=\"\" src=\"https:\/\/bp2.eu\/wp-content\/uploads\/2022\/06\/bp2_mobilna_am.png\" data-object-fit=\"cover\" srcset=\"https:\/\/bp2.eu\/wp-content\/uploads\/2022\/06\/bp2_mobilna_am.png 1000w, https:\/\/bp2.eu\/wp-content\/uploads\/2022\/06\/bp2_mobilna_am-820x547.png 820w, https:\/\/bp2.eu\/wp-content\/uploads\/2022\/06\/bp2_mobilna_am-768x512.png 768w\" sizes=\"auto, (max-width: 1000px) 100vw, 1000px\" \/><div class=\"wp-block-cover__inner-container is-layout-flow wp-block-cover-is-layout-flow\">\n<div style=\"height:100px\" aria-hidden=\"true\" class=\"wp-block-spacer is-style-medium-spacer\"><\/div>\n\n\n\n<h2 class=\"wp-block-heading is-style-h3 has-white-color has-text-color\"><strong>MOBILIOJI MEISTR\u0172 AKADEMIJA<\/strong><\/h2>\n\n\n\n<p class=\"has-white-color has-text-color\">Mobilusis informacijos, tvirtinimo mokym\u0173, susitikim\u0173 su BP2 ekspertais centras ir maisto vagon\u0117lis.<\/p>\n\n\n\n<div class=\"wp-block-group\"><div class=\"wp-block-group__inner-container is-layout-flow wp-block-group-is-layout-flow\">\n<a href=\"#\"  class=\"button button--red \">APLANKYKITE MUS KELYJE!<\/a><\/div><\/div>\n<\/div><\/div>\n<\/div>\n<\/div>\n<\/div><\/div>\n\n\n\n<div style=\"height:100px\" aria-hidden=\"true\" class=\"wp-block-spacer is-style-smaller-spacer\"><\/div>\n","protected":false},"excerpt":{"rendered":"<p>YRA DALYK\u0172, KURI\u0172 VERTA IMTIS RINKODAROS VEIKLA M\u016bs\u0173 patikimumas ir atsakomyb\u0117 leid\u017eia mums kurti ilgalaikius ir atvirus santykius. D\u0117l to galime veikti socialiai, nuolat pl\u0117sdami apr\u0117pt\u012f. Tai leid\u017eia mums gerinti prek\u0117s \u017eenklo \u017einomum\u0105 Lenkijos ir u\u017esienio rinkose. \u012eSA PRIEMON\u0116S PREK\u0116S \u017dENKLO AMBASADORIUS BP2 prek\u0117s \u017eenklo ambasadorius nuo 2017 iki 2022 met\u0173 \u2013 Adamas Ma\u0142yszas. Geriausias [&hellip;]<\/p>\n","protected":false},"author":3,"featured_media":0,"parent":0,"menu_order":49,"comment_status":"closed","ping_status":"closed","template":"","meta":{"_acf_changed":false,"content-type":"","inline_featured_image":false,"footnotes":""},"class_list":["post-48359","page","type-page","status-publish","hentry"],"acf":[],"_links":{"self":[{"href":"https:\/\/bp2.eu\/lt\/wp-json\/wp\/v2\/pages\/48359","targetHints":{"allow":["GET"]}}],"collection":[{"href":"https:\/\/bp2.eu\/lt\/wp-json\/wp\/v2\/pages"}],"about":[{"href":"https:\/\/bp2.eu\/lt\/wp-json\/wp\/v2\/types\/page"}],"author":[{"embeddable":true,"href":"https:\/\/bp2.eu\/lt\/wp-json\/wp\/v2\/users\/3"}],"replies":[{"embeddable":true,"href":"https:\/\/bp2.eu\/lt\/wp-json\/wp\/v2\/comments?post=48359"}],"version-history":[{"count":0,"href":"https:\/\/bp2.eu\/lt\/wp-json\/wp\/v2\/pages\/48359\/revisions"}],"wp:attachment":[{"href":"https:\/\/bp2.eu\/lt\/wp-json\/wp\/v2\/media?parent=48359"}],"curies":[{"name":"wp","href":"https:\/\/api.w.org\/{rel}","templated":true}]}}