{"id":48366,"date":"2022-10-10T10:47:56","date_gmt":"2022-10-10T08:47:56","guid":{"rendered":"https:\/\/bp2.eu\/program-bp2-eshop\/"},"modified":"2023-01-11T14:18:28","modified_gmt":"2023-01-11T13:18:28","slug":"program-bp2-eshop","status":"publish","type":"page","link":"https:\/\/bp2.eu\/lt\/program-bp2-eshop\/","title":{"rendered":"BP2 ESHOP"},"content":{"rendered":"\n<div class=\"wp-block-group is-style-with-b2-background\"><div class=\"wp-block-group__inner-container is-layout-flow wp-block-group-is-layout-flow\">\n<div style=\"height:100px\" aria-hidden=\"true\" class=\"wp-block-spacer is-style-small-spacer\"><\/div>\n\n\n\n<p class=\"has-text-align-center noMarginBottom has-red-color has-text-color\"><strong><strong>PRAD\u0116KITE PARDAVIN\u0116TI INTERNETE BE APRIBOJIM\u0172<\/strong><\/strong><\/p>\n\n\n\n<h2 class=\"has-text-align-center noMarginTop noMarginBottom is-style-h1 wp-block-heading\" style=\"font-size:3.5em\">BP2 ESHOP<\/h2>\n\n\n\n<div style=\"height:100px\" aria-hidden=\"true\" class=\"wp-block-spacer is-style-small-spacer\"><\/div>\n<\/div><\/div>\n\n\n\n<div class=\"wp-block-group is-style-narrower-group\"><div class=\"wp-block-group__inner-container is-layout-flow wp-block-group-is-layout-flow\">\n<p class=\"has-text-align-center\" style=\"font-size:22px\">Internetin\u0117 pardavimo platforma, kuri\u0105 administruoja <strong>BP2<\/strong> kartu su \u012fgaliotuoju platintoju. Teising\u0105 platformos veikim\u0105 IT po\u017ei\u016briu visi\u0161kai garantuoja <strong>BP2.<\/strong> Platintojas gali laisvai pritaikyti svetain\u0119, pasi\u016blym\u0105 ir komercines s\u0105lygas.<\/p>\n<\/div><\/div>\n\n\n\n<div style=\"height:100px\" aria-hidden=\"true\" class=\"wp-block-spacer is-style-smaller-spacer\"><\/div>\n\n\n\n<div class=\"wp-block-group\"><div class=\"wp-block-group__inner-container is-layout-flow wp-block-group-is-layout-flow\">\n<div class=\"wp-block-columns is-style-grid fade-in is-layout-flex wp-container-core-columns-is-layout-9d6595d7 wp-block-columns-is-layout-flex\">\n<div class=\"wp-block-column is-layout-flow wp-block-column-is-layout-flow\">\n<div class=\"wp-block-cover is-light is-style-full-height\"><span aria-hidden=\"true\" class=\"wp-block-cover__background has-background-dim-0 has-background-dim\"><\/span><img loading=\"lazy\" decoding=\"async\" width=\"1306\" height=\"1864\" class=\"wp-block-cover__image-background wp-image-31207\" alt=\"\" src=\"https:\/\/bp2.eu\/wp-content\/uploads\/2022\/10\/BPACK.jpg\" style=\"object-position:33% 46%\" data-object-fit=\"cover\" data-object-position=\"33% 46%\" srcset=\"https:\/\/bp2.eu\/wp-content\/uploads\/2022\/10\/BPACK.jpg 1306w, https:\/\/bp2.eu\/wp-content\/uploads\/2022\/10\/BPACK-673x960.jpg 673w, https:\/\/bp2.eu\/wp-content\/uploads\/2022\/10\/BPACK-717x1024.jpg 717w, https:\/\/bp2.eu\/wp-content\/uploads\/2022\/10\/BPACK-768x1096.jpg 768w, https:\/\/bp2.eu\/wp-content\/uploads\/2022\/10\/BPACK-1076x1536.jpg 1076w\" sizes=\"auto, (max-width: 1306px) 100vw, 1306px\" \/><div class=\"wp-block-cover__inner-container is-layout-flow wp-block-cover-is-layout-flow\">\n<p class=\"has-text-align-center\"><\/p>\n<\/div><\/div>\n<\/div>\n\n\n\n<div class=\"wp-block-column is-vertically-aligned-center is-layout-flow wp-block-column-is-layout-flow\">\n<div class=\"wp-block-cover is-light is-style-full-width wp-duotone-8c00b7-fcff41-1\"><span aria-hidden=\"true\" class=\"wp-block-cover__background has-dark-gray-background-color has-background-dim-100 has-background-dim\"><\/span><div class=\"wp-block-cover__inner-container is-layout-flow wp-block-cover-is-layout-flow\">\n<figure class=\"wp-block-image size-large is-resized\"><img loading=\"lazy\" decoding=\"async\" src=\"https:\/\/bp2.eu\/wp-content\/uploads\/2022\/12\/bp2eshop.svg\" alt=\"\" class=\"wp-image-46330\" width=\"185\" height=\"113\"\/><\/figure>\n\n\n\n<p>Prekyba internete pastaraisiais metais labai reik\u0161mingai i\u0161augo. Kaip rodo \u201eGemius\u201c ataskaita, net 77 proc. interneto vartotoj\u0173 2021 metais bent kart\u0105 pasinaudojo galimybe pirkti internete. \u0160iuolaikinis pasaulis reikalauja i\u0161 m\u016bs\u0173 keisti rinkodaros priemones ir komunikacijos su klientais b\u016bdus, tod\u0117l nusprend\u0117me pasi\u016blyti skirtinius prekybos internetu sprendimus.<\/p>\n\n\n\n<p>Su m\u016bs\u0173 sprendimu po keli\u0173 dien\u0173 gal\u0117site d\u017eiaugtis funkcionalia ir d\u0117mes\u012f patraukian\u010dia interneto parduotuve.<\/p>\n\n\n\n<p>Teising\u0105 platformos veikim\u0105 informatikos po\u017ei\u016briu visi\u0161kai u\u017etikrina BP2. Naudojant m\u016bs\u0173 sprendim\u0105, nereikia r\u016bpintis skaitmenine sauga ir \u012fsigyti papildomos serverio erdv\u0117s, o pats parduotuv\u0117s valdymas nereikalauja pa\u017eangi\u0173 technini\u0173 \u017eini\u0173.<\/p>\n\n\n\n<p>Platintojas gali laisvai personalizuoti svetain\u0119 ir pasi\u016blym\u0105, taip pat komercines s\u0105lygas. J\u016bs\u0173 klientai gal\u0117s d\u017eiaugtis pirkiniais pasirinktame \u012frenginyje, o parduotuv\u0117je \u012fdiegtas mok\u0117jim\u0173 modulis leis Jums netrikdomai priimti atsiskaitymus u\u017e j\u016bs\u0173 gaminius padedant mok\u0117jim\u0173 operatoriui \u201ePayU\u201c.<\/p>\n\n\n\n<p><strong>Naudodami m\u016bs\u0173 sprendim\u0105 gal\u0117site d\u0117mes\u012f sutelkti \u012f pardavim\u0105, o mes pateiksime Jums visa kita. Daugiau informacijos galite gauti susisiek\u0119 su m\u016bs\u0173 prekybos atstovu.<\/strong><\/p>\n\n\n\n<a href=\"#\"  class=\"button button--red \">SUSISIEKITE SU PREKYBOS ATSTOVU<\/a>\n\n\n<div style=\"height:100px\" aria-hidden=\"true\" class=\"wp-block-spacer\"><\/div>\n<\/div><\/div>\n<\/div>\n<\/div>\n<\/div><\/div>\n\n\n\n<div class=\"wp-block-group has-white-background-color has-background\"><div class=\"wp-block-group__inner-container is-layout-flow wp-block-group-is-layout-flow\">\n<div style=\"height:100px\" aria-hidden=\"true\" class=\"wp-block-spacer is-style-smaller-spacer\"><\/div>\n\n\n\n<div class=\"wp-block-columns is-style-grid is-layout-flex wp-container-core-columns-is-layout-9d6595d7 wp-block-columns-is-layout-flex\">\n<div class=\"wp-block-column is-layout-flow wp-block-column-is-layout-flow\">\n<div class=\"wp-block-cover is-style-content-from-bottom\"><span aria-hidden=\"true\" class=\"wp-block-cover__background has-background-dim\"><\/span><img loading=\"lazy\" decoding=\"async\" width=\"1306\" height=\"1864\" class=\"wp-block-cover__image-background wp-image-30254\" alt=\"\" src=\"https:\/\/bp2.eu\/wp-content\/uploads\/2022\/09\/50-50-1.jpg\" style=\"object-position:83% 100%\" data-object-fit=\"cover\" data-object-position=\"83% 100%\" srcset=\"https:\/\/bp2.eu\/wp-content\/uploads\/2022\/09\/50-50-1.jpg 1306w, https:\/\/bp2.eu\/wp-content\/uploads\/2022\/09\/50-50-1-673x960.jpg 673w, https:\/\/bp2.eu\/wp-content\/uploads\/2022\/09\/50-50-1-717x1024.jpg 717w, https:\/\/bp2.eu\/wp-content\/uploads\/2022\/09\/50-50-1-768x1096.jpg 768w, https:\/\/bp2.eu\/wp-content\/uploads\/2022\/09\/50-50-1-1076x1536.jpg 1076w\" sizes=\"auto, (max-width: 1306px) 100vw, 1306px\" \/><div class=\"wp-block-cover__inner-container is-layout-flow wp-block-cover-is-layout-flow\">\n<div style=\"height:100px\" aria-hidden=\"true\" class=\"wp-block-spacer is-style-medium-spacer\"><\/div>\n\n\n\n<figure class=\"wp-block-image size-large is-resized\"><img loading=\"lazy\" decoding=\"async\" src=\"https:\/\/bp2.eu\/wp-content\/uploads\/2022\/12\/bp2-50-50.svg\" alt=\"\" class=\"wp-image-46309\" width=\"185\" height=\"113\"\/><\/figure>\n\n\n\n<p class=\"has-white-color has-text-color\">Programa skirta platintojams ir stogdengiams, pagal kuri\u0105 si\u016blom\u0173 gamini\u0173, patikim\u0173 darbo drabu\u017ei\u0173 ir auk\u0161tos kokyb\u0117s \u012franki\u0173 s\u0105naudomis perpus dalijasi BP2 ir u\u017esakovas. Gaminiai \u017eenklinami programos partneri\u0173 logotipu \u201eBP2 50:50\u201c.<\/p>\n\n\n\n<div class=\"wp-block-group\"><div class=\"wp-block-group__inner-container is-layout-flow wp-block-group-is-layout-flow\">\n<a href=\"#\"  class=\"button button--red \">PARSISI\u0172SKITE KATALOG\u0104 SU M\u016aS\u0172 DRABU\u017dIAIS<\/a><\/div><\/div>\n<\/div><\/div>\n<\/div>\n\n\n\n<div class=\"wp-block-column is-layout-flow wp-block-column-is-layout-flow\">\n<div class=\"wp-block-cover is-light is-style-content-from-bottom\"><span aria-hidden=\"true\" class=\"wp-block-cover__background has-background-dim\"><\/span><img loading=\"lazy\" decoding=\"async\" width=\"1306\" height=\"1864\" class=\"wp-block-cover__image-background wp-image-31334\" alt=\"\" src=\"https:\/\/bp2.eu\/wp-content\/uploads\/2022\/10\/AD.jpg\" style=\"object-position:52% 97%\" data-object-fit=\"cover\" data-object-position=\"52% 97%\" srcset=\"https:\/\/bp2.eu\/wp-content\/uploads\/2022\/10\/AD.jpg 1306w, https:\/\/bp2.eu\/wp-content\/uploads\/2022\/10\/AD-673x960.jpg 673w, https:\/\/bp2.eu\/wp-content\/uploads\/2022\/10\/AD-717x1024.jpg 717w, https:\/\/bp2.eu\/wp-content\/uploads\/2022\/10\/AD-768x1096.jpg 768w, https:\/\/bp2.eu\/wp-content\/uploads\/2022\/10\/AD-1076x1536.jpg 1076w\" sizes=\"auto, (max-width: 1306px) 100vw, 1306px\" \/><div class=\"wp-block-cover__inner-container is-layout-flow wp-block-cover-is-layout-flow\">\n<div style=\"height:100px\" aria-hidden=\"true\" class=\"wp-block-spacer is-style-medium-spacer\"><\/div>\n\n\n\n<figure class=\"wp-block-image size-large is-resized\"><img loading=\"lazy\" decoding=\"async\" src=\"https:\/\/bp2.eu\/wp-content\/uploads\/2022\/12\/bp2-ad.svg\" alt=\"\" class=\"wp-image-46316\" width=\"185\" height=\"113\"\/><\/figure>\n\n\n\n<p class=\"has-white-color has-text-color\">Siekdami patenkinti m\u016bs\u0173 platintoj\u0173 l\u016bkes\u010dius, suk\u016br\u0117me kompleksin\u0119 BP2 gamini\u0173 pardavimo palaikymo program\u0105. \u0160iuo metu pardavimo palaikymo veikla yra orientuota \u012f skaitmenin\u0119 rinkodar\u0105 ir vietines interneto kampanijas. M\u016bs\u0173 skyrius pasireng\u0119s suteikti visus b\u016btinus patarimus.<\/p>\n\n\n\n<div class=\"wp-block-group\"><div class=\"wp-block-group__inner-container is-layout-flow wp-block-group-is-layout-flow\">\n<a href=\"#\"  class=\"button button--red \">PARSISI\u0172SKITE KATALOG\u0104 SU M\u016aS\u0172 DRABU\u017dIAIS<\/a><\/div><\/div>\n<\/div><\/div>\n<\/div>\n\n\n\n<div class=\"wp-block-column is-layout-flow wp-block-column-is-layout-flow\">\n<div class=\"wp-block-cover is-light is-style-content-from-bottom\"><span aria-hidden=\"true\" class=\"wp-block-cover__background has-background-dim\"><\/span><img loading=\"lazy\" decoding=\"async\" width=\"1306\" height=\"1864\" class=\"wp-block-cover__image-background wp-image-31260\" alt=\"\" src=\"https:\/\/bp2.eu\/wp-content\/uploads\/2022\/10\/BPACK-v2.jpg\" style=\"object-position:54% 90%\" data-object-fit=\"cover\" data-object-position=\"54% 90%\" srcset=\"https:\/\/bp2.eu\/wp-content\/uploads\/2022\/10\/BPACK-v2.jpg 1306w, https:\/\/bp2.eu\/wp-content\/uploads\/2022\/10\/BPACK-v2-673x960.jpg 673w, https:\/\/bp2.eu\/wp-content\/uploads\/2022\/10\/BPACK-v2-717x1024.jpg 717w, https:\/\/bp2.eu\/wp-content\/uploads\/2022\/10\/BPACK-v2-768x1096.jpg 768w, https:\/\/bp2.eu\/wp-content\/uploads\/2022\/10\/BPACK-v2-1076x1536.jpg 1076w\" sizes=\"auto, (max-width: 1306px) 100vw, 1306px\" \/><div class=\"wp-block-cover__inner-container is-layout-flow wp-block-cover-is-layout-flow\">\n<div style=\"height:100px\" aria-hidden=\"true\" class=\"wp-block-spacer is-style-medium-spacer\"><\/div>\n\n\n\n<figure class=\"wp-block-image size-large is-resized\"><img loading=\"lazy\" decoding=\"async\" src=\"https:\/\/bp2.eu\/wp-content\/uploads\/2022\/12\/bp2-bpack.svg\" alt=\"\" class=\"wp-image-46323\" width=\"163\" height=\"113\"\/><\/figure>\n\n\n\n<p class=\"has-white-color has-text-color\">Rinkodaros priemon\u0117 skirta platintojams, pagal kuri\u0105 u\u017e du kartus per metus skiriamus ta\u0161kus m\u016bs\u0173 svetain\u0117je platintojas savaranki\u0161kai komplektuoja programoje si\u016blom\u0173 rinkodaros priemoni\u0173 krep\u0161el\u012f.<\/p>\n\n\n\n<div class=\"wp-block-group\"><div class=\"wp-block-group__inner-container is-layout-flow wp-block-group-is-layout-flow\">\n<a href=\"#\"  class=\"button button--red \">SU\u017dINOKITE DAUGIAU APIE PROGRAM\u0104<\/a><\/div><\/div>\n<\/div><\/div>\n<\/div>\n<\/div>\n\n\n\n<div style=\"height:100px\" aria-hidden=\"true\" class=\"wp-block-spacer is-style-small-spacer\"><\/div>\n<\/div><\/div>\n\n\n\n<div style=\"height:100px\" aria-hidden=\"true\" class=\"wp-block-spacer is-style-smaller-spacer\"><\/div>\n","protected":false},"excerpt":{"rendered":"<p>PRAD\u0116KITE PARDAVIN\u0116TI INTERNETE BE APRIBOJIM\u0172 BP2 ESHOP Internetin\u0117 pardavimo platforma, kuri\u0105 administruoja BP2 kartu su \u012fgaliotuoju platintoju. Teising\u0105 platformos veikim\u0105 IT po\u017ei\u016briu visi\u0161kai garantuoja BP2. Platintojas gali laisvai pritaikyti svetain\u0119, pasi\u016blym\u0105 ir komercines s\u0105lygas.<\/p>\n","protected":false},"author":6,"featured_media":0,"parent":0,"menu_order":66,"comment_status":"closed","ping_status":"closed","template":"","meta":{"_acf_changed":false,"content-type":"","inline_featured_image":false,"footnotes":""},"class_list":["post-48366","page","type-page","status-publish","hentry"],"acf":[],"_links":{"self":[{"href":"https:\/\/bp2.eu\/lt\/wp-json\/wp\/v2\/pages\/48366","targetHints":{"allow":["GET"]}}],"collection":[{"href":"https:\/\/bp2.eu\/lt\/wp-json\/wp\/v2\/pages"}],"about":[{"href":"https:\/\/bp2.eu\/lt\/wp-json\/wp\/v2\/types\/page"}],"author":[{"embeddable":true,"href":"https:\/\/bp2.eu\/lt\/wp-json\/wp\/v2\/users\/6"}],"replies":[{"embeddable":true,"href":"https:\/\/bp2.eu\/lt\/wp-json\/wp\/v2\/comments?post=48366"}],"version-history":[{"count":0,"href":"https:\/\/bp2.eu\/lt\/wp-json\/wp\/v2\/pages\/48366\/revisions"}],"wp:attachment":[{"href":"https:\/\/bp2.eu\/lt\/wp-json\/wp\/v2\/media?parent=48366"}],"curies":[{"name":"wp","href":"https:\/\/api.w.org\/{rel}","templated":true}]}}