{"id":48375,"date":"2022-08-12T15:11:59","date_gmt":"2022-08-12T13:11:59","guid":{"rendered":"https:\/\/bp2.eu\/program-bp2-50-50\/"},"modified":"2025-09-03T15:11:19","modified_gmt":"2025-09-03T13:11:19","slug":"program-bp2-50-50","status":"publish","type":"page","link":"https:\/\/bp2.eu\/lt\/program-bp2-50-50\/","title":{"rendered":"BP2 50:50"},"content":{"rendered":"\n<div class=\"wp-block-group is-style-with-b2-background\"><div class=\"wp-block-group__inner-container is-layout-flow wp-block-group-is-layout-flow\">\n<div style=\"height:100px\" aria-hidden=\"true\" class=\"wp-block-spacer is-style-small-spacer\"><\/div>\n\n\n\n<p class=\"has-text-align-center noMarginBottom has-red-color has-text-color\"><strong><strong><strong>PATOG\u016aS IR DARBO SAUG\u0104 U\u017dTIKRINANTYS DARBO DRABU\u017dIAIS SU U\u017dRA\u0160AIS \u2013 IDEALUS \u012eMON\u0116S PRISTATYMO B\u016aDAS<\/strong><\/strong><\/strong><\/p>\n\n\n\n<h2 class=\"wp-block-heading has-text-align-center noMarginTop noMarginBottom is-style-h1\" style=\"font-size:3.5em\">BP2 50:50<\/h2>\n\n\n\n<div style=\"height:100px\" aria-hidden=\"true\" class=\"wp-block-spacer is-style-small-spacer\"><\/div>\n<\/div><\/div>\n\n\n\n<div class=\"wp-block-group is-style-narrower-group\"><div class=\"wp-block-group__inner-container is-layout-flow wp-block-group-is-layout-flow\">\n<p class=\"has-text-align-center\" style=\"font-size:22px\">Programa skirta platintojams ir stogdengiams, pagal kuri\u0105 si\u016blom\u0173 gamini\u0173, patikim\u0173 darbo drabu\u017ei\u0173 ir auk\u0161tos kokyb\u0117s \u012franki\u0173 s\u0105naudomis perpus dalijasi BP2 ir u\u017esakovas. Gaminiai \u017eenklinami programos partneri\u0173 logotipu \u201eBP2 50:50\u201c.<\/p>\n<\/div><\/div>\n\n\n\n<div style=\"height:100px\" aria-hidden=\"true\" class=\"wp-block-spacer is-style-smaller-spacer\"><\/div>\n\n\n\n<div class=\"wp-block-group\"><div class=\"wp-block-group__inner-container is-layout-flow wp-block-group-is-layout-flow\">\n<div class=\"wp-block-columns is-style-grid fade-in is-layout-flex wp-container-core-columns-is-layout-9d6595d7 wp-block-columns-is-layout-flex\">\n<div class=\"wp-block-column is-layout-flow wp-block-column-is-layout-flow\">\n<div class=\"wp-block-cover is-style-full-height\"><img loading=\"lazy\" decoding=\"async\" width=\"1306\" height=\"1864\" class=\"wp-block-cover__image-background wp-image-57780\" alt=\"\" src=\"https:\/\/bp2.eu\/wp-content\/uploads\/2023\/02\/50-50-bp2-1.jpeg\" data-object-fit=\"cover\" srcset=\"https:\/\/bp2.eu\/wp-content\/uploads\/2023\/02\/50-50-bp2-1.jpeg 1306w, https:\/\/bp2.eu\/wp-content\/uploads\/2023\/02\/50-50-bp2-1-673x960.jpeg 673w, https:\/\/bp2.eu\/wp-content\/uploads\/2023\/02\/50-50-bp2-1-717x1024.jpeg 717w, https:\/\/bp2.eu\/wp-content\/uploads\/2023\/02\/50-50-bp2-1-768x1096.jpeg 768w, https:\/\/bp2.eu\/wp-content\/uploads\/2023\/02\/50-50-bp2-1-1076x1536.jpeg 1076w\" sizes=\"auto, (max-width: 1306px) 100vw, 1306px\" \/><span aria-hidden=\"true\" class=\"wp-block-cover__background has-background-dim-0 has-background-dim\"><\/span><div class=\"wp-block-cover__inner-container is-layout-flow wp-block-cover-is-layout-flow\">\n<p class=\"has-text-align-center\"><\/p>\n<\/div><\/div>\n<\/div>\n\n\n\n<div class=\"wp-block-column is-layout-flow wp-block-column-is-layout-flow\">\n<div class=\"wp-block-cover is-light is-style-full-width wp-duotone-8c00b7-fcff41-1\"><span aria-hidden=\"true\" class=\"wp-block-cover__background has-dark-gray-background-color has-background-dim-100 has-background-dim\"><\/span><div class=\"wp-block-cover__inner-container is-layout-flow wp-block-cover-is-layout-flow\">\n<figure class=\"wp-block-image size-full is-resized\"><img decoding=\"async\" src=\"https:\/\/bp2.eu\/wp-content\/uploads\/2023\/04\/bp2-50-50.svg\" alt=\"\" class=\"wp-image-63389\" style=\"width:185px;height:113px\"\/><\/figure>\n\n\n\n<p>Darbo drabu\u017eiai \u2013 kiekvienam darbuotojui b\u016btinas daiktas. Tai \u2013 puiki J\u016bs\u0173 \u012fmon\u0117s vizitin\u0117 kortel\u0117, kuri pad\u0117t\u0173 stiprinti prek\u0117s \u017eenklo \u017einomum\u0105 klient\u0173 akyse bei j\u016bs\u0173 darbuotoj\u0173 vienyb\u0117s ir prisiri\u0161imo prie \u012fmon\u0117s jausm\u0105.<\/p>\n\n\n\n<p>Darbo drabu\u017eius papildo stogdengi\u0173 gad\u017eetai ir \u012frankiai, pagaminti i\u0161 auk\u0161tos kokyb\u0117s med\u017eiag\u0173, kurie u\u017etikrina darbo komfort\u0105 ir saug\u0105.<\/p>\n\n\n\n<p><strong>M\u016bs\u0173 programoje si\u016blome puikios kokyb\u0117s darbo drabu\u017eius, pritaikytus \u012fvairioms s\u0105lygoms<\/strong> \u2013 saugo nuo galim\u0173 pavoj\u0173, suteikia visi\u0161k\u0105 judesi\u0173 laisv\u0119, o j\u0173 i\u0161vaizda pritraukia d\u0117mes\u012f ir stiprina J\u016bs\u0173 prek\u0117s \u017eenklo \u017einomum\u0105.<\/p>\n\n\n\n<a href=\"https:\/\/bp2.eu\/wp-content\/uploads\/2023\/02\/Katalogas-50-50-BP2-LT-09-2025.pdf\"  class=\"button button--red \">PARSISI\u0172SKITE KATALOG\u0104 SU M\u016aS\u0172 DRABU\u017dIAIS<\/a>\n\n\n<a href=\"https:\/\/bp2.eu\/wp-content\/uploads\/2024\/09\/Forma-50-50-BP2-LT-09-2025.pdf\"  class=\"button button--black \">Atsisi\u0173skite 50:50 u\u017esakymo form\u0105<\/a>\n\n\n<div style=\"height:100px\" aria-hidden=\"true\" class=\"wp-block-spacer\"><\/div>\n<\/div><\/div>\n<\/div>\n<\/div>\n<\/div><\/div>\n\n\n\n<div class=\"wp-block-group has-white-background-color has-background\"><div class=\"wp-block-group__inner-container is-layout-flow wp-block-group-is-layout-flow\">\n<div style=\"height:100px\" aria-hidden=\"true\" class=\"wp-block-spacer is-style-smaller-spacer\"><\/div>\n\n\n\n<div class=\"wp-block-columns is-style-grid is-layout-flex wp-container-core-columns-is-layout-9d6595d7 wp-block-columns-is-layout-flex\">\n<div class=\"wp-block-column is-layout-flow wp-block-column-is-layout-flow\">\n<div class=\"wp-block-cover is-light is-style-content-from-bottom\"><img loading=\"lazy\" decoding=\"async\" width=\"1306\" height=\"1864\" class=\"wp-block-cover__image-background wp-image-31260\" alt=\"\" src=\"https:\/\/bp2.eu\/wp-content\/uploads\/2022\/10\/BPACK-v2.jpg\" style=\"object-position:48% 100%\" data-object-fit=\"cover\" data-object-position=\"48% 100%\" srcset=\"https:\/\/bp2.eu\/wp-content\/uploads\/2022\/10\/BPACK-v2.jpg 1306w, https:\/\/bp2.eu\/wp-content\/uploads\/2022\/10\/BPACK-v2-673x960.jpg 673w, https:\/\/bp2.eu\/wp-content\/uploads\/2022\/10\/BPACK-v2-717x1024.jpg 717w, https:\/\/bp2.eu\/wp-content\/uploads\/2022\/10\/BPACK-v2-768x1096.jpg 768w, https:\/\/bp2.eu\/wp-content\/uploads\/2022\/10\/BPACK-v2-1076x1536.jpg 1076w\" sizes=\"auto, (max-width: 1306px) 100vw, 1306px\" \/><span aria-hidden=\"true\" class=\"wp-block-cover__background has-background-dim\"><\/span><div class=\"wp-block-cover__inner-container is-layout-flow wp-block-cover-is-layout-flow\">\n<div style=\"height:100px\" aria-hidden=\"true\" class=\"wp-block-spacer is-style-medium-spacer\"><\/div>\n\n\n\n<figure class=\"wp-block-image size-large is-resized\"><img decoding=\"async\" src=\"https:\/\/bp2.eu\/wp-content\/uploads\/\/2025\/09\/bp2-bpack.svg\" alt=\"bp2 bpack icon\" class=\"wp-image-103540\" style=\"width:163px;height:113px\"\/><\/figure>\n\n\n\n<p class=\"has-white-color has-text-color\">Rinkodaros priemon\u0117 skirta platintojams, pagal kuri\u0105 u\u017e du kartus per metus skiriamus ta\u0161kus m\u016bs\u0173 svetain\u0117je platintojas savaranki\u0161kai komplektuoja programoje si\u016blom\u0173 rinkodaros priemoni\u0173 krep\u0161el\u012f.<\/p>\n\n\n\n<div class=\"wp-block-group\"><div class=\"wp-block-group__inner-container is-layout-flow wp-block-group-is-layout-flow\">\n<a href=\"https:\/\/bp2.eu\/lt\/program-bp2-bpack\/\"  class=\"button button--red \">SU\u017dINOKITE DAUGIAU APIE PROGRAM\u0104<\/a><\/div><\/div>\n<\/div><\/div>\n<\/div>\n\n\n\n<div class=\"wp-block-column is-layout-flow wp-block-column-is-layout-flow\">\n<div class=\"wp-block-cover is-light is-style-content-from-bottom\"><img loading=\"lazy\" decoding=\"async\" width=\"1306\" height=\"1864\" class=\"wp-block-cover__image-background wp-image-31334\" alt=\"\" src=\"https:\/\/bp2.eu\/wp-content\/uploads\/2022\/10\/AD.jpg\" style=\"object-position:45% 100%\" data-object-fit=\"cover\" data-object-position=\"45% 100%\" srcset=\"https:\/\/bp2.eu\/wp-content\/uploads\/2022\/10\/AD.jpg 1306w, https:\/\/bp2.eu\/wp-content\/uploads\/2022\/10\/AD-673x960.jpg 673w, https:\/\/bp2.eu\/wp-content\/uploads\/2022\/10\/AD-717x1024.jpg 717w, https:\/\/bp2.eu\/wp-content\/uploads\/2022\/10\/AD-768x1096.jpg 768w, https:\/\/bp2.eu\/wp-content\/uploads\/2022\/10\/AD-1076x1536.jpg 1076w\" sizes=\"auto, (max-width: 1306px) 100vw, 1306px\" \/><span aria-hidden=\"true\" class=\"wp-block-cover__background has-background-dim\"><\/span><div class=\"wp-block-cover__inner-container is-layout-flow wp-block-cover-is-layout-flow\">\n<div style=\"height:100px\" aria-hidden=\"true\" class=\"wp-block-spacer is-style-medium-spacer\"><\/div>\n\n\n\n<figure class=\"wp-block-image size-large is-resized\"><img decoding=\"async\" src=\"https:\/\/bp2.eu\/wp-content\/uploads\/\/2025\/09\/bp2-ad.svg\" alt=\"bp2 authorised d\" class=\"wp-image-103548\" style=\"width:185px;height:113px\"\/><\/figure>\n\n\n\n<p class=\"has-white-color has-text-color\">Wychodz\u0105c naprzeciw oczekiwaniom naszych dystrybutor\u00f3w, stworzyli\u015bmy kompleksowy program wsparcia sprzeda\u017cy produkt\u00f3w&nbsp;BP2. Obecnie dzia\u0142ania wspieraj\u0105ce sprzeda\u017c koncentruj\u0105 si\u0119 wok\u00f3\u0142 digital marketingu, nasz dzia\u0142 jest got\u00f3w udzieli\u0107 wszelkich niezb\u0119dnych porad oraz aktywnie wsp\u00f3\u0142dzia\u0142a\u0107 dla uzyskania wsp\u00f3lnego celu.&nbsp;<\/p>\n\n\n\n<div class=\"wp-block-group\"><div class=\"wp-block-group__inner-container is-layout-flow wp-block-group-is-layout-flow\">\n<a href=\"https:\/\/bp2.eu\/lt\/program-bp2-authorised-distributor\/\"  class=\"button button--red \">SU\u017dINOKITE DAUGIAU APIE PROGRAM\u0104<\/a><\/div><\/div>\n<\/div><\/div>\n<\/div>\n\n\n\n<div class=\"wp-block-column is-layout-flow wp-block-column-is-layout-flow\">\n<div class=\"wp-block-cover is-light is-style-content-from-bottom\"><img loading=\"lazy\" decoding=\"async\" width=\"1306\" height=\"1864\" class=\"wp-block-cover__image-background wp-image-31207\" alt=\"\" src=\"https:\/\/bp2.eu\/wp-content\/uploads\/2022\/10\/BPACK.jpg\" style=\"object-position:51% 100%\" data-object-fit=\"cover\" data-object-position=\"51% 100%\" srcset=\"https:\/\/bp2.eu\/wp-content\/uploads\/2022\/10\/BPACK.jpg 1306w, https:\/\/bp2.eu\/wp-content\/uploads\/2022\/10\/BPACK-673x960.jpg 673w, https:\/\/bp2.eu\/wp-content\/uploads\/2022\/10\/BPACK-717x1024.jpg 717w, https:\/\/bp2.eu\/wp-content\/uploads\/2022\/10\/BPACK-768x1096.jpg 768w, https:\/\/bp2.eu\/wp-content\/uploads\/2022\/10\/BPACK-1076x1536.jpg 1076w\" sizes=\"auto, (max-width: 1306px) 100vw, 1306px\" \/><span aria-hidden=\"true\" class=\"wp-block-cover__background has-background-dim\"><\/span><div class=\"wp-block-cover__inner-container is-layout-flow wp-block-cover-is-layout-flow\">\n<div style=\"height:100px\" aria-hidden=\"true\" class=\"wp-block-spacer is-style-medium-spacer\"><\/div>\n\n\n\n<figure class=\"wp-block-image size-large is-resized\"><img decoding=\"async\" src=\"https:\/\/bp2.eu\/wp-content\/uploads\/\/2025\/09\/bp2eshop.svg\" alt=\"bp2 eshop\" class=\"wp-image-103556\" style=\"width:185px;height:113px\"\/><\/figure>\n\n\n\n<p class=\"has-white-color has-text-color\">Internetin\u0117 pardavimo platforma, kuri\u0105 administruoja BP2 kartu su \u012fgaliotuoju platintoju. Teising\u0105 platformos veikim\u0105 IT po\u017ei\u016briu visi\u0161kai garantuoja BP2. Platintojas gali laisvai pritaikyti svetain\u0119, pasi\u016blym\u0105 ir komercines s\u0105lygas.<\/p>\n\n\n\n<div class=\"wp-block-group\"><div class=\"wp-block-group__inner-container is-layout-flow wp-block-group-is-layout-flow\">\n<a href=\"https:\/\/bp2.eu\/lt\/program-bp2-eshop\/\"  class=\"button button--red \">SU\u017dINOKITE DAUGIAU APIE PROGRAM\u0104<\/a><\/div><\/div>\n<\/div><\/div>\n<\/div>\n<\/div>\n\n\n\n<div style=\"height:100px\" aria-hidden=\"true\" class=\"wp-block-spacer is-style-small-spacer\"><\/div>\n<\/div><\/div>\n\n\n\n<div style=\"height:100px\" aria-hidden=\"true\" class=\"wp-block-spacer is-style-smaller-spacer\"><\/div>\n","protected":false},"excerpt":{"rendered":"<p>PATOG\u016aS IR DARBO SAUG\u0104 U\u017dTIKRINANTYS DARBO DRABU\u017dIAIS SU U\u017dRA\u0160AIS \u2013 IDEALUS \u012eMON\u0116S PRISTATYMO B\u016aDAS BP2 50:50 Programa skirta platintojams ir stogdengiams, pagal kuri\u0105 si\u016blom\u0173 gamini\u0173, patikim\u0173 darbo drabu\u017ei\u0173 ir auk\u0161tos kokyb\u0117s \u012franki\u0173 s\u0105naudomis perpus dalijasi BP2 ir u\u017esakovas. Gaminiai \u017eenklinami programos partneri\u0173 logotipu \u201eBP2 50:50\u201c.<\/p>\n","protected":false},"author":6,"featured_media":0,"parent":0,"menu_order":82,"comment_status":"closed","ping_status":"closed","template":"","meta":{"_acf_changed":false,"content-type":"","inline_featured_image":false,"footnotes":""},"class_list":["post-48375","page","type-page","status-publish","hentry"],"acf":[],"_links":{"self":[{"href":"https:\/\/bp2.eu\/lt\/wp-json\/wp\/v2\/pages\/48375","targetHints":{"allow":["GET"]}}],"collection":[{"href":"https:\/\/bp2.eu\/lt\/wp-json\/wp\/v2\/pages"}],"about":[{"href":"https:\/\/bp2.eu\/lt\/wp-json\/wp\/v2\/types\/page"}],"author":[{"embeddable":true,"href":"https:\/\/bp2.eu\/lt\/wp-json\/wp\/v2\/users\/6"}],"replies":[{"embeddable":true,"href":"https:\/\/bp2.eu\/lt\/wp-json\/wp\/v2\/comments?post=48375"}],"version-history":[{"count":5,"href":"https:\/\/bp2.eu\/lt\/wp-json\/wp\/v2\/pages\/48375\/revisions"}],"predecessor-version":[{"id":103665,"href":"https:\/\/bp2.eu\/lt\/wp-json\/wp\/v2\/pages\/48375\/revisions\/103665"}],"wp:attachment":[{"href":"https:\/\/bp2.eu\/lt\/wp-json\/wp\/v2\/media?parent=48375"}],"curies":[{"name":"wp","href":"https:\/\/api.w.org\/{rel}","templated":true}]}}