{"id":48378,"date":"2022-08-12T14:53:11","date_gmt":"2022-08-12T12:53:11","guid":{"rendered":"https:\/\/bp2.eu\/podstawowe-funkcje-systemu-eprofil\/"},"modified":"2023-01-11T14:28:41","modified_gmt":"2023-01-11T13:28:41","slug":"eprofil-sistemos-funkcijos","status":"publish","type":"page","link":"https:\/\/bp2.eu\/lt\/eprofil-sistemos-funkcijos\/","title":{"rendered":"EPROFIL \u2013 SISTEMOS FUNKCIJOS"},"content":{"rendered":"\n<div class=\"wp-block-group is-style-with-b2-background\"><div class=\"wp-block-group__inner-container is-layout-flow wp-block-group-is-layout-flow\">\n<div style=\"height:100px\" aria-hidden=\"true\" class=\"wp-block-spacer is-style-small-spacer\"><\/div>\n\n\n\n<p class=\"has-text-align-center noMarginBottom has-red-color has-text-color\"><strong>S\u0104 RZECZY, KT\u00d3RE MUSZ\u0104 BY\u0106 FUNKCJONALNE<\/strong><\/p>\n\n\n\n<h2 class=\"has-text-align-center noMarginTop noMarginBottom is-style-h1 wp-block-heading\" style=\"font-size:3.5em\"><strong>EPROFIL \u2013 SISTEMOS FUNKCIJOS<\/strong><\/h2>\n\n\n\n<div style=\"height:100px\" aria-hidden=\"true\" class=\"wp-block-spacer is-style-small-spacer\"><\/div>\n<\/div><\/div>\n\n\n\n<div class=\"wp-block-group is-style-narrower-group\"><div class=\"wp-block-group__inner-container is-layout-flow wp-block-group-is-layout-flow\">\n<p class=\"has-text-align-center\" style=\"font-size:22px\">Susipa\u017einkite su m\u016bs\u0173 sistemos funkcijomis ir su\u017einokite, kokias galimybes ji si\u016blo. Lengvai naudojama ir intuityvi platforma pad\u0117s \u012fgyvendinti J\u016bs\u0173 \u012fmon\u0117s tikslus.<\/p>\n<\/div><\/div>\n\n\n\n<div class=\"wp-block-group\"><div class=\"wp-block-group__inner-container is-layout-flow wp-block-group-is-layout-flow\">\n<div style=\"height:100px\" aria-hidden=\"true\" class=\"wp-block-spacer is-style-smaller-spacer\"><\/div>\n\n\n\n<div class=\"wp-block-columns is-style-grid fade-in is-layout-flex wp-container-core-columns-is-layout-9d6595d7 wp-block-columns-is-layout-flex\">\n<div class=\"wp-block-column is-layout-flow wp-block-column-is-layout-flow\">\r\n<div class=\"section__data\" data-section=\"Podstawowe Funkcje Systemu \"><\/div>\n\n\n<div class=\"wp-block-cover is-light is-style-full-width wp-duotone-8c00b7-fcff41-1\"><span aria-hidden=\"true\" class=\"wp-block-cover__background has-dark-gray-background-color has-background-dim-100 has-background-dim\"><\/span><div class=\"wp-block-cover__inner-container is-layout-flow wp-block-cover-is-layout-flow\">\n<h2 class=\"is-style-h3 wp-block-heading\"><strong>\u201eeProfil\u201c \u2013 Pagrindin\u0117s sistemos funkcijos<\/strong><\/h2>\n\n\n\n<p>M\u016bs\u0173 svetain\u0117 \u2013 interaktyvi duomen\u0173 main\u0173 platforma, leid\u017eianti greitai ir intuityviai pasiekti informacij\u0105 ir gauti profesional\u0173 paslaugas.<\/p>\n\n\n\n<h4 class=\"wp-block-heading\">Pagrindin\u0117s sistemoje si\u016blomos funkcijos:<\/h4>\n\n\n\n<div class=\"wp-block-group\"><div class=\"wp-block-group__inner-container is-layout-flow wp-block-group-is-layout-flow\">\n<div class=\"wp-block-columns is-not-stacked-on-mobile is-style-icon-and-text is-layout-flex wp-container-core-columns-is-layout-9d6595d7 wp-block-columns-is-layout-flex\">\n<div class=\"wp-block-column is-vertically-aligned-center is-layout-flow wp-block-column-is-layout-flow\"><div class=\"wp-block-image\">\n<figure class=\"alignright size-large is-resized\"><img loading=\"lazy\" decoding=\"async\" src=\"https:\/\/bp2.eu\/wp-content\/uploads\/2022\/12\/eprofil_PDF.svg\" alt=\"\" class=\"wp-image-46577\" width=\"113\" height=\"113\"\/><\/figure>\n<\/div><\/div>\n\n\n\n<div class=\"wp-block-column is-vertically-aligned-center is-layout-flow wp-block-column-is-layout-flow\">\n<p class=\"has-text-align-left\">Galiojantys gamini\u0173 kainora\u0161\u010diai ir vykstan\u010dios akcijos.<\/p>\n<\/div>\n<\/div>\n<\/div><\/div>\n\n\n\n<div class=\"wp-block-group\"><div class=\"wp-block-group__inner-container is-layout-flow wp-block-group-is-layout-flow\">\n<div class=\"wp-block-columns is-not-stacked-on-mobile is-style-icon-and-text is-layout-flex wp-container-core-columns-is-layout-9d6595d7 wp-block-columns-is-layout-flex\">\n<div class=\"wp-block-column is-vertically-aligned-center is-layout-flow wp-block-column-is-layout-flow\"><div class=\"wp-block-image\">\n<figure class=\"alignright size-large is-resized\"><img loading=\"lazy\" decoding=\"async\" src=\"https:\/\/bp2.eu\/wp-content\/uploads\/2022\/12\/eprofil_dodaj-zamowenie.svg\" alt=\"\" class=\"wp-image-46570\" width=\"113\" height=\"113\"\/><\/figure>\n<\/div><\/div>\n\n\n\n<div class=\"wp-block-column is-vertically-aligned-center is-layout-flow wp-block-column-is-layout-flow\">\n<p class=\"has-text-align-left is-style-default\">Paprastas ir spartus u\u017esakym\u0173 suvedimas sistemoje, kuris smarkiai paspartins J\u016bs\u0173 darb\u0105.<\/p>\n<\/div>\n<\/div>\n<\/div><\/div>\n\n\n\n<div class=\"wp-block-group\"><div class=\"wp-block-group__inner-container is-layout-flow wp-block-group-is-layout-flow\">\n<div class=\"wp-block-columns is-not-stacked-on-mobile is-style-icon-and-text is-layout-flex wp-container-core-columns-is-layout-9d6595d7 wp-block-columns-is-layout-flex\">\n<div class=\"wp-block-column is-vertically-aligned-center is-layout-flow wp-block-column-is-layout-flow\"><div class=\"wp-block-image\">\n<figure class=\"alignright size-large is-resized\"><img loading=\"lazy\" decoding=\"async\" src=\"https:\/\/bp2.eu\/wp-content\/uploads\/2022\/12\/eprofil_profil.svg\" alt=\"\" class=\"wp-image-46563\" width=\"113\" height=\"113\"\/><\/figure>\n<\/div><\/div>\n\n\n\n<div class=\"wp-block-column is-vertically-aligned-center is-layout-flow wp-block-column-is-layout-flow\">\n<p class=\"has-text-align-left\">I\u0161pl\u0117totas pasi\u016blym\u0173 rengimo klientams mechanizmas su galimybe personalizuoti ir suteikti bet koki\u0105 nuolaid\u0105.<\/p>\n<\/div>\n<\/div>\n<\/div><\/div>\n\n\n\n<div class=\"wp-block-group\"><div class=\"wp-block-group__inner-container is-layout-flow wp-block-group-is-layout-flow\">\n<div class=\"wp-block-columns is-not-stacked-on-mobile is-style-icon-and-text is-layout-flex wp-container-core-columns-is-layout-9d6595d7 wp-block-columns-is-layout-flex\">\n<div class=\"wp-block-column is-vertically-aligned-center is-layout-flow wp-block-column-is-layout-flow\"><div class=\"wp-block-image\">\n<figure class=\"alignright size-large is-resized\"><img loading=\"lazy\" decoding=\"async\" src=\"https:\/\/bp2.eu\/wp-content\/uploads\/\/zloz-zamowienie_pop.svg\" alt=\"\" class=\"wp-image-46220\" width=\"118\" height=\"113\"\/><\/figure>\n<\/div><\/div>\n\n\n\n<div class=\"wp-block-column is-vertically-aligned-center is-layout-flow wp-block-column-is-layout-flow\">\n<p class=\"has-text-align-left\">Visa reikalinga informacija apie u\u017esakymo vykdym\u0105 ir mok\u0117jimus pasiekiama tiesiogiai sistemoje.<\/p>\n<\/div>\n<\/div>\n<\/div><\/div>\n\n\n\n<div class=\"wp-block-group\"><div class=\"wp-block-group__inner-container is-layout-flow wp-block-group-is-layout-flow\">\n<div class=\"wp-block-columns is-not-stacked-on-mobile is-style-icon-and-text is-layout-flex wp-container-core-columns-is-layout-9d6595d7 wp-block-columns-is-layout-flex\">\n<div class=\"wp-block-column is-vertically-aligned-center is-layout-flow wp-block-column-is-layout-flow\"><div class=\"wp-block-image\">\n<figure class=\"alignright size-large is-resized\"><img loading=\"lazy\" decoding=\"async\" src=\"https:\/\/bp2.eu\/wp-content\/uploads\/\/aplikacja_pop.svg\" alt=\"\" class=\"wp-image-46232\" width=\"119\" height=\"113\"\/><\/figure>\n<\/div><\/div>\n\n\n\n<div class=\"wp-block-column is-vertically-aligned-center is-layout-flow wp-block-column-is-layout-flow\">\n<p class=\"has-text-align-left\">Sparti prieiga prie s\u0105skait\u0173 fakt\u016br\u0173 ir s\u0105skait\u0173 i\u0161 kliento skydo.<\/p>\n<\/div>\n<\/div>\n<\/div><\/div>\n<\/div><\/div>\n<\/div>\n\n\n\n<div class=\"wp-block-column is-layout-flow wp-block-column-is-layout-flow\">\n<div class=\"wp-block-cover is-light is-style-full-height\"><span aria-hidden=\"true\" class=\"wp-block-cover__background has-background-dim-0 has-background-dim\"><\/span><img loading=\"lazy\" decoding=\"async\" width=\"1306\" height=\"1864\" class=\"wp-block-cover__image-background wp-image-15221\" alt=\"\" src=\"https:\/\/bp2.eu\/wp-content\/uploads\/2022\/08\/eprofil-mockup-funkcje.jpg\" style=\"object-position:51% 53%\" data-object-fit=\"cover\" data-object-position=\"51% 53%\" srcset=\"https:\/\/bp2.eu\/wp-content\/uploads\/2022\/08\/eprofil-mockup-funkcje.jpg 1306w, https:\/\/bp2.eu\/wp-content\/uploads\/2022\/08\/eprofil-mockup-funkcje-673x960.jpg 673w, https:\/\/bp2.eu\/wp-content\/uploads\/2022\/08\/eprofil-mockup-funkcje-717x1024.jpg 717w, https:\/\/bp2.eu\/wp-content\/uploads\/2022\/08\/eprofil-mockup-funkcje-768x1096.jpg 768w, https:\/\/bp2.eu\/wp-content\/uploads\/2022\/08\/eprofil-mockup-funkcje-1076x1536.jpg 1076w\" sizes=\"auto, (max-width: 1306px) 100vw, 1306px\" \/><div class=\"wp-block-cover__inner-container is-layout-flow wp-block-cover-is-layout-flow\">\n<p class=\"has-text-align-center\"><\/p>\n<\/div><\/div>\n<\/div>\n<\/div>\n<\/div><\/div>\n\n\n\n<div class=\"wp-block-group\"><div class=\"wp-block-group__inner-container is-layout-flow wp-block-group-is-layout-flow\">\n<div class=\"wp-block-columns is-style-grid fade-in is-layout-flex wp-container-core-columns-is-layout-9d6595d7 wp-block-columns-is-layout-flex\">\n<div class=\"wp-block-column is-layout-flow wp-block-column-is-layout-flow\">\n<div class=\"wp-block-cover is-light is-style-full-width wp-duotone-8c00b7-fcff41-2\"><span aria-hidden=\"true\" class=\"wp-block-cover__background has-dark-gray-background-color has-background-dim-100 has-background-dim\"><\/span><div class=\"wp-block-cover__inner-container is-layout-flow wp-block-cover-is-layout-flow\">\r\n<div class=\"section__data\" data-section=\"Pasiekiama i\u0161 vis\u0173 \u012frengini\u0173\"><\/div>\n\n\n<h2 class=\"is-style-h3 wp-block-heading\" id=\"eprofil\"><strong>Pasiekiama i\u0161 vis\u0173 \u012frengini\u0173<\/strong><\/h2>\n\n\n\n<p>\u0160iais laikais \u017einome, koks svarbus m\u016bs\u0173 platintojams yra laikas ir greita prieiga prie darbo \u012franki\u0173, tod\u0117l pagrindin\u0117 m\u016bs\u0173 sistemos savyb\u0117 yra jos mobilumas.<\/p>\n\n\n\n<p>\u0160iais laikais \u017einome, koks svarbus m\u016bs\u0173 platintojams yra laikas ir greita prieiga prie darbo \u012franki\u0173, tod\u0117l pagrindin\u0117 m\u016bs\u0173 sistemos savyb\u0117 yra jos mobilumas.<\/p>\n\n\n\n<a href=\"https:\/\/eprofil.bp2.eu\/xpertis\/lt\" target=\"_blank\" class=\"button button--red \">PRISIJUNKITE PRIE SISTEMOS<\/a><\/div><\/div>\n<\/div>\n\n\n\n<div class=\"wp-block-column is-layout-flow wp-block-column-is-layout-flow\">\n<div class=\"wp-block-cover is-light is-style-full-height\"><span aria-hidden=\"true\" class=\"wp-block-cover__background has-background-dim-0 has-background-dim\"><\/span><img loading=\"lazy\" decoding=\"async\" width=\"1306\" height=\"1864\" class=\"wp-block-cover__image-background wp-image-29820\" alt=\"\" src=\"https:\/\/bp2.eu\/wp-content\/uploads\/2022\/09\/eprofil-aplikacja-mobilna.jpg\" style=\"object-position:50% 43%\" data-object-fit=\"cover\" data-object-position=\"50% 43%\" srcset=\"https:\/\/bp2.eu\/wp-content\/uploads\/2022\/09\/eprofil-aplikacja-mobilna.jpg 1306w, https:\/\/bp2.eu\/wp-content\/uploads\/2022\/09\/eprofil-aplikacja-mobilna-673x960.jpg 673w, https:\/\/bp2.eu\/wp-content\/uploads\/2022\/09\/eprofil-aplikacja-mobilna-717x1024.jpg 717w, https:\/\/bp2.eu\/wp-content\/uploads\/2022\/09\/eprofil-aplikacja-mobilna-768x1096.jpg 768w, https:\/\/bp2.eu\/wp-content\/uploads\/2022\/09\/eprofil-aplikacja-mobilna-1076x1536.jpg 1076w\" sizes=\"auto, (max-width: 1306px) 100vw, 1306px\" \/><div class=\"wp-block-cover__inner-container is-layout-flow wp-block-cover-is-layout-flow\">\n<p class=\"has-text-align-center\"><\/p>\n<\/div><\/div>\n<\/div>\n<\/div>\n<\/div><\/div>\n","protected":false},"excerpt":{"rendered":"<p>S\u0104 RZECZY, KT\u00d3RE MUSZ\u0104 BY\u0106 FUNKCJONALNE EPROFIL \u2013 SISTEMOS FUNKCIJOS Susipa\u017einkite su m\u016bs\u0173 sistemos funkcijomis ir su\u017einokite, kokias galimybes ji si\u016blo. Lengvai naudojama ir intuityvi platforma pad\u0117s \u012fgyvendinti J\u016bs\u0173 \u012fmon\u0117s tikslus.<\/p>\n","protected":false},"author":6,"featured_media":0,"parent":0,"menu_order":88,"comment_status":"closed","ping_status":"closed","template":"","meta":{"_acf_changed":false,"content-type":"","inline_featured_image":false,"footnotes":""},"class_list":["post-48378","page","type-page","status-publish","hentry"],"acf":[],"_links":{"self":[{"href":"https:\/\/bp2.eu\/lt\/wp-json\/wp\/v2\/pages\/48378","targetHints":{"allow":["GET"]}}],"collection":[{"href":"https:\/\/bp2.eu\/lt\/wp-json\/wp\/v2\/pages"}],"about":[{"href":"https:\/\/bp2.eu\/lt\/wp-json\/wp\/v2\/types\/page"}],"author":[{"embeddable":true,"href":"https:\/\/bp2.eu\/lt\/wp-json\/wp\/v2\/users\/6"}],"replies":[{"embeddable":true,"href":"https:\/\/bp2.eu\/lt\/wp-json\/wp\/v2\/comments?post=48378"}],"version-history":[{"count":0,"href":"https:\/\/bp2.eu\/lt\/wp-json\/wp\/v2\/pages\/48378\/revisions"}],"wp:attachment":[{"href":"https:\/\/bp2.eu\/lt\/wp-json\/wp\/v2\/media?parent=48378"}],"curies":[{"name":"wp","href":"https:\/\/api.w.org\/{rel}","templated":true}]}}