{"id":48392,"date":"2022-03-24T12:59:36","date_gmt":"2022-03-24T11:59:36","guid":{"rendered":"https:\/\/bp2.eu\/kariera\/"},"modified":"2023-02-21T09:38:49","modified_gmt":"2023-02-21T08:38:49","slug":"karjera","status":"publish","type":"page","link":"https:\/\/bp2.eu\/lt\/karjera\/","title":{"rendered":"Karjera"},"content":{"rendered":"\n<div class=\"wp-block-group is-style-with-b2-background\"><div class=\"wp-block-group__inner-container is-layout-flow wp-block-group-is-layout-flow\">\n<div style=\"height:100px\" aria-hidden=\"true\" class=\"wp-block-spacer is-style-small-spacer\"><\/div>\n\n\n\n<p class=\"has-text-align-center noMarginBottom has-red-color has-text-color\"><strong><strong>YRA \u012eMONI\u0172, KURIOSE VERTA DIRBTI<\/strong><\/strong><\/p>\n\n\n\n<h2 class=\"has-text-align-center is-style-h1 noMarginTop noMarginBottom wp-block-heading\"><strong>KARJERA BP2<\/strong><\/h2>\n\n\n\n<div style=\"height:100px\" aria-hidden=\"true\" class=\"wp-block-spacer is-style-small-spacer\"><\/div>\n<\/div><\/div>\n\n\n\n<div class=\"wp-block-group is-style-narrower-group\"><div class=\"wp-block-group__inner-container is-layout-flow wp-block-group-is-layout-flow\">\n<p class=\"has-text-align-center\"> Nuo 1995 m. <strong>BP2 <\/strong>yra vertinama kompleksini\u0173 gyvenam\u0173j\u0173 nam\u0173 ir pramoninei statybai skirt\u0173 sprendim\u0173 gamintoja. Savo paslaugas si\u016blome ir Plieno paslaug\u0173 centre. Suk\u016br\u0117me <strong>SOLROOF<\/strong> prek\u0117s \u017eenkl\u0105 ir produktus \u2013 integruot\u0105j\u012f fotovoltin\u012f stog\u0105. BP2 valdo penkias gamyklas Lenkijoje (Krokuvoje, Dombrovoje Gurni\u010doje), Slovakijoje (Ko\u0161ic\u0117je) ir Rumunijoje (Klu\u017ee-Napokoje, Timi\u0161oaroje).<\/p>\n\n\n\n<div style=\"height:100px\" aria-hidden=\"true\" class=\"wp-block-spacer is-style-small-spacer\"><\/div>\n\n\n\n<div class=\"wp-block-group alignCenter\"><div class=\"wp-block-group__inner-container is-layout-flow wp-block-group-is-layout-flow\">\n<a href=\"https:\/\/bp2.eu\/lt\/karjera\/#oferty-pracy\"  class=\"button button--red \">GALIMI DARBO PASI\u016aLYMAI<\/a>\n\n\n<div style=\"height:100px\" aria-hidden=\"true\" class=\"wp-block-spacer is-style-small-spacer\"><\/div>\n<\/div><\/div>\n\n\n\n<div style=\"height:100px\" aria-hidden=\"true\" class=\"wp-block-spacer is-style-small-spacer\"><\/div>\n<\/div><\/div>\n\n\n\n<div class=\"wp-block-group alignCenter is-style-default\"><div class=\"wp-block-group__inner-container is-layout-flow wp-block-group-is-layout-flow\"><div class=\"wp-block-image is-style-cinema is-style-mobile-full wp-embed-aspect-16-9 wp-has-aspect-ratio noMarginBottom\">\n<figure class=\"aligncenter size-full\"><img loading=\"lazy\" decoding=\"async\" width=\"1633\" height=\"524\" src=\"https:\/\/bp2.eu\/wp-content\/uploads\/2022\/03\/bp2_kariera.png\" alt=\"\" class=\"wp-image-5388\" srcset=\"https:\/\/bp2.eu\/wp-content\/uploads\/2022\/03\/bp2_kariera.png 1633w, https:\/\/bp2.eu\/wp-content\/uploads\/2022\/03\/bp2_kariera-820x263.png 820w, https:\/\/bp2.eu\/wp-content\/uploads\/2022\/03\/bp2_kariera-1024x329.png 1024w, https:\/\/bp2.eu\/wp-content\/uploads\/2022\/03\/bp2_kariera-768x246.png 768w, https:\/\/bp2.eu\/wp-content\/uploads\/2022\/03\/bp2_kariera-1536x493.png 1536w\" sizes=\"auto, (max-width: 1633px) 100vw, 1633px\" \/><\/figure>\n<\/div><\/div><\/div>\n\n\n\n<div class=\"wp-block-group is-style-minus-margin has-dark-gray-background-color has-background\"><div class=\"wp-block-group__inner-container is-layout-flow wp-block-group-is-layout-flow\"><div class=\"wp-block-image is-style-minus-half scrollBtn noMarginBottom\">\n<figure class=\"aligncenter size-large\" id=\"oferty-pracy\"><a href=\"#oferty-pracy\"><img loading=\"lazy\" decoding=\"async\" width=\"59\" height=\"58\" src=\"https:\/\/bp2.eu\/wp-content\/uploads\/\/strzalka.svg\" alt=\"\" class=\"wp-image-11270\" title=\"\"\/><\/a><\/figure>\n<\/div>\n\n\n<div style=\"height:100px\" aria-hidden=\"true\" class=\"wp-block-spacer is-style-smaller-spacer\"><\/div>\n\n\n\n<h2 class=\"has-text-align-center is-style-h2 wp-block-heading\"><strong>GALIOJANTYS DARBO PASI\u016aLYMAI<\/strong><\/h2>\n\n\n        <form action=\"\" data-jobs-filters class=\"jobFilter\" >\n                \n        <div class=\"jobFilter__search\">\n            <input type=\"text\" name=\"search\" placeholder=\"\u012fra\u0161yti fraz\u0119\">\n            <button class=\"button button--black\" data-submit>Ie\u0161koti<\/button>\n        <\/div>\n    <\/form>\n\n    <div class=\"job-results\">\n        <div id=\"object-list\"><\/div>\n        <div class=\"lds-roller loader\"><div><\/div><div><\/div><div><\/div><div><\/div><div><\/div><div><\/div><div><\/div><div><\/div><\/div>    <\/div>\n\n\n\n<div style=\"height:100px\" aria-hidden=\"true\" class=\"wp-block-spacer is-style-small-spacer\"><\/div>\n<\/div><\/div>\n\n\n\n<div id=\"etapy-rekrutacji\" class=\"wp-block-group\"><div class=\"wp-block-group__inner-container is-layout-flow wp-block-group-is-layout-flow\">\n<div style=\"height:100px\" aria-hidden=\"true\" class=\"wp-block-spacer is-style-small-spacer\"><\/div>\n\n\n\n<h2 class=\"is-style-h1 wp-block-heading\"><strong>ATRANKOS ETAPAI<\/strong><\/h2>\n\n\n\n<div class=\"wp-block-columns is-layout-flex wp-container-core-columns-is-layout-9d6595d7 wp-block-columns-is-layout-flex\">\n<div class=\"wp-block-column is-layout-flow wp-block-column-is-layout-flow\">\n<div class=\"wp-block-columns is-layout-flex wp-container-core-columns-is-layout-9d6595d7 wp-block-columns-is-layout-flex\">\n<div class=\"wp-block-column is-style-space-left is-layout-flow wp-block-column-is-layout-flow\" style=\"flex-basis:32%\">\n<figure class=\"wp-block-image size-full\"><img decoding=\"async\" src=\"https:\/\/bp2.eu\/wp-content\/uploads\/2022\/03\/1.png\" alt=\"\" class=\"wp-image-5412\"\/><\/figure>\n<\/div>\n\n\n\n<div class=\"wp-block-column is-layout-flow wp-block-column-is-layout-flow\" style=\"flex-basis:66.66%\">\n<h2 class=\"is-style-h3 noMarginBottom noMarginTop wp-block-heading\"><strong>1 etapas<\/strong><\/h2>\n\n\n\n<h2 class=\"is-style-h3 noMarginTop wp-block-heading\" style=\"font-style:normal;font-weight:300\">Laukiame J\u016bs\u0173 parai\u0161kos<\/h2>\n\n\n\n<p>Visus BP2 darbo atrankos skelbimus rasite skyriuje \u201eDarbo pasi\u016blymai\u201c. Raskite Jus dominant\u012f pasi\u016blym\u0105 ir u\u017epildykite parai\u0161kos form\u0105. Jeigu J\u016bs\u0173 patirtis atitinka m\u016bs\u0173 poreikius, susisieksime su Jumis telefonu.<\/p>\n<\/div>\n<\/div>\n<\/div>\n\n\n\n<div class=\"wp-block-column is-layout-flow wp-block-column-is-layout-flow\">\n<div class=\"wp-block-columns is-layout-flex wp-container-core-columns-is-layout-9d6595d7 wp-block-columns-is-layout-flex\">\n<div class=\"wp-block-column is-style-space-left is-layout-flow wp-block-column-is-layout-flow\" style=\"flex-basis:32%\">\n<figure class=\"wp-block-image size-full\"><img decoding=\"async\" src=\"https:\/\/bp2.eu\/wp-content\/uploads\/2022\/03\/Group-834.png\" alt=\"\" class=\"wp-image-5428\"\/><\/figure>\n<\/div>\n\n\n\n<div class=\"wp-block-column is-layout-flow wp-block-column-is-layout-flow\" style=\"flex-basis:66.66%\">\n<h2 class=\"is-style-h3 noMarginBottom noMarginTop wp-block-heading\"><strong>2 etapas<\/strong><\/h2>\n\n\n\n<h2 class=\"is-style-h3 noMarginTop wp-block-heading\" style=\"font-style:normal;font-weight:300\">Pokalbis telefonu \/ vaizdo pokalbis<\/h2>\n\n\n\n<p>Antruoju etapu susisieksime su Jumis ir suderinsime pokalb\u012f telefonu ar vaizdo pokalb\u012f, kuriame pristatysime Jums pareigas, kurios Jus domina, ir papasakosime apie m\u016bs\u0173 \u012fmon\u0117s vertybes.<\/p>\n<\/div>\n<\/div>\n<\/div>\n<\/div>\n\n\n\n<div class=\"wp-block-columns is-layout-flex wp-container-core-columns-is-layout-9d6595d7 wp-block-columns-is-layout-flex\">\n<div class=\"wp-block-column is-layout-flow wp-block-column-is-layout-flow\">\n<div class=\"wp-block-columns is-layout-flex wp-container-core-columns-is-layout-9d6595d7 wp-block-columns-is-layout-flex\">\n<div class=\"wp-block-column is-style-space-left is-layout-flow wp-block-column-is-layout-flow\" style=\"flex-basis:32%\">\n<figure class=\"wp-block-image size-full\"><img decoding=\"async\" src=\"https:\/\/bp2.eu\/wp-content\/uploads\/2022\/03\/Group-836.png\" alt=\"\" class=\"wp-image-5432\"\/><\/figure>\n<\/div>\n\n\n\n<div class=\"wp-block-column is-layout-flow wp-block-column-is-layout-flow\" style=\"flex-basis:66.66%\">\n<h2 class=\"is-style-h3 noMarginBottom noMarginTop wp-block-heading\"><strong>3 etapas<\/strong><\/h2>\n\n\n\n<h2 class=\"is-style-h3 noMarginTop wp-block-heading\" style=\"font-style:normal;font-weight:300\">Susitikimas m\u016bs\u0173 \u012fmon\u0117s buvein\u0117je<\/h2>\n\n\n\n<p>Skirsime jam apie 45 min. Papasakosime Jums pla\u010diau apie \u012fmon\u0119, gaminius ir m\u016bs\u0173 organizacijos kult\u016br\u0105. Paskiau pageidausime susipa\u017einti su Jumis. Mus domina J\u016bs\u0173 patirtis, l\u016bkes\u010diai ir ateities planai. Taip pat galime skirti paprast\u0105 atrankos u\u017eduot\u012f, atsi\u017evelgdami \u012f J\u016bs\u0173 pageidaujamas pareigas.<\/p>\n<\/div>\n<\/div>\n<\/div>\n\n\n\n<div class=\"wp-block-column is-layout-flow wp-block-column-is-layout-flow\">\n<div class=\"wp-block-columns is-layout-flex wp-container-core-columns-is-layout-9d6595d7 wp-block-columns-is-layout-flex\">\n<div class=\"wp-block-column is-style-space-left is-layout-flow wp-block-column-is-layout-flow\" style=\"flex-basis:32%\">\n<figure class=\"wp-block-image size-full\"><img loading=\"lazy\" decoding=\"async\" width=\"110\" height=\"110\" src=\"https:\/\/bp2.eu\/wp-content\/uploads\/2022\/03\/Group-837.png\" alt=\"\" class=\"wp-image-5436\"\/><\/figure>\n<\/div>\n\n\n\n<div class=\"wp-block-column is-layout-flow wp-block-column-is-layout-flow\" style=\"flex-basis:66.66%\">\n<h2 class=\"is-style-h3 noMarginBottom noMarginTop wp-block-heading\"><strong>4 etapas<\/strong><\/h2>\n\n\n\n<h2 class=\"is-style-h3 noMarginTop wp-block-heading\" style=\"font-style:normal;font-weight:300\">Prane\u0161ime Jums atrankos rezultatus!<\/h2>\n\n\n\n<p>Vertiname J\u016bs\u0173 laik\u0105, tod\u0117l visada stengiame prane\u0161ti sprendim\u0105 per dvi savaites nuo paskutinio pokalbio. J\u016bs\u0173 atrankos rezultatus visada prane\u0161ame telefonu arba elektroniniu pa\u0161tu.<\/p>\n<\/div>\n<\/div>\n<\/div>\n<\/div>\n<\/div><\/div>\n\n\n\n<div class=\"wp-block-group alignCenter\"><div class=\"wp-block-group__inner-container is-layout-flow wp-block-group-is-layout-flow\"><div class=\"wp-block-image is-style-cinema is-style-mobile-full wp-embed-aspect-16-9 wp-has-aspect-ratio\">\n<figure class=\"aligncenter size-full\"><img loading=\"lazy\" decoding=\"async\" width=\"1633\" height=\"437\" src=\"https:\/\/bp2.eu\/wp-content\/uploads\/2022\/03\/bp2_kariera-2.png\" alt=\"\" class=\"wp-image-5449\" srcset=\"https:\/\/bp2.eu\/wp-content\/uploads\/2022\/03\/bp2_kariera-2.png 1633w, https:\/\/bp2.eu\/wp-content\/uploads\/2022\/03\/bp2_kariera-2-820x219.png 820w, https:\/\/bp2.eu\/wp-content\/uploads\/2022\/03\/bp2_kariera-2-1024x274.png 1024w, https:\/\/bp2.eu\/wp-content\/uploads\/2022\/03\/bp2_kariera-2-768x206.png 768w, https:\/\/bp2.eu\/wp-content\/uploads\/2022\/03\/bp2_kariera-2-1536x411.png 1536w\" sizes=\"auto, (max-width: 1633px) 100vw, 1633px\" \/><\/figure>\n<\/div><\/div><\/div>\n\n\n\n<div id=\"filary\" class=\"wp-block-group is-style-minus-margin has-dark-gray-background-color has-background\"><div class=\"wp-block-group__inner-container is-layout-flow wp-block-group-is-layout-flow\">\n<div style=\"height:80px\" aria-hidden=\"true\" class=\"wp-block-spacer is-style-small-spacer\"><\/div>\n\n\n\n<h2 class=\"has-text-align-center is-style-h2 wp-block-heading\"><strong>4 M\u016aS\u0172 PAMATAI<\/strong><\/h2>\n\n\n\n<p class=\"has-text-align-center\">\u012emon\u0117, tarsi pastatas, privalo stov\u0117ti ant solid\u017ei\u0173 pamat\u0173. <\/p>\n\n\n\n<p class=\"has-text-align-center\">BP2 suk\u016br\u0117me ant keturi\u0173 \u2013 tvirt\u0173 kaip plienas \u2013 pamat\u0173, kurie u\u017etikrina stabilum\u0105 ir leid\u017eia nuolat tobul\u0117ti.<\/p>\n\n\n\n<div style=\"height:100px\" aria-hidden=\"true\" class=\"wp-block-spacer is-style-small-spacer\"><\/div>\n\n\n\n<div class=\"wp-block-columns is-layout-flex wp-container-core-columns-is-layout-9d6595d7 wp-block-columns-is-layout-flex\">\n<div class=\"wp-block-column is-layout-flow wp-block-column-is-layout-flow\"><div class=\"wp-block-image\">\n<figure class=\"aligncenter size-full\"><img decoding=\"async\" src=\"https:\/\/bp2.eu\/wp-content\/uploads\/2022\/03\/bp2_dekarze_icon-3.png\" alt=\"\" class=\"wp-image-3355\"\/><\/figure>\n<\/div>\n\n\n<p class=\"has-text-align-center\"><strong><strong>\u017dMON\u0116S<\/strong><\/strong><\/p>\n\n\n\n<p class=\"has-text-align-center\">Tikime, kad tik komandinis darbas padeda pasiekti s\u0117km\u0119. Tarpusavio pasitik\u0117jimas ir atsidavimas bendram darbui sutvirtina komand\u0105, kuri tampa atspari korozijai!<\/p>\n<\/div>\n\n\n\n<div class=\"wp-block-column is-layout-flow wp-block-column-is-layout-flow\"><div class=\"wp-block-image\">\n<figure class=\"aligncenter size-full\"><img decoding=\"async\" src=\"https:\/\/bp2.eu\/wp-content\/uploads\/2022\/03\/Group-324.png\" alt=\"\" class=\"wp-image-2027\"\/><\/figure>\n<\/div>\n\n\n<p class=\"has-text-align-center\"><strong><strong>SANTYKIAI<\/strong><\/strong><\/p>\n\n\n\n<p class=\"has-text-align-center\">\u0160iuolaikiniame pasaulyje patikimumas ir atsakingumas tur\u0117t\u0173 b\u016bti verslo santyki\u0173 pagrindas. Tokia politika leido mums \u012fgyti daugiau nei 1500 aktyvi\u0173j\u0173 klient\u0173 pasitik\u0117jim\u0105, ir j\u0173 skai\u010dius vis labiau auga.<\/p>\n<\/div>\n\n\n\n<div class=\"wp-block-column is-layout-flow wp-block-column-is-layout-flow\"><div class=\"wp-block-image\">\n<figure class=\"aligncenter size-full\"><img decoding=\"async\" src=\"https:\/\/bp2.eu\/wp-content\/uploads\/2022\/03\/Group-327.png\" alt=\"\" class=\"wp-image-2048\"\/><\/figure>\n<\/div>\n\n\n<p class=\"has-text-align-center\"><strong><strong>TECHNOLOGIJA<\/strong><\/strong><\/p>\n\n\n\n<p class=\"has-text-align-center\">Vertiname inovatyvius sprendimus, kurie padeda nuolat didinti gamyb\u0105, pl\u0117sti pasi\u016bl\u0105 ir gerinti kokyb\u0119, kartu r\u016bpinam\u0117s darbuotoj\u0173 sauga ir tvariu vystymusi, kuris atitinka \u012eSA vertybes.<\/p>\n<\/div>\n\n\n\n<div class=\"wp-block-column is-layout-flow wp-block-column-is-layout-flow\"><div class=\"wp-block-image\">\n<figure class=\"aligncenter size-full\"><img decoding=\"async\" src=\"https:\/\/bp2.eu\/wp-content\/uploads\/2022\/03\/Group-330.png\" alt=\"\" class=\"wp-image-2071\"\/><\/figure>\n<\/div>\n\n\n<p class=\"has-text-align-center\"><strong><strong>KOKYB\u0116<\/strong><\/strong><\/p>\n\n\n\n<p class=\"has-text-align-center\">Nuo pat m\u016bs\u0173 \u012fmon\u0117s gyvavimo prad\u017eios kokyb\u0117 yra prioritetin\u0117. D\u0117l to galime suteikti ilgalaik\u0119 garantij\u0105 ir b\u016bti tikri, kad nenuvilsime m\u016bs\u0173 klient\u0173 pasitik\u0117jimo.<\/p>\n<\/div>\n<\/div>\n\n\n\n<div style=\"height:100px\" aria-hidden=\"true\" class=\"wp-block-spacer is-style-small-spacer\"><\/div>\n<\/div><\/div>\n\n\n\n<div class=\"wp-block-group\"><div class=\"wp-block-group__inner-container is-layout-flow wp-block-group-is-layout-flow\">\n<div style=\"height:100px\" aria-hidden=\"true\" class=\"wp-block-spacer is-style-small-spacer\"><\/div>\n\n\n\n<div class=\"wp-block-columns is-layout-flex wp-container-core-columns-is-layout-9d6595d7 wp-block-columns-is-layout-flex\">\n<div class=\"wp-block-column is-layout-flow wp-block-column-is-layout-flow\">\n<div class=\"wp-block-cover is-style-content-from-bottom\"><span aria-hidden=\"true\" class=\"wp-block-cover__background has-background-dim\"><\/span><img loading=\"lazy\" decoding=\"async\" width=\"527\" height=\"534\" class=\"wp-block-cover__image-background wp-image-3694\" alt=\"\" src=\"https:\/\/bp2.eu\/wp-content\/uploads\/2022\/03\/IMG_8343.png\" data-object-fit=\"cover\"\/><div class=\"wp-block-cover__inner-container is-layout-flow wp-block-cover-is-layout-flow\">\n<h2 class=\"is-style-h3 wp-block-heading\"><strong>PROFESIONAL\u0172 SRITIS<\/strong><\/h2>\n\n\n\n<p>Eikite \u012f \u0161ios srities \u017emon\u0117ms skirt\u0105 skyri\u0173.<\/p>\n\n\n\n<a href=\"#\"  class=\"button button--red \">SU\u017dINOKITE DAUGIAU<\/a><\/div><\/div>\n<\/div>\n\n\n\n<div class=\"wp-block-column is-layout-flow wp-block-column-is-layout-flow\">\n<div class=\"wp-block-cover is-style-content-from-bottom\"><span aria-hidden=\"true\" class=\"wp-block-cover__background has-background-dim\"><\/span><img loading=\"lazy\" decoding=\"async\" width=\"526\" height=\"534\" class=\"wp-block-cover__image-background wp-image-5514\" alt=\"\" src=\"https:\/\/bp2.eu\/wp-content\/uploads\/2022\/03\/MASTER-ROOFER_01-07-2021-23.png\" data-object-fit=\"cover\"\/><div class=\"wp-block-cover__inner-container is-layout-flow wp-block-cover-is-layout-flow\">\n<h2 class=\"is-style-h3 wp-block-heading\"><strong>MEISTR\u0172 AKADEMIJA<\/strong><\/h2>\n\n\n\n<p>Autorin\u0117 mokym\u0173 programa ir patirties main\u0173 platforma.<\/p>\n\n\n\n<a href=\"#\"  class=\"button button--red \">PRISIJUNKITE PRIE MEISTR\u0172 AKADEMIJOS<\/a><\/div><\/div>\n<\/div>\n\n\n\n<div class=\"wp-block-column is-layout-flow wp-block-column-is-layout-flow\">\n<div class=\"wp-block-cover is-light is-style-content-from-bottom\"><span aria-hidden=\"true\" class=\"wp-block-cover__background has-background-dim\"><\/span><img loading=\"lazy\" decoding=\"async\" width=\"526\" height=\"534\" class=\"wp-block-cover__image-background wp-image-5510\" alt=\"\" src=\"https:\/\/bp2.eu\/wp-content\/uploads\/2022\/03\/Piknik-15-lecie-PSD-Malopolska-14.png\" data-object-fit=\"cover\"\/><div class=\"wp-block-cover__inner-container is-layout-flow wp-block-cover-is-layout-flow\">\n<h2 class=\"is-style-h3 has-white-color has-text-color wp-block-heading\"><strong>RINKODAROS VEIKLA<\/strong><\/h2>\n\n\n\n<p class=\"has-white-color has-text-color\">Rinkodaros pagalba platintojams ir \u012eSA priemon\u0117s.<\/p>\n\n\n\n<a href=\"#\"  class=\"button button--red \">SU\u017dINOKITE DAUGIAU APIE M\u016aS\u0172 VEIKL\u0104<\/a><\/div><\/div>\n<\/div>\n<\/div>\n<\/div><\/div>\n\n\n\n<div style=\"height:100px\" aria-hidden=\"true\" class=\"wp-block-spacer is-style-smaller-spacer\"><\/div>\n","protected":false},"excerpt":{"rendered":"<p>YRA \u012eMONI\u0172, KURIOSE VERTA DIRBTI KARJERA BP2 Nuo 1995 m. BP2 yra vertinama kompleksini\u0173 gyvenam\u0173j\u0173 nam\u0173 ir pramoninei statybai skirt\u0173 sprendim\u0173 gamintoja. Savo paslaugas si\u016blome ir Plieno paslaug\u0173 centre. Suk\u016br\u0117me SOLROOF prek\u0117s \u017eenkl\u0105 ir produktus \u2013 integruot\u0105j\u012f fotovoltin\u012f stog\u0105. BP2 valdo penkias gamyklas Lenkijoje (Krokuvoje, Dombrovoje Gurni\u010doje), Slovakijoje (Ko\u0161ic\u0117je) ir Rumunijoje (Klu\u017ee-Napokoje, Timi\u0161oaroje). GALIOJANTYS DARBO [&hellip;]<\/p>\n","protected":false},"author":1,"featured_media":0,"parent":0,"menu_order":114,"comment_status":"closed","ping_status":"closed","template":"","meta":{"_acf_changed":false,"content-type":"","inline_featured_image":false,"footnotes":""},"class_list":["post-48392","page","type-page","status-publish","hentry"],"acf":[],"_links":{"self":[{"href":"https:\/\/bp2.eu\/lt\/wp-json\/wp\/v2\/pages\/48392","targetHints":{"allow":["GET"]}}],"collection":[{"href":"https:\/\/bp2.eu\/lt\/wp-json\/wp\/v2\/pages"}],"about":[{"href":"https:\/\/bp2.eu\/lt\/wp-json\/wp\/v2\/types\/page"}],"author":[{"embeddable":true,"href":"https:\/\/bp2.eu\/lt\/wp-json\/wp\/v2\/users\/1"}],"replies":[{"embeddable":true,"href":"https:\/\/bp2.eu\/lt\/wp-json\/wp\/v2\/comments?post=48392"}],"version-history":[{"count":0,"href":"https:\/\/bp2.eu\/lt\/wp-json\/wp\/v2\/pages\/48392\/revisions"}],"wp:attachment":[{"href":"https:\/\/bp2.eu\/lt\/wp-json\/wp\/v2\/media?parent=48392"}],"curies":[{"name":"wp","href":"https:\/\/api.w.org\/{rel}","templated":true}]}}