{"id":48402,"date":"2022-01-05T14:14:44","date_gmt":"2022-01-05T13:14:44","guid":{"rendered":"https:\/\/bp2.eu\/oferta\/"},"modified":"2023-06-22T15:37:55","modified_gmt":"2023-06-22T13:37:55","slug":"pasiulymas","status":"publish","type":"page","link":"https:\/\/bp2.eu\/lt\/pasiulymas\/","title":{"rendered":"Pasi\u016blymas"},"content":{"rendered":"\n<h1 class=\"wp-block-heading has-text-align-center is-style-h2\"><strong>M\u016aS\u0172 PASI\u016aLYMAS<\/strong><\/h1>\n\n\n\n<div class=\"wp-block-group is-style-narrow-group\"><div class=\"wp-block-group__inner-container is-layout-flow wp-block-group-is-layout-flow\">\n<p class=\"has-text-align-center\">Kompleksini\u0173 statybos sprendim\u0173 gamintojas. Si\u016blome vis\u0105 investicini\u0173 ir gyvenam\u0173j\u0173 pastat\u0173 statybai skirt\u0173 gamini\u0173 spektr\u0105: stogo dangas, konstrukcin\u0119 skard\u0105, fasad\u0173 sistemas, sluoksniuot\u0105sias plok\u0161tes, fasado kasetes, latak\u0173 sistemas, taip pat specializuotas plieno apdorojimo paslaugas Plieno paslaug\u0173 centre. Nuolat ple\u010diame savo asortiment\u0105, kad prisitaikytume prie rinkos ir technologin\u0117s pa\u017eangos reikalavim\u0173.<\/p>\n\n\n\n<div style=\"height:100px\" aria-hidden=\"true\" class=\"wp-block-spacer is-style-small-spacer\"><\/div>\n<\/div><\/div>\n\n\n\n<div class=\"wp-block-group\"><div class=\"wp-block-group__inner-container is-layout-flow wp-block-group-is-layout-flow\">\n<div class=\"wp-block-columns is-style-grid is-layout-flex wp-container-core-columns-is-layout-9d6595d7 wp-block-columns-is-layout-flex\">\n<div class=\"wp-block-column is-layout-flow wp-block-column-is-layout-flow\">\n<div class=\"wp-block-cover is-style-full-height\"><span aria-hidden=\"true\" class=\"wp-block-cover__background has-background-dim-0 has-background-dim\"><\/span><img loading=\"lazy\" decoding=\"async\" width=\"804\" height=\"538\" class=\"wp-block-cover__image-background wp-image-783\" alt=\"\" src=\"https:\/\/bp2.eu\/wp-content\/uploads\/2022\/02\/bp2_oferta_1.png\" data-object-fit=\"cover\" srcset=\"https:\/\/bp2.eu\/wp-content\/uploads\/2022\/02\/bp2_oferta_1.png 804w, https:\/\/bp2.eu\/wp-content\/uploads\/2022\/02\/bp2_oferta_1-768x514.png 768w\" sizes=\"auto, (max-width: 804px) 100vw, 804px\" \/><div class=\"wp-block-cover__inner-container is-layout-flow wp-block-cover-is-layout-flow\">\n<p class=\"has-text-align-center has-large-font-size\"><\/p>\n<\/div><\/div>\n<\/div>\n\n\n\n<div class=\"wp-block-column is-layout-flow wp-block-column-is-layout-flow\">\n<div class=\"wp-block-cover is-light is-style-full-height\"><span aria-hidden=\"true\" class=\"wp-block-cover__background has-dark-gray-background-color has-background-dim-100 has-background-dim\"><\/span><div class=\"wp-block-cover__inner-container is-layout-flow wp-block-cover-is-layout-flow\">\n<h3 class=\"header-with-icon \">\n<span class=\"header-with-icon__icon\"><img decoding=\"async\" src=\"https:\/\/bp2.eu\/wp-content\/uploads\/2022\/01\/home-icon.png\" alt=\"BUDOWNICTWO MIESZKANIOWE\"><\/span>\n<span class=\"header-with-icon__content\">BUDOWNICTWO MIESZKANIOWE<\/span>\n<\/h3>\n\n\n<ul class=\"links-list links-list--multiple \">\n                    <li class=\"links-list__item\">\n            <a href=\"https:\/\/bp2.eu\/oferta\/budownictwo-mieszkaniowe\/?type=modular-series-blachodachowki-modulowe\">\n                <span class=\"links-list__smallTitle\">Modulin\u0117s skardin\u0117s \u010derp\u0117s<\/span>                <span class=\"links-list__title\">MODULAR SERIES<\/span>            <\/a>\n        <\/li>\n                    <li class=\"links-list__item\">\n            <a href=\"https:\/\/bp2.eu\/oferta\/budownictwo-mieszkaniowe\/?type=systemy-rynnowe-inguri\">\n                <span class=\"links-list__smallTitle\">Latak\u0173 sistemos<\/span>                <span class=\"links-list__title\">INGURI<\/span>            <\/a>\n        <\/li>\n                    <li class=\"links-list__item\">\n            <a href=\"https:\/\/bp2.eu\/oferta\/budownictwo-mieszkaniowe\/?type=compact-series-blachodachowki-kompaktowe\">\n                <span class=\"links-list__smallTitle\">Kompaktin\u0117s skardin\u0117s \u010derp\u0117s<\/span>                <span class=\"links-list__title\">Compact SERIES<\/span>            <\/a>\n        <\/li>\n                    <li class=\"links-list__item\">\n            <a href=\"https:\/\/bp2.eu\/oferta\/budownictwo-mieszkaniowe\/?type=blachy-trapezowe\">\n                                <span class=\"links-list__title\">Trapecin\u0117 Skarda<\/span>            <\/a>\n        <\/li>\n                    <li class=\"links-list__item\">\n            <a href=\"https:\/\/bp2.eu\/oferta\/budownictwo-mieszkaniowe\/?type=classic-series-blachodachowki-ciete-na-wymiar\">\n                <span class=\"links-list__smallTitle\">Pagal matmenis pjaustyto skardin\u0117s \u010derp\u0117s<\/span>                <span class=\"links-list__title\">CLASSIC SERIES<\/span>            <\/a>\n        <\/li>\n                    <li class=\"links-list__item\">\n            <a href=\"https:\/\/bp2.eu\/oferta\/budownictwo-mieszkaniowe\/?type=blachy-plaskie\">\n                                <span class=\"links-list__title\">Plok\u0161\u010dioji skarda<\/span>            <\/a>\n        <\/li>\n                    <li class=\"links-list__item\">\n            <a href=\"https:\/\/bp2.eu\/oferta\/budownictwo-mieszkaniowe\/?type=panele-dachowe\">\n                <span class=\"links-list__smallTitle\">Stogo plok\u0161t\u0117s<\/span>                <span class=\"links-list__title\">PANEL SERIES<\/span>            <\/a>\n        <\/li>\n                    <li class=\"links-list__item\">\n            <a href=\"https:\/\/bp2.eu\/oferta\/budownictwo-mieszkaniowe\/?type=obrobki-blacharskie\">\n                                <span class=\"links-list__title\">Skardos lankstiniai<\/span>            <\/a>\n        <\/li>\n                    <li class=\"links-list__item\">\n            <a href=\"https:\/\/bp2.eu\/oferta\/budownictwo-mieszkaniowe\/?type=compact-series-blachodachowki-kompaktowe\">\n                                            <\/a>\n        <\/li>\n                    <li class=\"links-list__item\">\n            <a href=\"https:\/\/bp2.eu\/oferta\/budownictwo-mieszkaniowe\/?type=akcesoria-dachowe\">\n                                <span class=\"links-list__title\">Stogo priedai<\/span>            <\/a>\n        <\/li>\n    <\/ul><\/div><\/div>\n<\/div>\n<\/div>\n\n\n\n<div class=\"wp-block-columns is-style-mobile-reverse is-style-grid fade-in is-layout-flex wp-container-core-columns-is-layout-9d6595d7 wp-block-columns-is-layout-flex\">\n<div class=\"wp-block-column is-layout-flow wp-block-column-is-layout-flow\">\n<div class=\"wp-block-cover is-light is-style-full-height\"><span aria-hidden=\"true\" class=\"wp-block-cover__background has-dark-gray-background-color has-background-dim-100 has-background-dim\"><\/span><div class=\"wp-block-cover__inner-container is-layout-flow wp-block-cover-is-layout-flow\">\n<h3 class=\"header-with-icon \">\n<span class=\"header-with-icon__icon\"><img decoding=\"async\" src=\"https:\/\/bp2.eu\/wp-content\/uploads\/2022\/02\/noun_mall_3821276.png\" alt=\"BUDOWNICTWO INWESTYCYJNE\"><\/span>\n<span class=\"header-with-icon__content\">BUDOWNICTWO INWESTYCYJNE<\/span>\n<\/h3>\n\n\n<ul class=\"links-list links-list--multiple \">\n                    <li class=\"links-list__item\">\n            <a href=\"#\">\n                <span class=\"links-list__smallTitle\">Fasado dangos<\/span>                <span class=\"links-list__title\">SKRIN<\/span>            <\/a>\n        <\/li>\n                    <li class=\"links-list__item\">\n            <a href=\"https:\/\/bp2.eu\/oferta\/budownictwo-przemyslowe\/?type=plyty-warstwowe-corepir\">\n                <span class=\"links-list__smallTitle\">Sluoksniuotosios plok\u0161t\u0117s<\/span>                <span class=\"links-list__title\">CorePIR, CorePUR, CoreWOOL<\/span>            <\/a>\n        <\/li>\n                    <li class=\"links-list__item\">\n            <a href=\"https:\/\/bp2.eu\/oferta\/budownictwo-przemyslowe\/?type=okladziny-elewacyjne\">\n                <span class=\"links-list__smallTitle\">Fasado dangos<\/span>                <span class=\"links-list__title\">LINEA<\/span>            <\/a>\n        <\/li>\n                    <li class=\"links-list__item\">\n            <a href=\"https:\/\/bp2.eu\/oferta\/budownictwo-przemyslowe\/?type=plyty-warstwowe-corewool\">\n                <span class=\"links-list__smallTitle\">Sluoksniuotosios plok\u0161t\u0117s<\/span>                <span class=\"links-list__title\">CorePIR, CorePUR, CoreWOOL<\/span>            <\/a>\n        <\/li>\n                    <li class=\"links-list__item\">\n            <a href=\"#\">\n                <span class=\"links-list__smallTitle\">Sien\u0173<\/span>                <span class=\"links-list__title\">kaset\u0117s ir PROSYSTEM<\/span>            <\/a>\n        <\/li>\n                    <li class=\"links-list__item\">\n            <a href=\"https:\/\/bp2.eu\/oferta\/budownictwo-przemyslowe\/?type=blachy-trapezowe-inwestycje\">\n                <span class=\"links-list__smallTitle\">Stogo ir fasado<\/span>                <span class=\"links-list__title\">Trapecin\u0117 Skarda<\/span>            <\/a>\n        <\/li>\n                    <li class=\"links-list__item\">\n            <a href=\"https:\/\/bp2.eu\/oferta\/budownictwo-mieszkaniowe\/?type=compact-series-blachodachowki-kompaktowe\">\n                                            <\/a>\n        <\/li>\n                    <li class=\"links-list__item\">\n            <a href=\"https:\/\/bp2.eu\/oferta\/budownictwo-przemyslowe\/?type=plyty-warstwowe-corewool\">\n                                <span class=\"links-list__title\">Sluoksniuotosios plok\u0161t\u0117s<\/span>            <\/a>\n        <\/li>\n    <\/ul><\/div><\/div>\n<\/div>\n\n\n\n<div class=\"wp-block-column is-layout-flow wp-block-column-is-layout-flow\">\n<div class=\"wp-block-cover is-light is-style-full-height\"><span aria-hidden=\"true\" class=\"wp-block-cover__background has-background-dim-0 has-background-dim\"><\/span><img loading=\"lazy\" decoding=\"async\" width=\"804\" height=\"487\" class=\"wp-block-cover__image-background wp-image-789\" alt=\"\" src=\"https:\/\/bp2.eu\/wp-content\/uploads\/2022\/02\/bp2_oferta_2.png\" data-object-fit=\"cover\" srcset=\"https:\/\/bp2.eu\/wp-content\/uploads\/2022\/02\/bp2_oferta_2.png 804w, https:\/\/bp2.eu\/wp-content\/uploads\/2022\/02\/bp2_oferta_2-768x465.png 768w\" sizes=\"auto, (max-width: 804px) 100vw, 804px\" \/><div class=\"wp-block-cover__inner-container is-layout-flow wp-block-cover-is-layout-flow\">\n<p class=\"has-text-align-center has-large-font-size\"><\/p>\n<\/div><\/div>\n<\/div>\n<\/div>\n\n\n\n<div class=\"wp-block-columns is-style-grid is-layout-flex wp-container-core-columns-is-layout-9d6595d7 wp-block-columns-is-layout-flex\">\n<div class=\"wp-block-column is-layout-flow wp-block-column-is-layout-flow\">\n<div class=\"wp-block-cover is-style-full-height\"><span aria-hidden=\"true\" class=\"wp-block-cover__background has-background-dim-0 has-background-dim\"><\/span><img loading=\"lazy\" decoding=\"async\" width=\"804\" height=\"393\" class=\"wp-block-cover__image-background wp-image-57451\" alt=\"\" src=\"https:\/\/bp2.eu\/wp-content\/uploads\/2023\/01\/vss.jpg\" data-object-fit=\"cover\" srcset=\"https:\/\/bp2.eu\/wp-content\/uploads\/2023\/01\/vss.jpg 804w, https:\/\/bp2.eu\/wp-content\/uploads\/2023\/01\/vss-768x375.jpg 768w\" sizes=\"auto, (max-width: 804px) 100vw, 804px\" \/><div class=\"wp-block-cover__inner-container is-layout-flow wp-block-cover-is-layout-flow\">\n<p class=\"has-text-align-center has-large-font-size\"><\/p>\n<\/div><\/div>\n<\/div>\n\n\n\n<div class=\"wp-block-column is-layout-flow wp-block-column-is-layout-flow\">\n<div class=\"wp-block-cover is-light is-style-full-height\"><span aria-hidden=\"true\" class=\"wp-block-cover__background has-dark-gray-background-color has-background-dim-100 has-background-dim\"><\/span><div class=\"wp-block-cover__inner-container is-layout-flow wp-block-cover-is-layout-flow\">\n<h3 class=\"header-with-icon \">\n<span class=\"header-with-icon__icon\"><img decoding=\"async\" src=\"https:\/\/bp2.eu\/wp-content\/uploads\/2022\/02\/Path-99.png\" alt=\"Plieno Paslaug\u0173 Centras\"><\/span>\n<span class=\"header-with-icon__content\">Plieno Paslaug\u0173 Centras<\/span>\n<\/h3>\n\n\n<ul class=\"links-list links-list--multiple \">\n                    <li class=\"links-list__item\">\n            <a href=\"https:\/\/vss.sk\/lt\/produkt\/lakstai-ir-ploksti-lakstai-2\/\">\n                                <span class=\"links-list__title\">LAK\u0160TAI IR PLOK\u0160TI LAK\u0160TAI<\/span>            <\/a>\n        <\/li>\n                    <li class=\"links-list__item\">\n            <a href=\"https:\/\/vss.sk\/lt\/produkt\/pervyniojimo-ir-pjaustymo-paslaugos\/\">\n                                <span class=\"links-list__title\">PERVYNIOJIMO IR PJAUSTYMO PASLAUGOS<\/span>            <\/a>\n        <\/li>\n                    <li class=\"links-list__item\">\n            <a href=\"https:\/\/vss.sk\/lt\/produkt\/skardos-perforacija\/\">\n                                <span class=\"links-list__title\">SKARDOS PERFORACIJA<\/span>            <\/a>\n        <\/li>\n    <\/ul><\/div><\/div>\n<\/div>\n<\/div>\n\n\n\n<div style=\"height:100px\" aria-hidden=\"true\" class=\"wp-block-spacer is-style-small-spacer\"><\/div>\n<\/div><\/div>\n","protected":false},"excerpt":{"rendered":"<p>M\u016aS\u0172 PASI\u016aLYMAS Kompleksini\u0173 statybos sprendim\u0173 gamintojas. Si\u016blome vis\u0105 investicini\u0173 ir gyvenam\u0173j\u0173 pastat\u0173 statybai skirt\u0173 gamini\u0173 spektr\u0105: stogo dangas, konstrukcin\u0119 skard\u0105, fasad\u0173 sistemas, sluoksniuot\u0105sias plok\u0161tes, fasado kasetes, latak\u0173 sistemas, taip pat specializuotas plieno apdorojimo paslaugas Plieno paslaug\u0173 centre. Nuolat ple\u010diame savo asortiment\u0105, kad prisitaikytume prie rinkos ir technologin\u0117s pa\u017eangos reikalavim\u0173.<\/p>\n","protected":false},"author":1,"featured_media":0,"parent":0,"menu_order":147,"comment_status":"closed","ping_status":"closed","template":"templates\/offer.php","meta":{"_acf_changed":false,"content-type":"","inline_featured_image":false,"footnotes":""},"class_list":["post-48402","page","type-page","status-publish","hentry"],"acf":[],"_links":{"self":[{"href":"https:\/\/bp2.eu\/lt\/wp-json\/wp\/v2\/pages\/48402","targetHints":{"allow":["GET"]}}],"collection":[{"href":"https:\/\/bp2.eu\/lt\/wp-json\/wp\/v2\/pages"}],"about":[{"href":"https:\/\/bp2.eu\/lt\/wp-json\/wp\/v2\/types\/page"}],"author":[{"embeddable":true,"href":"https:\/\/bp2.eu\/lt\/wp-json\/wp\/v2\/users\/1"}],"replies":[{"embeddable":true,"href":"https:\/\/bp2.eu\/lt\/wp-json\/wp\/v2\/comments?post=48402"}],"version-history":[{"count":0,"href":"https:\/\/bp2.eu\/lt\/wp-json\/wp\/v2\/pages\/48402\/revisions"}],"wp:attachment":[{"href":"https:\/\/bp2.eu\/lt\/wp-json\/wp\/v2\/media?parent=48402"}],"curies":[{"name":"wp","href":"https:\/\/api.w.org\/{rel}","templated":true}]}}