{"id":33686,"date":"2022-08-04T14:46:21","date_gmt":"2022-08-04T12:46:21","guid":{"rendered":"https:\/\/bp2.eu\/produkt\/modulowy-panel-dachowy-fit\/"},"modified":"2025-07-01T14:19:52","modified_gmt":"2025-07-01T12:19:52","slug":"modulines-stogo-plokstes-fit","status":"publish","type":"product","link":"https:\/\/bp2.eu\/lt\/produktas\/modulines-stogo-plokstes-fit\/","title":{"rendered":"Modulin\u0117s Stogo Plok\u0161t\u0117s FIT"},"content":{"rendered":"","protected":false},"featured_media":26058,"menu_order":5,"template":"","product_category":[578,539,571],"warranty":[591,596,592,595,540,593,594,541],"product_serie":[],"class_list":["post-33686","product","type-product","status-publish","has-post-thumbnail","hentry","product_category-gyvenamuju-pastatu-statyba","product_category-modulines-skardines-cerpes","product_category-stogo-plokstes","warranty-10-metai","warranty-15-metai","warranty-20-metai","warranty-25-metai","warranty-30-metai","warranty-35-metai","warranty-40-metai","warranty-55-metai"],"acf":[],"_links":{"self":[{"href":"https:\/\/bp2.eu\/lt\/wp-json\/wp\/v2\/product\/33686","targetHints":{"allow":["GET"]}}],"collection":[{"href":"https:\/\/bp2.eu\/lt\/wp-json\/wp\/v2\/product"}],"about":[{"href":"https:\/\/bp2.eu\/lt\/wp-json\/wp\/v2\/types\/product"}],"wp:featuredmedia":[{"embeddable":true,"href":"https:\/\/bp2.eu\/lt\/wp-json\/wp\/v2\/media\/26058"}],"wp:attachment":[{"href":"https:\/\/bp2.eu\/lt\/wp-json\/wp\/v2\/media?parent=33686"}],"wp:term":[{"taxonomy":"product_category","embeddable":true,"href":"https:\/\/bp2.eu\/lt\/wp-json\/wp\/v2\/product_category?post=33686"},{"taxonomy":"warranty","embeddable":true,"href":"https:\/\/bp2.eu\/lt\/wp-json\/wp\/v2\/warranty?post=33686"},{"taxonomy":"product_serie","embeddable":true,"href":"https:\/\/bp2.eu\/lt\/wp-json\/wp\/v2\/product_serie?post=33686"}],"curies":[{"name":"wp","href":"https:\/\/api.w.org\/{rel}","templated":true}]}}