{"id":34207,"date":"2022-03-11T13:56:18","date_gmt":"2022-03-11T12:56:18","guid":{"rendered":"https:\/\/bp2.eu\/produkt\/lambda-2-0\/"},"modified":"2025-07-01T14:30:03","modified_gmt":"2025-07-01T12:30:03","slug":"lambda-2-0","status":"publish","type":"product","link":"https:\/\/bp2.eu\/lt\/produktas\/lambda-2-0\/","title":{"rendered":"LAMBDA 2.0"},"content":{"rendered":"\n<div class=\"wp-block-group is-style-narrower-group\"><div class=\"wp-block-group__inner-container is-layout-flow wp-block-group-is-layout-flow\">\n<h2 class=\"wp-block-heading has-text-align-center is-style-h1\">PAGAL J\u016aS\u0172 POREIKIUS<\/h2>\n\n\n\n<p class=\"has-text-align-center\">Du plok\u0161\u010di\u0173 plo\u010diai, keturi\u0173 tip\u0173 profiliavimas<\/p>\n\n\n\n<p class=\"has-text-align-center\">LAMBDA 2.0 plok\u0161t\u0117s yra dviej\u0173 plo\u010di\u0173 (515 mm ir 307 mm naudingojo plo\u010dio) ir keturi\u0173 profiliavimo tip\u0173, tod\u0117l galima idealiai priderinti pagal konkretaus statinio reikmes.<\/p>\n<\/div><\/div>\n\n\n\n<div class=\"wp-block-group\"><div class=\"wp-block-group__inner-container is-layout-flow wp-block-group-is-layout-flow\">\n<h2 class=\"wp-block-heading has-text-align-center is-style-h3 has-red-color has-text-color\">MICRO RIB [M]<\/h2>\n\n\n\n<p class=\"has-text-align-center\">I\u0161ilginiai mikroprofiliai per vis\u0105 lak\u0161to pavir\u0161i\u0173 suma\u017eina galimyb\u0119, kad plok\u0161\u010dia plok\u0161t\u0117s dalis gali banguotis.<\/p>\n\n\n\n<div style=\"height:100px\" aria-hidden=\"true\" class=\"wp-block-spacer is-style-small-spacer\"><\/div>\n\n\n\n<div class=\"wp-block-columns is-layout-flex wp-container-core-columns-is-layout-9d6595d7 wp-block-columns-is-layout-flex\">\n<div class=\"wp-block-column is-layout-flow wp-block-column-is-layout-flow\"><div class=\"wp-block-image\">\n<figure class=\"aligncenter size-large is-resized\"><img loading=\"lazy\" decoding=\"async\" width=\"1024\" height=\"753\" src=\"https:\/\/bp2.eu\/wp-content\/uploads\/2022\/03\/Lambda_2_0_LW.2.0.515.M_dim-1024x753.png\" alt=\"\" class=\"wp-image-21823\" style=\"width:512px;height:377px\" srcset=\"https:\/\/bp2.eu\/wp-content\/uploads\/2022\/03\/Lambda_2_0_LW.2.0.515.M_dim-1024x753.png 1024w, https:\/\/bp2.eu\/wp-content\/uploads\/2022\/03\/Lambda_2_0_LW.2.0.515.M_dim-820x603.png 820w, https:\/\/bp2.eu\/wp-content\/uploads\/2022\/03\/Lambda_2_0_LW.2.0.515.M_dim-768x565.png 768w, https:\/\/bp2.eu\/wp-content\/uploads\/2022\/03\/Lambda_2_0_LW.2.0.515.M_dim-1536x1130.png 1536w, https:\/\/bp2.eu\/wp-content\/uploads\/2022\/03\/Lambda_2_0_LW.2.0.515.M_dim.png 1892w\" sizes=\"auto, (max-width: 1024px) 100vw, 1024px\" \/><\/figure>\n<\/div>\n\n\n<p class=\"has-text-align-center\"><strong>Produkto kodas:<\/strong><br><strong>LW.2.0.515.M<\/strong><\/p>\n\n\n\n<p class=\"has-text-align-center\">Stogo plok\u0161t\u0117 LAMBDA 2.0 su i\u0161ilginiais mikroprofiliais MICRO RIB ir u\u017elanko \u012fpjova.<\/p>\n<\/div>\n\n\n\n<div class=\"wp-block-column is-layout-flow wp-block-column-is-layout-flow\"><div class=\"wp-block-image\">\n<figure class=\"aligncenter size-large is-resized\"><img loading=\"lazy\" decoding=\"async\" width=\"1024\" height=\"753\" src=\"https:\/\/bp2.eu\/wp-content\/uploads\/2022\/03\/Lambda_2_0_LW.2.0.515.M_dim-1-1024x753.png\" alt=\"\" class=\"wp-image-21877\" style=\"width:512px;height:377px\" srcset=\"https:\/\/bp2.eu\/wp-content\/uploads\/2022\/03\/Lambda_2_0_LW.2.0.515.M_dim-1-1024x753.png 1024w, https:\/\/bp2.eu\/wp-content\/uploads\/2022\/03\/Lambda_2_0_LW.2.0.515.M_dim-1-820x603.png 820w, https:\/\/bp2.eu\/wp-content\/uploads\/2022\/03\/Lambda_2_0_LW.2.0.515.M_dim-1-768x565.png 768w, https:\/\/bp2.eu\/wp-content\/uploads\/2022\/03\/Lambda_2_0_LW.2.0.515.M_dim-1-1536x1130.png 1536w, https:\/\/bp2.eu\/wp-content\/uploads\/2022\/03\/Lambda_2_0_LW.2.0.515.M_dim-1.png 1892w\" sizes=\"auto, (max-width: 1024px) 100vw, 1024px\" \/><\/figure>\n<\/div>\n\n\n<p class=\"has-text-align-center\"><strong>Produkto kodas:<br>LWZ.2.0.515.M<\/strong><\/p>\n\n\n\n<p class=\"has-text-align-center\">Stogo plok\u0161t\u0117 LAMBDA 2.0 su i\u0161ilginiais mikroprofiliais MICRO RIB ir BEND LOCK u\u017elanku.<\/p>\n<\/div>\n<\/div>\n\n\n\n<div style=\"height:100px\" aria-hidden=\"true\" class=\"wp-block-spacer is-style-small-spacer\"><\/div>\n\n\n\n<h2 class=\"wp-block-heading has-text-align-center is-style-h3 has-red-color has-text-color\">[R] TIPO PROFILIAVIMAS<\/h2>\n\n\n\n<p class=\"has-text-align-center\">Plok\u0161t\u0117s pavir\u0161iaus apdaila su i\u0161ilginiu profiliavimu ir simetri\u0161kais grioveliais<\/p>\n\n\n\n<div style=\"height:100px\" aria-hidden=\"true\" class=\"wp-block-spacer is-style-small-spacer\"><\/div>\n\n\n\n<div class=\"wp-block-columns is-layout-flex wp-container-core-columns-is-layout-9d6595d7 wp-block-columns-is-layout-flex\">\n<div class=\"wp-block-column is-layout-flow wp-block-column-is-layout-flow\"><div class=\"wp-block-image\">\n<figure class=\"aligncenter size-large is-resized\"><img loading=\"lazy\" decoding=\"async\" width=\"1024\" height=\"754\" src=\"https:\/\/bp2.eu\/wp-content\/uploads\/2022\/03\/LW.2.0.515.R_dim-1024x754.png\" alt=\"\" class=\"wp-image-21885\" style=\"width:512px;height:377px\" srcset=\"https:\/\/bp2.eu\/wp-content\/uploads\/2022\/03\/LW.2.0.515.R_dim-1024x754.png 1024w, https:\/\/bp2.eu\/wp-content\/uploads\/2022\/03\/LW.2.0.515.R_dim-820x604.png 820w, https:\/\/bp2.eu\/wp-content\/uploads\/2022\/03\/LW.2.0.515.R_dim-768x565.png 768w, https:\/\/bp2.eu\/wp-content\/uploads\/2022\/03\/LW.2.0.515.R_dim.png 1500w\" sizes=\"auto, (max-width: 1024px) 100vw, 1024px\" \/><\/figure>\n<\/div>\n\n\n<p class=\"has-text-align-center\"><strong>Produkto kodas:<\/strong><br><strong>LW.2.0.515.R<\/strong><\/p>\n\n\n\n<p class=\"has-text-align-center\">Stogo plok\u0161t\u0117 LAMBDA 2.0 su dvigubu pusiau apvaliu profiliavimu ir u\u017elanko \u012fpjova.<\/p>\n<\/div>\n\n\n\n<div class=\"wp-block-column is-layout-flow wp-block-column-is-layout-flow\"><div class=\"wp-block-image\">\n<figure class=\"aligncenter size-large is-resized\"><img loading=\"lazy\" decoding=\"async\" width=\"1024\" height=\"754\" src=\"https:\/\/bp2.eu\/wp-content\/uploads\/2022\/03\/LWZ.2.0.515.R_dim-1024x754.png\" alt=\"\" class=\"wp-image-21881\" style=\"width:512px;height:377px\" srcset=\"https:\/\/bp2.eu\/wp-content\/uploads\/2022\/03\/LWZ.2.0.515.R_dim-1024x754.png 1024w, https:\/\/bp2.eu\/wp-content\/uploads\/2022\/03\/LWZ.2.0.515.R_dim-820x604.png 820w, https:\/\/bp2.eu\/wp-content\/uploads\/2022\/03\/LWZ.2.0.515.R_dim-768x565.png 768w, https:\/\/bp2.eu\/wp-content\/uploads\/2022\/03\/LWZ.2.0.515.R_dim.png 1500w\" sizes=\"auto, (max-width: 1024px) 100vw, 1024px\" \/><\/figure>\n<\/div>\n\n\n<p class=\"has-text-align-center\"><strong>Produkto kodas:<\/strong><br><strong>LWZ.2.0.515.R<\/strong><\/p>\n\n\n\n<p class=\"has-text-align-center\">Stogo plok\u0161t\u0117 LAMBDA 2.0 su dvigubu pusiau apvaliu profiliavimu ir BEND LOCK u\u017elanku<\/p>\n<\/div>\n<\/div>\n\n\n\n<div style=\"height:100px\" aria-hidden=\"true\" class=\"wp-block-spacer is-style-small-spacer\"><\/div>\n\n\n\n<h2 class=\"wp-block-heading has-text-align-center is-style-h3 has-red-color has-text-color\">[T25] TIPO PROFILIAVIMAS<\/h2>\n\n\n\n<p class=\"has-text-align-center\">Plok\u0161t\u0117s pavir\u0161iaus apdaila su pla\u010dios trapecijos pavidalo i\u0161ilginiu profiliavimu.<\/p>\n\n\n\n<div style=\"height:100px\" aria-hidden=\"true\" class=\"wp-block-spacer is-style-small-spacer\"><\/div>\n\n\n\n<div class=\"wp-block-columns is-layout-flex wp-container-core-columns-is-layout-9d6595d7 wp-block-columns-is-layout-flex\">\n<div class=\"wp-block-column is-layout-flow wp-block-column-is-layout-flow\"><div class=\"wp-block-image\">\n<figure class=\"aligncenter size-large is-resized\"><img loading=\"lazy\" decoding=\"async\" width=\"1024\" height=\"754\" src=\"https:\/\/bp2.eu\/wp-content\/uploads\/2022\/03\/LW.2.0.515.T25_dim-1024x754.png\" alt=\"\" class=\"wp-image-21894\" style=\"width:512px;height:377px\" srcset=\"https:\/\/bp2.eu\/wp-content\/uploads\/2022\/03\/LW.2.0.515.T25_dim-1024x754.png 1024w, https:\/\/bp2.eu\/wp-content\/uploads\/2022\/03\/LW.2.0.515.T25_dim-820x604.png 820w, https:\/\/bp2.eu\/wp-content\/uploads\/2022\/03\/LW.2.0.515.T25_dim-768x565.png 768w, https:\/\/bp2.eu\/wp-content\/uploads\/2022\/03\/LW.2.0.515.T25_dim.png 1500w\" sizes=\"auto, (max-width: 1024px) 100vw, 1024px\" \/><\/figure>\n<\/div>\n\n\n<p class=\"has-text-align-center\"><strong>Produkto kodas<\/strong>:<br><strong>LW.2.0.515.T25<\/strong><\/p>\n\n\n\n<p class=\"has-text-align-center\">Stogo plok\u0161t\u0117 LAMBDA 2.0 su dvigubu trapeciniu profiliavimu ir u\u017elanko \u012fpjova.<\/p>\n<\/div>\n\n\n\n<div class=\"wp-block-column is-layout-flow wp-block-column-is-layout-flow\"><div class=\"wp-block-image\">\n<figure class=\"aligncenter size-large is-resized\"><img loading=\"lazy\" decoding=\"async\" width=\"1024\" height=\"754\" src=\"https:\/\/bp2.eu\/wp-content\/uploads\/2022\/03\/LWZ.2.0.515.T25_dim-1024x754.png\" alt=\"\" class=\"wp-image-21898\" style=\"width:512px;height:377px\" srcset=\"https:\/\/bp2.eu\/wp-content\/uploads\/2022\/03\/LWZ.2.0.515.T25_dim-1024x754.png 1024w, https:\/\/bp2.eu\/wp-content\/uploads\/2022\/03\/LWZ.2.0.515.T25_dim-820x604.png 820w, https:\/\/bp2.eu\/wp-content\/uploads\/2022\/03\/LWZ.2.0.515.T25_dim-768x565.png 768w, https:\/\/bp2.eu\/wp-content\/uploads\/2022\/03\/LWZ.2.0.515.T25_dim.png 1500w\" sizes=\"auto, (max-width: 1024px) 100vw, 1024px\" \/><\/figure>\n<\/div>\n\n\n<p class=\"has-text-align-center\"><strong>Produkto kodas:<\/strong><br><strong>LWZ.2.0.515.T25<\/strong><\/p>\n\n\n\n<p class=\"has-text-align-center\">Stogo plok\u0161t\u0117 LAMBDA 2.0 su dvigubu trapeciniu profiliavimu ir BEND LOCK u\u017elanku.<\/p>\n<\/div>\n<\/div>\n\n\n\n<div style=\"height:100px\" aria-hidden=\"true\" class=\"wp-block-spacer is-style-small-spacer\"><\/div>\n\n\n\n<h2 class=\"wp-block-heading has-text-align-center is-style-h3 has-red-color has-text-color\">NEPROFILIUOTAS PAVIR\u0160IUS [P]<\/h2>\n\n\n\n<p class=\"has-text-align-center\">Klasikinis plok\u0161t\u0117s pavir\u0161ius be kokio nors profiliavimo.<\/p>\n\n\n\n<div style=\"height:100px\" aria-hidden=\"true\" class=\"wp-block-spacer is-style-small-spacer\"><\/div>\n\n\n\n<div class=\"wp-block-columns is-layout-flex wp-container-core-columns-is-layout-9d6595d7 wp-block-columns-is-layout-flex\">\n<div class=\"wp-block-column is-layout-flow wp-block-column-is-layout-flow\"><div class=\"wp-block-image\">\n<figure class=\"aligncenter size-large is-resized\"><img loading=\"lazy\" decoding=\"async\" width=\"1024\" height=\"754\" src=\"https:\/\/bp2.eu\/wp-content\/uploads\/2022\/03\/LW.2.0.515.P_dim-1024x754.png\" alt=\"\" class=\"wp-image-21917\" style=\"width:512px;height:377px\" srcset=\"https:\/\/bp2.eu\/wp-content\/uploads\/2022\/03\/LW.2.0.515.P_dim-1024x754.png 1024w, https:\/\/bp2.eu\/wp-content\/uploads\/2022\/03\/LW.2.0.515.P_dim-820x604.png 820w, https:\/\/bp2.eu\/wp-content\/uploads\/2022\/03\/LW.2.0.515.P_dim-768x565.png 768w, https:\/\/bp2.eu\/wp-content\/uploads\/2022\/03\/LW.2.0.515.P_dim.png 1500w\" sizes=\"auto, (max-width: 1024px) 100vw, 1024px\" \/><\/figure>\n<\/div>\n\n\n<p class=\"has-text-align-center\"><strong>Produkto kodas:<\/strong><br><strong>LW.2.0.515.P<\/strong><\/p>\n\n\n\n<p class=\"has-text-align-center\">Stogo plok\u0161t\u0117 LAMBDA 2.0 su plok\u0161\u010diu pavir\u0161iumi ir u\u017elanko \u012fpjova.<\/p>\n<\/div>\n\n\n\n<div class=\"wp-block-column is-layout-flow wp-block-column-is-layout-flow\"><div class=\"wp-block-image\">\n<figure class=\"aligncenter size-large is-resized\"><img loading=\"lazy\" decoding=\"async\" width=\"1024\" height=\"754\" src=\"https:\/\/bp2.eu\/wp-content\/uploads\/2022\/03\/LWZ.2.0.515.P_dim-2-1024x754.png\" alt=\"\" class=\"wp-image-21921\" style=\"width:512px;height:377px\" srcset=\"https:\/\/bp2.eu\/wp-content\/uploads\/2022\/03\/LWZ.2.0.515.P_dim-2-1024x754.png 1024w, https:\/\/bp2.eu\/wp-content\/uploads\/2022\/03\/LWZ.2.0.515.P_dim-2-820x604.png 820w, https:\/\/bp2.eu\/wp-content\/uploads\/2022\/03\/LWZ.2.0.515.P_dim-2-768x565.png 768w, https:\/\/bp2.eu\/wp-content\/uploads\/2022\/03\/LWZ.2.0.515.P_dim-2.png 1500w\" sizes=\"auto, (max-width: 1024px) 100vw, 1024px\" \/><\/figure>\n<\/div>\n\n\n<p class=\"has-text-align-center\"><strong>Produkto kodas:<\/strong><br><strong>LWZ.2.0.515.P<\/strong><\/p>\n\n\n\n<p class=\"has-text-align-center\">Stogo plok\u0161t\u0117 LAMBDA 2.0 su plok\u0161\u010diu pavir\u0161iumi ir BEND LOCK u\u017elanku.<\/p>\n<\/div>\n<\/div>\n\n\n\n<h2 class=\"wp-block-heading is-style-h3\">D\u0116MESIO! <\/h2>\n\n\n\n<p>Atsi\u017evelgiant \u012f stogo plok\u0161\u010di\u0173 konstrukcij\u0105, stogo dangos skardoje gali susidaryti \u201ebangavimo\u201c efektas. Tai yra nat\u016bralus \u0161io tipo produkt\u0173 rei\u0161kinys.<\/p>\n<\/div><\/div>\n","protected":false},"featured_media":23002,"menu_order":173,"template":"","product_category":[571],"warranty":[591,596,592,595,540,593,594],"product_serie":[],"class_list":["post-34207","product","type-product","status-publish","has-post-thumbnail","hentry","product_category-stogo-plokstes","warranty-10-metai","warranty-15-metai","warranty-20-metai","warranty-25-metai","warranty-30-metai","warranty-35-metai","warranty-40-metai"],"acf":[],"_links":{"self":[{"href":"https:\/\/bp2.eu\/lt\/wp-json\/wp\/v2\/product\/34207","targetHints":{"allow":["GET"]}}],"collection":[{"href":"https:\/\/bp2.eu\/lt\/wp-json\/wp\/v2\/product"}],"about":[{"href":"https:\/\/bp2.eu\/lt\/wp-json\/wp\/v2\/types\/product"}],"wp:featuredmedia":[{"embeddable":true,"href":"https:\/\/bp2.eu\/lt\/wp-json\/wp\/v2\/media\/23002"}],"wp:attachment":[{"href":"https:\/\/bp2.eu\/lt\/wp-json\/wp\/v2\/media?parent=34207"}],"wp:term":[{"taxonomy":"product_category","embeddable":true,"href":"https:\/\/bp2.eu\/lt\/wp-json\/wp\/v2\/product_category?post=34207"},{"taxonomy":"warranty","embeddable":true,"href":"https:\/\/bp2.eu\/lt\/wp-json\/wp\/v2\/warranty?post=34207"},{"taxonomy":"product_serie","embeddable":true,"href":"https:\/\/bp2.eu\/lt\/wp-json\/wp\/v2\/product_serie?post=34207"}],"curies":[{"name":"wp","href":"https:\/\/api.w.org\/{rel}","templated":true}]}}