{"id":34214,"date":"2022-03-28T15:26:09","date_gmt":"2022-03-28T13:26:09","guid":{"rendered":"https:\/\/bp2.eu\/produkt\/kasetony-elewacyjne-skrin\/"},"modified":"2023-10-04T09:00:35","modified_gmt":"2023-10-04T07:00:35","slug":"fasado-kasetes-skrin","status":"publish","type":"product","link":"https:\/\/bp2.eu\/lt\/produktas\/fasado-kasetes-skrin\/","title":{"rendered":"Fasado kaset\u0117s SKRIN"},"content":{"rendered":"\n<div class=\"wp-block-group\"><div class=\"wp-block-group__inner-container is-layout-flow wp-block-group-is-layout-flow\">\n<div style=\"height:100px\" aria-hidden=\"true\" class=\"wp-block-spacer is-style-small-spacer\"><\/div>\n\n\n\r\n<div class=\"section__data\" data-section=\"Zastosowanie\"><\/div>\n\n\n<div class=\"wp-block-columns is-layout-flex wp-container-core-columns-is-layout-9d6595d7 wp-block-columns-is-layout-flex\">\n<div class=\"wp-block-column is-vertically-aligned-center is-layout-flow wp-block-column-is-layout-flow\" style=\"flex-basis:50%\"><div class=\"wp-block-image\">\n<figure class=\"aligncenter size-full\"><img loading=\"lazy\" decoding=\"async\" width=\"805\" height=\"562\" src=\"https:\/\/bp2.eu\/wp-content\/uploads\/2022\/03\/bp2_skrin_1.png\" alt=\"\" class=\"wp-image-22691\" srcset=\"https:\/\/bp2.eu\/wp-content\/uploads\/2022\/03\/bp2_skrin_1.png 805w, https:\/\/bp2.eu\/wp-content\/uploads\/2022\/03\/bp2_skrin_1-768x536.png 768w\" sizes=\"auto, (max-width: 805px) 100vw, 805px\" \/><\/figure>\n<\/div><\/div>\n\n\n\n<div class=\"wp-block-column has-dark-gray-background-color has-background is-layout-flow wp-block-column-is-layout-flow\" style=\"flex-basis:50%\">\n<div class=\"wp-block-cover is-light is-style-full-width\"><span aria-hidden=\"true\" class=\"wp-block-cover__background has-dark-gray-background-color has-background-dim-100 has-background-dim\"><\/span><div class=\"wp-block-cover__inner-container is-layout-flow wp-block-cover-is-layout-flow\">\n<p>Naudojant fasado kasetes SKRIN galima sukurti esteti\u0161k\u0105 ir patvari\u0105 fasado apdail\u0105. Kaset\u0117s gali b\u016bti naudojamos visam pastato fasadui arba tik kai kuriose reprezentacin\u0117se dalyje, pvz., priekiniam fasadui arba objekto biuro daliai. \u0160iuolaikiniuose pastatuose da\u017enai kai kurios fasado dalys i\u0161skiriamos forma ir apdailos med\u017eiagomis. <\/p>\n\n\n\n<p>Tokiuose projektuose fasado kaset\u0117s yra puikus pasirinkimas d\u0117l pla\u010dios spalv\u0173 palet\u0117s ir lanks\u010di\u0173 matmen\u0173. Siekiant i\u0161laikyti auk\u0161t\u0105 fasado estetik\u0105 ir funkcionalum\u0105, tiekiame sisteminius kampus ir pagal individualius u\u017esakymus gaminamus lankstinius.<\/p>\n\n\n\n<p>[1] plienin\u0117 sienin\u0117 kaset\u0117<br>[2] mineralin\u0117 vata \u2013 \u0161ilumos izoliacija<br>[3] P01 tarpinis profilis 20\/50<br>[4] v\u0117jo izoliacijos pl\u0117vel\u0117<br>[5] atraminis stulpas<br>[6] sandarinimas<br>[7] jungiamasis elementas (\u012f\u0161aunamas kai\u0161tis arba sraigtas)<br>[8] P03 pagrindinis profilis 20\/90<br>[9] savigr\u0119\u017eis jungiamasis elementas<br>[10] savigr\u0119\u017eis jungiamasis elementas<br>[11] fasado kaset\u0117 Skrin<\/p>\n\n\n\n<p class=\"has-text-align-center\">&nbsp;<\/p>\n<\/div><\/div>\n<\/div>\n<\/div>\n\n\n\n<div class=\"wp-block-columns is-layout-flex wp-container-core-columns-is-layout-9d6595d7 wp-block-columns-is-layout-flex\">\n<div class=\"wp-block-column is-style-default is-layout-flow wp-block-column-is-layout-flow\" style=\"flex-basis:50%\">\n<div class=\"wp-block-cover is-light is-style-full-width\"><span aria-hidden=\"true\" class=\"wp-block-cover__background has-dark-gray-background-color has-background-dim-100 has-background-dim\"><\/span><div class=\"wp-block-cover__inner-container is-layout-flow wp-block-cover-is-layout-flow\">\n<p>Apsaugini\u0173 sien\u0173, surinkt\u0173 i\u0161 fasado kase\u010di\u0173 SKRIN, privalumas \u2013 spartus ir nesud\u0117tingas surinkimas. Galimas jas tvirtinti ant vis\u0173 sien\u0173, nes kabinamos ant pagrindini\u0173 profili\u0173 P03 20\/90 plienini\u0173 sijyno konstrukcijos. <\/p>\n\n\n\n<p>Kaset\u0117s SKRIN ant tvirtinamos per pailgas angas, kurios leid\u017eia kompensuoti \u012ftempius. Pagrindiniai profiliai P03 20\/90 yra kase\u010di\u0173 jungimo vertikaliai pagrindas, tod\u0117l gaminami tokios pa\u010dios spalvos kaip kaset\u0117s, kad pavir\u0161ius b\u016bt\u0173 vienodas. Siekiant papildomai sutvirtinti, naudojami tarpiniai profiliai P01 20\/50. Kaset\u0117s horizontaliai jungiamos surakinant atitinkamai profiliuotas vir\u0161utines apatines kase\u010di\u0173 briaunas.<\/p>\n\n\n\n<p>[1] m\u016bryta siena<br>[2] plieninis skl\u0105stis i\u0161 Z profili\u0173<br>[3] vertikalus tvirtinimo sijynas i\u0161 profili\u0173<br>[4] mineralin\u0117 vata \u2013 \u0161ilumos izoliacija<br>[5] v\u0117jo izoliacijos pl\u0117vel\u0117<br>[6] fasado kaset\u0117 SKRIN<\/p>\n<\/div><\/div>\n<\/div>\n\n\n\n<div class=\"wp-block-column is-vertically-aligned-center is-layout-flow wp-block-column-is-layout-flow\" style=\"flex-basis:50%\"><div class=\"wp-block-image\">\n<figure class=\"aligncenter size-full\"><img loading=\"lazy\" decoding=\"async\" width=\"805\" height=\"562\" src=\"https:\/\/bp2.eu\/wp-content\/uploads\/2022\/03\/bp2_skrin_2-2.png\" alt=\"\" class=\"wp-image-22710\" srcset=\"https:\/\/bp2.eu\/wp-content\/uploads\/2022\/03\/bp2_skrin_2-2.png 805w, https:\/\/bp2.eu\/wp-content\/uploads\/2022\/03\/bp2_skrin_2-2-768x536.png 768w\" sizes=\"auto, (max-width: 805px) 100vw, 805px\" \/><\/figure>\n<\/div><\/div>\n<\/div>\n<\/div><\/div>\n\n\n\n<p>&nbsp;<\/p>\n","protected":false},"featured_media":25841,"menu_order":214,"template":"","product_category":[572,575],"warranty":[591,596,592],"product_serie":[],"class_list":["post-34214","product","type-product","status-publish","has-post-thumbnail","hentry","product_category-investicine-statyba","product_category-fasado-kasetes","warranty-10-metai","warranty-15-metai","warranty-20-metai"],"acf":[],"_links":{"self":[{"href":"https:\/\/bp2.eu\/lt\/wp-json\/wp\/v2\/product\/34214","targetHints":{"allow":["GET"]}}],"collection":[{"href":"https:\/\/bp2.eu\/lt\/wp-json\/wp\/v2\/product"}],"about":[{"href":"https:\/\/bp2.eu\/lt\/wp-json\/wp\/v2\/types\/product"}],"wp:featuredmedia":[{"embeddable":true,"href":"https:\/\/bp2.eu\/lt\/wp-json\/wp\/v2\/media\/25841"}],"wp:attachment":[{"href":"https:\/\/bp2.eu\/lt\/wp-json\/wp\/v2\/media?parent=34214"}],"wp:term":[{"taxonomy":"product_category","embeddable":true,"href":"https:\/\/bp2.eu\/lt\/wp-json\/wp\/v2\/product_category?post=34214"},{"taxonomy":"warranty","embeddable":true,"href":"https:\/\/bp2.eu\/lt\/wp-json\/wp\/v2\/warranty?post=34214"},{"taxonomy":"product_serie","embeddable":true,"href":"https:\/\/bp2.eu\/lt\/wp-json\/wp\/v2\/product_serie?post=34214"}],"curies":[{"name":"wp","href":"https:\/\/api.w.org\/{rel}","templated":true}]}}