{"id":34220,"date":"2022-04-01T14:12:59","date_gmt":"2022-04-01T12:12:59","guid":{"rendered":"https:\/\/bp2.eu\/produkt\/panele-elewacyjne-linea\/"},"modified":"2025-01-24T12:01:31","modified_gmt":"2025-01-24T11:01:31","slug":"fasado-plokstes-linea","status":"publish","type":"product","link":"https:\/\/bp2.eu\/lt\/produktas\/fasado-plokstes-linea\/","title":{"rendered":"Fasado plok\u0161t\u0117s LINEA"},"content":{"rendered":"\n<div style=\"height:100px\" aria-hidden=\"true\" class=\"wp-block-spacer is-style-small-spacer\"><\/div>\n\n\n\r\n<div class=\"section__data\" data-section=\"zalety\"><\/div>\n\n\n<div class=\"wp-block-group\"><div class=\"wp-block-group__inner-container is-layout-flow wp-block-group-is-layout-flow\">\n<div class=\"wp-block-columns is-style-mobile-reverse is-layout-flex wp-container-core-columns-is-layout-9d6595d7 wp-block-columns-is-layout-flex\">\n<div class=\"wp-block-column is-vertically-aligned-center is-layout-flow wp-block-column-is-layout-flow\">\n<div class=\"wp-block-cover is-light is-style-default\"><span aria-hidden=\"true\" class=\"wp-block-cover__background has-dark-gray-background-color has-background-dim-100 has-background-dim\"><\/span><div class=\"wp-block-cover__inner-container is-layout-flow wp-block-cover-is-layout-flow\">\n<h2 class=\"wp-block-heading is-style-h3\">Privalumai<\/h2>\n\n\n\n<p>Fasadini\u0173 paneli\u0173 pagrindiniai privalumai, tai paprastas ir greitas montavimas bei lankstumas dangos prie fasado formos taikymo atveju.<\/p>\n\n\n\n<p>\u0160is produktas taip pat puikiai tinka jungimui su kitomis dang\u0173 r\u016b\u0161imis fasado ribose, pavyzd\u017eiui, fasado kaset\u0117mis arba paneliais su LAMBDA\u00ae briauna, kuri u\u017etikrina patraukl\u0173, vizualin\u012f efekt\u0105. Kartu su dideliu spalv\u0173 ir dang\u0173 fakt\u016br\u0173 pasirinkimu, teikia originali\u0173 projekt\u0173 fasad\u0173 realizacijai.<\/p>\n<\/div><\/div>\n<\/div>\n\n\n\n<div class=\"wp-block-column is-vertically-aligned-center is-layout-flow wp-block-column-is-layout-flow\">\n<figure class=\"wp-block-image size-full is-style-full-width\"><img loading=\"lazy\" decoding=\"async\" width=\"820\" height=\"547\" src=\"https:\/\/bp2.eu\/wp-content\/uploads\/2022\/06\/PANEL-ELEWACYJNY.png\" alt=\"\" class=\"wp-image-25641\" srcset=\"https:\/\/bp2.eu\/wp-content\/uploads\/2022\/06\/PANEL-ELEWACYJNY.png 820w, https:\/\/bp2.eu\/wp-content\/uploads\/2022\/06\/PANEL-ELEWACYJNY-768x512.png 768w\" sizes=\"auto, (max-width: 820px) 100vw, 820px\" \/><\/figure>\n<\/div>\n<\/div>\n<\/div><\/div>\n\n\n\n<div class=\"wp-block-group\"><div class=\"wp-block-group__inner-container is-layout-flow wp-block-group-is-layout-flow\">\r\n<div class=\"section__data\" data-section=\"zakresy wymiar\u00f3w\"><\/div>\n\n\n<h2 class=\"wp-block-heading has-text-align-center is-style-h3\">Range of standard sizes of facade panels [mm]<\/h2>\n\n\n\n<div class=\"wp-block-columns has-dark-gray-background-color has-background is-layout-flex wp-container-core-columns-is-layout-9d6595d7 wp-block-columns-is-layout-flex\">\n<div class=\"wp-block-column is-layout-flow wp-block-column-is-layout-flow\">\n<h2 class=\"wp-block-heading is-style-h3\">Panels without joint<\/h2>\n\n\n\n<figure class=\"wp-block-table\"><table><tbody><tr><td>Product code<\/td><td class=\"has-text-align-left\" data-align=\"left\">PS 282.417<\/td><td class=\"has-text-align-left\" data-align=\"left\">PS 177.312<\/td><td class=\"has-text-align-left\" data-align=\"left\">PS 115.250<\/td><\/tr><tr><td>Effective width<\/td><td class=\"has-text-align-left\" data-align=\"left\">282<\/td><td class=\"has-text-align-left\" data-align=\"left\">177<\/td><td class=\"has-text-align-left\" data-align=\"left\">115<\/td><\/tr><tr><td>Panel face<\/td><td class=\"has-text-align-left\" data-align=\"left\">282<\/td><td class=\"has-text-align-left\" data-align=\"left\">177<\/td><td class=\"has-text-align-left\" data-align=\"left\">115<\/td><\/tr><tr><td>Range of sheet thickness<\/td><td class=\"has-text-align-left\" data-align=\"left\">0,7\u20131,0<\/td><td class=\"has-text-align-left\" data-align=\"left\">0,7\u20131,0<\/td><td class=\"has-text-align-left\" data-align=\"left\">0,7\u20131,0<\/td><\/tr><tr><td>Covering length<\/td><td class=\"has-text-align-left\" data-align=\"left\">800\u20136000<\/td><td class=\"has-text-align-left\" data-align=\"left\">800\u20136000<\/td><td class=\"has-text-align-left\" data-align=\"left\">800\u20136000<\/td><\/tr><\/tbody><\/table><\/figure>\n<\/div>\n\n\n\n<div class=\"wp-block-column is-layout-flow wp-block-column-is-layout-flow\">\n<h2 class=\"wp-block-heading is-style-h3\">Panels with joint 15 mm<\/h2>\n\n\n\n<figure class=\"wp-block-table\"><table><tbody><tr><td>Product code<\/td><td class=\"has-text-align-left\" data-align=\"left\">PSF 270.417.15<\/td><td class=\"has-text-align-left\" data-align=\"left\">PSF 165.312.15<\/td><td class=\"has-text-align-left\" data-align=\"left\">PSF 103.250.15<\/td><\/tr><tr><td>Effective width<\/td><td class=\"has-text-align-left\" data-align=\"left\">270<\/td><td class=\"has-text-align-left\" data-align=\"left\">165<\/td><td class=\"has-text-align-left\" data-align=\"left\">103<\/td><\/tr><tr><td>Panel face<\/td><td class=\"has-text-align-left\" data-align=\"left\">255<\/td><td class=\"has-text-align-left\" data-align=\"left\">150<\/td><td class=\"has-text-align-left\" data-align=\"left\">88<\/td><\/tr><tr><td>Range of sheet thickness<\/td><td class=\"has-text-align-left\" data-align=\"left\">0,7\u20131,0<\/td><td class=\"has-text-align-left\" data-align=\"left\">0,7\u20131,0<\/td><td class=\"has-text-align-left\" data-align=\"left\">0,7\u20131,0<\/td><\/tr><tr><td>Covering length<\/td><td class=\"has-text-align-left\" data-align=\"left\">800\u20136000<\/td><td class=\"has-text-align-left\" data-align=\"left\">800\u20136000<\/td><td class=\"has-text-align-left\" data-align=\"left\">800\u20136000<\/td><\/tr><\/tbody><\/table><\/figure>\n<\/div>\n<\/div>\n\n\n<div class=\"wp-block-image\">\n<figure class=\"aligncenter size-large is-resized\"><img loading=\"lazy\" decoding=\"async\" width=\"1024\" height=\"657\" src=\"https:\/\/bp2.eu\/wp-content\/uploads\/2022\/04\/PANELE-ELEWACYJNE-RYSUNEK-TECHNICZNY-1024x657.png\" alt=\"\" class=\"wp-image-23483\" style=\"width:768px;height:493px\" srcset=\"https:\/\/bp2.eu\/wp-content\/uploads\/2022\/04\/PANELE-ELEWACYJNE-RYSUNEK-TECHNICZNY-1024x657.png 1024w, https:\/\/bp2.eu\/wp-content\/uploads\/2022\/04\/PANELE-ELEWACYJNE-RYSUNEK-TECHNICZNY-820x526.png 820w, https:\/\/bp2.eu\/wp-content\/uploads\/2022\/04\/PANELE-ELEWACYJNE-RYSUNEK-TECHNICZNY-768x493.png 768w, https:\/\/bp2.eu\/wp-content\/uploads\/2022\/04\/PANELE-ELEWACYJNE-RYSUNEK-TECHNICZNY.png 1200w\" sizes=\"auto, (max-width: 1024px) 100vw, 1024px\" \/><\/figure>\n<\/div><\/div><\/div>\n\n\n\n<div class=\"wp-block-group\"><div class=\"wp-block-group__inner-container is-layout-flow wp-block-group-is-layout-flow\">\n<ul class=\"wp-block-list\">\n<li>Si\u016blome galimyb\u0119 perforuoti fasado plok\u0161tes LINEA. Detal\u0117s (skyli\u0173 forma, dydis, i\u0161d\u0117stymas ir kt.) derinamos individualiai su prekybos skyriumi.<\/li>\n\n\n\n<li>Gali b\u016bti gaminamos nestandartin\u0117s LINEA plok\u0161t\u0117s. D\u0117l detali\u0173 reikia susitarti su pardavim\u0173 skyriumi.<\/li>\n<\/ul>\n<\/div><\/div>\n","protected":false},"featured_media":25646,"menu_order":229,"template":"","product_category":[572,575],"warranty":[591,596,592],"product_serie":[],"class_list":["post-34220","product","type-product","status-publish","has-post-thumbnail","hentry","product_category-investicine-statyba","product_category-fasado-kasetes","warranty-10-metai","warranty-15-metai","warranty-20-metai"],"acf":[],"_links":{"self":[{"href":"https:\/\/bp2.eu\/lt\/wp-json\/wp\/v2\/product\/34220","targetHints":{"allow":["GET"]}}],"collection":[{"href":"https:\/\/bp2.eu\/lt\/wp-json\/wp\/v2\/product"}],"about":[{"href":"https:\/\/bp2.eu\/lt\/wp-json\/wp\/v2\/types\/product"}],"wp:featuredmedia":[{"embeddable":true,"href":"https:\/\/bp2.eu\/lt\/wp-json\/wp\/v2\/media\/25646"}],"wp:attachment":[{"href":"https:\/\/bp2.eu\/lt\/wp-json\/wp\/v2\/media?parent=34220"}],"wp:term":[{"taxonomy":"product_category","embeddable":true,"href":"https:\/\/bp2.eu\/lt\/wp-json\/wp\/v2\/product_category?post=34220"},{"taxonomy":"warranty","embeddable":true,"href":"https:\/\/bp2.eu\/lt\/wp-json\/wp\/v2\/warranty?post=34220"},{"taxonomy":"product_serie","embeddable":true,"href":"https:\/\/bp2.eu\/lt\/wp-json\/wp\/v2\/product_serie?post=34220"}],"curies":[{"name":"wp","href":"https:\/\/api.w.org\/{rel}","templated":true}]}}