{"id":34463,"date":"2022-03-25T13:03:02","date_gmt":"2022-03-25T12:03:02","guid":{"rendered":"https:\/\/bp2.eu\/produkt\/blachy-plaskie\/"},"modified":"2025-07-01T14:30:37","modified_gmt":"2025-07-01T12:30:37","slug":"lakstai-ir-ploksti-lakstai","status":"publish","type":"product","link":"https:\/\/bp2.eu\/lt\/produktas\/lakstai-ir-ploksti-lakstai\/","title":{"rendered":"Lak\u0161tai ir plok\u0161ti lak\u0161tai"},"content":{"rendered":"\n<div class=\"wp-block-group\"><div class=\"wp-block-group__inner-container is-layout-flow wp-block-group-is-layout-flow\">\n<div style=\"height:100px\" aria-hidden=\"true\" class=\"wp-block-spacer is-style-small-spacer\"><\/div>\n\n\n\n<div class=\"wp-block-columns has-dark-gray-background-color has-background is-layout-flex wp-container-core-columns-is-layout-9d6595d7 wp-block-columns-is-layout-flex\">\n<div class=\"wp-block-column is-layout-flow wp-block-column-is-layout-flow\">\n<h2 class=\"has-text-align-center is-style-h3 wp-block-heading\"><strong>Cinkuotos skardos<\/strong><\/h2>\n\n\n\n<figure class=\"wp-block-table\"><table><tbody><tr><td class=\"has-text-align-center\" data-align=\"center\">0,50 mm x 1000 mm x 2000 mm1000<\/td><\/tr><tr><td class=\"has-text-align-center\" data-align=\"center\">0,50 mm x 1250 mm x 2000 mm<\/td><\/tr><tr><td class=\"has-text-align-center\" data-align=\"center\">0,70 mm x 1250 mm x 2000 mm<\/td><\/tr><tr><td class=\"has-text-align-center\" data-align=\"center\">1,00 mm x 1250 mm x 2000 mm<\/td><\/tr><\/tbody><\/table><\/figure>\n<\/div>\n\n\n\n<div class=\"wp-block-column is-layout-flow wp-block-column-is-layout-flow\">\n<h2 class=\"has-text-align-center is-style-h3 wp-block-heading\"><strong>Alucinko skardos<\/strong><\/h2>\n\n\n\n<figure class=\"wp-block-table\"><table><tbody><tr><td class=\"has-text-align-center\" data-align=\"center\">0,50 mm x 1250 mm x 2000 mm<\/td><\/tr><tr><td class=\"has-text-align-center\" data-align=\"center\">0,70 mm x 1250 mm x 2000 mm<\/td><\/tr><\/tbody><\/table><\/figure>\n<\/div>\n\n\n\n<div class=\"wp-block-column is-layout-flow wp-block-column-is-layout-flow\">\n<h2 class=\"has-text-align-center is-style-h3 wp-block-heading\"><strong>Dengtos skardos<\/strong><\/h2>\n\n\n\n<figure class=\"wp-block-table\"><table><tbody><tr><td class=\"has-text-align-center\" data-align=\"center\">0,50&nbsp; mm x 1250 mm x 2000 mm<\/td><\/tr><tr><td class=\"has-text-align-center\" data-align=\"center\">0,70&nbsp; mm x 1250 mm x 2000 mm<\/td><\/tr><\/tbody><\/table><\/figure>\n<\/div>\n\n\n\n<div class=\"wp-block-column is-layout-flow wp-block-column-is-layout-flow\">\n<h2 class=\"has-text-align-center is-style-h3 wp-block-heading\">Kit\u0173 matmen\u0173 lak\u0161tai ir formos bei storio skarda galima pagal individual\u0173 u\u017esakym\u0105.<\/h2>\n\n\n\n<p class=\"has-text-align-center\"><strong>Technin\u0117s specifikacijos*<\/strong><\/p>\n\n\n\n<figure class=\"wp-block-table\"><table><tbody><tr><td class=\"has-text-align-center\" data-align=\"center\">Plok\u0161t\u0117s storis: <br>0,4\u20132,0 mm<\/td><\/tr><tr><td class=\"has-text-align-center\" data-align=\"center\">Ma\u017eiausias formato dydis<br>70\u00d7100 mm<\/td><\/tr><tr><td class=\"has-text-align-center\" data-align=\"center\">Did\u017eiausias lapo ilgis<br>6000 mm<\/td><\/tr><\/tbody><\/table><\/figure>\n<\/div>\n<\/div>\n<\/div><\/div>\n\n\n\n<div class=\"wp-block-group\"><div class=\"wp-block-group__inner-container is-layout-flow wp-block-group-is-layout-flow\">\n<div style=\"height:100px\" aria-hidden=\"true\" class=\"wp-block-spacer is-style-small-spacer\"><\/div>\n\n\n\n<h2 class=\"has-text-align-center is-style-h3 wp-block-heading\"><strong>PERVYNIOJIMO IR PJAUSTYMO PASLAUGOS<\/strong><\/h2>\n\n\n\n<p class=\"has-text-align-center\">(pagal u\u017esakym\u0105)<\/p>\n\n\n\n<div style=\"height:100px\" aria-hidden=\"true\" class=\"wp-block-spacer is-style-small-spacer\"><\/div>\n\n\n\n<div class=\"wp-block-columns is-layout-flex wp-container-core-columns-is-layout-9d6595d7 wp-block-columns-is-layout-flex\">\n<div class=\"wp-block-column is-layout-flow wp-block-column-is-layout-flow\"><div class=\"wp-block-image\">\n<figure class=\"aligncenter size-full is-resized\"><img loading=\"lazy\" decoding=\"async\" src=\"https:\/\/bp2.eu\/wp-content\/uploads\/2022\/03\/SCS_ciecie_przewijanie_1.png\" alt=\"\" class=\"wp-image-21453\" width=\"383\" height=\"162\"\/><\/figure>\n<\/div>\n\n\n<p class=\"has-text-align-center\">Prie\u0161 pjaustant galime skard\u0105 padengti apsaugine pl\u0117vele ar antikondensacine danga.<\/p>\n<\/div>\n\n\n\n<div class=\"wp-block-column is-layout-flow wp-block-column-is-layout-flow\"><div class=\"wp-block-image\">\n<figure class=\"aligncenter size-full is-resized\"><img loading=\"lazy\" decoding=\"async\" src=\"https:\/\/bp2.eu\/wp-content\/uploads\/2022\/03\/SCS_ciecie_przewijanie_2.png\" alt=\"\" class=\"wp-image-21460\" width=\"383\" height=\"162\"\/><\/figure>\n<\/div>\n\n\n<p class=\"has-text-align-center\">Ritini\u0173 pervyniojimas nepjaustant.<\/p>\n<\/div>\n\n\n\n<div class=\"wp-block-column is-layout-flow wp-block-column-is-layout-flow\"><div class=\"wp-block-image\">\n<figure class=\"aligncenter size-full is-resized\"><img loading=\"lazy\" decoding=\"async\" src=\"https:\/\/bp2.eu\/wp-content\/uploads\/2022\/03\/SCS_ciecie_przewijanie_3.png\" alt=\"\" class=\"wp-image-21464\" width=\"383\" height=\"162\"\/><\/figure>\n<\/div>\n\n\n<p class=\"has-text-align-center\">Skersinis pjovimas lak\u0161tais ir formomis pagal individual\u0173 u\u017esakym\u0105.Did\u017eiausias lapo storis &#8211; 3 mm, ma\u017eiausias formato dydis &#8211; 100 mm x 70 mm.<\/p>\n<\/div>\n<\/div>\n\n\n\n<div style=\"height:100px\" aria-hidden=\"true\" class=\"wp-block-spacer is-style-small-spacer\"><\/div>\n\n\n\n<div class=\"wp-block-columns is-layout-flex wp-container-core-columns-is-layout-9d6595d7 wp-block-columns-is-layout-flex\">\n<div class=\"wp-block-column is-layout-flow wp-block-column-is-layout-flow\"><div class=\"wp-block-image\">\n<figure class=\"aligncenter size-full is-resized\"><img loading=\"lazy\" decoding=\"async\" src=\"https:\/\/bp2.eu\/wp-content\/uploads\/2022\/03\/SCS_ciecie_przewijanie_4.png\" alt=\"\" class=\"wp-image-21468\" width=\"383\" height=\"162\"\/><\/figure>\n<\/div>\n\n\n<p class=\"has-text-align-center\">I\u0161ilginis pjovimas juostomis pagal individualius reikalavimus.<\/p>\n<\/div>\n\n\n\n<div class=\"wp-block-column is-layout-flow wp-block-column-is-layout-flow\"><div class=\"wp-block-image\">\n<figure class=\"aligncenter size-full is-resized\"><img loading=\"lazy\" decoding=\"async\" src=\"https:\/\/bp2.eu\/wp-content\/uploads\/2022\/03\/blachy_plaskie_perforacja-1.jpg\" alt=\"\" class=\"wp-image-22038\" width=\"383\" height=\"162\"\/><\/figure>\n<\/div>\n\n\n<p class=\"has-text-align-center\">Plok\u0161ti lak\u0161tai gali b\u016bti perforuoti. D\u0117l detali\u0173 (formos, skylu\u010di\u0173 dyd\u017eio) susitariama individualiai su pardavimo skyriumi. Kit\u0173 matmen\u0173 lak\u0161tai ir formatai bei lak\u0161t\u0173 storis gali b\u016bti u\u017esakomi pagal individual\u0173 u\u017esakym\u0105.<\/p>\n<\/div>\n\n\n\n<div class=\"wp-block-column is-layout-flow wp-block-column-is-layout-flow\"><\/div>\n<\/div>\n<\/div><\/div>\n","protected":false},"featured_media":25571,"menu_order":356,"template":"","product_category":[578,583],"warranty":[591,596,592,595,540,593,594],"product_serie":[],"class_list":["post-34463","product","type-product","status-publish","has-post-thumbnail","hentry","product_category-gyvenamuju-pastatu-statyba","product_category-lygi-skarda","warranty-10-metai","warranty-15-metai","warranty-20-metai","warranty-25-metai","warranty-30-metai","warranty-35-metai","warranty-40-metai"],"acf":[],"_links":{"self":[{"href":"https:\/\/bp2.eu\/lt\/wp-json\/wp\/v2\/product\/34463","targetHints":{"allow":["GET"]}}],"collection":[{"href":"https:\/\/bp2.eu\/lt\/wp-json\/wp\/v2\/product"}],"about":[{"href":"https:\/\/bp2.eu\/lt\/wp-json\/wp\/v2\/types\/product"}],"wp:featuredmedia":[{"embeddable":true,"href":"https:\/\/bp2.eu\/lt\/wp-json\/wp\/v2\/media\/25571"}],"wp:attachment":[{"href":"https:\/\/bp2.eu\/lt\/wp-json\/wp\/v2\/media?parent=34463"}],"wp:term":[{"taxonomy":"product_category","embeddable":true,"href":"https:\/\/bp2.eu\/lt\/wp-json\/wp\/v2\/product_category?post=34463"},{"taxonomy":"warranty","embeddable":true,"href":"https:\/\/bp2.eu\/lt\/wp-json\/wp\/v2\/warranty?post=34463"},{"taxonomy":"product_serie","embeddable":true,"href":"https:\/\/bp2.eu\/lt\/wp-json\/wp\/v2\/product_serie?post=34463"}],"curies":[{"name":"wp","href":"https:\/\/api.w.org\/{rel}","templated":true}]}}