{"id":34477,"date":"2022-03-22T13:53:58","date_gmt":"2022-03-22T12:53:58","guid":{"rendered":"https:\/\/bp2.eu\/produkt\/formatki-i-blachy-plaskie\/"},"modified":"2023-01-11T11:18:45","modified_gmt":"2023-01-11T10:18:45","slug":"lakstai-ir-ploksti-lakstai-2","status":"publish","type":"product","link":"https:\/\/bp2.eu\/lt\/produktas\/lakstai-ir-ploksti-lakstai-2\/","title":{"rendered":"Lak\u0161tai ir plok\u0161ti lak\u0161tai"},"content":{"rendered":"\n<div class=\"wp-block-group\"><div class=\"wp-block-group__inner-container is-layout-flow wp-block-group-is-layout-flow\">\n<div style=\"height:100px\" aria-hidden=\"true\" class=\"wp-block-spacer is-style-small-spacer\"><\/div>\n\n\n\n<div class=\"wp-block-columns has-dark-gray-background-color has-background is-layout-flex wp-container-core-columns-is-layout-9d6595d7 wp-block-columns-is-layout-flex\">\n<div class=\"wp-block-column is-layout-flow wp-block-column-is-layout-flow\">\n<h2 class=\"is-style-h3 wp-block-heading\"><strong>Cinkuotos skardos<\/strong><\/h2>\n\n\n\n<figure class=\"wp-block-table\"><table><tbody><tr><td class=\"has-text-align-left\" data-align=\"left\"><strong>Grubo\u015b\u0107 blachy<\/strong><\/td><td class=\"has-text-align-left\" data-align=\"left\"><strong>Szeroko\u015b\u0107 ta\u015bmy<\/strong><\/td><\/tr><tr><td class=\"has-text-align-left\" data-align=\"left\">0,40<\/td><td class=\"has-text-align-left\" data-align=\"left\">1000<\/td><\/tr><tr><td class=\"has-text-align-left\" data-align=\"left\">0,45<\/td><td class=\"has-text-align-left\" data-align=\"left\">1250<\/td><\/tr><tr><td class=\"has-text-align-left\" data-align=\"left\">0,50<\/td><td class=\"has-text-align-left\" data-align=\"left\">1000, 1250, 1500<\/td><\/tr><tr><td class=\"has-text-align-left\" data-align=\"left\">0,60<\/td><td class=\"has-text-align-left\" data-align=\"left\">1000, 1250, 1500<\/td><\/tr><tr><td class=\"has-text-align-left\" data-align=\"left\">0,70<\/td><td class=\"has-text-align-left\" data-align=\"left\">1000, 1250, 1500<\/td><\/tr><tr><td class=\"has-text-align-left\" data-align=\"left\">0,80<\/td><td class=\"has-text-align-left\" data-align=\"left\">1000, 1250, 1500<\/td><\/tr><tr><td class=\"has-text-align-left\" data-align=\"left\">0,90<\/td><td class=\"has-text-align-left\" data-align=\"left\">1250, 1500<\/td><\/tr><tr><td class=\"has-text-align-left\" data-align=\"left\">1,00<\/td><td class=\"has-text-align-left\" data-align=\"left\">1000, 1250, 1500<\/td><\/tr><tr><td class=\"has-text-align-left\" data-align=\"left\">1,25<\/td><td class=\"has-text-align-left\" data-align=\"left\">1000, 1250, 1500<\/td><\/tr><tr><td class=\"has-text-align-left\" data-align=\"left\">1,50<\/td><td class=\"has-text-align-left\" data-align=\"left\">1000, 1250, 1500<\/td><\/tr><tr><td class=\"has-text-align-left\" data-align=\"left\">2,00<\/td><td class=\"has-text-align-left\" data-align=\"left\">1000, 1250, 1500<\/td><\/tr><\/tbody><\/table><\/figure>\n<\/div>\n\n\n\n<div class=\"wp-block-column is-layout-flow wp-block-column-is-layout-flow\">\n<h2 class=\"is-style-h3 wp-block-heading\"><strong>Alucinko skardos<\/strong><\/h2>\n\n\n\n<figure class=\"wp-block-table\"><table><tbody><tr><td class=\"has-text-align-left\" data-align=\"left\"><strong>Grubo\u015b\u0107 blachy<\/strong><\/td><td class=\"has-text-align-left\" data-align=\"left\"><strong>Szeroko\u015b\u0107 ta\u015bmy<\/strong><\/td><\/tr><tr><td class=\"has-text-align-left\" data-align=\"left\">0,50<\/td><td class=\"has-text-align-left\" data-align=\"left\">1250<\/td><\/tr><tr><td class=\"has-text-align-left\" data-align=\"left\">0,60<\/td><td class=\"has-text-align-left\" data-align=\"left\">1250<\/td><\/tr><tr><td class=\"has-text-align-left\" data-align=\"left\">0,70<\/td><td class=\"has-text-align-left\" data-align=\"left\">1250<\/td><\/tr><tr><td class=\"has-text-align-left\" data-align=\"left\">1,00<\/td><td class=\"has-text-align-left\" data-align=\"left\">1250<\/td><\/tr><\/tbody><\/table><\/figure>\n<\/div>\n\n\n\n<div class=\"wp-block-column is-layout-flow wp-block-column-is-layout-flow\">\n<h2 class=\"is-style-h3 wp-block-heading\"><strong>Dengtos skardos<\/strong><\/h2>\n\n\n\n<figure class=\"wp-block-table\"><table><tbody><tr><td class=\"has-text-align-left\" data-align=\"left\"><strong>Grubo\u015b\u0107 blachy<\/strong><\/td><td class=\"has-text-align-left\" data-align=\"left\"><strong>Szeroko\u015b\u0107 ta\u015bmy<\/strong><\/td><\/tr><tr><td class=\"has-text-align-left\" data-align=\"left\">0,50<\/td><td class=\"has-text-align-left\" data-align=\"left\">1250<\/td><\/tr><tr><td class=\"has-text-align-left\" data-align=\"left\">0,70<\/td><td class=\"has-text-align-left\" data-align=\"left\">1250<\/td><\/tr><tr><td class=\"has-text-align-left\" data-align=\"left\">1,00<\/td><td class=\"has-text-align-left\" data-align=\"left\">1250<\/td><\/tr><tr><td class=\"has-text-align-left\" data-align=\"left\">1,25<\/td><td class=\"has-text-align-left\" data-align=\"left\">1250<\/td><\/tr><tr><td class=\"has-text-align-left\" data-align=\"left\">1,50<\/td><td class=\"has-text-align-left\" data-align=\"left\">1250<\/td><\/tr><\/tbody><\/table><\/figure>\n<\/div>\n<\/div>\n\n\n<div class=\"wp-block-image\">\n<figure class=\"aligncenter size-large\"><img loading=\"lazy\" decoding=\"async\" width=\"1024\" height=\"320\" src=\"https:\/\/bp2.eu\/wp-content\/uploads\/2022\/03\/SCS_blachy_plaskie-1024x320.jpg\" alt=\"\" class=\"wp-image-21437\" srcset=\"https:\/\/bp2.eu\/wp-content\/uploads\/2022\/03\/SCS_blachy_plaskie-1024x320.jpg 1024w, https:\/\/bp2.eu\/wp-content\/uploads\/2022\/03\/SCS_blachy_plaskie-820x256.jpg 820w, https:\/\/bp2.eu\/wp-content\/uploads\/2022\/03\/SCS_blachy_plaskie-768x240.jpg 768w, https:\/\/bp2.eu\/wp-content\/uploads\/2022\/03\/SCS_blachy_plaskie-1536x480.jpg 1536w, https:\/\/bp2.eu\/wp-content\/uploads\/2022\/03\/SCS_blachy_plaskie.jpg 1600w\" sizes=\"auto, (max-width: 1024px) 100vw, 1024px\" \/><\/figure>\n<\/div>\n\n\n<p class=\"has-text-align-center\"><strong>Kit\u0173 matmen\u0173 lak\u0161tai ir formos bei storio skarda galima pagal individual\u0173 u\u017esakym\u0105.<\/strong><\/p>\n<\/div><\/div>\n","protected":false},"featured_media":25571,"menu_order":395,"template":"","product_category":[587,590],"warranty":[],"product_serie":[],"class_list":["post-34477","product","type-product","status-publish","has-post-thumbnail","hentry","product_category-plieno-paslaugu-centras-vss","product_category-pjuviai"],"acf":[],"_links":{"self":[{"href":"https:\/\/bp2.eu\/lt\/wp-json\/wp\/v2\/product\/34477","targetHints":{"allow":["GET"]}}],"collection":[{"href":"https:\/\/bp2.eu\/lt\/wp-json\/wp\/v2\/product"}],"about":[{"href":"https:\/\/bp2.eu\/lt\/wp-json\/wp\/v2\/types\/product"}],"wp:featuredmedia":[{"embeddable":true,"href":"https:\/\/bp2.eu\/lt\/wp-json\/wp\/v2\/media\/25571"}],"wp:attachment":[{"href":"https:\/\/bp2.eu\/lt\/wp-json\/wp\/v2\/media?parent=34477"}],"wp:term":[{"taxonomy":"product_category","embeddable":true,"href":"https:\/\/bp2.eu\/lt\/wp-json\/wp\/v2\/product_category?post=34477"},{"taxonomy":"warranty","embeddable":true,"href":"https:\/\/bp2.eu\/lt\/wp-json\/wp\/v2\/warranty?post=34477"},{"taxonomy":"product_serie","embeddable":true,"href":"https:\/\/bp2.eu\/lt\/wp-json\/wp\/v2\/product_serie?post=34477"}],"curies":[{"name":"wp","href":"https:\/\/api.w.org\/{rel}","templated":true}]}}