{"id":34499,"date":"2022-03-23T11:22:49","date_gmt":"2022-03-23T10:22:49","guid":{"rendered":"https:\/\/bp2.eu\/produkt\/perforacja-blach\/"},"modified":"2023-01-11T11:18:57","modified_gmt":"2023-01-11T10:18:57","slug":"skardos-perforacija","status":"publish","type":"product","link":"https:\/\/bp2.eu\/lt\/produktas\/skardos-perforacija\/","title":{"rendered":"Skardos perforacija"},"content":{"rendered":"\n<div class=\"wp-block-group\"><div class=\"wp-block-group__inner-container is-layout-flow wp-block-group-is-layout-flow\">\n<div style=\"height:100px\" aria-hidden=\"true\" class=\"wp-block-spacer is-style-small-spacer\"><\/div>\n\n\n\n<h2 class=\"is-style-h3 wp-block-heading\"><strong>Perforuojame \u012fvairi\u0173 dyd\u017ei\u0173 ir form\u0173 angas<\/strong>:<\/h2>\n\n\n\n<div style=\"height:100px\" aria-hidden=\"true\" class=\"wp-block-spacer is-style-small-spacer\"><\/div>\n\n\n\n<div class=\"wp-block-columns is-layout-flex wp-container-core-columns-is-layout-9d6595d7 wp-block-columns-is-layout-flex\">\n<div class=\"wp-block-column is-layout-flow wp-block-column-is-layout-flow\">\n<div class=\"wp-block-columns is-layout-flex wp-container-core-columns-is-layout-9d6595d7 wp-block-columns-is-layout-flex\">\n<div class=\"wp-block-column is-layout-flow wp-block-column-is-layout-flow\"><div class=\"wp-block-image\">\n<figure class=\"aligncenter size-full\"><img loading=\"lazy\" decoding=\"async\" width=\"96\" height=\"96\" src=\"https:\/\/bp2.eu\/wp-content\/uploads\/2022\/03\/SCS_perforacja_icon_1.png\" alt=\"\" class=\"wp-image-21523\"\/><\/figure>\n<\/div>\n\n\n<p class=\"has-text-align-center\">apvalias<\/p>\n<\/div>\n\n\n\n<div class=\"wp-block-column is-layout-flow wp-block-column-is-layout-flow\"><div class=\"wp-block-image\">\n<figure class=\"aligncenter size-full\"><img loading=\"lazy\" decoding=\"async\" width=\"150\" height=\"96\" src=\"https:\/\/bp2.eu\/wp-content\/uploads\/2022\/03\/SCS_perforacja_icon_5.png\" alt=\"\" class=\"wp-image-21545\"\/><\/figure>\n<\/div>\n\n\n<p class=\"has-text-align-center\">pailgas<\/p>\n<\/div>\n\n\n\n<div class=\"wp-block-column is-layout-flow wp-block-column-is-layout-flow\"><div class=\"wp-block-image\">\n<figure class=\"aligncenter size-full\"><img loading=\"lazy\" decoding=\"async\" width=\"150\" height=\"96\" src=\"https:\/\/bp2.eu\/wp-content\/uploads\/2022\/03\/SCS_perforacja_icon_6.png\" alt=\"\" class=\"wp-image-21539\"\/><\/figure>\n<\/div>\n\n\n<p class=\"has-text-align-center\">sta\u010diakampes<\/p>\n<\/div>\n<\/div>\n\n\n\n<div class=\"wp-block-columns is-layout-flex wp-container-core-columns-is-layout-9d6595d7 wp-block-columns-is-layout-flex\">\n<div class=\"wp-block-column is-layout-flow wp-block-column-is-layout-flow\"><div class=\"wp-block-image\">\n<figure class=\"aligncenter size-full\"><img loading=\"lazy\" decoding=\"async\" width=\"96\" height=\"96\" src=\"https:\/\/bp2.eu\/wp-content\/uploads\/2022\/03\/SCS_perforacja_icon_2.png\" alt=\"\" class=\"wp-image-21527\"\/><\/figure>\n<\/div>\n\n\n<p class=\"has-text-align-center\">\u0161e\u0161iakampes<\/p>\n<\/div>\n\n\n\n<div class=\"wp-block-column is-layout-flow wp-block-column-is-layout-flow\"><div class=\"wp-block-image\">\n<figure class=\"aligncenter size-full\"><img loading=\"lazy\" decoding=\"async\" width=\"96\" height=\"96\" src=\"https:\/\/bp2.eu\/wp-content\/uploads\/2022\/03\/SCS_perforacja_icon_3.png\" alt=\"\" class=\"wp-image-21531\"\/><\/figure>\n<\/div>\n\n\n<p class=\"has-text-align-center\">\u017evaig\u017edutes<\/p>\n<\/div>\n\n\n\n<div class=\"wp-block-column is-layout-flow wp-block-column-is-layout-flow\"><div class=\"wp-block-image\">\n<figure class=\"aligncenter size-full\"><img loading=\"lazy\" decoding=\"async\" width=\"96\" height=\"96\" src=\"https:\/\/bp2.eu\/wp-content\/uploads\/2022\/03\/SCS_perforacja_icon_4.png\" alt=\"\" class=\"wp-image-21535\"\/><\/figure>\n<\/div>\n\n\n<p class=\"has-text-align-center\">nereguliarias<\/p>\n<\/div>\n<\/div>\n<\/div>\n\n\n\n<div class=\"wp-block-column is-layout-flow wp-block-column-is-layout-flow\">\n<div class=\"wp-block-cover is-light is-style-full-height\"><span aria-hidden=\"true\" class=\"wp-block-cover__background has-dark-gray-background-color has-background-dim-100 has-background-dim\"><\/span><div class=\"wp-block-cover__inner-container is-layout-flow wp-block-cover-is-layout-flow\">\n<p class=\"has-text-align-left\"><strong><strong>Techniniai parametrai<\/strong><\/strong><\/p>\n\n\n\n<figure class=\"wp-block-table\"><table><tbody><tr><td>Max. Juostos plotis<\/td><td>1500 mm<\/td><\/tr><tr><td>Skardos storis<\/td><td>0,4\u20132,0 mm<\/td><\/tr><\/tbody><\/table><\/figure>\n<\/div><\/div>\n<\/div>\n<\/div>\n\n\n\n<p><\/p>\n\n\n\n<p>*Taip pat galime perforuoti patik\u0117t\u0105 med\u017eiag\u0105. Detales b\u016btina suderinti individualiai su prekybos skyriumi.<\/p>\n<\/div><\/div>\n","protected":false},"featured_media":29114,"menu_order":422,"template":"","product_category":[587,589],"warranty":[],"product_serie":[],"class_list":["post-34499","product","type-product","status-publish","has-post-thumbnail","hentry","product_category-plieno-paslaugu-centras-vss","product_category-perforacija"],"acf":[],"_links":{"self":[{"href":"https:\/\/bp2.eu\/lt\/wp-json\/wp\/v2\/product\/34499","targetHints":{"allow":["GET"]}}],"collection":[{"href":"https:\/\/bp2.eu\/lt\/wp-json\/wp\/v2\/product"}],"about":[{"href":"https:\/\/bp2.eu\/lt\/wp-json\/wp\/v2\/types\/product"}],"wp:featuredmedia":[{"embeddable":true,"href":"https:\/\/bp2.eu\/lt\/wp-json\/wp\/v2\/media\/29114"}],"wp:attachment":[{"href":"https:\/\/bp2.eu\/lt\/wp-json\/wp\/v2\/media?parent=34499"}],"wp:term":[{"taxonomy":"product_category","embeddable":true,"href":"https:\/\/bp2.eu\/lt\/wp-json\/wp\/v2\/product_category?post=34499"},{"taxonomy":"warranty","embeddable":true,"href":"https:\/\/bp2.eu\/lt\/wp-json\/wp\/v2\/warranty?post=34499"},{"taxonomy":"product_serie","embeddable":true,"href":"https:\/\/bp2.eu\/lt\/wp-json\/wp\/v2\/product_serie?post=34499"}],"curies":[{"name":"wp","href":"https:\/\/api.w.org\/{rel}","templated":true}]}}