{"id":34507,"date":"2022-03-23T10:33:34","date_gmt":"2022-03-23T09:33:34","guid":{"rendered":"https:\/\/bp2.eu\/produkt\/zabezpieczenie-i-pakowanie\/"},"modified":"2023-01-11T11:19:03","modified_gmt":"2023-01-11T10:19:03","slug":"apsauga-ir-pakavimas","status":"publish","type":"product","link":"https:\/\/bp2.eu\/lt\/produktas\/apsauga-ir-pakavimas\/","title":{"rendered":"Apsauga ir pakavimas"},"content":{"rendered":"\n<div class=\"wp-block-group\"><div class=\"wp-block-group__inner-container is-layout-flow wp-block-group-is-layout-flow\">\n<h2 class=\"is-style-h3 wp-block-heading\"><strong>Apsauga \u2013 pl\u0117vel\u0117s r\u016b\u0161ys<\/strong><\/h2>\n\n\n\n<p>Skardai apsaugoti kliento pageidavimu ji padengiama apsaugine pl\u0117vele. Paprastai naudojame pl\u0117vel\u0119, kurios sud\u0117tis parenkama atskirai pagal konkre\u010dios skardos dangos bandym\u0173 rezultatus: klij\u0173 sluoksnio r\u016b\u0161\u012f ir stor\u012f, taip pat pl\u0117vel\u0117s parenkamos taip, kad u\u017etikrint\u0173 reikiam\u0105 sukibim\u0105 ir nupl\u0117\u0161iant nepa\u017eeist\u0173 dangos. Si\u016blome \u012fvairi\u0173 parametr\u0173 pl\u0117vel\u0119, kuri\u0105 galime individualiai parinkti, atsi\u017evelgdami \u012f:<\/p>\n\n\n\n<div style=\"height:100px\" aria-hidden=\"true\" class=\"wp-block-spacer is-style-small-spacer\"><\/div>\n\n\n\n<div class=\"wp-block-columns is-layout-flex wp-container-core-columns-is-layout-9d6595d7 wp-block-columns-is-layout-flex\">\n<div class=\"wp-block-column is-layout-flow wp-block-column-is-layout-flow\"><div class=\"wp-block-image\">\n<figure class=\"aligncenter size-full\"><img loading=\"lazy\" decoding=\"async\" width=\"96\" height=\"96\" src=\"https:\/\/bp2.eu\/wp-content\/uploads\/2022\/03\/SCS_zabezpieczenie_pakowanie_icon_1.png\" alt=\"\" class=\"wp-image-21483\"\/><\/figure>\n<\/div>\n\n\n<p class=\"has-text-align-center\"><strong><strong>Klijus<\/strong><\/strong><\/p>\n\n\n\n<ul class=\"wp-block-list\">\n<li>akrilinius, vandeninius \u2013 ekologi\u0161kus, plaunamus vandeniu,<\/li>\n\n\n\n<li>akrilinius, tirpiklio \u2013 netirpsta vandenyje, naudojami matin\u0117ms dangoms <\/li>\n\n\n\n<li>kau\u010diukinius, tirpiklio \u2013 netirpsta vandenyje, naudojami poliesterio dangoms.<\/li>\n<\/ul>\n<\/div>\n\n\n\n<div class=\"wp-block-column is-layout-flow wp-block-column-is-layout-flow\"><div class=\"wp-block-image\">\n<figure class=\"aligncenter size-full\"><img loading=\"lazy\" decoding=\"async\" width=\"96\" height=\"96\" src=\"https:\/\/bp2.eu\/wp-content\/uploads\/2022\/03\/SCS_zabezpieczenie_pakowanie_icon_2.png\" alt=\"\" class=\"wp-image-21490\"\/><\/figure>\n<\/div>\n\n\n<p class=\"has-text-align-center\"><strong><strong>\u0160viesos laidumas<\/strong><\/strong><\/p>\n\n\n\n<p class=\"has-text-align-center\">nepermatomos ir skaidrios pl\u0117vel\u0117s.<\/p>\n<\/div>\n\n\n\n<div class=\"wp-block-column is-layout-flow wp-block-column-is-layout-flow\"><div class=\"wp-block-image\">\n<figure class=\"aligncenter size-full\"><img loading=\"lazy\" decoding=\"async\" width=\"96\" height=\"96\" src=\"https:\/\/bp2.eu\/wp-content\/uploads\/2022\/03\/SCS_zabezpieczenie_pakowanie_icon_3.png\" alt=\"\" class=\"wp-image-21494\"\/><\/figure>\n<\/div>\n\n\n<p class=\"has-text-align-center\"><strong><strong>Atsparumas UV spinduliuotei<\/strong><\/strong><\/p>\n\n\n\n<p class=\"has-text-align-center\">nuo 1 iki 12 m\u0117nesi\u0173.<\/p>\n<\/div>\n<\/div>\n\n\n\n<div class=\"wp-block-columns is-layout-flex wp-container-core-columns-is-layout-9d6595d7 wp-block-columns-is-layout-flex\">\n<div class=\"wp-block-column is-layout-flow wp-block-column-is-layout-flow\"><div class=\"wp-block-image\">\n<figure class=\"aligncenter size-full\"><img loading=\"lazy\" decoding=\"async\" width=\"172\" height=\"96\" src=\"https:\/\/bp2.eu\/wp-content\/uploads\/2022\/03\/SCS_zabezpieczenie_pakowanie_icon_4.png\" alt=\"\" class=\"wp-image-21506\"\/><\/figure>\n<\/div>\n\n\n<p class=\"has-text-align-center\"><strong><strong>Pl\u0117vel\u0117s storis<\/strong><\/strong><\/p>\n\n\n\n<p class=\"has-text-align-center\">35\u2013100\u03bcm.<\/p>\n\n\n\n<p class=\"has-text-align-center\"><strong><strong>Pl\u0117vel\u0117s r\u016b\u0161is<\/strong><\/strong><\/p>\n\n\n\n<p class=\"has-text-align-center\">MATIN\u0116\/BLIZGI<\/p>\n<\/div>\n\n\n\n<div class=\"wp-block-column is-layout-flow wp-block-column-is-layout-flow\"><div class=\"wp-block-image\">\n<figure class=\"aligncenter size-full\"><img loading=\"lazy\" decoding=\"async\" width=\"96\" height=\"96\" src=\"https:\/\/bp2.eu\/wp-content\/uploads\/2022\/03\/SCS_zabezpieczenie_pakowanie_icon_5.png\" alt=\"\" class=\"wp-image-21498\"\/><\/figure>\n<\/div>\n\n\n<p class=\"has-text-align-center\"><strong><strong>Vandens gar\u0173 kondensavimas<\/strong><\/strong><\/p>\n\n\n\n<p class=\"has-text-align-center\">andikondensacin\u0117 danga.<\/p>\n<\/div>\n\n\n\n<div class=\"wp-block-column is-layout-flow wp-block-column-is-layout-flow\"><div class=\"wp-block-image\">\n<figure class=\"aligncenter size-full\"><img loading=\"lazy\" decoding=\"async\" width=\"96\" height=\"96\" src=\"https:\/\/bp2.eu\/wp-content\/uploads\/2022\/03\/SCS_zabezpieczenie_pakowanie_icon_6.png\" alt=\"\" class=\"wp-image-21502\"\/><\/figure>\n<\/div>\n\n\n<p class=\"has-text-align-center\"><strong><strong>Paskirtis<\/strong><\/strong><\/p>\n\n\n\n<p class=\"has-text-align-center\">universalios, skirtos pagal dangos tip\u0105, ir specialiosios paskirties, pvz., lazeriniam pjovimui, pl\u0117vel\u0117s (Fiber).<\/p>\n<\/div>\n<\/div>\n<\/div><\/div>\n\n\n\n<p><\/p>\n","protected":false},"featured_media":26429,"menu_order":434,"template":"","product_category":[587,590],"warranty":[],"product_serie":[],"class_list":["post-34507","product","type-product","status-publish","has-post-thumbnail","hentry","product_category-plieno-paslaugu-centras-vss","product_category-pjuviai"],"acf":[],"_links":{"self":[{"href":"https:\/\/bp2.eu\/lt\/wp-json\/wp\/v2\/product\/34507","targetHints":{"allow":["GET"]}}],"collection":[{"href":"https:\/\/bp2.eu\/lt\/wp-json\/wp\/v2\/product"}],"about":[{"href":"https:\/\/bp2.eu\/lt\/wp-json\/wp\/v2\/types\/product"}],"wp:featuredmedia":[{"embeddable":true,"href":"https:\/\/bp2.eu\/lt\/wp-json\/wp\/v2\/media\/26429"}],"wp:attachment":[{"href":"https:\/\/bp2.eu\/lt\/wp-json\/wp\/v2\/media?parent=34507"}],"wp:term":[{"taxonomy":"product_category","embeddable":true,"href":"https:\/\/bp2.eu\/lt\/wp-json\/wp\/v2\/product_category?post=34507"},{"taxonomy":"warranty","embeddable":true,"href":"https:\/\/bp2.eu\/lt\/wp-json\/wp\/v2\/warranty?post=34507"},{"taxonomy":"product_serie","embeddable":true,"href":"https:\/\/bp2.eu\/lt\/wp-json\/wp\/v2\/product_serie?post=34507"}],"curies":[{"name":"wp","href":"https:\/\/api.w.org\/{rel}","templated":true}]}}