{"id":34545,"date":"2020-03-14T15:06:00","date_gmt":"2020-03-14T14:06:00","guid":{"rendered":"https:\/\/bp2.eu\/produkt\/swietliki\/"},"modified":"2025-08-28T11:22:42","modified_gmt":"2025-08-28T09:22:42","slug":"pvc-banguotos-ir-trapecinis-plokstes","status":"publish","type":"product","link":"https:\/\/bp2.eu\/lt\/produktas\/pvc-banguotos-ir-trapecinis-plokstes\/","title":{"rendered":"Stogo langai trapecijos formos lak\u0161tams"},"content":{"rendered":"\n<div style=\"height:100px\" aria-hidden=\"true\" class=\"wp-block-spacer is-style-smaller-spacer\"><\/div>\n\n\n\n<div class=\"wp-block-group\"><div class=\"wp-block-group__inner-container is-layout-constrained wp-block-group-is-layout-constrained\">\n<h2 class=\"wp-block-heading has-text-align-center has-red-color has-text-color has-link-color wp-elements-024145ad78d16ddd01dc99a0e81d0497\">Stogo \u0161vieslangis SKY-T18<\/h2>\n\n\n\n<p class=\"has-text-align-center\">Stogo \u0161vieslangis SKY-T18 yra specialiai skirtas T-18 trapecinei skardai, derinantis didel\u012f<br>nat\u016bralios \u0161viesos pralaidum\u0105 su patvaria konstrukcija. U\u017etikrina efektyv\u0173 hali\u0173 ir ma\u017eesni\u0173 patalp\u0173 ap\u0161vietim\u0105.<br>Jam b\u016bdingas didelis atsparumas sm\u016bgiams, i\u0161laikant konstrukcijos estetik\u0105 ir funkcionalum\u0105.<\/p>\n\n\n\n<div class=\"wp-block-columns is-layout-flex wp-container-core-columns-is-layout-9d6595d7 wp-block-columns-is-layout-flex\">\n<div class=\"wp-block-column is-layout-flow wp-block-column-is-layout-flow\">\n<figure class=\"wp-block-image size-large\"><img loading=\"lazy\" decoding=\"async\" width=\"1024\" height=\"874\" src=\"https:\/\/bp2.eu\/wp-content\/uploads\/2020\/03\/Swietlik-T18-Wymiary-1024x874.jpg\" alt=\"\" class=\"wp-image-102675\" srcset=\"https:\/\/bp2.eu\/wp-content\/uploads\/2020\/03\/Swietlik-T18-Wymiary-1024x874.jpg 1024w, https:\/\/bp2.eu\/wp-content\/uploads\/2020\/03\/Swietlik-T18-Wymiary-820x700.jpg 820w, https:\/\/bp2.eu\/wp-content\/uploads\/2020\/03\/Swietlik-T18-Wymiary-768x656.jpg 768w, https:\/\/bp2.eu\/wp-content\/uploads\/2020\/03\/Swietlik-T18-Wymiary-1536x1311.jpg 1536w, https:\/\/bp2.eu\/wp-content\/uploads\/2020\/03\/Swietlik-T18-Wymiary.jpg 1943w\" sizes=\"auto, (max-width: 1024px) 100vw, 1024px\" \/><\/figure>\n<\/div>\n\n\n\n<div class=\"wp-block-column is-layout-flow wp-block-column-is-layout-flow\">\n<h2 class=\"wp-block-heading is-style-h3 has-red-color has-text-color has-link-color wp-elements-b9fee07e820d88f1e875a468628da65d\">Techniniai parametrai<\/h2>\n\n\n\n<table style=\"width:100%; border-collapse:collapse; border:0; table-layout:fixed;\">\n  <tbody>\n    <tr>\n      <td style=\"padding:10px; border-top:1px solid #ddd; border-bottom:1px solid #ddd; vertical-align:top;\"><strong>Storis:<\/strong><\/td>\n      <td style=\"padding:10px; border-top:1px solid #ddd; border-bottom:1px solid #ddd; vertical-align:top;\">1,0 mm<\/td>\n    <\/tr>\n    <tr>\n      <td style=\"padding:10px; border-bottom:1px solid #ddd; vertical-align:top;\"><strong>Naudojamas plotis:<\/strong><\/td>\n      <td style=\"padding:10px; border-bottom:1px solid #ddd; vertical-align:top;\">1063&plusmn;5 mm<\/td>\n    <\/tr>\n    <tr>\n      <td style=\"padding:10px; border-bottom:1px solid #ddd; vertical-align:top;\"><strong>Lapo plotis:<\/strong><\/td>\n      <td style=\"padding:10px; border-bottom:1px solid #ddd; vertical-align:top;\">1117&plusmn;5 mm<\/td>\n    <\/tr>\n    <tr>\n      <td style=\"padding:10px; border-bottom:1px solid #ddd; vertical-align:top;\"><strong>Bangos \u017eingsnis:<\/strong><\/td>\n      <td style=\"padding:10px; border-bottom:1px solid #ddd; vertical-align:top;\">134 mm<\/td>\n    <\/tr>\n    <tr>\n      <td style=\"padding:10px; border-bottom:1px solid #ddd; vertical-align:top;\"><strong>Bangos auk\u0161tis:<\/strong><\/td>\n      <td style=\"padding:10px; border-bottom:1px solid #ddd; vertical-align:top;\">18 mm<\/td>\n    <\/tr>\n    <tr>\n      <td style=\"padding:10px; border-bottom:1px solid #ddd; vertical-align:top;\"><strong>Lapo ilgis:<\/strong><\/td>\n      <td style=\"padding:10px; border-bottom:1px solid #ddd; vertical-align:top;\">3 m<\/td>\n    <\/tr>\n    <tr>\n      <td style=\"padding:10px; border-bottom:1px solid #ddd; vertical-align:top;\"><strong>Spalva:<\/strong><\/td>\n      <td style=\"padding:10px; border-bottom:1px solid #ddd; vertical-align:top;\">Skaidri<\/td>\n    <\/tr>\n    <tr>\n      <td style=\"padding:10px; border-bottom:1px solid #ddd; vertical-align:top;\"><strong>Strukt\u016bra:<\/strong><\/td>\n      <td style=\"padding:10px; border-bottom:1px solid #ddd; vertical-align:top;\">Pilnas lapas<\/td>\n    <\/tr>\n    <tr>\n      <td style=\"padding:10px; border-bottom:1px solid #ddd; vertical-align:top;\"><strong>UV apsauga:<\/strong><\/td>\n      <td style=\"padding:10px; border-bottom:1px solid #ddd; vertical-align:top;\">Taip<\/td>\n    <\/tr>\n    <tr>\n      <td style=\"padding:10px; border-bottom:1px solid #ddd; vertical-align:top;\"><strong>Degumo klasifikacija:<\/strong><\/td>\n      <td style=\"padding:10px; border-bottom:1px solid #ddd; vertical-align:top;\">B s1 d0<\/td>\n    <\/tr>\n    <tr>\n      <td style=\"padding:10px; border-bottom:1px solid #ddd; vertical-align:top;\"><strong>Darbin\u0117 temperat\u016bra:<\/strong><\/td>\n      <td style=\"padding:10px; border-bottom:1px solid #ddd; vertical-align:top;\">-40&deg; \/ +130&deg;C<\/td>\n    <\/tr>\n    <tr>\n      <td style=\"padding:10px; border-bottom:1px solid #ddd; vertical-align:top;\"><strong>Linijinis \u0161iluminis pl\u0117timasis:<\/strong><\/td>\n      <td style=\"padding:10px; border-bottom:1px solid #ddd; vertical-align:top;\">6,7 &times; 10<sup>-5<\/sup> mm\/mm &deg;C<\/td>\n    <\/tr>\n    <tr>\n      <td style=\"padding:10px; border-bottom:1px solid #ddd; vertical-align:top;\"><strong>Atsparumas chemikalams (naudojimas ir prie\u017ei\u016bra):<\/strong><\/td>\n      <td style=\"padding:10px; border-bottom:1px solid #ddd; vertical-align:top;\">Specifikacija literat\u016broje<\/td>\n    <\/tr>\n    <tr>\n      <td style=\"padding:10px; border-bottom:1px solid #ddd; vertical-align:top;\"><strong>\u0160ilumos izoliacija:<\/strong><\/td>\n      <td style=\"padding:10px; border-bottom:1px solid #ddd; vertical-align:top;\">5,70 W\/mK<\/td>\n    <\/tr>\n    <tr>\n      <td style=\"padding:10px; border-bottom:1px solid #ddd; vertical-align:top;\"><strong>\u0160viesos pralaidumas (skaidri):<\/strong><\/td>\n      <td style=\"padding:10px; border-bottom:1px solid #ddd; vertical-align:top;\">89&plusmn;2 %<\/td>\n    <\/tr>\n    <tr>\n      <td style=\"padding:10px; border-bottom:1px solid #ddd; vertical-align:top;\"><strong>Garantija:<\/strong><\/td>\n      <td style=\"padding:10px; border-bottom:1px solid #ddd; vertical-align:top;\">10 met\u0173*<\/td>\n    <\/tr>\n  <\/tbody>\n<\/table>\n<\/div>\n<\/div>\n\n\n\n<ul class=\"wp-block-list\">\n<li><strong>Panaudojimas<\/strong>: \u0161vieslangi\u0173 ir plok\u0161\u010di\u0173 stog\u0173 dang\u0173 \u012frengimui<\/li>\n\n\n\n<li><strong>Priedai<\/strong>: sistem\u0105 papildo priedai (i\u0161samesnei informacijai apie priedus pra\u0161ome kreiptis \u012f gamintoj\u0105).<br><br><strong>PASTABA:<\/strong> siekiant \u012frengti \u0161vieslangius su auk\u0161tais izoliaciniais parametrais pagal galiojan\u010dius standartus, galima prid\u0117ti vidin\u012f pakabinam\u0105 lub\u0173 sluoksn\u012f.<\/li>\n<\/ul>\n<\/div><\/div>\n\n\n\n<div style=\"height:100px\" aria-hidden=\"true\" class=\"wp-block-spacer is-style-smaller-spacer\"><\/div>\n\n\n\n<div class=\"wp-block-group\"><div class=\"wp-block-group__inner-container is-layout-constrained wp-block-group-is-layout-constrained\">\n<h2 class=\"wp-block-heading has-text-align-center has-red-color has-text-color has-link-color wp-elements-755cd832c1f1e99abf979dab78ae888e\">Stogo \u0161vieslangis SKY-T18 ECO<\/h2>\n\n\n\n<p class=\"has-text-align-center\">SKY-T18 ECO yra lengvas ir ekonomi\u0161kas stogo \u0161vieslangis, specialiai sukurtas T18 ECO trapecinei skardai.<br>Jis yra efektyvi alternatyva dirbtiniam ap\u0161vietimui, si\u016blantis didel\u012f skaidrum\u0105 ir patvarum\u0105, i\u0161laikant<br>energetinio efektyvumo parametrus \u2013 idealus \u016bkiniams ir investiciniams objektams.<\/p>\n\n\n\n<div class=\"wp-block-columns is-layout-flex wp-container-core-columns-is-layout-9d6595d7 wp-block-columns-is-layout-flex\">\n<div class=\"wp-block-column is-layout-flow wp-block-column-is-layout-flow\">\n<figure class=\"wp-block-image size-large\"><img loading=\"lazy\" decoding=\"async\" width=\"1024\" height=\"856\" src=\"https:\/\/bp2.eu\/wp-content\/uploads\/2020\/03\/Swietlik-T18-ECO_Wymiary-1024x856.jpg\" alt=\"\" class=\"wp-image-102683\" srcset=\"https:\/\/bp2.eu\/wp-content\/uploads\/2020\/03\/Swietlik-T18-ECO_Wymiary-1024x856.jpg 1024w, https:\/\/bp2.eu\/wp-content\/uploads\/2020\/03\/Swietlik-T18-ECO_Wymiary-820x686.jpg 820w, https:\/\/bp2.eu\/wp-content\/uploads\/2020\/03\/Swietlik-T18-ECO_Wymiary-768x642.jpg 768w, https:\/\/bp2.eu\/wp-content\/uploads\/2020\/03\/Swietlik-T18-ECO_Wymiary-1536x1284.jpg 1536w, https:\/\/bp2.eu\/wp-content\/uploads\/2020\/03\/Swietlik-T18-ECO_Wymiary.jpg 2025w\" sizes=\"auto, (max-width: 1024px) 100vw, 1024px\" \/><\/figure>\n<\/div>\n\n\n\n<div class=\"wp-block-column is-layout-flow wp-block-column-is-layout-flow\">\n<h2 class=\"wp-block-heading is-style-h3 has-red-color has-text-color has-link-color wp-elements-b9fee07e820d88f1e875a468628da65d\">Techniniai parametrai<\/h2>\n\n\n\n<table style=\"width:100%; border-collapse:collapse; border:0; table-layout:fixed;\">\n  <tbody>\n    <tr>\n      <td style=\"padding:10px; border-top:1px solid #ddd; border-bottom:1px solid #ddd;\"><strong>Storis:<\/strong><\/td>\n      <td style=\"padding:10px; border-top:1px solid #ddd; border-bottom:1px solid #ddd;\">1,0 mm<\/td>\n    <\/tr>\n    <tr>\n      <td style=\"padding:10px; border-bottom:1px solid #ddd;\"><strong>Naudojamas plotis:<\/strong><\/td>\n      <td style=\"padding:10px; border-bottom:1px solid #ddd;\">1170&plusmn;5 mm<\/td>\n    <\/tr>\n    <tr>\n      <td style=\"padding:10px; border-bottom:1px solid #ddd;\"><strong>Lapo plotis:<\/strong><\/td>\n      <td style=\"padding:10px; border-bottom:1px solid #ddd;\">1120&plusmn;5 mm<\/td>\n    <\/tr>\n    <tr>\n      <td style=\"padding:10px; border-bottom:1px solid #ddd;\"><strong>Bangos \u017eingsnis:<\/strong><\/td>\n      <td style=\"padding:10px; border-bottom:1px solid #ddd;\">187,5 mm<\/td>\n    <\/tr>\n    <tr>\n      <td style=\"padding:10px; border-bottom:1px solid #ddd;\"><strong>Bangos auk\u0161tis:<\/strong><\/td>\n      <td style=\"padding:10px; border-bottom:1px solid #ddd;\">16,5 mm<\/td>\n    <\/tr>\n    <tr>\n      <td style=\"padding:10px; border-bottom:1px solid #ddd;\"><strong>Lapo ilgis:<\/strong><\/td>\n      <td style=\"padding:10px; border-bottom:1px solid #ddd;\">3 m<\/td>\n    <\/tr>\n    <tr>\n      <td style=\"padding:10px; border-bottom:1px solid #ddd;\"><strong>Spalva:<\/strong><\/td>\n      <td style=\"padding:10px; border-bottom:1px solid #ddd;\">Skaidri<\/td>\n    <\/tr>\n    <tr>\n      <td style=\"padding:10px; border-bottom:1px solid #ddd;\"><strong>Strukt\u016bra:<\/strong><\/td>\n      <td style=\"padding:10px; border-bottom:1px solid #ddd;\">Pilnas lapas<\/td>\n    <\/tr>\n    <tr>\n      <td style=\"padding:10px; border-bottom:1px solid #ddd;\"><strong>UV apsauga:<\/strong><\/td>\n      <td style=\"padding:10px; border-bottom:1px solid #ddd;\">Taip<\/td>\n    <\/tr>\n    <tr>\n      <td style=\"padding:10px; border-bottom:1px solid #ddd;\"><strong>Degumo klasifikacija:<\/strong><\/td>\n      <td style=\"padding:10px; border-bottom:1px solid #ddd;\">B s1 d0<\/td>\n    <\/tr>\n    <tr>\n      <td style=\"padding:10px; border-bottom:1px solid #ddd;\"><strong>Darbin\u0117 temperat\u016bra:<\/strong><\/td>\n      <td style=\"padding:10px; border-bottom:1px solid #ddd;\">-40&deg; \/ +130&deg;C<\/td>\n    <\/tr>\n    <tr>\n      <td style=\"padding:10px; border-bottom:1px solid #ddd;\"><strong>Linijinis \u0161iluminis pl\u0117timasis:<\/strong><\/td>\n      <td style=\"padding:10px; border-bottom:1px solid #ddd;\">6,7 &times; 10<sup>-5<\/sup> mm\/mm &deg;C<\/td>\n    <\/tr>\n    <tr>\n      <td style=\"padding:10px; border-bottom:1px solid #ddd;\"><strong>Atsparumas chemikalams (naudojimas ir prie\u017ei\u016bra):<\/strong><\/td>\n      <td style=\"padding:10px; border-bottom:1px solid #ddd;\">Specifikacija literat\u016broje<\/td>\n    <\/tr>\n    <tr>\n      <td style=\"padding:10px; border-bottom:1px solid #ddd;\"><strong>\u0160ilumos izoliacija:<\/strong><\/td>\n      <td style=\"padding:10px; border-bottom:1px solid #ddd;\">5,70 W\/mK<\/td>\n    <\/tr>\n    <tr>\n      <td style=\"padding:10px; border-bottom:1px solid #ddd;\"><strong>\u0160viesos pralaidumas (skaidri):<\/strong><\/td>\n      <td style=\"padding:10px; border-bottom:1px solid #ddd;\">89&plusmn;2 %<\/td>\n    <\/tr>\n    <tr>\n      <td style=\"padding:10px; border-bottom:1px solid #ddd;\"><strong>Garantija:<\/strong><\/td>\n      <td style=\"padding:10px; border-bottom:1px solid #ddd;\">10 met\u0173*<\/td>\n    <\/tr>\n  <\/tbody>\n<\/table>\n<\/div>\n<\/div>\n\n\n\n<ul class=\"wp-block-list\">\n<li><strong>Panaudojimas<\/strong>: \u0161vieslangi\u0173 ir plok\u0161\u010di\u0173 stog\u0173 dang\u0173 \u012frengimui<\/li>\n\n\n\n<li><strong>Priedai<\/strong>: sistem\u0105 papildo priedai (i\u0161samesnei informacijai apie priedus pra\u0161ome kreiptis \u012f gamintoj\u0105).<br><br><strong>PASTABA:<\/strong> siekiant \u012frengti \u0161vieslangius su auk\u0161tais izoliaciniais parametrais pagal galiojan\u010dius standartus, galima prid\u0117ti vidin\u012f pakabinam\u0105 lub\u0173 sluoksn\u012f.<\/li>\n<\/ul>\n<\/div><\/div>\n\n\n\n<div style=\"height:100px\" aria-hidden=\"true\" class=\"wp-block-spacer is-style-smaller-spacer\"><\/div>\n\n\n\n<div class=\"wp-block-group\"><div class=\"wp-block-group__inner-container is-layout-constrained wp-block-group-is-layout-constrained\">\n<h2 class=\"wp-block-heading has-text-align-center has-red-color has-text-color has-link-color wp-elements-b8983625cbcad4eca4c71a9c07779c99\">Stogo \u0161vieslangis SKY-T35<\/h2>\n\n\n\n<p class=\"has-text-align-center\">SKY-T35 yra tvirtas ir atsparus stogo \u0161vieslangis, skirtas T35 trapecinei skardai, pritaikytas pastatams,<br>kuriems reikalinga patikima konstrukcija. U\u017etikrina efektyv\u0173 patalp\u0173 ap\u0161vietim\u0105, didel\u012f atsparum\u0105 atmosferos<br>s\u0105lygoms ir stog\u0173 estetikos i\u0161saugojim\u0105 pramonin\u0117je bei komercin\u0117je statyboje.<\/p>\n\n\n\n<div class=\"wp-block-columns is-layout-flex wp-container-core-columns-is-layout-9d6595d7 wp-block-columns-is-layout-flex\">\n<div class=\"wp-block-column is-layout-flow wp-block-column-is-layout-flow\">\n<figure class=\"wp-block-image size-large\"><img loading=\"lazy\" decoding=\"async\" width=\"1024\" height=\"853\" src=\"https:\/\/bp2.eu\/wp-content\/uploads\/2020\/03\/Swietlik-T35_Wymiary-1024x853.jpg\" alt=\"\" class=\"wp-image-102691\" srcset=\"https:\/\/bp2.eu\/wp-content\/uploads\/2020\/03\/Swietlik-T35_Wymiary-1024x853.jpg 1024w, https:\/\/bp2.eu\/wp-content\/uploads\/2020\/03\/Swietlik-T35_Wymiary-820x683.jpg 820w, https:\/\/bp2.eu\/wp-content\/uploads\/2020\/03\/Swietlik-T35_Wymiary-768x640.jpg 768w, https:\/\/bp2.eu\/wp-content\/uploads\/2020\/03\/Swietlik-T35_Wymiary-1536x1279.jpg 1536w, https:\/\/bp2.eu\/wp-content\/uploads\/2020\/03\/Swietlik-T35_Wymiary.jpg 1961w\" sizes=\"auto, (max-width: 1024px) 100vw, 1024px\" \/><\/figure>\n<\/div>\n\n\n\n<div class=\"wp-block-column is-layout-flow wp-block-column-is-layout-flow\">\n<h2 class=\"wp-block-heading is-style-h3 has-red-color has-text-color has-link-color wp-elements-b9fee07e820d88f1e875a468628da65d\">Techniniai parametrai<\/h2>\n\n\n\n<table style=\"width:100%; border-collapse:collapse; border:0; table-layout:fixed;\">\n  <tbody>\n    <tr>\n      <td style=\"padding:10px; border-top:1px solid #ddd; border-bottom:1px solid #ddd;\"><strong>Storis:<\/strong><\/td>\n      <td style=\"padding:10px; border-top:1px solid #ddd; border-bottom:1px solid #ddd;\">1,0 mm<\/td>\n    <\/tr>\n    <tr>\n      <td style=\"padding:10px; border-bottom:1px solid #ddd;\"><strong>Naudojamas plotis:<\/strong><\/td>\n      <td style=\"padding:10px; border-bottom:1px solid #ddd;\">1065 &plusmn; 5 mm<\/td>\n    <\/tr>\n    <tr>\n      <td style=\"padding:10px; border-bottom:1px solid #ddd;\"><strong>Lapo plotis:<\/strong><\/td>\n      <td style=\"padding:10px; border-bottom:1px solid #ddd;\">1119 &plusmn; 5 mm<\/td>\n    <\/tr>\n    <tr>\n      <td style=\"padding:10px; border-bottom:1px solid #ddd;\"><strong>Bangos \u017eingsnis:<\/strong><\/td>\n      <td style=\"padding:10px; border-bottom:1px solid #ddd;\">213 mm<\/td>\n    <\/tr>\n    <tr>\n      <td style=\"padding:10px; border-bottom:1px solid #ddd;\"><strong>Bangos auk\u0161tis:<\/strong><\/td>\n      <td style=\"padding:10px; border-bottom:1px solid #ddd;\">34 mm<\/td>\n    <\/tr>\n    <tr>\n      <td style=\"padding:10px; border-bottom:1px solid #ddd;\"><strong>Lapo ilgis:<\/strong><\/td>\n      <td style=\"padding:10px; border-bottom:1px solid #ddd;\">3 m<\/td>\n    <\/tr>\n    <tr>\n      <td style=\"padding:10px; border-bottom:1px solid #ddd;\"><strong>Spalva:<\/strong><\/td>\n      <td style=\"padding:10px; border-bottom:1px solid #ddd;\">Skaidri<\/td>\n    <\/tr>\n    <tr>\n      <td style=\"padding:10px; border-bottom:1px solid #ddd;\"><strong>Strukt\u016bra:<\/strong><\/td>\n      <td style=\"padding:10px; border-bottom:1px solid #ddd;\">Pilnas lapas<\/td>\n    <\/tr>\n    <tr>\n      <td style=\"padding:10px; border-bottom:1px solid #ddd;\"><strong>UV apsauga:<\/strong><\/td>\n      <td style=\"padding:10px; border-bottom:1px solid #ddd;\">Taip<\/td>\n    <\/tr>\n    <tr>\n      <td style=\"padding:10px; border-bottom:1px solid #ddd;\"><strong>Degumo klasifikacija:<\/strong><\/td>\n      <td style=\"padding:10px; border-bottom:1px solid #ddd;\">B s1 d0<\/td>\n    <\/tr>\n    <tr>\n      <td style=\"padding:10px; border-bottom:1px solid #ddd;\"><strong>Darbin\u0117 temperat\u016bra:<\/strong><\/td>\n      <td style=\"padding:10px; border-bottom:1px solid #ddd;\">-40&deg; \/ +130&deg;C<\/td>\n    <\/tr>\n    <tr>\n      <td style=\"padding:10px; border-bottom:1px solid #ddd;\"><strong>Linijinis \u0161iluminis pl\u0117timasis:<\/strong><\/td>\n      <td style=\"padding:10px; border-bottom:1px solid #ddd;\">6,7 &times; 10<sup>-5<\/sup> mm\/mm &deg;C<\/td>\n    <\/tr>\n    <tr>\n      <td style=\"padding:10px; border-bottom:1px solid #ddd;\"><strong>Atsparumas chemikalams (naudojimas ir prie\u017ei\u016bra):<\/strong><\/td>\n      <td style=\"padding:10px; border-bottom:1px solid #ddd;\">Specifikacija literat\u016broje<\/td>\n    <\/tr>\n    <tr>\n      <td style=\"padding:10px; border-bottom:1px solid #ddd;\"><strong>\u0160ilumos izoliacija:<\/strong><\/td>\n      <td style=\"padding:10px; border-bottom:1px solid #ddd;\">5,70 W\/mk<\/td>\n    <\/tr>\n    <tr>\n      <td style=\"padding:10px; border-bottom:1px solid #ddd;\"><strong>\u0160viesos pralaidumas (skaidri):<\/strong><\/td>\n      <td style=\"padding:10px; border-bottom:1px solid #ddd;\">89 &plusmn; 2 %<\/td>\n    <\/tr>\n    <tr>\n      <td style=\"padding:10px; border-bottom:1px solid #ddd;\"><strong>Garantija:<\/strong><\/td>\n      <td style=\"padding:10px; border-bottom:1px solid #ddd;\">10 met\u0173*<\/td>\n    <\/tr>\n  <\/tbody>\n<\/table>\n<\/div>\n<\/div>\n\n\n\n<ul class=\"wp-block-list\">\n<li><strong>Panaudojimas<\/strong>: \u0161vieslangi\u0173 ir plok\u0161\u010di\u0173 stog\u0173 pried\u0173 \u012frengimui.<\/li>\n\n\n\n<li><strong>Priedai<\/strong>: sistem\u0105 papildo priedai (i\u0161samesnei informacijai apie priedus<br>pra\u0161ome kreiptis \u012f gamintoj\u0105).<br><br><strong>PASTABA:<\/strong> siekiant \u012frengti \u0161vieslangius su auk\u0161tais izoliaciniais parametrais pagal galiojan\u010dius standartus, galima prid\u0117ti vidin\u012f pakabinam\u0105 lub\u0173 sluoksn\u012f.<\/li>\n<\/ul>\n<\/div><\/div>\n\n\n\n<div style=\"height:100px\" aria-hidden=\"true\" class=\"wp-block-spacer is-style-smaller-spacer\"><\/div>\n\n\n\n<div class=\"wp-block-group\"><div class=\"wp-block-group__inner-container is-layout-constrained wp-block-group-is-layout-constrained\">\n<div class=\"wp-block-columns is-layout-flex wp-container-core-columns-is-layout-9d6595d7 wp-block-columns-is-layout-flex\">\n<div class=\"wp-block-column is-layout-flow wp-block-column-is-layout-flow\"><div class=\"wp-block-image\">\n<figure class=\"aligncenter size-large\"><img loading=\"lazy\" decoding=\"async\" width=\"1024\" height=\"903\" src=\"https:\/\/bp2.eu\/wp-content\/uploads\/2020\/03\/Zrzut-ekranu-2025-08-28-112159-1024x903.png\" alt=\"\" class=\"wp-image-102973\" srcset=\"https:\/\/bp2.eu\/wp-content\/uploads\/2020\/03\/Zrzut-ekranu-2025-08-28-112159-1024x903.png 1024w, https:\/\/bp2.eu\/wp-content\/uploads\/2020\/03\/Zrzut-ekranu-2025-08-28-112159-820x723.png 820w, https:\/\/bp2.eu\/wp-content\/uploads\/2020\/03\/Zrzut-ekranu-2025-08-28-112159-768x677.png 768w, https:\/\/bp2.eu\/wp-content\/uploads\/2020\/03\/Zrzut-ekranu-2025-08-28-112159.png 1092w\" sizes=\"auto, (max-width: 1024px) 100vw, 1024px\" \/><\/figure>\n<\/div><\/div>\n\n\n\n<div class=\"wp-block-column is-vertically-aligned-top is-layout-flow wp-block-column-is-layout-flow\"><div class=\"wp-block-image\">\n<figure class=\"aligncenter size-large\"><img loading=\"lazy\" decoding=\"async\" width=\"1024\" height=\"432\" src=\"https:\/\/bp2.eu\/wp-content\/uploads\/2020\/03\/Zrzut-ekranu-2025-08-28-112205-1024x432.png\" alt=\"\" class=\"wp-image-102981\" srcset=\"https:\/\/bp2.eu\/wp-content\/uploads\/2020\/03\/Zrzut-ekranu-2025-08-28-112205-1024x432.png 1024w, https:\/\/bp2.eu\/wp-content\/uploads\/2020\/03\/Zrzut-ekranu-2025-08-28-112205-820x346.png 820w, https:\/\/bp2.eu\/wp-content\/uploads\/2020\/03\/Zrzut-ekranu-2025-08-28-112205-768x324.png 768w, https:\/\/bp2.eu\/wp-content\/uploads\/2020\/03\/Zrzut-ekranu-2025-08-28-112205.png 1148w\" sizes=\"auto, (max-width: 1024px) 100vw, 1024px\" \/><\/figure>\n<\/div><\/div>\n<\/div>\n<\/div><\/div>\n\n\n\n<div style=\"height:100px\" aria-hidden=\"true\" class=\"wp-block-spacer is-style-smaller-spacer\"><\/div>\n","protected":false},"featured_media":102670,"menu_order":602,"template":"","product_category":[579],"warranty":[],"product_serie":[],"class_list":["post-34545","product","type-product","status-publish","has-post-thumbnail","hentry","product_category-priedai"],"acf":[],"_links":{"self":[{"href":"https:\/\/bp2.eu\/lt\/wp-json\/wp\/v2\/product\/34545","targetHints":{"allow":["GET"]}}],"collection":[{"href":"https:\/\/bp2.eu\/lt\/wp-json\/wp\/v2\/product"}],"about":[{"href":"https:\/\/bp2.eu\/lt\/wp-json\/wp\/v2\/types\/product"}],"wp:featuredmedia":[{"embeddable":true,"href":"https:\/\/bp2.eu\/lt\/wp-json\/wp\/v2\/media\/102670"}],"wp:attachment":[{"href":"https:\/\/bp2.eu\/lt\/wp-json\/wp\/v2\/media?parent=34545"}],"wp:term":[{"taxonomy":"product_category","embeddable":true,"href":"https:\/\/bp2.eu\/lt\/wp-json\/wp\/v2\/product_category?post=34545"},{"taxonomy":"warranty","embeddable":true,"href":"https:\/\/bp2.eu\/lt\/wp-json\/wp\/v2\/warranty?post=34545"},{"taxonomy":"product_serie","embeddable":true,"href":"https:\/\/bp2.eu\/lt\/wp-json\/wp\/v2\/product_serie?post=34545"}],"curies":[{"name":"wp","href":"https:\/\/api.w.org\/{rel}","templated":true}]}}