{"id":59632,"date":"2021-03-13T15:57:00","date_gmt":"2021-03-13T14:57:00","guid":{"rendered":"https:\/\/bp2.eu\/produkt\/gasior-barylkowy-szeroki\/"},"modified":"2025-07-01T14:33:34","modified_gmt":"2025-07-01T12:33:34","slug":"placios-cilindrines-kraigo-cerpes","status":"publish","type":"product","link":"https:\/\/bp2.eu\/lt\/produktas\/placios-cilindrines-kraigo-cerpes\/","title":{"rendered":"Pla\u010dios cilindrin\u0117s kraigo \u010derp\u0117s"},"content":{"rendered":"","protected":false},"featured_media":33996,"menu_order":491,"template":"","product_category":[585,1648],"warranty":[],"product_serie":[1714,1709,1704],"class_list":["post-59632","product","type-product","status-publish","has-post-thumbnail","hentry","product_category-skardos-lankstiniai","product_category-kraigo-cerpes","product_serie-classic-series-lt","product_serie-compact-series-lt","product_serie-modular-series-lt"],"acf":[],"_links":{"self":[{"href":"https:\/\/bp2.eu\/lt\/wp-json\/wp\/v2\/product\/59632","targetHints":{"allow":["GET"]}}],"collection":[{"href":"https:\/\/bp2.eu\/lt\/wp-json\/wp\/v2\/product"}],"about":[{"href":"https:\/\/bp2.eu\/lt\/wp-json\/wp\/v2\/types\/product"}],"wp:featuredmedia":[{"embeddable":true,"href":"https:\/\/bp2.eu\/lt\/wp-json\/wp\/v2\/media\/33996"}],"wp:attachment":[{"href":"https:\/\/bp2.eu\/lt\/wp-json\/wp\/v2\/media?parent=59632"}],"wp:term":[{"taxonomy":"product_category","embeddable":true,"href":"https:\/\/bp2.eu\/lt\/wp-json\/wp\/v2\/product_category?post=59632"},{"taxonomy":"warranty","embeddable":true,"href":"https:\/\/bp2.eu\/lt\/wp-json\/wp\/v2\/warranty?post=59632"},{"taxonomy":"product_serie","embeddable":true,"href":"https:\/\/bp2.eu\/lt\/wp-json\/wp\/v2\/product_serie?post=59632"}],"curies":[{"name":"wp","href":"https:\/\/api.w.org\/{rel}","templated":true}]}}