{"id":59635,"date":"2021-03-11T16:11:00","date_gmt":"2021-03-11T15:11:00","guid":{"rendered":"https:\/\/bp2.eu\/produkt\/gasior-trapezowy\/"},"modified":"2025-07-01T14:33:46","modified_gmt":"2025-07-01T12:33:46","slug":"trapecines-kraigo-cerpes","status":"publish","type":"product","link":"https:\/\/bp2.eu\/lt\/produktas\/trapecines-kraigo-cerpes\/","title":{"rendered":"Trapecin\u0117s kraigo \u010derp\u0117s"},"content":{"rendered":"","protected":false},"featured_media":34035,"menu_order":506,"template":"","product_category":[585,1648],"warranty":[],"product_serie":[],"class_list":["post-59635","product","type-product","status-publish","has-post-thumbnail","hentry","product_category-skardos-lankstiniai","product_category-kraigo-cerpes"],"acf":[],"_links":{"self":[{"href":"https:\/\/bp2.eu\/lt\/wp-json\/wp\/v2\/product\/59635","targetHints":{"allow":["GET"]}}],"collection":[{"href":"https:\/\/bp2.eu\/lt\/wp-json\/wp\/v2\/product"}],"about":[{"href":"https:\/\/bp2.eu\/lt\/wp-json\/wp\/v2\/types\/product"}],"wp:featuredmedia":[{"embeddable":true,"href":"https:\/\/bp2.eu\/lt\/wp-json\/wp\/v2\/media\/34035"}],"wp:attachment":[{"href":"https:\/\/bp2.eu\/lt\/wp-json\/wp\/v2\/media?parent=59635"}],"wp:term":[{"taxonomy":"product_category","embeddable":true,"href":"https:\/\/bp2.eu\/lt\/wp-json\/wp\/v2\/product_category?post=59635"},{"taxonomy":"warranty","embeddable":true,"href":"https:\/\/bp2.eu\/lt\/wp-json\/wp\/v2\/warranty?post=59635"},{"taxonomy":"product_serie","embeddable":true,"href":"https:\/\/bp2.eu\/lt\/wp-json\/wp\/v2\/product_serie?post=59635"}],"curies":[{"name":"wp","href":"https:\/\/api.w.org\/{rel}","templated":true}]}}