{"id":59653,"date":"2021-04-10T15:44:00","date_gmt":"2021-04-10T13:44:00","guid":{"rendered":"https:\/\/bp2.eu\/produkt\/uniwersalny-pas-podrynnowy-przedluzenie-wiatrownicy\/"},"modified":"2025-07-01T14:35:28","modified_gmt":"2025-07-01T12:35:28","slug":"universalios-apatines-latako-juostos","status":"publish","type":"product","link":"https:\/\/bp2.eu\/lt\/produktas\/universalios-apatines-latako-juostos\/","title":{"rendered":"UNIVERSALIOS APATIN\u0116S LATAKO JUOSTOS \/ V\u0116JALEN\u010cI\u0172 ILGINAMIEJI ELEMENTAI"},"content":{"rendered":"","protected":false},"featured_media":33933,"menu_order":533,"template":"","product_category":[585,1640],"warranty":[],"product_serie":[1714,1709,1704],"class_list":["post-59653","product","type-product","status-publish","has-post-thumbnail","hentry","product_category-skardos-lankstiniai","product_category-kampuoti-latakai-ir-lataku-juostos","product_serie-classic-series-lt","product_serie-compact-series-lt","product_serie-modular-series-lt"],"acf":[],"_links":{"self":[{"href":"https:\/\/bp2.eu\/lt\/wp-json\/wp\/v2\/product\/59653","targetHints":{"allow":["GET"]}}],"collection":[{"href":"https:\/\/bp2.eu\/lt\/wp-json\/wp\/v2\/product"}],"about":[{"href":"https:\/\/bp2.eu\/lt\/wp-json\/wp\/v2\/types\/product"}],"wp:featuredmedia":[{"embeddable":true,"href":"https:\/\/bp2.eu\/lt\/wp-json\/wp\/v2\/media\/33933"}],"wp:attachment":[{"href":"https:\/\/bp2.eu\/lt\/wp-json\/wp\/v2\/media?parent=59653"}],"wp:term":[{"taxonomy":"product_category","embeddable":true,"href":"https:\/\/bp2.eu\/lt\/wp-json\/wp\/v2\/product_category?post=59653"},{"taxonomy":"warranty","embeddable":true,"href":"https:\/\/bp2.eu\/lt\/wp-json\/wp\/v2\/warranty?post=59653"},{"taxonomy":"product_serie","embeddable":true,"href":"https:\/\/bp2.eu\/lt\/wp-json\/wp\/v2\/product_serie?post=59653"}],"curies":[{"name":"wp","href":"https:\/\/api.w.org\/{rel}","templated":true}]}}