{"id":59667,"date":"2021-04-05T11:55:00","date_gmt":"2021-04-05T09:55:00","guid":{"rendered":"https:\/\/bp2.eu\/produkt\/lacznik-paneli-dachowych\/"},"modified":"2025-07-01T14:36:27","modified_gmt":"2025-07-01T12:36:27","slug":"stogo-ploksciu-jungiamieji-elementai","status":"publish","type":"product","link":"https:\/\/bp2.eu\/lt\/produktas\/stogo-ploksciu-jungiamieji-elementai\/","title":{"rendered":"Stogo plok\u0161\u010di\u0173 jungiamieji elementai"},"content":{"rendered":"","protected":false},"featured_media":33757,"menu_order":570,"template":"","product_category":[585,1652],"warranty":[],"product_serie":[1699],"class_list":["post-59667","product","type-product","status-publish","has-post-thumbnail","hentry","product_category-skardos-lankstiniai","product_category-priedai-lt","product_serie-panel-series-lt"],"acf":[],"_links":{"self":[{"href":"https:\/\/bp2.eu\/lt\/wp-json\/wp\/v2\/product\/59667","targetHints":{"allow":["GET"]}}],"collection":[{"href":"https:\/\/bp2.eu\/lt\/wp-json\/wp\/v2\/product"}],"about":[{"href":"https:\/\/bp2.eu\/lt\/wp-json\/wp\/v2\/types\/product"}],"wp:featuredmedia":[{"embeddable":true,"href":"https:\/\/bp2.eu\/lt\/wp-json\/wp\/v2\/media\/33757"}],"wp:attachment":[{"href":"https:\/\/bp2.eu\/lt\/wp-json\/wp\/v2\/media?parent=59667"}],"wp:term":[{"taxonomy":"product_category","embeddable":true,"href":"https:\/\/bp2.eu\/lt\/wp-json\/wp\/v2\/product_category?post=59667"},{"taxonomy":"warranty","embeddable":true,"href":"https:\/\/bp2.eu\/lt\/wp-json\/wp\/v2\/warranty?post=59667"},{"taxonomy":"product_serie","embeddable":true,"href":"https:\/\/bp2.eu\/lt\/wp-json\/wp\/v2\/product_serie?post=59667"}],"curies":[{"name":"wp","href":"https:\/\/api.w.org\/{rel}","templated":true}]}}