{"id":75874,"date":"2023-08-29T11:05:36","date_gmt":"2023-08-29T09:05:36","guid":{"rendered":"https:\/\/bp2.eu\/produkt\/swietlik-polaciowy-spr-sky\/"},"modified":"2025-09-04T11:36:52","modified_gmt":"2025-09-04T09:36:52","slug":"skaidriosios-svieslangiai-daugiasluoksnems-plokstems-spr-sky-spr-sky-eco","status":"publish","type":"product","link":"https:\/\/bp2.eu\/lt\/produktas\/skaidriosios-svieslangiai-daugiasluoksnems-plokstems-spr-sky-spr-sky-eco\/","title":{"rendered":"Skaidriosios \u0161vieslangiai daugiasluoksn\u0117ms plok\u0161t\u0117ms SPR-SKY &amp; SPR-SKY ECO"},"content":{"rendered":"\n<div style=\"height:100px\" aria-hidden=\"true\" class=\"wp-block-spacer is-style-medium-spacer\"><\/div>\n\n\n\n<div class=\"wp-block-group is-style-default\"><div class=\"wp-block-group__inner-container is-layout-constrained wp-block-group-is-layout-constrained\">\n<div class=\"wp-block-columns is-style-default is-layout-flex wp-container-core-columns-is-layout-9d6595d7 wp-block-columns-is-layout-flex\">\n<div class=\"wp-block-column is-vertically-aligned-center is-style-full-height is-layout-flow wp-block-column-is-layout-flow\" style=\"flex-basis:50%\"><div class=\"wp-block-image\">\n<figure class=\"aligncenter size-full\"><img loading=\"lazy\" decoding=\"async\" width=\"2057\" height=\"2560\" src=\"https:\/\/bp2.eu\/wp-content\/uploads\/2023\/08\/Render_Swietlik-1A-1-scaled.jpg\" alt=\"\" class=\"wp-image-102603\" srcset=\"https:\/\/bp2.eu\/wp-content\/uploads\/2023\/08\/Render_Swietlik-1A-1-scaled.jpg 2057w, https:\/\/bp2.eu\/wp-content\/uploads\/2023\/08\/Render_Swietlik-1A-1-771x960.jpg 771w, https:\/\/bp2.eu\/wp-content\/uploads\/2023\/08\/Render_Swietlik-1A-1-823x1024.jpg 823w, https:\/\/bp2.eu\/wp-content\/uploads\/2023\/08\/Render_Swietlik-1A-1-768x956.jpg 768w, https:\/\/bp2.eu\/wp-content\/uploads\/2023\/08\/Render_Swietlik-1A-1-1234x1536.jpg 1234w, https:\/\/bp2.eu\/wp-content\/uploads\/2023\/08\/Render_Swietlik-1A-1-1646x2048.jpg 1646w\" sizes=\"auto, (max-width: 2057px) 100vw, 2057px\" \/><\/figure>\n<\/div><\/div>\n\n\n\n<div class=\"wp-block-column is-vertically-aligned-center is-style-default is-layout-flow wp-block-column-is-layout-flow\" style=\"flex-basis:50%\">\n<div class=\"wp-block-cover is-light is-style-full-height\"><span aria-hidden=\"true\" class=\"wp-block-cover__background has-background-dim-0 has-background-dim\"><\/span><div class=\"wp-block-cover__inner-container is-layout-constrained wp-block-cover-is-layout-constrained\">\n<figure class=\"wp-block-image size-full is-resized\"><img loading=\"lazy\" decoding=\"async\" width=\"250\" height=\"220\" src=\"https:\/\/bp2.eu\/wp-content\/uploads\/2024\/02\/swietlik-icon-1.png\" alt=\"\u0160VIESLANGIS BP2\" class=\"wp-image-84596\" style=\"width:80px\"\/><\/figure>\n\n\n\n<h2 class=\"wp-block-heading is-style-h3 has-red-color has-text-color has-link-color wp-elements-fd4dfe00dd2adc661745a6068b526369\">Stogo \u0161vieslangio SPR-SKY naudojimas<\/h2>\n\n\n\n<p>Stogo \u0161vieslangio <strong>SPR-SKY<\/strong> naudojimas yra veiksmingas sprendimas nat\u016braliai dienos \u0161viesai patekti \u012f objekto vid\u0173. Jau dengiant stogo plot\u0105 nuo 7 iki 15&nbsp;% jis gali pakeisti elektros ap\u0161vietim\u0105. Kamerin\u0117 stogo \u0161vieslangio konstrukcija riboja pernelyg didel\u012f temperat\u016bros kilim\u0105 d\u0117l saul\u0117s spinduliuot\u0117s ir kartu suma\u017eina \u0161ilumos nuostolius objekte. Stogo \u0161vieslangiai gali b\u016bti naudojami pramoniniuose pastatuose su \u0161laitiniais stogais, t. y. kai nuolydis didesnis nei 10&nbsp;%, \u0161iltos stogo dangos i\u0161 daugiasluoksni\u0173 plok\u0161\u010di\u0173 atveju. Stogo \u0161vieslangis <strong>SPR-SKY<\/strong> gali b\u016bti montuojamas kaip ta\u0161kinis ap\u0161vietimas arba kaip \u0161viesos juosta nuo kraigo iki karnizo, stogo viduryje, prie kraigo arba nuo vidurio iki karnizo. Stogo \u0161vieslangiai <strong>SPR-SKY<\/strong> jungiasi su daugiasluoksn\u0117mis plok\u0161t\u0117mis \u0161onin\u0117mis (ant bang\u0173) ir galin\u0117mis (ant u\u017elaidos) jungtimis, ta\u010diau \u0161vieslangio <strong>SPR-SKY<\/strong> dangos storis yra 3\u20134 kartus didesnis u\u017e plok\u0161t\u0117s i\u0161orin\u0117s dangos stor\u012f. Tai rei\u0161kia, kad u\u017elaidos vietose \u0161vieslangio ir plok\u0161t\u0117s dangos nesilie\u010dia idealiai, tod\u0117l projektuojant ir montuojant b\u016btina ypating\u0105 d\u0117mes\u012f skirti \u0161i\u0173 jung\u010di\u0173 sandarinimui. Taip pat reikia atsiminti, kad stogo \u0161vieslangiai n\u0117ra tokie atspar\u016bs kaip gretima danga i\u0161 daugiasluoksni\u0173 plok\u0161\u010di\u0173, tod\u0117l, norint i\u0161laikyti tvirtum\u0105 ir sandarum\u0105, montavim\u0105 reikia atlikti pagal rekomendacijas ir statybos taisykles.<br>&nbsp;<\/p>\n<\/div><\/div>\n<\/div>\n<\/div>\n<\/div><\/div>\n\n\n\n<div class=\"wp-block-group is-style-default\"><div class=\"wp-block-group__inner-container is-layout-constrained wp-block-group-is-layout-constrained\">\n<div class=\"wp-block-columns is-style-default is-layout-flex wp-container-core-columns-is-layout-9d6595d7 wp-block-columns-is-layout-flex\">\n<div class=\"wp-block-column is-vertically-aligned-center is-style-default is-layout-flow wp-block-column-is-layout-flow\" style=\"flex-basis:50%\">\n<div class=\"wp-block-cover is-light is-style-full-height\"><span aria-hidden=\"true\" class=\"wp-block-cover__background has-background-dim-0 has-background-dim\"><\/span><div class=\"wp-block-cover__inner-container is-layout-constrained wp-block-cover-is-layout-constrained\">\n<figure class=\"wp-block-image size-full is-resized\"><img loading=\"lazy\" decoding=\"async\" width=\"250\" height=\"220\" src=\"https:\/\/bp2.eu\/wp-content\/uploads\/2024\/02\/swietlik-icon-1.png\" alt=\"\u0160VIESLANGIS BP2\" class=\"wp-image-84596\" style=\"width:80px\"\/><\/figure>\n\n\n\n<h2 class=\"wp-block-heading is-style-h3 has-red-color has-text-color has-link-color wp-elements-2cbe506827369acf8f4fe6f396946d48\"><br><strong>Stogo \u0161vieslangio SPR-SKY ECO naudojimas<\/strong><\/h2>\n\n\n\n<p>Stogo \u0161vieslangio <strong>SPR-SKY ECO<\/strong> naudojimas yra veiksmingas sprendimas nat\u016braliai dienos \u0161viesai patekti \u012f objekto vid\u0173. Jau dengiant stogo plot\u0105 nuo 7&nbsp;% iki 15&nbsp;% jis gali pakeisti elektros ap\u0161vietim\u0105. Kamerin\u0117 stogo \u0161vieslangio konstrukcija riboja pernelyg didel\u012f temperat\u016bros kilim\u0105 d\u0117l saul\u0117s spinduliuot\u0117s ir kartu suma\u017eina \u0161ilumos nuostolius objekte. Stogo \u0161vieslangiai gali b\u016bti naudojami pramoniniuose pastatuose su \u0161laitiniais stogais, kai minimalus stogo nuolydis yra toks pat kaip <strong>SPR CORE<\/strong> stogo plok\u0161t\u0117s, nesujungiamos per ilg\u012f ir be technologini\u0173 ang\u0173, t. y. 5&nbsp;%, \u0161iltos stogo dangos i\u0161 daugiasluoksni\u0173 plok\u0161\u010di\u0173 atveju. Stogo \u0161vieslangis <strong>SPR-SKY ECO<\/strong> gali b\u016bti montuojamas kaip \u0161viesos juosta nuo kraigo iki karnizo. Taip pat reikia atsiminti, kad stogo \u0161vieslangiai n\u0117ra tokie atspar\u016bs kaip gretima danga i\u0161 daugiasluoksni\u0173 plok\u0161\u010di\u0173, tod\u0117l, norint i\u0161laikyti tvirtum\u0105 ir sandarum\u0105, montavim\u0105 reikia atlikti pagal rekomendacijas ir statybos taisykles.<br>&nbsp;<\/p>\n<\/div><\/div>\n<\/div>\n\n\n\n<div class=\"wp-block-column is-vertically-aligned-center is-style-full-height is-layout-flow wp-block-column-is-layout-flow\" style=\"flex-basis:50%\"><div class=\"wp-block-image\">\n<figure class=\"aligncenter size-full\"><img loading=\"lazy\" decoding=\"async\" width=\"1920\" height=\"2560\" src=\"https:\/\/bp2.eu\/wp-content\/uploads\/2025\/08\/Render-SPR-SKY-ECO-OKLADKA-scaled.jpg\" alt=\"\" class=\"wp-image-102580\" srcset=\"https:\/\/bp2.eu\/wp-content\/uploads\/2025\/08\/Render-SPR-SKY-ECO-OKLADKA-scaled.jpg 1920w, https:\/\/bp2.eu\/wp-content\/uploads\/2025\/08\/Render-SPR-SKY-ECO-OKLADKA-720x960.jpg 720w, https:\/\/bp2.eu\/wp-content\/uploads\/2025\/08\/Render-SPR-SKY-ECO-OKLADKA-768x1024.jpg 768w, https:\/\/bp2.eu\/wp-content\/uploads\/2025\/08\/Render-SPR-SKY-ECO-OKLADKA-1152x1536.jpg 1152w, https:\/\/bp2.eu\/wp-content\/uploads\/2025\/08\/Render-SPR-SKY-ECO-OKLADKA-1536x2048.jpg 1536w\" sizes=\"auto, (max-width: 1920px) 100vw, 1920px\" \/><\/figure>\n<\/div><\/div>\n<\/div>\n<\/div><\/div>\n\n\n\n<div style=\"height:100px\" aria-hidden=\"true\" class=\"wp-block-spacer is-style-smaller-spacer\"><\/div>\n\n\n\n<div class=\"wp-block-group\"><div class=\"wp-block-group__inner-container is-layout-constrained wp-block-group-is-layout-constrained\">\n<h2 class=\"wp-block-heading has-text-align-center is-style-h3 has-red-color has-text-color\">Techniniai SPR-SKY parametrai<\/h2>\n\n\n\n<div class=\"wp-block-columns is-layout-flex wp-container-core-columns-is-layout-9d6595d7 wp-block-columns-is-layout-flex\">\n<div class=\"wp-block-column is-layout-flow wp-block-column-is-layout-flow\">\n<figure class=\"wp-block-image size-full\"><img loading=\"lazy\" decoding=\"async\" width=\"1460\" height=\"659\" src=\"https:\/\/bp2.eu\/wp-content\/uploads\/2023\/08\/Zrzut-ekranu-2025-09-04-113540.png\" alt=\"spr-sky parametry lt\" class=\"wp-image-103808\" srcset=\"https:\/\/bp2.eu\/wp-content\/uploads\/2023\/08\/Zrzut-ekranu-2025-09-04-113540.png 1460w, https:\/\/bp2.eu\/wp-content\/uploads\/2023\/08\/Zrzut-ekranu-2025-09-04-113540-820x370.png 820w, https:\/\/bp2.eu\/wp-content\/uploads\/2023\/08\/Zrzut-ekranu-2025-09-04-113540-1024x462.png 1024w, https:\/\/bp2.eu\/wp-content\/uploads\/2023\/08\/Zrzut-ekranu-2025-09-04-113540-768x347.png 768w\" sizes=\"auto, (max-width: 1460px) 100vw, 1460px\" \/><\/figure>\n<\/div>\n\n\n\n<div class=\"wp-block-column is-layout-flow wp-block-column-is-layout-flow\">\n<table style=\"width:100%; border-collapse:collapse; border-left:none; border-right:none;\"> <tbody> <tr> <td><strong>MED\u017dIAGA:<\/strong><\/td> <td>Dervos-stiklo kompozitas sujungtas su 25 mm arba 32 mm storio polikarbonatu<\/td> <\/tr> <tr> <td><strong>MODULINIS PLOTIS:<\/strong><\/td> <td>1050 mm<\/td> <\/tr> <tr> <td><strong>\u0160VIESAUS ANGOS ILGIS:<\/strong><\/td> <td>7,0 m (maksimalus dangos ilgis 7,2 m)<br>Leid\u017eiama jungti \u0161vieslangius per ilg\u012f tiesiog statybviet\u0117je<\/td> <\/tr> <tr> <td><strong>REKOMENDUOJAMAS MA\u017dIAUSIAS STOGO NUOLYD\u017dIO KAMPAS:<\/strong><\/td> <td>10 % (su 20 cm u\u017elaida)<\/td> <\/tr> <tr> <td><strong>MAKSIMALUS ATRAM\u0172 ATSTUMAS:<\/strong><\/td> <td>1,5 m<\/td> <\/tr> <tr> <td><strong>STORIS:<\/strong><\/td> <td>Polikarbonatas 25 mm \u2013 30 mm + bangos auk\u0161tis<br>Polikarbonatas 32 mm \u2013 35 mm + bangos auk\u0161tis<\/td> <\/tr> <tr> <td><strong>SVORIS:<\/strong><\/td> <td>5,9 kg \u00b1 5%<\/td> <\/tr> <tr> <td><strong>LEISTINI MATMEN\u0172 NUOKRYP\u0116S ILGIUI, PLO\u010cIUI IR STORIUI:<\/strong><\/td> <td>\u00b1 5%<\/td> <\/tr> <tr> <td><strong>\u0160ILUMOS LAIDUMO KOEFICIENTAS:<\/strong><\/td> <td>U = 1,5 W\/m2K su 25 mm polikarbonatu<br>U = 1,1 W\/m2K su 32 mm polikarbonatu<\/td> <\/tr> <tr> <td><strong>\u0160VIESOS PRALAIDUMAS:<\/strong><\/td> <td>50% \u00b1 5%<\/td> <\/tr> <\/tbody> <\/table>\n<\/div>\n<\/div>\n<\/div><\/div>\n\n\n\n<div style=\"height:100px\" aria-hidden=\"true\" class=\"wp-block-spacer is-style-smaller-spacer\"><\/div>\n\n\n\n<div class=\"wp-block-group\"><div class=\"wp-block-group__inner-container is-layout-constrained wp-block-group-is-layout-constrained\">\n<h2 class=\"wp-block-heading has-text-align-center is-style-h3 has-red-color has-text-color\">Techniniai SPR-SKY ECO parametrai<\/h2>\n\n\n\n<div class=\"wp-block-columns is-layout-flex wp-container-core-columns-is-layout-9d6595d7 wp-block-columns-is-layout-flex\">\n<div class=\"wp-block-column is-layout-flow wp-block-column-is-layout-flow\">\n<figure class=\"wp-block-image size-full\"><img loading=\"lazy\" decoding=\"async\" width=\"1459\" height=\"611\" src=\"https:\/\/bp2.eu\/wp-content\/uploads\/2023\/08\/Zrzut-ekranu-2025-09-04-113630.png\" alt=\"spr-sky eco parametry lt\" class=\"wp-image-103816\" srcset=\"https:\/\/bp2.eu\/wp-content\/uploads\/2023\/08\/Zrzut-ekranu-2025-09-04-113630.png 1459w, https:\/\/bp2.eu\/wp-content\/uploads\/2023\/08\/Zrzut-ekranu-2025-09-04-113630-820x343.png 820w, https:\/\/bp2.eu\/wp-content\/uploads\/2023\/08\/Zrzut-ekranu-2025-09-04-113630-1024x429.png 1024w, https:\/\/bp2.eu\/wp-content\/uploads\/2023\/08\/Zrzut-ekranu-2025-09-04-113630-768x322.png 768w\" sizes=\"auto, (max-width: 1459px) 100vw, 1459px\" \/><\/figure>\n<\/div>\n\n\n\n<div class=\"wp-block-column is-layout-flow wp-block-column-is-layout-flow\">\n<table style=\"width:100%; border-collapse:collapse; border-left:none; border-right:none;\"> <tbody> <tr><td><strong>Storis:<\/strong><\/td><td>20 mm<\/td><\/tr> <tr><td><strong>Modulinis plotis:<\/strong><\/td><td>1050 mm (\u00b15)<\/td><\/tr> <tr><td><strong>Bangos plotis:<\/strong><\/td><td>4 bangos po 350 mm<\/td><\/tr> <tr><td><strong>Bang\u0173 auk\u0161tis (vidinis):<\/strong><\/td><td>45 mm<\/td><\/tr> <tr><td><strong>Kra\u0161tini\u0173 bang\u0173 storis:<\/strong><\/td><td>40\u00b12 mm (i\u0161orinis) \u2013 45\u00b12 mm (vidinis)<\/td><\/tr> <tr><td><strong>Lak\u0161to ilgis:<\/strong><\/td><td>13 m<\/td><\/tr> <tr><td><strong>Spalva:<\/strong><\/td><td>Satin\u0117 permatoma arba opalin\u0117<\/td><\/tr> <tr><td><strong>Lenkimo spindulys:<\/strong><\/td><td>Gamykloje lenkta R 3,5 arba 6,0 m \u2013 \u0161altai lenkiama R &gt; 10 m<\/td><\/tr> <tr><td><strong>Lak\u0161t\u0173 gal\u0173 sandarinimas:<\/strong><\/td><td>Termi\u0161kai u\u017elydyti galai<\/td><\/tr> <tr><td><strong>Vidin\u0117 strukt\u016bra:<\/strong><\/td><td>Keturiasien\u0117<\/td><\/tr> <tr><td><strong>UV apsauga:<\/strong><\/td><td>Ant i\u0161orinio sluoksnio<\/td><\/tr> <tr><td><strong>Atsparumas ugniai:<\/strong><\/td><td>B s1 d0<\/td><\/tr> <tr><td><strong>Darbin\u0117 temperat\u016bra:<\/strong><\/td><td>-40\u00b0 \/ +130\u00b0<\/td><\/tr> <tr><td><strong>Linijinis \u0161iluminis pl\u0117timasis:<\/strong><\/td><td>6,7 \u00d7 10<sup>-5<\/sup><\/td><\/tr> <tr><td><strong>\u0160ilumos izoliacija:<\/strong><\/td><td>U = 2,28 W\/m\u00b2K &nbsp;&nbsp;|&nbsp;&nbsp; U = 1,98 W\/m\u00b2K &nbsp;&nbsp;|&nbsp;&nbsp; U = 1,78 W\/m\u00b2K<\/td><\/tr> <tr><td><strong>\u0160viesos pralaidumas (versija: satinin\u0117 permatoma):<\/strong><\/td><td>67 \u00b12 % &nbsp;&nbsp;|&nbsp;&nbsp; 65 \u00b12 % &nbsp;&nbsp;|&nbsp;&nbsp; 60 \u00b12 %<\/td><\/tr> <tr><td><strong>\u0160viesos pralaidumas (versija: opalin\u0117):<\/strong><\/td><td>43 \u00b12 % &nbsp;&nbsp;|&nbsp;&nbsp; 41 \u00b12 % &nbsp;&nbsp;|&nbsp;&nbsp; 38 \u00b12 %<\/td><\/tr> <\/tbody> <\/table>\n<\/div>\n<\/div>\n<\/div><\/div>\n","protected":false},"featured_media":102543,"menu_order":801,"template":"","product_category":[572,1917],"warranty":[],"product_serie":[],"class_list":["post-75874","product","type-product","status-publish","has-post-thumbnail","hentry","product_category-investicine-statyba","product_category-sluoksniuotosios-plokstes-priedai-investicine-statyba"],"acf":[],"_links":{"self":[{"href":"https:\/\/bp2.eu\/lt\/wp-json\/wp\/v2\/product\/75874","targetHints":{"allow":["GET"]}}],"collection":[{"href":"https:\/\/bp2.eu\/lt\/wp-json\/wp\/v2\/product"}],"about":[{"href":"https:\/\/bp2.eu\/lt\/wp-json\/wp\/v2\/types\/product"}],"wp:featuredmedia":[{"embeddable":true,"href":"https:\/\/bp2.eu\/lt\/wp-json\/wp\/v2\/media\/102543"}],"wp:attachment":[{"href":"https:\/\/bp2.eu\/lt\/wp-json\/wp\/v2\/media?parent=75874"}],"wp:term":[{"taxonomy":"product_category","embeddable":true,"href":"https:\/\/bp2.eu\/lt\/wp-json\/wp\/v2\/product_category?post=75874"},{"taxonomy":"warranty","embeddable":true,"href":"https:\/\/bp2.eu\/lt\/wp-json\/wp\/v2\/warranty?post=75874"},{"taxonomy":"product_serie","embeddable":true,"href":"https:\/\/bp2.eu\/lt\/wp-json\/wp\/v2\/product_serie?post=75874"}],"curies":[{"name":"wp","href":"https:\/\/api.w.org\/{rel}","templated":true}]}}