{"id":91330,"date":"2024-12-20T10:13:19","date_gmt":"2024-12-20T09:13:19","guid":{"rendered":"https:\/\/bp2.eu\/produkt\/maskownice-systemu-rynnowego-inguri\/"},"modified":"2026-04-07T15:43:39","modified_gmt":"2026-04-07T13:43:39","slug":"inguri-lataku-sistemos-stoglangiai","status":"publish","type":"product","link":"https:\/\/bp2.eu\/lt\/produktas\/inguri-lataku-sistemos-stoglangiai\/","title":{"rendered":"&#8222;INGURI&#8221; LATAK\u0172 U\u017dDENGIMO SISTEMOS"},"content":{"rendered":"\n<div style=\"height:100px\" aria-hidden=\"true\" class=\"wp-block-spacer is-style-smaller-spacer\"><\/div>\n\n\n\n<div class=\"wp-block-group\"><div class=\"wp-block-group__inner-container is-layout-flow wp-block-group-is-layout-flow\">\n<div class=\"wp-block-columns is-style-grid is-layout-flex wp-container-core-columns-is-layout-9d6595d7 wp-block-columns-is-layout-flex\">\n<div class=\"wp-block-column is-layout-flow wp-block-column-is-layout-flow\">\n<div class=\"wp-block-cover is-light is-style-full-width\"><span aria-hidden=\"true\" class=\"wp-block-cover__background has-dark-gray-background-color has-background-dim-100 has-background-dim\"><\/span><div class=\"wp-block-cover__inner-container is-layout-flow wp-block-cover-is-layout-flow\">\n<figure class=\"wp-block-image size-full is-resized\"><img decoding=\"async\" src=\"https:\/\/bp2.eu\/wp-content\/uploads\/2024\/12\/bezokapowy.svg\" alt=\"\" class=\"wp-image-101077\" style=\"object-fit:cover;width:100px;height:100px\"\/><\/figure>\n\n\n\n<h3 class=\"wp-block-heading\">BEKAPOLI\u0172 SISTEMA<\/h3>\n\n\n\n<p>\u0160i Fasado sistema puikiai paslepia latakus ir lietvamzd\u017eius, sumontuotus ant ap\u0161iltintos sienos, tod\u0117l puikiai dera prie modernios, minimalistin\u0117s architekt\u016bros. D\u0117l sumanios lietvamzd\u017eio fasadin\u0117s dalies konstrukcijos j\u0105 galima nuimti ir pri\u017ei\u016br\u0117ti.<\/p>\n<\/div><\/div>\n<\/div>\n\n\n\n<div class=\"wp-block-column is-layout-flow wp-block-column-is-layout-flow\">\n<div class=\"wp-block-cover is-style-full-height\"><img loading=\"lazy\" decoding=\"async\" width=\"1024\" height=\"660\" class=\"wp-block-cover__image-background wp-image-90778 size-large\" alt=\"system elewacyjny - BP2\" src=\"https:\/\/bp2.eu\/wp-content\/uploads\/2024\/12\/system-elewacyjny-img-1024x660.jpg\" data-object-fit=\"cover\" srcset=\"https:\/\/bp2.eu\/wp-content\/uploads\/2024\/12\/system-elewacyjny-img-1024x660.jpg 1024w, https:\/\/bp2.eu\/wp-content\/uploads\/2024\/12\/system-elewacyjny-img-820x528.jpg 820w, https:\/\/bp2.eu\/wp-content\/uploads\/2024\/12\/system-elewacyjny-img-768x495.jpg 768w, https:\/\/bp2.eu\/wp-content\/uploads\/2024\/12\/system-elewacyjny-img-1536x989.jpg 1536w, https:\/\/bp2.eu\/wp-content\/uploads\/2024\/12\/system-elewacyjny-img.jpg 1568w\" sizes=\"auto, (max-width: 1024px) 100vw, 1024px\" \/><span aria-hidden=\"true\" class=\"wp-block-cover__background has-background-dim-0 has-background-dim\" style=\"background-color:#414248\"><\/span><div class=\"wp-block-cover__inner-container is-layout-flow wp-block-cover-is-layout-flow\">\n<p class=\"has-text-align-center has-large-font-size\"><\/p>\n<\/div><\/div>\n<\/div>\n<\/div>\n\n\n\n<div style=\"height:100px\" aria-hidden=\"true\" class=\"wp-block-spacer is-style-smaller-spacer\"><\/div>\n\n\n\n<div class=\"wp-block-columns is-style-mobile-reverse is-style-grid fade-in is-layout-flex wp-container-core-columns-is-layout-9d6595d7 wp-block-columns-is-layout-flex\">\n<div class=\"wp-block-column is-layout-flow wp-block-column-is-layout-flow\">\n<div class=\"wp-block-cover is-style-full-height\"><img loading=\"lazy\" decoding=\"async\" width=\"1568\" height=\"1010\" class=\"wp-block-cover__image-background wp-image-90765\" alt=\"\" src=\"https:\/\/bp2.eu\/wp-content\/uploads\/2024\/12\/system-z-okapem-img.jpg\" data-object-fit=\"cover\" srcset=\"https:\/\/bp2.eu\/wp-content\/uploads\/2024\/12\/system-z-okapem-img.jpg 1568w, https:\/\/bp2.eu\/wp-content\/uploads\/2024\/12\/system-z-okapem-img-820x528.jpg 820w, https:\/\/bp2.eu\/wp-content\/uploads\/2024\/12\/system-z-okapem-img-1024x660.jpg 1024w, https:\/\/bp2.eu\/wp-content\/uploads\/2024\/12\/system-z-okapem-img-768x495.jpg 768w\" sizes=\"auto, (max-width: 1568px) 100vw, 1568px\" \/><span aria-hidden=\"true\" class=\"wp-block-cover__background has-background-dim-0 has-background-dim\" style=\"background-color:#66666c\"><\/span><div class=\"wp-block-cover__inner-container is-layout-flow wp-block-cover-is-layout-flow\">\n<p class=\"has-text-align-center has-large-font-size\"><\/p>\n<\/div><\/div>\n<\/div>\n\n\n\n<div class=\"wp-block-column is-layout-flow wp-block-column-is-layout-flow\">\n<div class=\"wp-block-cover is-light is-style-full-width\"><span aria-hidden=\"true\" class=\"wp-block-cover__background has-dark-gray-background-color has-background-dim-100 has-background-dim\"><\/span><div class=\"wp-block-cover__inner-container is-layout-flow wp-block-cover-is-layout-flow\">\n<figure class=\"wp-block-image size-full is-resized\"><img decoding=\"async\" src=\"https:\/\/bp2.eu\/wp-content\/uploads\/2024\/12\/z-okapem.svg\" alt=\"\" class=\"wp-image-101085\" style=\"object-fit:cover;width:100px;height:100px\"\/><\/figure>\n\n\n\n<h3 class=\"wp-block-heading\">SISTEMA SU GAUBTU<\/h3>\n\n\n\n<p><br>Fasad\u0105 papildo profiliuotas pakalimas i\u0161 <strong>LAMBDA 2.0<\/strong> paneli\u0173 arba <strong>T7<\/strong> trapecini\u0173 lak\u0161t\u0173. Be to pakalimus galima pritvirtinti prie fasadin\u0117s plok\u0161t\u0117s arba sienos.<\/p>\n<\/div><\/div>\n<\/div>\n<\/div>\n\n\n\n<div style=\"height:100px\" aria-hidden=\"true\" class=\"wp-block-spacer is-style-smaller-spacer\"><\/div>\n\n\n\n<div class=\"wp-block-columns is-style-grid is-layout-flex wp-container-core-columns-is-layout-9d6595d7 wp-block-columns-is-layout-flex\">\n<div class=\"wp-block-column is-layout-flow wp-block-column-is-layout-flow\">\n<div class=\"wp-block-cover is-light is-style-full-width\"><span aria-hidden=\"true\" class=\"wp-block-cover__background has-dark-gray-background-color has-background-dim-100 has-background-dim\"><\/span><div class=\"wp-block-cover__inner-container is-layout-flow wp-block-cover-is-layout-flow\">\n<figure class=\"wp-block-image size-full is-resized\"><img decoding=\"async\" src=\"https:\/\/bp2.eu\/wp-content\/uploads\/2024\/12\/elewacyjny.svg\" alt=\"\" class=\"wp-image-101093\" style=\"object-fit:cover;width:100px;height:100px\"\/><\/figure>\n\n\n\n<h3 class=\"wp-block-heading\">FASADO SISTEMA<\/h3>\n\n\n\n<p>Fasad\u0173 fasado apdailos sistema apsaugo pastato izoliacij\u0105 nuo galimo nuot\u0117kio ties latak\u0173 jungtimis, nes jos konstrukcijoje naudojama latak\u0173 juosta.<\/p>\n\n\n\n<p>Apatin\u0117je fasado dalyje esan\u010dios perforacijos saugiai nuleid\u017eia dr\u0117gm\u0119 ir palaiko optimal\u0173 v\u0117dinimo lyg\u012f.<\/p>\n\n\n\n<p>Latak\u0173 sistemoje \u012frengta stabilizuojanti gumin\u0117 redukcija, skirta latak\u0173 nutek\u0117jimo vamzd\u017eiui prijungti prie 110 mm skersmens kanalizacijos vamzd\u017eio. O naudojamas PVC vamzdis neleid\u017eia vandeniui kondensuotis ant plienini\u0173 lietvamzd\u017ei\u0173 pavir\u0161iaus.<\/p>\n<\/div><\/div>\n<\/div>\n\n\n\n<div class=\"wp-block-column is-layout-flow wp-block-column-is-layout-flow\">\n<div class=\"wp-block-cover is-style-full-height\"><img loading=\"lazy\" decoding=\"async\" width=\"1024\" height=\"660\" class=\"wp-block-cover__image-background wp-image-90786 size-large\" alt=\"system bezokapowy - BP2\" src=\"https:\/\/bp2.eu\/wp-content\/uploads\/2024\/12\/system-bezokapowy-img-1024x660.jpg\" data-object-fit=\"cover\" srcset=\"https:\/\/bp2.eu\/wp-content\/uploads\/2024\/12\/system-bezokapowy-img-1024x660.jpg 1024w, https:\/\/bp2.eu\/wp-content\/uploads\/2024\/12\/system-bezokapowy-img-820x528.jpg 820w, https:\/\/bp2.eu\/wp-content\/uploads\/2024\/12\/system-bezokapowy-img-768x495.jpg 768w, https:\/\/bp2.eu\/wp-content\/uploads\/2024\/12\/system-bezokapowy-img-1536x989.jpg 1536w, https:\/\/bp2.eu\/wp-content\/uploads\/2024\/12\/system-bezokapowy-img.jpg 1568w\" sizes=\"auto, (max-width: 1024px) 100vw, 1024px\" \/><span aria-hidden=\"true\" class=\"wp-block-cover__background has-background-dim-0 has-background-dim\" style=\"background-color:#414149\"><\/span><div class=\"wp-block-cover__inner-container is-layout-flow wp-block-cover-is-layout-flow\">\n<p class=\"has-text-align-center has-large-font-size\"><\/p>\n<\/div><\/div>\n<\/div>\n<\/div>\n<\/div><\/div>\n\n\n\n<div style=\"height:100px\" aria-hidden=\"true\" class=\"wp-block-spacer is-style-small-spacer\"><\/div>\n\n\n\n<div class=\"wp-block-group has-dark-gray-background-color has-background\"><div class=\"wp-block-group__inner-container is-layout-constrained wp-block-group-is-layout-constrained\">\n<div style=\"height:100px\" aria-hidden=\"true\" class=\"wp-block-spacer is-style-small-spacer\"><\/div>\n\n\n\n<figure class=\"wp-block-embed aligncenter is-type-video is-provider-youtube wp-block-embed-youtube is-style-default wp-embed-aspect-16-9 wp-has-aspect-ratio\"><div class=\"wp-block-embed__wrapper\">\n<iframe loading=\"lazy\" title=\"NEW! INGURI GUTTER SYSTEM TRIM\" width=\"640\" height=\"360\" src=\"https:\/\/www.youtube.com\/embed\/9yhcSknpRXU?feature=oembed\" frameborder=\"0\" allow=\"accelerometer; autoplay; clipboard-write; encrypted-media; gyroscope; picture-in-picture; web-share\" referrerpolicy=\"strict-origin-when-cross-origin\" allowfullscreen><\/iframe>\n<\/div><\/figure>\n\n\n\n<div style=\"height:100px\" aria-hidden=\"true\" class=\"wp-block-spacer is-style-small-spacer\"><\/div>\n<\/div><\/div>\n\n\n\n<div class=\"wp-block-group is-style-default\"><div class=\"wp-block-group__inner-container is-layout-constrained wp-block-group-is-layout-constrained\">\n<div style=\"height:100px\" aria-hidden=\"true\" class=\"wp-block-spacer is-style-small-spacer\"><\/div>\n\n\n\r\n<div class=\"section__data\" data-section=\"U\u017dDENGIMO ELEMENTAI INGURI\"><\/div>\n\n\n<div class=\"wp-block-cover is-style-full-height\"><span aria-hidden=\"true\" class=\"wp-block-cover__background has-red-background-color has-background-dim-100 has-background-dim\"><\/span><div class=\"wp-block-cover__inner-container is-layout-constrained wp-block-cover-is-layout-constrained\"><div class=\"wp-block-image\">\n<figure class=\"aligncenter size-large is-resized\"><img decoding=\"async\" src=\"https:\/\/bp2.eu\/wp-content\/uploads\/2024\/12\/elementy-icon.svg\" alt=\"\" class=\"wp-image-90985\" style=\"object-fit:contain;width:100px;height:100px\"\/><\/figure>\n<\/div>\n\n\n<div style=\"height:100px\" aria-hidden=\"true\" class=\"wp-block-spacer is-style-smaller-spacer\"><\/div>\n\n\n\n<h2 class=\"wp-block-heading has-text-align-center\"><br>U\u017dDENGIMO ELEMENTAI INGURI<\/h2>\n<\/div><\/div>\n<\/div><\/div>\n\n\n\n<div style=\"height:100px\" aria-hidden=\"true\" class=\"wp-block-spacer is-style-smaller-spacer\"><\/div>\n\n\n\n<div class=\"wp-block-group is-style-default\"><div class=\"wp-block-group__inner-container is-layout-flow wp-block-group-is-layout-flow\">\n<div class=\"wp-block-columns are-vertically-aligned-center is-layout-flex wp-container-core-columns-is-layout-9d6595d7 wp-block-columns-is-layout-flex\">\n<div class=\"wp-block-column is-vertically-aligned-center has-gray-background-color has-background is-layout-flow wp-block-column-is-layout-flow\">\n<div style=\"height:100px\" aria-hidden=\"true\" class=\"wp-block-spacer is-style-smaller-spacer\"><\/div>\n\n\n\n<figure class=\"wp-block-gallery has-nested-images columns-3 is-cropped wp-block-gallery-1 is-layout-flex wp-block-gallery-is-layout-flex\">\n<figure class=\"wp-block-image size-large\"><a href=\"https:\/\/bp2.eu\/wp-content\/uploads\/2024\/12\/MASKOWNICA-RURY-LT-1024x719.png\"><img loading=\"lazy\" decoding=\"async\" width=\"1024\" height=\"719\" data-id=\"91539\" src=\"https:\/\/bp2.eu\/wp-content\/uploads\/2024\/12\/MASKOWNICA-RURY-LT-1024x719.png\" alt=\"\" class=\"wp-image-91539\" srcset=\"https:\/\/bp2.eu\/wp-content\/uploads\/2024\/12\/MASKOWNICA-RURY-LT-1024x719.png 1024w, https:\/\/bp2.eu\/wp-content\/uploads\/2024\/12\/MASKOWNICA-RURY-LT-820x576.png 820w, https:\/\/bp2.eu\/wp-content\/uploads\/2024\/12\/MASKOWNICA-RURY-LT-768x539.png 768w, https:\/\/bp2.eu\/wp-content\/uploads\/2024\/12\/MASKOWNICA-RURY-LT-1536x1078.png 1536w, https:\/\/bp2.eu\/wp-content\/uploads\/2024\/12\/MASKOWNICA-RURY-LT-2048x1438.png 2048w\" sizes=\"auto, (max-width: 1024px) 100vw, 1024px\" \/><\/a><\/figure>\n<\/figure>\n\n\n\n<div style=\"height:100px\" aria-hidden=\"true\" class=\"wp-block-spacer is-style-smaller-spacer\"><\/div>\n<\/div>\n\n\n\n<div class=\"wp-block-column is-vertically-aligned-center has-gray-background-color has-background is-layout-flow wp-block-column-is-layout-flow\">\n<div style=\"height:100px\" aria-hidden=\"true\" class=\"wp-block-spacer is-style-smaller-spacer\"><\/div>\n\n\n\n<figure class=\"wp-block-gallery has-nested-images columns-3 is-cropped wp-block-gallery-2 is-layout-flex wp-block-gallery-is-layout-flex\">\n<figure class=\"wp-block-image size-large\"><a href=\"https:\/\/bp2.eu\/wp-content\/uploads\/2024\/12\/MASKOWNICA-RYNNY-LT-1024x719.png\"><img loading=\"lazy\" decoding=\"async\" width=\"1024\" height=\"719\" data-id=\"91547\" src=\"https:\/\/bp2.eu\/wp-content\/uploads\/2024\/12\/MASKOWNICA-RYNNY-LT-1024x719.png\" alt=\"\" class=\"wp-image-91547\" srcset=\"https:\/\/bp2.eu\/wp-content\/uploads\/2024\/12\/MASKOWNICA-RYNNY-LT-1024x719.png 1024w, https:\/\/bp2.eu\/wp-content\/uploads\/2024\/12\/MASKOWNICA-RYNNY-LT-820x576.png 820w, https:\/\/bp2.eu\/wp-content\/uploads\/2024\/12\/MASKOWNICA-RYNNY-LT-768x539.png 768w, https:\/\/bp2.eu\/wp-content\/uploads\/2024\/12\/MASKOWNICA-RYNNY-LT-1536x1078.png 1536w, https:\/\/bp2.eu\/wp-content\/uploads\/2024\/12\/MASKOWNICA-RYNNY-LT-2048x1438.png 2048w\" sizes=\"auto, (max-width: 1024px) 100vw, 1024px\" \/><\/a><\/figure>\n<\/figure>\n\n\n\n<div style=\"height:100px\" aria-hidden=\"true\" class=\"wp-block-spacer is-style-smaller-spacer\"><\/div>\n<\/div>\n<\/div>\n<\/div><\/div>\n\n\n\n<div class=\"wp-block-group is-style-default\"><div class=\"wp-block-group__inner-container is-layout-flow wp-block-group-is-layout-flow\">\n<div class=\"wp-block-columns is-layout-flex wp-container-core-columns-is-layout-9d6595d7 wp-block-columns-is-layout-flex\">\n<div class=\"wp-block-column is-layout-flow wp-block-column-is-layout-flow\">\n<h4 class=\"wp-block-heading\"><strong><strong>LIETVAMZD\u017dIO DANGTIS<\/strong><\/strong><\/h4>\n\n\n\n<p class=\"has-text-align-left\">Vamzd\u017ei\u0173 apvad\u0105 sudaro dvi dalys: apvado pagrindas &#8211; prie sienos tvirtinama dalis ir pagrindinis apvadas &#8211; pagrindin\u0117 dalis, kuri esteti\u0161kai paslepia lietvamzd\u017eius ir kartu suteikia galimyb\u0119 lengvai prie j\u0173 prieiti, jei reikia atlikti prie\u017ei\u016bros darbus. Jis suprojektuotas taip, kad jo i\u0161vaizda atitikt\u0173 latak\u0173 fasad\u0105 ir u\u017etikrint\u0173 vientis\u0105 visos sistemos estetin\u012f vaizd\u0105.<\/p>\n<\/div>\n\n\n\n<div class=\"wp-block-column is-layout-flow wp-block-column-is-layout-flow\">\n<h4 class=\"wp-block-heading\"><strong><strong><strong><strong>LATAK\u0172 DANGTIS<\/strong><\/strong><\/strong><\/strong><\/h4>\n\n\n\n<p class=\"has-text-align-left\">185 cm ilgio universalus lankstinys &#8211; tai gaminys, kuris pakei\u010dia standartinius lankstinius, la\u0161takius, latak\u0173 juostas ir stoglangius, sujungdamas vis\u0173 \u0161i\u0173 gamini\u0173 savybes. Klientas gauna pigesn\u012f, vienodai veiksming\u0105 sprendim\u0105, kuriam reikia ma\u017eiau vietos sand\u0117liavimui. Fasadin\u0117 plok\u0161t\u0117 turi specialiai sukurt\u0105 trapecijos formos tvirtinimo u\u017erakt\u0105, kuris stabilizuoja fasadines plok\u0161tes ir suma\u017eina bangavimo efekt\u0105. Apatin\u0117 dalis yra briaunota latako juosta, kuri pakei\u010dia stoglang\u012f. Be to, ji leid\u017eia lanks\u010diai pasirinkti kit\u0105 stoglang\u012f, kuris lengvai pritvirtinamas prie apatinio \u201eC\u201d profilio fasade. Fasada specialiai sutvirtinta, kad b\u016bt\u0173 u\u017etikrinta tinkama apsauga.<\/p>\n<\/div>\n<\/div>\n<\/div><\/div>\n\n\n\n<div class=\"wp-block-group\"><div class=\"wp-block-group__inner-container is-layout-constrained wp-block-group-is-layout-constrained\">\n<div class=\"wp-block-cover aligncenter is-style-full-height\"><img loading=\"lazy\" decoding=\"async\" width=\"1920\" height=\"1072\" class=\"wp-block-cover__image-background wp-image-91018\" alt=\"\" src=\"https:\/\/bp2.eu\/wp-content\/uploads\/2024\/12\/porownanie.jpg\" data-object-fit=\"cover\" srcset=\"https:\/\/bp2.eu\/wp-content\/uploads\/2024\/12\/porownanie.jpg 1920w, https:\/\/bp2.eu\/wp-content\/uploads\/2024\/12\/porownanie-820x458.jpg 820w, https:\/\/bp2.eu\/wp-content\/uploads\/2024\/12\/porownanie-1024x572.jpg 1024w, https:\/\/bp2.eu\/wp-content\/uploads\/2024\/12\/porownanie-768x429.jpg 768w, https:\/\/bp2.eu\/wp-content\/uploads\/2024\/12\/porownanie-1536x858.jpg 1536w\" sizes=\"auto, (max-width: 1920px) 100vw, 1920px\" \/><span aria-hidden=\"true\" class=\"wp-block-cover__background has-background-dim-0 has-background-dim\"><\/span><div class=\"wp-block-cover__inner-container is-layout-constrained wp-block-cover-is-layout-constrained\">\n<p class=\"has-text-align-center has-large-font-size\"><\/p>\n<\/div><\/div>\n<\/div><\/div>\n\n\n\n<div style=\"height:100px\" aria-hidden=\"true\" class=\"wp-block-spacer is-style-smaller-spacer\"><\/div>\n\n\n\n<div class=\"wp-block-group is-style-default\"><div class=\"wp-block-group__inner-container is-layout-flow wp-block-group-is-layout-flow\">\n<div class=\"wp-block-columns are-vertically-aligned-center is-layout-flex wp-container-core-columns-is-layout-9d6595d7 wp-block-columns-is-layout-flex\">\n<div class=\"wp-block-column is-vertically-aligned-center has-gray-background-color has-background is-layout-flow wp-block-column-is-layout-flow\">\n<div style=\"height:100px\" aria-hidden=\"true\" class=\"wp-block-spacer is-style-smaller-spacer\"><\/div>\n\n\n\n<figure class=\"wp-block-gallery has-nested-images columns-3 is-cropped wp-block-gallery-3 is-layout-flex wp-block-gallery-is-layout-flex\">\n<figure class=\"wp-block-image size-full\"><a href=\"https:\/\/bp2.eu\/wp-content\/uploads\/2024\/12\/final-HAK-MASKOWNICY-LT.png\"><img loading=\"lazy\" decoding=\"async\" width=\"1024\" height=\"620\" data-id=\"92308\" src=\"https:\/\/bp2.eu\/wp-content\/uploads\/2024\/12\/final-HAK-MASKOWNICY-LT.png\" alt=\"\" class=\"wp-image-92308\" srcset=\"https:\/\/bp2.eu\/wp-content\/uploads\/2024\/12\/final-HAK-MASKOWNICY-LT.png 1024w, https:\/\/bp2.eu\/wp-content\/uploads\/2024\/12\/final-HAK-MASKOWNICY-LT-820x496.png 820w, https:\/\/bp2.eu\/wp-content\/uploads\/2024\/12\/final-HAK-MASKOWNICY-LT-768x465.png 768w\" sizes=\"auto, (max-width: 1024px) 100vw, 1024px\" \/><\/a><\/figure>\n<\/figure>\n\n\n\n<div style=\"height:100px\" aria-hidden=\"true\" class=\"wp-block-spacer is-style-smaller-spacer\"><\/div>\n<\/div>\n\n\n\n<div class=\"wp-block-column is-vertically-aligned-center has-gray-background-color has-background is-layout-flow wp-block-column-is-layout-flow\">\n<div style=\"height:100px\" aria-hidden=\"true\" class=\"wp-block-spacer is-style-smaller-spacer\"><\/div>\n\n\n\n<figure class=\"wp-block-gallery has-nested-images columns-3 is-cropped wp-block-gallery-4 is-layout-flex wp-block-gallery-is-layout-flex\">\n<figure class=\"wp-block-image size-large\"><a href=\"https:\/\/bp2.eu\/wp-content\/uploads\/2024\/12\/ZASLEPKA-MASKOWNICY-LT-1024x620.png\"><img loading=\"lazy\" decoding=\"async\" width=\"1024\" height=\"620\" data-id=\"91563\" src=\"https:\/\/bp2.eu\/wp-content\/uploads\/2024\/12\/ZASLEPKA-MASKOWNICY-LT-1024x620.png\" alt=\"\" class=\"wp-image-91563\" srcset=\"https:\/\/bp2.eu\/wp-content\/uploads\/2024\/12\/ZASLEPKA-MASKOWNICY-LT-1024x620.png 1024w, https:\/\/bp2.eu\/wp-content\/uploads\/2024\/12\/ZASLEPKA-MASKOWNICY-LT-820x496.png 820w, https:\/\/bp2.eu\/wp-content\/uploads\/2024\/12\/ZASLEPKA-MASKOWNICY-LT-768x465.png 768w, https:\/\/bp2.eu\/wp-content\/uploads\/2024\/12\/ZASLEPKA-MASKOWNICY-LT-1536x930.png 1536w, https:\/\/bp2.eu\/wp-content\/uploads\/2024\/12\/ZASLEPKA-MASKOWNICY-LT-2048x1240.png 2048w\" sizes=\"auto, (max-width: 1024px) 100vw, 1024px\" \/><\/a><\/figure>\n<\/figure>\n\n\n\n<div style=\"height:100px\" aria-hidden=\"true\" class=\"wp-block-spacer is-style-smaller-spacer\"><\/div>\n<\/div>\n\n\n\n<div class=\"wp-block-column is-vertically-aligned-center has-gray-background-color has-background is-layout-flow wp-block-column-is-layout-flow\">\n<div style=\"height:100px\" aria-hidden=\"true\" class=\"wp-block-spacer is-style-smaller-spacer\"><\/div>\n\n\n\n<figure class=\"wp-block-gallery has-nested-images columns-3 is-cropped wp-block-gallery-5 is-layout-flex wp-block-gallery-is-layout-flex\">\n<figure class=\"wp-block-image size-large\"><a href=\"https:\/\/bp2.eu\/wp-content\/uploads\/2024\/12\/NAROZNIKI-ZEWWEW-LT-1024x620.png\"><img loading=\"lazy\" decoding=\"async\" width=\"1024\" height=\"620\" data-id=\"91571\" src=\"https:\/\/bp2.eu\/wp-content\/uploads\/2024\/12\/NAROZNIKI-ZEWWEW-LT-1024x620.png\" alt=\"\" class=\"wp-image-91571\" srcset=\"https:\/\/bp2.eu\/wp-content\/uploads\/2024\/12\/NAROZNIKI-ZEWWEW-LT-1024x620.png 1024w, https:\/\/bp2.eu\/wp-content\/uploads\/2024\/12\/NAROZNIKI-ZEWWEW-LT-820x496.png 820w, https:\/\/bp2.eu\/wp-content\/uploads\/2024\/12\/NAROZNIKI-ZEWWEW-LT-768x465.png 768w, https:\/\/bp2.eu\/wp-content\/uploads\/2024\/12\/NAROZNIKI-ZEWWEW-LT-1536x930.png 1536w, https:\/\/bp2.eu\/wp-content\/uploads\/2024\/12\/NAROZNIKI-ZEWWEW-LT-2048x1240.png 2048w\" sizes=\"auto, (max-width: 1024px) 100vw, 1024px\" \/><\/a><\/figure>\n<\/figure>\n\n\n\n<div style=\"height:100px\" aria-hidden=\"true\" class=\"wp-block-spacer is-style-smaller-spacer\"><\/div>\n<\/div>\n<\/div>\n<\/div><\/div>\n\n\n\n<div class=\"wp-block-group is-style-default\"><div class=\"wp-block-group__inner-container is-layout-flow wp-block-group-is-layout-flow\">\n<div class=\"wp-block-columns is-layout-flex wp-container-core-columns-is-layout-9d6595d7 wp-block-columns-is-layout-flex\">\n<div class=\"wp-block-column is-vertically-aligned-center is-layout-flow wp-block-column-is-layout-flow\">\n<h4 class=\"wp-block-heading\"><strong><strong><strong><strong><strong><strong>DANG\u010cIO KABLIUKAS<\/strong><\/strong><\/strong><\/strong><\/strong><\/strong><\/h4>\n\n\n\n<p class=\"has-text-align-left\"><br>U\u017edengimo kablys yra stabilizuojantis konstrukcinis elementas, montuojamas kas 1 metr\u0105. Jo konstrukcija leid\u017eia puikiai vertikaliai i\u0161lyginti groteles. Kablys turi specialiai suprojektuot\u0105 vulkanizuot\u0105 kabl\u012f, tod\u0117l jo montavimas yra neinvazinis ir leid\u017eia lengvai prisijungti prie groteli\u0173.<\/p>\n<\/div>\n\n\n\n<div class=\"wp-block-column is-vertically-aligned-top is-layout-flow wp-block-column-is-layout-flow\">\n<h4 class=\"wp-block-heading\"><strong><strong><strong><strong><strong><strong><strong><strong>FASADO DANGTELIS<\/strong><\/strong><\/strong><\/strong><\/strong><\/strong><\/strong><\/strong><\/h4>\n\n\n\n<p>Fasado dangtelis leid\u017eia galutinai pasl\u0117pti visus latak\u0173 sistemos komponentus po fasadu. Paprastas montavimas u\u017etikrina, kad fasado vamzdis b\u016bt\u0173 u\u017edarytas greitai ir be problem\u0173.<\/p>\n<\/div>\n\n\n\n<div class=\"wp-block-column is-vertically-aligned-top is-layout-flow wp-block-column-is-layout-flow\">\n<h4 class=\"wp-block-heading\"><strong><strong><strong><strong><strong><strong><strong><strong><strong><strong>I\u0160ORINIAI\/VIDINIAI KAMPAI<\/strong><\/strong><\/strong><\/strong><\/strong><\/strong><\/strong><\/strong><\/strong><\/strong><\/h4>\n\n\n\n<p class=\"has-text-align-left\">I\u0161oriniai ir vidiniai kampai leid\u017eia esteti\u0161kai sujungti lankstinius dviej\u0173 stogo \u0161lait\u0173 sand\u016broje arba stogo kampuose. Jos pagamintos i\u0161 auk\u0161tos kokyb\u0117s med\u017eiagos, tod\u0117l yra esteti\u0161kos ir patvarios.<\/p>\n<\/div>\n<\/div>\n<\/div><\/div>\n\n\n\n<div style=\"height:100px\" aria-hidden=\"true\" class=\"wp-block-spacer is-style-smaller-spacer\"><\/div>\n\n\n\n<div class=\"wp-block-group\"><div class=\"wp-block-group__inner-container is-layout-constrained wp-block-group-is-layout-constrained\"><section class=\"data-section compare-slider__wrapper\">\n    <div class=\"compare-slider\">\n        <div class=\"before-after-slider\" data-beforeAfterSlider>\n            <div class=\"before-image\">\n                <img decoding=\"async\" src=\"https:\/\/bp2.eu\/wp-content\/uploads\/2024\/12\/maskownice-left.jpg\" alt=\"\">\n                <div class=\"compare-slider__text-1 h7\"><b>INGURI&#8221; LATAK\u0172 U\u017dDENGIMO SISTEMOS<\/b><\/div>\n            <\/div>\n            <div class=\"after-image\">\n                <img decoding=\"async\" src=\"https:\/\/bp2.eu\/wp-content\/uploads\/2024\/12\/maskownice-right.jpg\" alt=\"\">\n                <div class=\"compare-slider__text-2 h7\"><b>&#8222;INGURI&#8221; LATAK\u0172 MASKAVIMO SISTEMOS<\/b><\/div>\n            <\/div>\n            <div class=\"resizer\"><\/div>\n        <\/div>\n    <\/div>\n<\/section>\n<\/div><\/div>\n","protected":false},"featured_media":90732,"menu_order":345,"template":"","product_category":[586],"warranty":[591,596,592,595,540],"product_serie":[],"class_list":["post-91330","product","type-product","status-publish","has-post-thumbnail","hentry","product_category-plieniniu-lataku-sistema-inguri","warranty-10-metai","warranty-15-metai","warranty-20-metai","warranty-25-metai","warranty-30-metai"],"acf":[],"_links":{"self":[{"href":"https:\/\/bp2.eu\/lt\/wp-json\/wp\/v2\/product\/91330","targetHints":{"allow":["GET"]}}],"collection":[{"href":"https:\/\/bp2.eu\/lt\/wp-json\/wp\/v2\/product"}],"about":[{"href":"https:\/\/bp2.eu\/lt\/wp-json\/wp\/v2\/types\/product"}],"wp:featuredmedia":[{"embeddable":true,"href":"https:\/\/bp2.eu\/lt\/wp-json\/wp\/v2\/media\/90732"}],"wp:attachment":[{"href":"https:\/\/bp2.eu\/lt\/wp-json\/wp\/v2\/media?parent=91330"}],"wp:term":[{"taxonomy":"product_category","embeddable":true,"href":"https:\/\/bp2.eu\/lt\/wp-json\/wp\/v2\/product_category?post=91330"},{"taxonomy":"warranty","embeddable":true,"href":"https:\/\/bp2.eu\/lt\/wp-json\/wp\/v2\/warranty?post=91330"},{"taxonomy":"product_serie","embeddable":true,"href":"https:\/\/bp2.eu\/lt\/wp-json\/wp\/v2\/product_serie?post=91330"}],"curies":[{"name":"wp","href":"https:\/\/api.w.org\/{rel}","templated":true}]}}