{"id":83331,"date":"2022-04-04T17:10:31","date_gmt":"2022-04-04T15:10:31","guid":{"rendered":"https:\/\/bp2.eu\/dzialania-marketingowe\/"},"modified":"2024-09-11T15:37:29","modified_gmt":"2024-09-11T13:37:29","slug":"activitatile-de-marketing","status":"publish","type":"page","link":"https:\/\/bp2.eu\/ro\/activitatile-de-marketing\/","title":{"rendered":"ACTIVIT\u0102\u021aILE DE MARKETING"},"content":{"rendered":"\n<div class=\"wp-block-group is-style-with-b2-background\"><div class=\"wp-block-group__inner-container is-layout-flow wp-block-group-is-layout-flow\">\n<div style=\"height:100px\" aria-hidden=\"true\" class=\"wp-block-spacer is-style-small-spacer\"><\/div>\n\n\n\n<p class=\"has-text-align-center noMarginBottom has-red-color has-text-color\"><strong>EXIST\u0102 AC\u021aIUNI CARE MERIT\u0102 F\u0102CUTE<\/strong><\/p>\n\n\n\n<h2 class=\"wp-block-heading has-text-align-center noMarginTop noMarginBottom is-style-h1\" style=\"font-size:3.5em\"><strong>ACTIVIT\u0102\u021aILE DE MARKETING<\/strong><\/h2>\n\n\n\n<div style=\"height:100px\" aria-hidden=\"true\" class=\"wp-block-spacer is-style-small-spacer\"><\/div>\n<\/div><\/div>\n\n\n\n<div class=\"wp-block-group is-style-narrower-group\"><div class=\"wp-block-group__inner-container is-layout-flow wp-block-group-is-layout-flow\">\n<p class=\"has-text-align-center\" style=\"font-size:22px\">Credibilitatea \u0219i responsabilitatea noastr\u0103 ne permit s\u0103 construim rela\u021bii deschise \u0219i pe termen lung. Astfel ac\u021bion\u0103m la nivel social, profit\u00e2nd de raza noastr\u0103 de ac\u021biune \u00een continu\u0103 expansiune. Acest lucru ne permite s\u0103 cre\u0219tem recunoa\u0219terea brandului pe pia\u021ba rom\u00e2n\u0103, dar \u0219i pe pia\u021ba extern\u0103.<\/p>\n\n\n\n<div style=\"height:100px\" aria-hidden=\"true\" class=\"wp-block-spacer is-style-small-spacer\"><\/div>\n<\/div><\/div>\n\n\n\n<div class=\"wp-block-group is-style-narrower-group has-red-background-color has-background\"><div class=\"wp-block-group__inner-container is-layout-flow wp-block-group-is-layout-flow\">\n<div style=\"height:100px\" aria-hidden=\"true\" class=\"wp-block-spacer is-style-small-spacer\"><\/div>\n\n\n\n<div class=\"wp-block-group is-style-narrow-group\"><div class=\"wp-block-group__inner-container is-layout-flow wp-block-group-is-layout-flow\">\r\n<div class=\"section__data\" data-section=\"ACTIVIT\u0102\u021aI CSR\"><\/div><\/div><\/div>\n\n\n<div class=\"wp-block-image\">\n<figure class=\"aligncenter size-full is-resized\"><img decoding=\"async\" src=\"https:\/\/bp2.eu\/wp-content\/uploads\/2022\/12\/bp2-csr-icon-white.svg\" alt=\"\" class=\"wp-image-46551\" style=\"width:148px;height:113px\"\/><\/figure>\n<\/div>\n\n\n<h2 class=\"wp-block-heading has-text-align-center is-style-h3 has-white-color has-text-color\"><strong><strong>ACTIVIT\u0102\u021aI CSR<\/strong><\/strong><\/h2>\n\n\n\n<p class=\"has-text-align-center\">Suntem con\u0219tien\u021bi de importan\u021ba ajutorului, motiv pentru care suntem bucuro\u0219i s\u0103 \u00eel oferim noi \u00een\u0219ine. Implicarea noastr\u0103 provine din convingerea noastr\u0103 c\u0103 binele se \u00eentoarce, a\u0219a c\u0103 sus\u021binem lupii de la Gr\u0103dina Zoologic\u0103 din Cracovia, Asocia\u021bia pentru natur\u0103 &#8222;Wolf&#8221; \u0219i clubul slovac de hochei HC Ko\u0161ice.<\/p>\n\n\n\n<div style=\"height:100px\" aria-hidden=\"true\" class=\"wp-block-spacer is-style-small-spacer\"><\/div>\n<\/div><\/div>\n\n\n\n<div style=\"height:100px\" aria-hidden=\"true\" class=\"wp-block-spacer is-style-smaller-spacer\"><\/div>\n\n\n\n<div style=\"height:100px\" aria-hidden=\"true\" class=\"wp-block-spacer is-style-smaller-spacer\"><\/div>\n\n\n\n<div class=\"wp-block-group\"><div class=\"wp-block-group__inner-container is-layout-flow wp-block-group-is-layout-flow\">\n<div class=\"wp-block-columns is-style-mobile-reverse is-style-grid fade-in is-layout-flex wp-container-core-columns-is-layout-9d6595d7 wp-block-columns-is-layout-flex\">\n<div class=\"wp-block-column is-layout-flow wp-block-column-is-layout-flow\">\n<div class=\"wp-block-cover is-light is-style-full-width\"><span aria-hidden=\"true\" class=\"wp-block-cover__background has-dark-gray-background-color has-background-dim-100 has-background-dim\"><\/span><div class=\"wp-block-cover__inner-container is-layout-flow wp-block-cover-is-layout-flow\">\n<h2 class=\"wp-block-heading is-style-h3 has-large-font-size\"><strong><strong>Lupii BP2 au prev\u0103zut un acoperi\u0219 deasupra capului.<\/strong><\/strong><\/h2>\n\n\n\n<p>Suntem pe drum cu lupii de mult\u0103 vreme fiind impresiona\u021bi de munca lor \u00een echip\u0103, de loialitate \u0219i, \u00een acela\u0219i timp, de independen\u021b\u0103. Nu degeaba apare lupul \u00een logo-ul nostru. Dorim s\u0103 schimb\u0103m modul \u00een care oamenii se g\u00e2ndesc la aceste animale fantastice, care sunt deseori ne\u00een\u021belese, \u00een special de c\u0103tre cei care nu \u0219tiu prea multe despre ele.<\/p>\n\n\n\n<p>Prin urmare, ne-am asumat rolul de sponsor pentru lupii cu blan\u0103 care tr\u0103iesc \u00een <strong>Gr\u0103dina Zoologic\u0103 din Cracovia<\/strong>. Suntem \u00eenc\u00e2nta\u021bi s\u0103 putem oferi \u00eengrijire financiar\u0103 pentru aceste creaturi frumoase \u0219i s\u0103 le asigur\u0103m astfel bun\u0103starea.<\/p>\n\n\n\n<div class=\"wp-block-group\"><div class=\"wp-block-group__inner-container is-layout-flow wp-block-group-is-layout-flow\">\n<a href=\"https:\/\/zoo-krakow.pl\/\" target=\"_blank\" class=\"button button--blackSpecial \">AFLA\u021aI MAI MULTE<\/a><\/div><\/div>\n<\/div><\/div>\n<\/div>\n\n\n\n<div class=\"wp-block-column is-layout-flow wp-block-column-is-layout-flow\">\n<div class=\"wp-block-cover is-style-full-height\"><span aria-hidden=\"true\" class=\"wp-block-cover__background has-background-dim-0 has-background-dim\"><\/span><img loading=\"lazy\" decoding=\"async\" width=\"1900\" height=\"1204\" class=\"wp-block-cover__image-background wp-image-16602\" alt=\"\" src=\"https:\/\/bp2.eu\/wp-content\/uploads\/2022\/08\/wolf.jpg\" data-object-fit=\"cover\" srcset=\"https:\/\/bp2.eu\/wp-content\/uploads\/2022\/08\/wolf.jpg 1900w, https:\/\/bp2.eu\/wp-content\/uploads\/2022\/08\/wolf-820x520.jpg 820w, https:\/\/bp2.eu\/wp-content\/uploads\/2022\/08\/wolf-1024x649.jpg 1024w, https:\/\/bp2.eu\/wp-content\/uploads\/2022\/08\/wolf-768x487.jpg 768w, https:\/\/bp2.eu\/wp-content\/uploads\/2022\/08\/wolf-1536x973.jpg 1536w\" sizes=\"auto, (max-width: 1900px) 100vw, 1900px\" \/><div class=\"wp-block-cover__inner-container is-layout-flow wp-block-cover-is-layout-flow\">\n<p class=\"has-text-align-center\"><\/p>\n<\/div><\/div>\n<\/div>\n<\/div>\n\n\n\n<div class=\"wp-block-columns is-style-grid fade-in is-style-default is-layout-flex wp-container-core-columns-is-layout-9d6595d7 wp-block-columns-is-layout-flex\">\n<div class=\"wp-block-column is-layout-flow wp-block-column-is-layout-flow\">\n<div class=\"wp-block-cover is-light is-style-full-height\"><span aria-hidden=\"true\" class=\"wp-block-cover__background has-background-dim-0 has-background-dim\"><\/span><img loading=\"lazy\" decoding=\"async\" width=\"1500\" height=\"1000\" class=\"wp-block-cover__image-background wp-image-7574\" alt=\"\" src=\"https:\/\/bp2.eu\/wp-content\/uploads\/2022\/04\/bp2_stowarzyszenie_wilk.png\" data-object-fit=\"cover\" srcset=\"https:\/\/bp2.eu\/wp-content\/uploads\/2022\/04\/bp2_stowarzyszenie_wilk.png 1500w, https:\/\/bp2.eu\/wp-content\/uploads\/2022\/04\/bp2_stowarzyszenie_wilk-820x547.png 820w, https:\/\/bp2.eu\/wp-content\/uploads\/2022\/04\/bp2_stowarzyszenie_wilk-1024x683.png 1024w, https:\/\/bp2.eu\/wp-content\/uploads\/2022\/04\/bp2_stowarzyszenie_wilk-768x512.png 768w\" sizes=\"auto, (max-width: 1500px) 100vw, 1500px\" \/><div class=\"wp-block-cover__inner-container is-layout-flow wp-block-cover-is-layout-flow\">\n<p class=\"has-text-align-center\"><\/p>\n<\/div><\/div>\n<\/div>\n\n\n\n<div class=\"wp-block-column is-layout-flow wp-block-column-is-layout-flow\">\n<div class=\"wp-block-cover is-light is-style-full-width\"><span aria-hidden=\"true\" class=\"wp-block-cover__background has-dark-gray-background-color has-background-dim-100 has-background-dim\"><\/span><div class=\"wp-block-cover__inner-container is-layout-flow wp-block-cover-is-layout-flow\">\n<h2 class=\"wp-block-heading is-style-h3 has-large-font-size\"><strong><strong>Asocia\u021bia pentru natur\u0103 &#8222;Lup&#8221;<\/strong><\/strong><\/h2>\n\n\n\n<p>Sim\u021bim o foame de lup s\u0103 ajut\u0103m. Prin urmare, sprijinim financiar Asocia\u021bia pentru natur\u0103 &#8222;Wilk&#8221;, care reune\u0219te un grup de cei mai buni profesioni\u0219ti care lucreaz\u0103 pentru protec\u021bia lupilor din Polonia.<\/p>\n\n\n\n<p>Stowarzyszenie dla Natury &#8222;Wilk&#8221; a lucrat continuu pentru natura noastr\u0103 din 1996, \u00een special pentru protec\u021bia mamiferelor mari pr\u0103d\u0103toare &#8211; linx, urs \u0219i lupi. Munca lor magnific\u0103, de\u0219i extrem de dificil\u0103, este demn\u0103 de recunoa\u0219tere. Noi ajut\u0103m \u0219i v\u0103 \u00eencuraj\u0103m cu t\u0103rie s\u0103 face\u021bi acela\u0219i lucru. Orice sprijin, chiar \u0219i unul modest, ofer\u0103 o mare satisfac\u021bie.<\/p>\n\n\n\n<div class=\"wp-block-group\"><div class=\"wp-block-group__inner-container is-layout-flow wp-block-group-is-layout-flow\">\n<a href=\"https:\/\/www.polskiwilk.org.pl\/\" target=\"_blank\" class=\"button button--blackSpecial \">t\u00f6bb<\/a><\/div><\/div>\n<\/div><\/div>\n<\/div>\n<\/div>\n\n\n\n<div class=\"wp-block-columns is-style-mobile-reverse is-style-grid fade-in is-layout-flex wp-container-core-columns-is-layout-9d6595d7 wp-block-columns-is-layout-flex\">\n<div class=\"wp-block-column is-layout-flow wp-block-column-is-layout-flow\">\n<div class=\"wp-block-cover is-light is-style-full-width\"><span aria-hidden=\"true\" class=\"wp-block-cover__background has-dark-gray-background-color has-background-dim-100 has-background-dim\"><\/span><div class=\"wp-block-cover__inner-container is-layout-flow wp-block-cover-is-layout-flow\">\n<h2 class=\"wp-block-heading is-style-h3 has-large-font-size\">HC Ko\u0161ice<\/h2>\n\n\n\n<p>Din martie 2018, am fost sponsorul oficial al echipei de hochei HC Ko\u0161ice.<\/p>\n\n\n\n<p>Este unul dintre cele mai de succes cluburi din Slovacia, c\u00e2\u0219tig\u00e2nd titlul de campion na\u021bional de opt ori. Acesta \u00ee\u0219i joac\u0103 meciurile pe patinoarul Steel Ar\u00e9na, unde pot fi v\u0103zute reclamele noastre.<\/p>\n\n\n\n<div class=\"wp-block-group\"><div class=\"wp-block-group__inner-container is-layout-flow wp-block-group-is-layout-flow\">\n<a href=\"https:\/\/www.hckosice.sk\/\" target=\"_blank\" class=\"button button--blackSpecial \">AFLA\u021aI MAI MULTE<\/a><\/div><\/div>\n<\/div><\/div>\n<\/div>\n\n\n\n<div class=\"wp-block-column is-layout-flow wp-block-column-is-layout-flow\">\n<div class=\"wp-block-cover is-style-full-height\"><span aria-hidden=\"true\" class=\"wp-block-cover__background has-background-dim-0 has-background-dim\"><\/span><img loading=\"lazy\" decoding=\"async\" width=\"1900\" height=\"1204\" class=\"wp-block-cover__image-background wp-image-16634\" alt=\"\" src=\"https:\/\/bp2.eu\/wp-content\/uploads\/2022\/08\/hc-kosice.jpg\" style=\"object-position:49% 26%\" data-object-fit=\"cover\" data-object-position=\"49% 26%\" srcset=\"https:\/\/bp2.eu\/wp-content\/uploads\/2022\/08\/hc-kosice.jpg 1900w, https:\/\/bp2.eu\/wp-content\/uploads\/2022\/08\/hc-kosice-820x520.jpg 820w, https:\/\/bp2.eu\/wp-content\/uploads\/2022\/08\/hc-kosice-1024x649.jpg 1024w, https:\/\/bp2.eu\/wp-content\/uploads\/2022\/08\/hc-kosice-768x487.jpg 768w, https:\/\/bp2.eu\/wp-content\/uploads\/2022\/08\/hc-kosice-1536x973.jpg 1536w\" sizes=\"auto, (max-width: 1900px) 100vw, 1900px\" \/><div class=\"wp-block-cover__inner-container is-layout-flow wp-block-cover-is-layout-flow\">\n<p class=\"has-text-align-center\"><\/p>\n<\/div><\/div>\n<\/div>\n<\/div>\n<\/div><\/div>\n\n\n\n<div class=\"wp-block-group is-style-narrower-group has-red-background-color has-background\"><div class=\"wp-block-group__inner-container is-layout-flow wp-block-group-is-layout-flow\">\n<div style=\"height:100px\" aria-hidden=\"true\" class=\"wp-block-spacer is-style-small-spacer\"><\/div>\n\n\n\r\n<div class=\"section__data\" data-section=\"ambasador de brand\"><\/div>\n\n<div class=\"wp-block-image\">\n<figure class=\"aligncenter size-full is-resized\"><img decoding=\"async\" src=\"https:\/\/bp2.eu\/wp-content\/uploads\/2022\/12\/bp2-csr-icon-white.svg\" alt=\"\" class=\"wp-image-46551\" style=\"width:148px;height:113px\"\/><\/figure>\n<\/div>\n\n\n<h2 class=\"wp-block-heading has-text-align-center is-style-h3 has-white-color has-text-color\">AMBASADOR DE BRAND<\/h2>\n\n\n\n<p class=\"has-text-align-center has-white-color has-text-color\">Ambasadorul m\u0103rcii BP2 din 2017 p\u00e2n\u0103 \u00een 2022 &#8211; Adam Malysz. Cel mai bun s\u0103ritor printre acoperi\u0219ari \u0219i cel mai bun acoperi\u0219ar printre s\u0103ritori, care a decis s\u0103 aib\u0103 \u00eencredere \u00een BP2. Am \u00eemp\u0103rt\u0103\u0219it aceea\u0219i pasiune \u0219i c\u0103utarea constant\u0103 a excelen\u021bei. A fost un mare privilegiu s\u0103 avem un campion de partea noastr\u0103.<\/p>\n\n\n\n<div style=\"height:100px\" aria-hidden=\"true\" class=\"wp-block-spacer is-style-small-spacer\"><\/div>\n<\/div><\/div>\n\n\n\n<div style=\"height:100px\" aria-hidden=\"true\" class=\"wp-block-spacer is-style-smaller-spacer\"><\/div>\n\n\n\n<div class=\"wp-block-group is-style-default\"><div class=\"wp-block-group__inner-container is-layout-flow wp-block-group-is-layout-flow\">\n<div class=\"wp-block-columns is-style-mobile-reverse is-style-grid fade-in is-layout-flex wp-container-core-columns-is-layout-9d6595d7 wp-block-columns-is-layout-flex\">\n<div class=\"wp-block-column is-layout-flow wp-block-column-is-layout-flow\">\n<div class=\"wp-block-cover is-light is-style-full-width\"><span aria-hidden=\"true\" class=\"wp-block-cover__background has-dark-gray-background-color has-background-dim-100 has-background-dim\"><\/span><div class=\"wp-block-cover__inner-container is-layout-flow wp-block-cover-is-layout-flow\">\n<h2 class=\"wp-block-heading is-style-h3\"><br><strong>CEL MAI BUN ACOPERI\u0218OR PRINTRE S\u0102RITORI<\/strong><\/h2>\n\n\n\n<h2 class=\"wp-block-heading is-style-h3\" style=\"font-style:normal;font-weight:300\">Cel mai bun s\u0103ritor printre roofers<\/h2>\n\n\n\n<p>\u00cen 2017, Adam Malysz a devenit ambasadorul m\u0103rcii BP2 \u0219i a luat parte activ\u0103 la crearea imaginii companiei p\u00e2n\u0103 \u00een 2022.<\/p>\n\n\n\n<p>Pu\u021bini oameni \u0219tiu c\u0103 Adam Malysz este acoperi\u0219ar de profesie, iar acest fapt a influen\u021bat cooperarea noastr\u0103. \u00cen ciuda numeroaselor titluri pe care le-a c\u00e2\u0219tigat, nu \u0219i-a uitat r\u0103d\u0103cinile \u0219i se \u00eentoarce cu sentiment la primele sale activit\u0103\u021bi \u00een domeniul acoperi\u0219urilor.<\/p>\n\n\n\n<p>Profesia de acoperitor a evoluat de-a lungul anilor \u0219i a devenit prestigioas\u0103 \u0219i extrem de atractiv\u0103. Cererea de pe pia\u021b\u0103 este \u00eenc\u0103 ridicat\u0103. Realit\u0103\u021bile \u00een schimbare \u0219i progresele tehnologice \u00eenseamn\u0103 c\u0103 mae\u0219trii constructori de acoperi\u0219uri trebuie s\u0103 r\u0103m\u00e2n\u0103 la curent cu noile evolu\u021bii.<\/p>\n\n\n\n<p>Cum se imagineaz\u0103 Adam Malysz dac\u0103 cariera sa ar fi evoluat diferit, dac\u0103 ar fi r\u0103mas \u00een industrie?<\/p>\n\n\n\n<p><em>\u201eDac\u0103 ar fi s\u0103 fiu acoperi\u0219ar ast\u0103zi, a\u0219 aspira s\u0103 am propria mea afacere, nu a\u0219 fi un meseria\u0219, ci un maestru. A\u0219 \u00eenv\u0103\u021ba tot timpul \u0219i a\u0219 vrea s\u0103 \u00eemi \u00eembun\u0103t\u0103\u021besc abilit\u0103\u021bile. Nu mi-a fost niciodat\u0103 fric\u0103 de provoc\u0103ri, a\u0219a cum arat\u0103 cel mai bine parcursul meu \u00een s\u0103rituri \u0219i motorsport. A\u0219 fi fost capabil s\u0103 o fac \u0219i aici!\u201d.<\/em><\/p>\n\n\n\n<p>Adam Malysz a participat la cursuri de formare \u00een ultimii ani, \u00eencuraj\u00e2ndu-\u0219i colegii profesioni\u0219ti s\u0103 dob\u00e2ndeasc\u0103 noi cuno\u0219tin\u021be \u0219i s\u0103-\u0219i \u00eembun\u0103t\u0103\u021beasc\u0103 abilit\u0103\u021bile, ceea ce este at\u00e2t de important \u00een zilele noastre.<\/p>\n<\/div><\/div>\n<\/div>\n\n\n\n<div class=\"wp-block-column is-layout-flow wp-block-column-is-layout-flow\">\n<div class=\"wp-block-cover is-style-full-height\"><span aria-hidden=\"true\" class=\"wp-block-cover__background has-background-dim-0 has-background-dim\"><\/span><img loading=\"lazy\" decoding=\"async\" width=\"1000\" height=\"909\" class=\"wp-block-cover__image-background wp-image-10432\" alt=\"\" src=\"https:\/\/bp2.eu\/wp-content\/uploads\/2022\/05\/adam.png\" data-object-fit=\"cover\" srcset=\"https:\/\/bp2.eu\/wp-content\/uploads\/2022\/05\/adam.png 1000w, https:\/\/bp2.eu\/wp-content\/uploads\/2022\/05\/adam-820x745.png 820w, https:\/\/bp2.eu\/wp-content\/uploads\/2022\/05\/adam-768x698.png 768w\" sizes=\"auto, (max-width: 1000px) 100vw, 1000px\" \/><div class=\"wp-block-cover__inner-container is-layout-flow wp-block-cover-is-layout-flow\">\n<p class=\"has-text-align-center\"><\/p>\n<\/div><\/div>\n<\/div>\n<\/div>\n\n\n\n<div style=\"height:100px\" aria-hidden=\"true\" class=\"wp-block-spacer is-style-smaller-spacer\"><\/div>\n<\/div><\/div>\n\n\n\n<div class=\"wp-block-group has-black-background-color has-background\"><div class=\"wp-block-group__inner-container is-layout-flow wp-block-group-is-layout-flow\">\n<figure class=\"wp-block-embed is-type-video is-provider-youtube wp-block-embed-youtube wp-embed-aspect-16-9 wp-has-aspect-ratio\"><div class=\"wp-block-embed__wrapper\">\n<iframe loading=\"lazy\" title=\"RANGA: MISTRZ. ZAW\u00d3D: DEKARZ. ADAM MA\u0141YSZ AMBASADOR BLACHPROFIL 2\" width=\"640\" height=\"360\" src=\"https:\/\/www.youtube.com\/embed\/D_ijt3CxV6k?feature=oembed\" frameborder=\"0\" allow=\"accelerometer; autoplay; clipboard-write; encrypted-media; gyroscope; picture-in-picture; web-share\" referrerpolicy=\"strict-origin-when-cross-origin\" allowfullscreen><\/iframe>\n<\/div><\/figure>\n<\/div><\/div>\n\n\n\n<div style=\"height:100px\" aria-hidden=\"true\" class=\"wp-block-spacer is-style-small-spacer\"><\/div>\n\n\n\n<div class=\"wp-block-group\"><div class=\"wp-block-group__inner-container is-layout-flow wp-block-group-is-layout-flow\">\n<div class=\"wp-block-columns is-style-grid is-layout-flex wp-container-core-columns-is-layout-9d6595d7 wp-block-columns-is-layout-flex\">\n<div class=\"wp-block-column is-layout-flow wp-block-column-is-layout-flow\">\n<div class=\"wp-block-cover is-style-content-from-bottom\"><span aria-hidden=\"true\" class=\"wp-block-cover__background has-background-dim-60 has-background-dim\"><\/span><img loading=\"lazy\" decoding=\"async\" width=\"1620\" height=\"1080\" class=\"wp-block-cover__image-background wp-image-11144\" alt=\"\" src=\"https:\/\/bp2.eu\/wp-content\/uploads\/2022\/06\/bp2_master_roofer.jpg\" data-object-fit=\"cover\" srcset=\"https:\/\/bp2.eu\/wp-content\/uploads\/2022\/06\/bp2_master_roofer.jpg 1620w, https:\/\/bp2.eu\/wp-content\/uploads\/2022\/06\/bp2_master_roofer-820x547.jpg 820w, https:\/\/bp2.eu\/wp-content\/uploads\/2022\/06\/bp2_master_roofer-1024x683.jpg 1024w, https:\/\/bp2.eu\/wp-content\/uploads\/2022\/06\/bp2_master_roofer-768x512.jpg 768w, https:\/\/bp2.eu\/wp-content\/uploads\/2022\/06\/bp2_master_roofer-1536x1024.jpg 1536w\" sizes=\"auto, (max-width: 1620px) 100vw, 1620px\" \/><div class=\"wp-block-cover__inner-container is-layout-flow wp-block-cover-is-layout-flow\">\n<div style=\"height:100px\" aria-hidden=\"true\" class=\"wp-block-spacer is-style-medium-spacer\"><\/div>\n\n\n\n<h2 class=\"wp-block-heading is-style-h3\">MAISTRU MONTATOR<\/h2>\n\n\n\n<p>Un program prin care form\u0103m \u0219i prezent\u0103m montatorilor gama noastr\u0103 de produse.<\/p>\n\n\n\n<div class=\"wp-block-group\"><div class=\"wp-block-group__inner-container is-layout-flow wp-block-group-is-layout-flow\">\n<a href=\"https:\/\/bp2.eu\/ro\/montatori-si-distribuitori\/#master-roofer\"  class=\"button button--red \">DEVENI\u021aI MONTATORUL NOSTRU CERTIFICAT!<\/a><\/div><\/div>\n<\/div><\/div>\n<\/div>\n\n\n\n<div class=\"wp-block-column is-layout-flow wp-block-column-is-layout-flow\">\n<div class=\"wp-block-cover is-style-content-from-bottom\"><span aria-hidden=\"true\" class=\"wp-block-cover__background has-background-dim-60 has-background-dim\"><\/span><img loading=\"lazy\" decoding=\"async\" width=\"526\" height=\"534\" class=\"wp-block-cover__image-background wp-image-5514\" alt=\"\" src=\"https:\/\/bp2.eu\/wp-content\/uploads\/2022\/03\/MASTER-ROOFER_01-07-2021-23.png\" data-object-fit=\"cover\"\/><div class=\"wp-block-cover__inner-container is-layout-flow wp-block-cover-is-layout-flow\">\n<div style=\"height:100px\" aria-hidden=\"true\" class=\"wp-block-spacer is-style-medium-spacer\"><\/div>\n\n\n\n<h2 class=\"wp-block-heading is-style-h3\">ACADEMIA CAMPIONILOR<\/h2>\n\n\n\n<p>Un program original de instruire practic\u0103, condus de maistrul \u00een montaj Molner Istvan.<\/p>\n\n\n\n<div class=\"wp-block-group\"><div class=\"wp-block-group__inner-container is-layout-flow wp-block-group-is-layout-flow\">\n<a href=\"https:\/\/bp2.eu\/ro\/montatori-si-distribuitori\/#academia-campionilor\"  class=\"button button--red \">AL\u0102TUR\u0102-TE ACADEMIEI CAMPIONILOR!<\/a><\/div><\/div>\n<\/div><\/div>\n<\/div>\n\n\n\n<div class=\"wp-block-column is-layout-flow wp-block-column-is-layout-flow\">\n<div class=\"wp-block-cover is-style-content-from-bottom\"><span aria-hidden=\"true\" class=\"wp-block-cover__background has-background-dim-60 has-background-dim\"><\/span><img loading=\"lazy\" decoding=\"async\" width=\"1000\" height=\"667\" class=\"wp-block-cover__image-background wp-image-11148\" alt=\"\" src=\"https:\/\/bp2.eu\/wp-content\/uploads\/2022\/06\/bp2_mobilna_am.png\" data-object-fit=\"cover\" srcset=\"https:\/\/bp2.eu\/wp-content\/uploads\/2022\/06\/bp2_mobilna_am.png 1000w, https:\/\/bp2.eu\/wp-content\/uploads\/2022\/06\/bp2_mobilna_am-820x547.png 820w, https:\/\/bp2.eu\/wp-content\/uploads\/2022\/06\/bp2_mobilna_am-768x512.png 768w\" sizes=\"auto, (max-width: 1000px) 100vw, 1000px\" \/><div class=\"wp-block-cover__inner-container is-layout-flow wp-block-cover-is-layout-flow\">\n<div style=\"height:100px\" aria-hidden=\"true\" class=\"wp-block-spacer is-style-medium-spacer\"><\/div>\n\n\n\n<h2 class=\"wp-block-heading is-style-h3 has-white-color has-text-color\"><strong>ACADEMIA MOBIL\u0102 A CAMPIONILOR<\/strong><\/h2>\n\n\n\n<p class=\"has-white-color has-text-color\">Centru mobil de informare, instruire \u00een montaj, \u00eent\u00e2lniri cu mais\u0219trii IMPRO \u0219i un camion de m\u00e2ncare.<\/p>\n\n\n\n<div class=\"wp-block-group\"><div class=\"wp-block-group__inner-container is-layout-flow wp-block-group-is-layout-flow\">\n<a href=\"https:\/\/bp2.eu\/ro\/montatori-si-distribuitori\/#mobil-bajnokok-akademiaja\"  class=\"button button--red \">VIZITA\u021aI-NE \u00ceN TURNEU!<\/a><\/div><\/div>\n<\/div><\/div>\n<\/div>\n<\/div>\n<\/div><\/div>\n\n\n\n<div style=\"height:100px\" aria-hidden=\"true\" class=\"wp-block-spacer is-style-smaller-spacer\"><\/div>\n","protected":false},"excerpt":{"rendered":"<p>EXIST\u0102 AC\u021aIUNI CARE MERIT\u0102 F\u0102CUTE ACTIVIT\u0102\u021aILE DE MARKETING Credibilitatea \u0219i responsabilitatea noastr\u0103 ne permit s\u0103 construim rela\u021bii deschise \u0219i pe termen lung. Astfel ac\u021bion\u0103m la nivel social, profit\u00e2nd de raza noastr\u0103 de ac\u021biune \u00een continu\u0103 expansiune. Acest lucru ne permite s\u0103 cre\u0219tem recunoa\u0219terea brandului pe pia\u021ba rom\u00e2n\u0103, dar \u0219i pe pia\u021ba extern\u0103. ACTIVIT\u0102\u021aI CSR Suntem [&hellip;]<\/p>\n","protected":false},"author":3,"featured_media":0,"parent":0,"menu_order":53,"comment_status":"closed","ping_status":"closed","template":"","meta":{"_acf_changed":false,"content-type":"","inline_featured_image":false,"footnotes":""},"class_list":["post-83331","page","type-page","status-publish","hentry"],"acf":[],"_links":{"self":[{"href":"https:\/\/bp2.eu\/ro\/wp-json\/wp\/v2\/pages\/83331","targetHints":{"allow":["GET"]}}],"collection":[{"href":"https:\/\/bp2.eu\/ro\/wp-json\/wp\/v2\/pages"}],"about":[{"href":"https:\/\/bp2.eu\/ro\/wp-json\/wp\/v2\/types\/page"}],"author":[{"embeddable":true,"href":"https:\/\/bp2.eu\/ro\/wp-json\/wp\/v2\/users\/3"}],"replies":[{"embeddable":true,"href":"https:\/\/bp2.eu\/ro\/wp-json\/wp\/v2\/comments?post=83331"}],"version-history":[{"count":0,"href":"https:\/\/bp2.eu\/ro\/wp-json\/wp\/v2\/pages\/83331\/revisions"}],"wp:attachment":[{"href":"https:\/\/bp2.eu\/ro\/wp-json\/wp\/v2\/media?parent=83331"}],"curies":[{"name":"wp","href":"https:\/\/api.w.org\/{rel}","templated":true}]}}