{"id":83335,"date":"2022-09-29T12:50:26","date_gmt":"2022-09-29T10:50:26","guid":{"rendered":"https:\/\/bp2.eu\/program-bp2-authorised-distributor\/"},"modified":"2024-09-12T14:20:35","modified_gmt":"2024-09-12T12:20:35","slug":"distribuitor-autorizat-bp2","status":"publish","type":"page","link":"https:\/\/bp2.eu\/ro\/distribuitor-autorizat-bp2\/","title":{"rendered":"DISTRIBUITOR AUTORIZAT BP2"},"content":{"rendered":"\n<div class=\"wp-block-group is-style-with-b2-background\"><div class=\"wp-block-group__inner-container is-layout-flow wp-block-group-is-layout-flow\">\n<div style=\"height:100px\" aria-hidden=\"true\" class=\"wp-block-spacer is-style-small-spacer\"><\/div>\n\n\n\n<p class=\"has-text-align-center noMarginBottom has-red-color has-text-color\"><strong>PROGRAM DE ASISTEN\u021a\u0102 \u00ceN V\u00c2NZ\u0102RI A PRODUSELOR BP2<\/strong><\/p>\n\n\n\n<h2 class=\"wp-block-heading has-text-align-center noMarginTop noMarginBottom is-style-h1\" style=\"font-size:3.5em\"><strong><strong>DISTRIBUITOR AUTORIZAT <\/strong><\/strong>BP2<\/h2>\n\n\n\n<div style=\"height:100px\" aria-hidden=\"true\" class=\"wp-block-spacer is-style-small-spacer\"><\/div>\n<\/div><\/div>\n\n\n\n<div class=\"wp-block-group is-style-narrower-group\"><div class=\"wp-block-group__inner-container is-layout-flow wp-block-group-is-layout-flow\">\n<p class=\"has-text-align-center\" style=\"font-size:22px\">Pentru a r\u0103spunde a\u0219tept\u0103rilor distribuitorilor no\u0219tri, am creat un program complet de asisten\u021b\u0103 a v\u00e2nz\u0103rilor produselor <strong>BP2<\/strong>. \u00cen prezent, activit\u0103\u021bile de sprijin al v\u00e2nz\u0103rilor se concentreaz\u0103 pe marketingul digital \u0219i pe campaniile online la nivel local. Departamentul nostru este preg\u0103tit s\u0103 v\u0103 ofere toate sfaturile necesare.<\/p>\n<\/div><\/div>\n\n\n\n<div style=\"height:100px\" aria-hidden=\"true\" class=\"wp-block-spacer is-style-smaller-spacer\"><\/div>\n\n\n\n<div class=\"wp-block-group\"><div class=\"wp-block-group__inner-container is-layout-flow wp-block-group-is-layout-flow\">\n<div class=\"wp-block-columns is-style-grid fade-in is-layout-flex wp-container-core-columns-is-layout-9d6595d7 wp-block-columns-is-layout-flex\">\n<div class=\"wp-block-column is-layout-flow wp-block-column-is-layout-flow\">\n<div class=\"wp-block-cover is-light is-style-full-height\"><span aria-hidden=\"true\" class=\"wp-block-cover__background has-background-dim-0 has-background-dim\"><\/span><img loading=\"lazy\" decoding=\"async\" width=\"1306\" height=\"1864\" class=\"wp-block-cover__image-background wp-image-31334\" alt=\"\" src=\"https:\/\/bp2.eu\/wp-content\/uploads\/2022\/10\/AD.jpg\" style=\"object-position:54% 49%\" data-object-fit=\"cover\" data-object-position=\"54% 49%\" srcset=\"https:\/\/bp2.eu\/wp-content\/uploads\/2022\/10\/AD.jpg 1306w, https:\/\/bp2.eu\/wp-content\/uploads\/2022\/10\/AD-673x960.jpg 673w, https:\/\/bp2.eu\/wp-content\/uploads\/2022\/10\/AD-717x1024.jpg 717w, https:\/\/bp2.eu\/wp-content\/uploads\/2022\/10\/AD-768x1096.jpg 768w, https:\/\/bp2.eu\/wp-content\/uploads\/2022\/10\/AD-1076x1536.jpg 1076w\" sizes=\"auto, (max-width: 1306px) 100vw, 1306px\" \/><div class=\"wp-block-cover__inner-container is-layout-flow wp-block-cover-is-layout-flow\">\n<p class=\"has-text-align-center\"><\/p>\n<\/div><\/div>\n<\/div>\n\n\n\n<div class=\"wp-block-column is-layout-flow wp-block-column-is-layout-flow\">\n<div class=\"wp-block-cover is-light is-style-full-width wp-duotone-8c00b7-fcff41-1\"><span aria-hidden=\"true\" class=\"wp-block-cover__background has-dark-gray-background-color has-background-dim-100 has-background-dim\"><\/span><div class=\"wp-block-cover__inner-container is-layout-flow wp-block-cover-is-layout-flow\">\n<figure class=\"wp-block-image size-full is-resized\"><img decoding=\"async\" src=\"https:\/\/bp2.eu\/wp-content\/uploads\/2023\/04\/bp2-ad.svg\" alt=\"\" class=\"wp-image-83307\" style=\"width:185px;height:113px\"\/><\/figure>\n\n\n\n<p>Am creat un program complet de asisten\u021b\u0103 \u00een v\u00e2nz\u0103ri pentru produsele <strong>BP2<\/strong>, ajut\u00e2ndu-i pe clien\u021bii no\u0219tri s\u0103 \u00ee\u0219i dezvolte mai bine strategiile de v\u00e2nz\u0103ri. Acest program ajut\u0103 la cre\u0219terea v\u00e2nz\u0103rilor \u0219i la optimizarea timpului de func\u021bionare.<\/p>\n\n\n\n<p>V\u0103 privim afacerea prin ochii dumneavoastr\u0103. Distribuitorii no\u0219tri se bazeaz\u0103 pe sprijinul nostru deplin \u0219i preg\u0103tirea noastr\u0103 profesional\u0103 a activit\u0103\u021bilor de v\u00e2nz\u0103ri \u0219i de marketing. Acestea nu doar cresc veniturile, dar optimizeaz\u0103 \u0219i timpul de lucru \u0219i cre\u0219te recunoa\u0219terea brandului online.<\/p>\n\n\n\n<p>\u00cen prezent, activit\u0103\u021bile de sprijinire a v\u00e2nz\u0103torilor se bazeaz\u0103 \u00een principal pe marketing-ul digital \u021bi campaniile online locale.<\/p>\n\n\n\n<p><strong>Sunt multe beneficii \u00een a deveni un distribuitor autorizat BP2<\/strong>. Ave\u021bi posibilitatea de a v\u0103 crea propriul magazin online sus\u021binut de BP2, accesul la o gam\u0103 larg\u0103 de cadouri VIP, brandingul pentru v\u00e2nz\u0103ri, \u00eembr\u0103c\u0103minte de lucru, flot\u0103 de v\u00e2nz\u0103ri \u0219i reducerea costurilor la jum\u0103tate a produselor prin programul nostru 50\/50.<\/p>\n\n\n\n<a href=\"https:\/\/bp2.eu\/ro\/contact\/?cat=0&#038;subcat=0\"  class=\"button button--red \">AFLA\u021aI MAI MULTE<\/a>\n\n\n<div style=\"height:100px\" aria-hidden=\"true\" class=\"wp-block-spacer\"><\/div>\n<\/div><\/div>\n<\/div>\n<\/div>\n<\/div><\/div>\n\n\n\n<div class=\"wp-block-group has-white-background-color has-background\"><div class=\"wp-block-group__inner-container is-layout-flow wp-block-group-is-layout-flow\">\n<div style=\"height:100px\" aria-hidden=\"true\" class=\"wp-block-spacer is-style-smaller-spacer\"><\/div>\n\n\n\n<div class=\"wp-block-columns is-style-grid is-layout-flex wp-container-core-columns-is-layout-9d6595d7 wp-block-columns-is-layout-flex\">\n<div class=\"wp-block-column is-layout-flow wp-block-column-is-layout-flow\">\n<div class=\"wp-block-cover is-style-content-from-bottom\"><span aria-hidden=\"true\" class=\"wp-block-cover__background has-background-dim\"><\/span><img loading=\"lazy\" decoding=\"async\" width=\"1306\" height=\"1864\" class=\"wp-block-cover__image-background wp-image-57776\" alt=\"\" src=\"https:\/\/bp2.eu\/wp-content\/uploads\/2023\/02\/50-50-bp2-1.jpeg\" data-object-fit=\"cover\" srcset=\"https:\/\/bp2.eu\/wp-content\/uploads\/2023\/02\/50-50-bp2-1.jpeg 1306w, https:\/\/bp2.eu\/wp-content\/uploads\/2023\/02\/50-50-bp2-1-673x960.jpeg 673w, https:\/\/bp2.eu\/wp-content\/uploads\/2023\/02\/50-50-bp2-1-717x1024.jpeg 717w, https:\/\/bp2.eu\/wp-content\/uploads\/2023\/02\/50-50-bp2-1-768x1096.jpeg 768w, https:\/\/bp2.eu\/wp-content\/uploads\/2023\/02\/50-50-bp2-1-1076x1536.jpeg 1076w\" sizes=\"auto, (max-width: 1306px) 100vw, 1306px\" \/><div class=\"wp-block-cover__inner-container is-layout-flow wp-block-cover-is-layout-flow\">\n<div style=\"height:100px\" aria-hidden=\"true\" class=\"wp-block-spacer is-style-medium-spacer\"><\/div>\n\n\n\n<figure class=\"wp-block-image size-full is-resized\"><img decoding=\"async\" src=\"https:\/\/bp2.eu\/wp-content\/uploads\/2023\/04\/bp2-50-50.svg\" alt=\"\" class=\"wp-image-83305\" style=\"width:185px;height:113px\"\/><\/figure>\n\n\n\n<p>Un program destinat distribuitorilor \u0219i montatorilor, \u00een cadrul c\u0103ruia costurile de produc\u021bie ale \u00eembr\u0103c\u0103mintei de lucru \u0219i ale uneltelor de \u00eenalt\u0103 calitate oferite sunt \u00eemp\u0103r\u021bite 50-50 \u00eentre BP2 \u0219i client. Produsele poart\u0103 logo-urile partenerilor programului BP2 50:50.<\/p>\n\n\n\n<div class=\"wp-block-group\"><div class=\"wp-block-group__inner-container is-layout-flow wp-block-group-is-layout-flow\">\n<a href=\"https:\/\/bp2.eu\/ro\/bp2-50-50\/\"  class=\"button button--red \">AFLA\u021aI MAI MULTE<\/a><\/div><\/div>\n<\/div><\/div>\n<\/div>\n\n\n\n<div class=\"wp-block-column is-layout-flow wp-block-column-is-layout-flow\">\n<div class=\"wp-block-cover is-light is-style-content-from-bottom\"><span aria-hidden=\"true\" class=\"wp-block-cover__background has-background-dim\"><\/span><img loading=\"lazy\" decoding=\"async\" width=\"1306\" height=\"1864\" class=\"wp-block-cover__image-background wp-image-31260\" alt=\"\" src=\"https:\/\/bp2.eu\/wp-content\/uploads\/2022\/10\/BPACK-v2.jpg\" style=\"object-position:54% 87%\" data-object-fit=\"cover\" data-object-position=\"54% 87%\" srcset=\"https:\/\/bp2.eu\/wp-content\/uploads\/2022\/10\/BPACK-v2.jpg 1306w, https:\/\/bp2.eu\/wp-content\/uploads\/2022\/10\/BPACK-v2-673x960.jpg 673w, https:\/\/bp2.eu\/wp-content\/uploads\/2022\/10\/BPACK-v2-717x1024.jpg 717w, https:\/\/bp2.eu\/wp-content\/uploads\/2022\/10\/BPACK-v2-768x1096.jpg 768w, https:\/\/bp2.eu\/wp-content\/uploads\/2022\/10\/BPACK-v2-1076x1536.jpg 1076w\" sizes=\"auto, (max-width: 1306px) 100vw, 1306px\" \/><div class=\"wp-block-cover__inner-container is-layout-flow wp-block-cover-is-layout-flow\">\n<div style=\"height:100px\" aria-hidden=\"true\" class=\"wp-block-spacer is-style-medium-spacer\"><\/div>\n\n\n\n<figure class=\"wp-block-image size-full is-resized\"><img decoding=\"async\" src=\"https:\/\/bp2.eu\/wp-content\/uploads\/2023\/04\/bp2-bpack.svg\" alt=\"\" class=\"wp-image-83306\" style=\"width:163px;height:113px\"\/><\/figure>\n\n\n\n<p class=\"has-white-color has-text-color\">Aceasta este o ac\u021biune de marketing special destinat\u0103 distribuitorilor. Pe baza punctelor acordate de 2 ori pe an prin intermediul serviciului nostru, distribuitorul completeaz\u0103 o list\u0103 de materiale promo\u021bionale oferite \u00een cadrul edi\u021biei curente a programului.<\/p>\n\n\n\n<div class=\"wp-block-group\"><div class=\"wp-block-group__inner-container is-layout-flow wp-block-group-is-layout-flow\">\n<a href=\"https:\/\/bp2.eu\/ro\/bp2-bpack\/\"  class=\"button button--red \">AFLA\u021aI MAI MULTE<\/a><\/div><\/div>\n<\/div><\/div>\n<\/div>\n\n\n\n<div class=\"wp-block-column is-layout-flow wp-block-column-is-layout-flow\">\n<div class=\"wp-block-cover is-light is-style-content-from-bottom\"><span aria-hidden=\"true\" class=\"wp-block-cover__background has-background-dim\"><\/span><img loading=\"lazy\" decoding=\"async\" width=\"1306\" height=\"1864\" class=\"wp-block-cover__image-background wp-image-31207\" alt=\"\" src=\"https:\/\/bp2.eu\/wp-content\/uploads\/2022\/10\/BPACK.jpg\" style=\"object-position:54% 100%\" data-object-fit=\"cover\" data-object-position=\"54% 100%\" srcset=\"https:\/\/bp2.eu\/wp-content\/uploads\/2022\/10\/BPACK.jpg 1306w, https:\/\/bp2.eu\/wp-content\/uploads\/2022\/10\/BPACK-673x960.jpg 673w, https:\/\/bp2.eu\/wp-content\/uploads\/2022\/10\/BPACK-717x1024.jpg 717w, https:\/\/bp2.eu\/wp-content\/uploads\/2022\/10\/BPACK-768x1096.jpg 768w, https:\/\/bp2.eu\/wp-content\/uploads\/2022\/10\/BPACK-1076x1536.jpg 1076w\" sizes=\"auto, (max-width: 1306px) 100vw, 1306px\" \/><div class=\"wp-block-cover__inner-container is-layout-flow wp-block-cover-is-layout-flow\">\n<div style=\"height:100px\" aria-hidden=\"true\" class=\"wp-block-spacer is-style-medium-spacer\"><\/div>\n\n\n\n<figure class=\"wp-block-image size-full is-resized\"><img decoding=\"async\" src=\"https:\/\/bp2.eu\/wp-content\/uploads\/2023\/04\/bp2eshop.svg\" alt=\"\" class=\"wp-image-83308\" style=\"width:185px;height:113px\"\/><\/figure>\n\n\n\n<p class=\"has-white-color has-text-color\">O platform\u0103 de v\u00e2nz\u0103ri bazat\u0103 pe web, administrat\u0103 de BP2 \u00eempreun\u0103 cu un distribuitor autorizat. Func\u021bionarea corect\u0103 a platformei din punct de vedere IT este garantat\u0103 \u00een \u00eentregime de BP2. Distribuitorul este liber s\u0103 personalizeze site-ul \u0219i oferta, precum \u0219i condi\u021biile comerciale.<\/p>\n\n\n\n<div class=\"wp-block-group\"><div class=\"wp-block-group__inner-container is-layout-flow wp-block-group-is-layout-flow\">\n<a href=\"https:\/\/bp2.eu\/ro\/bp2-eshop\/\"  class=\"button button--red \">AFLA\u021aI MAI MULTE<\/a><\/div><\/div>\n<\/div><\/div>\n<\/div>\n<\/div>\n\n\n\n<div style=\"height:100px\" aria-hidden=\"true\" class=\"wp-block-spacer is-style-small-spacer\"><\/div>\n<\/div><\/div>\n\n\n\n<div style=\"height:100px\" aria-hidden=\"true\" class=\"wp-block-spacer is-style-smaller-spacer\"><\/div>\n","protected":false},"excerpt":{"rendered":"<p>PROGRAM DE ASISTEN\u021a\u0102 \u00ceN V\u00c2NZ\u0102RI A PRODUSELOR BP2 DISTRIBUITOR AUTORIZAT BP2 Pentru a r\u0103spunde a\u0219tept\u0103rilor distribuitorilor no\u0219tri, am creat un program complet de asisten\u021b\u0103 a v\u00e2nz\u0103rilor produselor BP2. \u00cen prezent, activit\u0103\u021bile de sprijin al v\u00e2nz\u0103rilor se concentreaz\u0103 pe marketingul digital \u0219i pe campaniile online la nivel local. Departamentul nostru este preg\u0103tit s\u0103 v\u0103 ofere toate [&hellip;]<\/p>\n","protected":false},"author":6,"featured_media":0,"parent":0,"menu_order":61,"comment_status":"closed","ping_status":"closed","template":"","meta":{"_acf_changed":false,"content-type":"","inline_featured_image":false,"footnotes":""},"class_list":["post-83335","page","type-page","status-publish","hentry"],"acf":[],"_links":{"self":[{"href":"https:\/\/bp2.eu\/ro\/wp-json\/wp\/v2\/pages\/83335","targetHints":{"allow":["GET"]}}],"collection":[{"href":"https:\/\/bp2.eu\/ro\/wp-json\/wp\/v2\/pages"}],"about":[{"href":"https:\/\/bp2.eu\/ro\/wp-json\/wp\/v2\/types\/page"}],"author":[{"embeddable":true,"href":"https:\/\/bp2.eu\/ro\/wp-json\/wp\/v2\/users\/6"}],"replies":[{"embeddable":true,"href":"https:\/\/bp2.eu\/ro\/wp-json\/wp\/v2\/comments?post=83335"}],"version-history":[{"count":0,"href":"https:\/\/bp2.eu\/ro\/wp-json\/wp\/v2\/pages\/83335\/revisions"}],"wp:attachment":[{"href":"https:\/\/bp2.eu\/ro\/wp-json\/wp\/v2\/media?parent=83335"}],"curies":[{"name":"wp","href":"https:\/\/api.w.org\/{rel}","templated":true}]}}