{"id":83350,"date":"2022-08-12T15:11:59","date_gmt":"2022-08-12T13:11:59","guid":{"rendered":"https:\/\/bp2.eu\/program-bp2-50-50\/"},"modified":"2025-09-03T11:28:18","modified_gmt":"2025-09-03T09:28:18","slug":"bp2-50-50","status":"publish","type":"page","link":"https:\/\/bp2.eu\/ro\/bp2-50-50\/","title":{"rendered":"BP2 50:50"},"content":{"rendered":"\n<div class=\"wp-block-group is-style-with-b2-background\"><div class=\"wp-block-group__inner-container is-layout-flow wp-block-group-is-layout-flow\">\n<div style=\"height:100px\" aria-hidden=\"true\" class=\"wp-block-spacer is-style-small-spacer\"><\/div>\n\n\n\n<p class=\"has-text-align-center noMarginBottom has-red-color has-text-color\"><strong><strong>\u00ceMBR\u0102C\u0102MINTEA DE LUCRU CONFORTABIL\u0102 \u0218I IMPRIMAT\u0102 ESTE PREZENTAREA PERFECT\u0102 A COMPANIEI DUMNEAVOASTR\u0102.<\/strong><\/strong><\/p>\n\n\n\n<h2 class=\"wp-block-heading has-text-align-center noMarginTop noMarginBottom is-style-h1\" style=\"font-size:3.5em\">BP2 50:50<\/h2>\n\n\n\n<div style=\"height:100px\" aria-hidden=\"true\" class=\"wp-block-spacer is-style-small-spacer\"><\/div>\n<\/div><\/div>\n\n\n\n<div class=\"wp-block-group is-style-narrower-group\"><div class=\"wp-block-group__inner-container is-layout-flow wp-block-group-is-layout-flow\">\n<p class=\"has-text-align-center\" style=\"font-size:22px\">Un program destinat distribuitorilor \u0219i montatorilor, \u00een cadrul c\u0103ruia costurile de produc\u021bie ale \u00eembr\u0103c\u0103mintei de lucru \u0219i ale uneltelor de \u00eenalt\u0103 calitate oferite sunt \u00eemp\u0103r\u021bite 50-50 \u00eentre BP2 \u0219i client. Produsele poart\u0103 logo-urile partenerilor programului BP2 50:50.<\/p>\n<\/div><\/div>\n\n\n\n<div style=\"height:100px\" aria-hidden=\"true\" class=\"wp-block-spacer is-style-smaller-spacer\"><\/div>\n\n\n\n<div class=\"wp-block-group\"><div class=\"wp-block-group__inner-container is-layout-flow wp-block-group-is-layout-flow\">\n<div class=\"wp-block-columns is-style-grid fade-in is-layout-flex wp-container-core-columns-is-layout-9d6595d7 wp-block-columns-is-layout-flex\">\n<div class=\"wp-block-column is-layout-flow wp-block-column-is-layout-flow\">\n<div class=\"wp-block-cover is-style-full-height\"><img loading=\"lazy\" decoding=\"async\" width=\"1306\" height=\"1864\" class=\"wp-block-cover__image-background wp-image-57776\" alt=\"\" src=\"https:\/\/bp2.eu\/wp-content\/uploads\/2023\/02\/50-50-bp2-1.jpeg\" data-object-fit=\"cover\" srcset=\"https:\/\/bp2.eu\/wp-content\/uploads\/2023\/02\/50-50-bp2-1.jpeg 1306w, https:\/\/bp2.eu\/wp-content\/uploads\/2023\/02\/50-50-bp2-1-673x960.jpeg 673w, https:\/\/bp2.eu\/wp-content\/uploads\/2023\/02\/50-50-bp2-1-717x1024.jpeg 717w, https:\/\/bp2.eu\/wp-content\/uploads\/2023\/02\/50-50-bp2-1-768x1096.jpeg 768w, https:\/\/bp2.eu\/wp-content\/uploads\/2023\/02\/50-50-bp2-1-1076x1536.jpeg 1076w\" sizes=\"auto, (max-width: 1306px) 100vw, 1306px\" \/><span aria-hidden=\"true\" class=\"wp-block-cover__background has-background-dim-0 has-background-dim\"><\/span><div class=\"wp-block-cover__inner-container is-layout-flow wp-block-cover-is-layout-flow\">\n<p class=\"has-text-align-center\"><\/p>\n<\/div><\/div>\n<\/div>\n\n\n\n<div class=\"wp-block-column is-layout-flow wp-block-column-is-layout-flow\">\n<div class=\"wp-block-cover is-light is-style-full-width wp-duotone-8c00b7-fcff41-1\"><span aria-hidden=\"true\" class=\"wp-block-cover__background has-dark-gray-background-color has-background-dim-100 has-background-dim\"><\/span><div class=\"wp-block-cover__inner-container is-layout-flow wp-block-cover-is-layout-flow\">\n<figure class=\"wp-block-image size-full is-resized\"><img decoding=\"async\" src=\"https:\/\/bp2.eu\/wp-content\/uploads\/2023\/04\/bp2-50-50.svg\" alt=\"\" class=\"wp-image-83305\" style=\"width:185px;height:113px\"\/><\/figure>\n\n\n\n<p>\u00cembr\u0103c\u0103mintea de lucru este o pies\u0103 indispensabil\u0103 de echipament pentru fiecare angajat. <strong>Este vitrina perfect\u0103 pentru compania dvs. pentru a cre\u0219te recunoa\u0219terea m\u0103rcii \u00een ochii clien\u021bilor dvs<\/strong>. \u0219i pentru a consolida sentimentul de unitate \u0219i loialitatea fa\u021b\u0103 de companie \u00een r\u00e2ndul angaja\u021bilor dvs.<\/p>\n\n\n\n<p>\u00cembr\u0103c\u0103mintea de lucru este completat\u0103 de gadgeturi \u0219i unelte pentru montatori, realizate din materiale de \u00eenalt\u0103 calitate care asigur\u0103 confort \u0219i siguran\u021b\u0103 la locul de munc\u0103.<\/p>\n\n\n\n<p><strong>\u00cen programul nostru, oferim \u00eembr\u0103c\u0103minte de lucru de \u00eenalt\u0103 calitate<\/strong>, adaptat\u0103 la o varietate de condi\u021bii &#8211; protej\u00e2nd \u00eempotriva posibilelor pericole, permit o libertate de mi\u0219care deplin\u0103, \u00een timp ce designul lor atrage aten\u021bia \u0219i cre\u0219te recunoa\u0219terea brandului dumneavoastr\u0103.<\/p>\n\n\n\n<div style=\"height:100px\" aria-hidden=\"true\" class=\"wp-block-spacer\"><\/div>\n<\/div><\/div>\n<\/div>\n<\/div>\n<\/div><\/div>\n\n\n\n<div class=\"wp-block-group has-white-background-color has-background\"><div class=\"wp-block-group__inner-container is-layout-flow wp-block-group-is-layout-flow\">\n<div style=\"height:100px\" aria-hidden=\"true\" class=\"wp-block-spacer is-style-smaller-spacer\"><\/div>\n\n\n\n<div class=\"wp-block-columns is-style-grid is-layout-flex wp-container-core-columns-is-layout-9d6595d7 wp-block-columns-is-layout-flex\">\n<div class=\"wp-block-column is-layout-flow wp-block-column-is-layout-flow\">\n<div class=\"wp-block-cover is-light is-style-content-from-bottom\"><img loading=\"lazy\" decoding=\"async\" width=\"1306\" height=\"1864\" class=\"wp-block-cover__image-background wp-image-31260\" alt=\"\" src=\"https:\/\/bp2.eu\/wp-content\/uploads\/2022\/10\/BPACK-v2.jpg\" style=\"object-position:48% 100%\" data-object-fit=\"cover\" data-object-position=\"48% 100%\" srcset=\"https:\/\/bp2.eu\/wp-content\/uploads\/2022\/10\/BPACK-v2.jpg 1306w, https:\/\/bp2.eu\/wp-content\/uploads\/2022\/10\/BPACK-v2-673x960.jpg 673w, https:\/\/bp2.eu\/wp-content\/uploads\/2022\/10\/BPACK-v2-717x1024.jpg 717w, https:\/\/bp2.eu\/wp-content\/uploads\/2022\/10\/BPACK-v2-768x1096.jpg 768w, https:\/\/bp2.eu\/wp-content\/uploads\/2022\/10\/BPACK-v2-1076x1536.jpg 1076w\" sizes=\"auto, (max-width: 1306px) 100vw, 1306px\" \/><span aria-hidden=\"true\" class=\"wp-block-cover__background has-background-dim\"><\/span><div class=\"wp-block-cover__inner-container is-layout-flow wp-block-cover-is-layout-flow\">\n<div style=\"height:100px\" aria-hidden=\"true\" class=\"wp-block-spacer is-style-medium-spacer\"><\/div>\n\n\n\n<figure class=\"wp-block-image size-full is-resized\"><img decoding=\"async\" src=\"https:\/\/bp2.eu\/wp-content\/uploads\/\/2025\/09\/bp2-bpack.svg\" alt=\"bp2 bpack icon\" class=\"wp-image-103542\" style=\"width:163px;height:113px\"\/><\/figure>\n\n\n\n<p class=\"has-white-color has-text-color\">Aceasta este o ac\u021biune de marketing special destinat\u0103 distribuitorilor. Pe baza punctelor acordate de 2 ori pe an prin intermediul serviciului nostru, distribuitorul completeaz\u0103 o list\u0103 de materiale promo\u021bionale oferite \u00een cadrul edi\u021biei curente a programului.<\/p>\n\n\n\n<div class=\"wp-block-group\"><div class=\"wp-block-group__inner-container is-layout-flow wp-block-group-is-layout-flow\">\n<a href=\"https:\/\/bp2.eu\/bp2-bpack\/\"  class=\"button button--red \">AFLA\u021aI MAI MULTE<\/a><\/div><\/div>\n<\/div><\/div>\n<\/div>\n\n\n\n<div class=\"wp-block-column is-layout-flow wp-block-column-is-layout-flow\">\n<div class=\"wp-block-cover is-light is-style-content-from-bottom\"><img loading=\"lazy\" decoding=\"async\" width=\"1306\" height=\"1864\" class=\"wp-block-cover__image-background wp-image-31334\" alt=\"\" src=\"https:\/\/bp2.eu\/wp-content\/uploads\/2022\/10\/AD.jpg\" style=\"object-position:45% 100%\" data-object-fit=\"cover\" data-object-position=\"45% 100%\" srcset=\"https:\/\/bp2.eu\/wp-content\/uploads\/2022\/10\/AD.jpg 1306w, https:\/\/bp2.eu\/wp-content\/uploads\/2022\/10\/AD-673x960.jpg 673w, https:\/\/bp2.eu\/wp-content\/uploads\/2022\/10\/AD-717x1024.jpg 717w, https:\/\/bp2.eu\/wp-content\/uploads\/2022\/10\/AD-768x1096.jpg 768w, https:\/\/bp2.eu\/wp-content\/uploads\/2022\/10\/AD-1076x1536.jpg 1076w\" sizes=\"auto, (max-width: 1306px) 100vw, 1306px\" \/><span aria-hidden=\"true\" class=\"wp-block-cover__background has-background-dim\"><\/span><div class=\"wp-block-cover__inner-container is-layout-flow wp-block-cover-is-layout-flow\">\n<div style=\"height:100px\" aria-hidden=\"true\" class=\"wp-block-spacer is-style-medium-spacer\"><\/div>\n\n\n\n<figure class=\"wp-block-image size-full is-resized\"><img decoding=\"async\" src=\"https:\/\/bp2.eu\/wp-content\/uploads\/\/2025\/09\/bp2-ad.svg\" alt=\"bp2 authorised d\" class=\"wp-image-103550\" style=\"width:185px;height:113px\"\/><\/figure>\n\n\n\n<p class=\"has-white-color has-text-color\">Pentru a r\u0103spunde a\u0219tept\u0103rilor distribuitorilor no\u0219tri, am creat un program complet de asisten\u021b\u0103 a v\u00e2nz\u0103rilor produselor BP2. \u00cen prezent, activit\u0103\u021bile de sprijin al v\u00e2nz\u0103rilor se concentreaz\u0103 pe marketingul digital \u0219i pe campaniile online la nivel local. Departamentul nostru este preg\u0103tit s\u0103 v\u0103 ofere toate sfaturile necesare.<\/p>\n\n\n\n<div class=\"wp-block-group\"><div class=\"wp-block-group__inner-container is-layout-flow wp-block-group-is-layout-flow\">\n<a href=\"https:\/\/bp2.eu\/ro\/distribuitor-autorizat-bp2\/\"  class=\"button button--red \">AFLA\u021aI MAI MULTE<\/a><\/div><\/div>\n<\/div><\/div>\n<\/div>\n\n\n\n<div class=\"wp-block-column is-layout-flow wp-block-column-is-layout-flow\">\n<div class=\"wp-block-cover is-light is-style-content-from-bottom\"><img loading=\"lazy\" decoding=\"async\" width=\"1306\" height=\"1864\" class=\"wp-block-cover__image-background wp-image-31207\" alt=\"\" src=\"https:\/\/bp2.eu\/wp-content\/uploads\/2022\/10\/BPACK.jpg\" style=\"object-position:51% 100%\" data-object-fit=\"cover\" data-object-position=\"51% 100%\" srcset=\"https:\/\/bp2.eu\/wp-content\/uploads\/2022\/10\/BPACK.jpg 1306w, https:\/\/bp2.eu\/wp-content\/uploads\/2022\/10\/BPACK-673x960.jpg 673w, https:\/\/bp2.eu\/wp-content\/uploads\/2022\/10\/BPACK-717x1024.jpg 717w, https:\/\/bp2.eu\/wp-content\/uploads\/2022\/10\/BPACK-768x1096.jpg 768w, https:\/\/bp2.eu\/wp-content\/uploads\/2022\/10\/BPACK-1076x1536.jpg 1076w\" sizes=\"auto, (max-width: 1306px) 100vw, 1306px\" \/><span aria-hidden=\"true\" class=\"wp-block-cover__background has-background-dim\"><\/span><div class=\"wp-block-cover__inner-container is-layout-flow wp-block-cover-is-layout-flow\">\n<div style=\"height:100px\" aria-hidden=\"true\" class=\"wp-block-spacer is-style-medium-spacer\"><\/div>\n\n\n\n<figure class=\"wp-block-image size-full is-resized\"><img decoding=\"async\" src=\"https:\/\/bp2.eu\/wp-content\/uploads\/\/2025\/09\/bp2eshop.svg\" alt=\"bp2 eshop\" class=\"wp-image-103558\" style=\"width:185px;height:113px\"\/><\/figure>\n\n\n\n<p class=\"has-white-color has-text-color\">O platform\u0103 de v\u00e2nz\u0103ri bazat\u0103 pe web, administrat\u0103 de BP2 \u00eempreun\u0103 cu un distribuitor autorizat. Func\u021bionarea corect\u0103 a platformei din punct de vedere IT este garantat\u0103 \u00een \u00eentregime de BP2. Distribuitorul este liber s\u0103 personalizeze site-ul \u0219i oferta, precum \u0219i condi\u021biile comerciale.<\/p>\n\n\n\n<div class=\"wp-block-group\"><div class=\"wp-block-group__inner-container is-layout-flow wp-block-group-is-layout-flow\">\n<a href=\"https:\/\/bp2.eu\/ro\/bp2-eshop\/\"  class=\"button button--red \">AFLA\u021aI MAI MULTE<\/a><\/div><\/div>\n<\/div><\/div>\n<\/div>\n<\/div>\n\n\n\n<div style=\"height:100px\" aria-hidden=\"true\" class=\"wp-block-spacer is-style-small-spacer\"><\/div>\n<\/div><\/div>\n\n\n\n<div style=\"height:100px\" aria-hidden=\"true\" class=\"wp-block-spacer is-style-smaller-spacer\"><\/div>\n","protected":false},"excerpt":{"rendered":"<p>\u00ceMBR\u0102C\u0102MINTEA DE LUCRU CONFORTABIL\u0102 \u0218I IMPRIMAT\u0102 ESTE PREZENTAREA PERFECT\u0102 A COMPANIEI DUMNEAVOASTR\u0102. BP2 50:50 Un program destinat distribuitorilor \u0219i montatorilor, \u00een cadrul c\u0103ruia costurile de produc\u021bie ale \u00eembr\u0103c\u0103mintei de lucru \u0219i ale uneltelor de \u00eenalt\u0103 calitate oferite sunt \u00eemp\u0103r\u021bite 50-50 \u00eentre BP2 \u0219i client. Produsele poart\u0103 logo-urile partenerilor programului BP2 50:50.<\/p>\n","protected":false},"author":6,"featured_media":0,"parent":0,"menu_order":86,"comment_status":"closed","ping_status":"closed","template":"","meta":{"_acf_changed":false,"content-type":"","inline_featured_image":false,"footnotes":""},"class_list":["post-83350","page","type-page","status-publish","hentry"],"acf":[],"_links":{"self":[{"href":"https:\/\/bp2.eu\/ro\/wp-json\/wp\/v2\/pages\/83350","targetHints":{"allow":["GET"]}}],"collection":[{"href":"https:\/\/bp2.eu\/ro\/wp-json\/wp\/v2\/pages"}],"about":[{"href":"https:\/\/bp2.eu\/ro\/wp-json\/wp\/v2\/types\/page"}],"author":[{"embeddable":true,"href":"https:\/\/bp2.eu\/ro\/wp-json\/wp\/v2\/users\/6"}],"replies":[{"embeddable":true,"href":"https:\/\/bp2.eu\/ro\/wp-json\/wp\/v2\/comments?post=83350"}],"version-history":[{"count":2,"href":"https:\/\/bp2.eu\/ro\/wp-json\/wp\/v2\/pages\/83350\/revisions"}],"predecessor-version":[{"id":103589,"href":"https:\/\/bp2.eu\/ro\/wp-json\/wp\/v2\/pages\/83350\/revisions\/103589"}],"wp:attachment":[{"href":"https:\/\/bp2.eu\/ro\/wp-json\/wp\/v2\/media?parent=83350"}],"curies":[{"name":"wp","href":"https:\/\/api.w.org\/{rel}","templated":true}]}}