{"id":83367,"date":"2022-03-24T12:59:36","date_gmt":"2022-03-24T11:59:36","guid":{"rendered":"https:\/\/bp2.eu\/kariera\/"},"modified":"2024-09-11T15:33:31","modified_gmt":"2024-09-11T13:33:31","slug":"cariere","status":"publish","type":"page","link":"https:\/\/bp2.eu\/ro\/cariere\/","title":{"rendered":"CARIERE"},"content":{"rendered":"\n<div class=\"wp-block-group is-style-with-b2-background\"><div class=\"wp-block-group__inner-container is-layout-flow wp-block-group-is-layout-flow\">\n<div style=\"height:100px\" aria-hidden=\"true\" class=\"wp-block-spacer is-style-small-spacer\"><\/div>\n\n\n\n<p class=\"has-text-align-center noMarginBottom has-red-color has-text-color\"><strong><strong>CARIERA LA IMPRO, EXIST\u0102 COMPANII PENTRU CARE MERIT\u0102 S\u0102 LUCREZI<\/strong><\/strong><\/p>\n\n\n\n<h1 class=\"wp-block-heading has-text-align-center is-style-h1 noMarginTop noMarginBottom\" style=\"font-size:3.5em\"><strong><strong>CARIERE<\/strong><\/strong><\/h1>\n\n\n\n<div style=\"height:100px\" aria-hidden=\"true\" class=\"wp-block-spacer is-style-small-spacer\"><\/div>\n<\/div><\/div>\n\n\n\n<div class=\"wp-block-group is-style-narrower-group\"><div class=\"wp-block-group__inner-container is-layout-flow wp-block-group-is-layout-flow\">\n<p class=\"has-text-align-center\" style=\"font-size:22px\">Suntem un produc\u0103tor polonez de solu\u021bii complete pentru acoperi\u0219uri \u0219i fa\u021bade. Suntem prezen\u021bi \u00een aceast\u0103 industrie din 1995. Avem patru unit\u0103\u021bi de produc\u021bie integrate \u00een Polonia, \u00een Grojec, l\u00e2ng\u0103 Cracovia, \u0219i D\u0105browa G\u00f3rnicza, \u00een Ko\u0161ice, Slovacia, \u0219i \u00een Rom\u00e2nia, \u00een Cluj Napoca \u0219i Timi\u0219oara.<\/p>\n\n\n\n<div id=\"oferte\" class=\"wp-block-group alignCenter\"><div class=\"wp-block-group__inner-container is-layout-flow wp-block-group-is-layout-flow\">\n<a href=\"https:\/\/bp2.eu\/ro\/cariere\/#oferte\"  class=\"button button--red \">JOBURI DISPONIBILE<\/a>\n\n\n<div style=\"height:100px\" aria-hidden=\"true\" class=\"wp-block-spacer is-style-small-spacer\"><\/div>\n<\/div><\/div>\n<\/div><\/div>\n\n\n\n<div class=\"wp-block-group alignCenter is-style-default\"><div class=\"wp-block-group__inner-container is-layout-flow wp-block-group-is-layout-flow\"><div class=\"wp-block-image is-style-cinema is-style-mobile-full wp-embed-aspect-16-9 wp-has-aspect-ratio noMarginBottom\">\n<figure class=\"aligncenter size-full\"><img loading=\"lazy\" decoding=\"async\" width=\"1633\" height=\"524\" src=\"https:\/\/bp2.eu\/wp-content\/uploads\/2022\/03\/bp2_kariera.png\" alt=\"\" class=\"wp-image-5388\" srcset=\"https:\/\/bp2.eu\/wp-content\/uploads\/2022\/03\/bp2_kariera.png 1633w, https:\/\/bp2.eu\/wp-content\/uploads\/2022\/03\/bp2_kariera-820x263.png 820w, https:\/\/bp2.eu\/wp-content\/uploads\/2022\/03\/bp2_kariera-1024x329.png 1024w, https:\/\/bp2.eu\/wp-content\/uploads\/2022\/03\/bp2_kariera-768x246.png 768w, https:\/\/bp2.eu\/wp-content\/uploads\/2022\/03\/bp2_kariera-1536x493.png 1536w\" sizes=\"auto, (max-width: 1633px) 100vw, 1633px\" \/><\/figure>\n<\/div><\/div><\/div>\n\n\n\n<div class=\"wp-block-group is-style-minus-margin has-dark-gray-background-color has-background\"><div class=\"wp-block-group__inner-container is-layout-flow wp-block-group-is-layout-flow\"><div class=\"wp-block-image is-style-minus-half scrollBtn noMarginBottom\">\n<figure class=\"aligncenter size-large\" id=\"oferty-pracy\"><img loading=\"lazy\" decoding=\"async\" width=\"59\" height=\"58\" src=\"https:\/\/bp2.eu\/wp-content\/uploads\/\/strzalka.svg\" alt=\"\" class=\"wp-image-25767\" title=\"\"\/><\/figure>\n<\/div>\n\n\n<div style=\"height:100px\" aria-hidden=\"true\" class=\"wp-block-spacer is-style-smaller-spacer\"><\/div>\n\n\n\n<h2 class=\"wp-block-heading has-text-align-center is-style-h2\">OFERTE DE MUNC\u0102 DISPONIBILE<\/h2>\n\n\n        <form action=\"\" data-jobs-filters class=\"jobFilter\" >\n                \n        <div class=\"jobFilter__search\">\n            <input type=\"text\" name=\"search\" placeholder=\"Introduce\u021bi fraza\">\n            <button class=\"button button--black\" data-submit>C\u0103utare<\/button>\n        <\/div>\n    <\/form>\n\n    <div class=\"job-results\">\n        <div id=\"object-list\"><\/div>\n        <div class=\"lds-roller loader\"><div><\/div><div><\/div><div><\/div><div><\/div><div><\/div><div><\/div><div><\/div><div><\/div><\/div>    <\/div>\n\n\n\n<div style=\"height:100px\" aria-hidden=\"true\" class=\"wp-block-spacer is-style-small-spacer\"><\/div>\n<\/div><\/div>\n\n\n\n<div id=\"etape\" class=\"wp-block-group\"><div class=\"wp-block-group__inner-container is-layout-flow wp-block-group-is-layout-flow\">\n<div style=\"height:100px\" aria-hidden=\"true\" class=\"wp-block-spacer is-style-small-spacer\"><\/div>\n\n\n\n<h2 class=\"wp-block-heading is-style-h1\"><strong><strong>PA\u0218II DE RECRUTARE<\/strong><\/strong><\/h2>\n\n\n\n<div class=\"wp-block-columns is-layout-flex wp-container-core-columns-is-layout-9d6595d7 wp-block-columns-is-layout-flex\">\n<div class=\"wp-block-column is-layout-flow wp-block-column-is-layout-flow\">\n<div class=\"wp-block-columns is-layout-flex wp-container-core-columns-is-layout-9d6595d7 wp-block-columns-is-layout-flex\">\n<div class=\"wp-block-column is-style-space-left is-layout-flow wp-block-column-is-layout-flow\" style=\"flex-basis:32%\">\n<figure class=\"wp-block-image size-full\"><img decoding=\"async\" src=\"https:\/\/bp2.eu\/wp-content\/uploads\/2022\/03\/1.png\" alt=\"\" class=\"wp-image-5412\"\/><\/figure>\n<\/div>\n\n\n\n<div class=\"wp-block-column is-layout-flow wp-block-column-is-layout-flow\" style=\"flex-basis:66.66%\">\n<h2 class=\"wp-block-heading is-style-h3 noMarginBottom noMarginTop\">Etapa 1<\/h2>\n\n\n\n<h2 class=\"wp-block-heading is-style-h3 noMarginTop\" style=\"font-style:normal;font-weight:300\"><strong>A\u0219tept\u0103m CV-ul t\u0103u<\/strong><\/h2>\n\n\n\n<p>Ve\u021bi g\u0103si toate anun\u021burile de recrutare BP2 la rubrica &#8222;Posturi vacante&#8221;. G\u0103si\u021bi o ofert\u0103 care v\u0103 intereseaz\u0103 \u0219i completa\u021bi formularul de \u00eenregistrare. \u00cen cazul \u00een care experien\u021ba dumneavoastr\u0103 corespunde nevoilor noastre, v\u0103 vom contacta telefonic.<\/p>\n<\/div>\n<\/div>\n<\/div>\n\n\n\n<div class=\"wp-block-column is-layout-flow wp-block-column-is-layout-flow\">\n<div class=\"wp-block-columns is-layout-flex wp-container-core-columns-is-layout-9d6595d7 wp-block-columns-is-layout-flex\">\n<div class=\"wp-block-column is-style-space-left is-layout-flow wp-block-column-is-layout-flow\" style=\"flex-basis:32%\">\n<figure class=\"wp-block-image size-full\"><img decoding=\"async\" src=\"https:\/\/bp2.eu\/wp-content\/uploads\/2022\/03\/Group-834.png\" alt=\"\" class=\"wp-image-5428\"\/><\/figure>\n<\/div>\n\n\n\n<div class=\"wp-block-column is-layout-flow wp-block-column-is-layout-flow\" style=\"flex-basis:66.66%\">\n<h2 class=\"wp-block-heading is-style-h3 noMarginBottom noMarginTop\">Etapa 2<\/h2>\n\n\n\n<h2 class=\"wp-block-heading is-style-h3 noMarginTop\" style=\"font-style:normal;font-weight:300\"><strong>Apel telefonic sau video<\/strong><\/h2>\n\n\n\n<p>\u00cen cadrul celei de-a doua etape, v\u0103 vom contacta \u0219i vom aranja un interviu telefonic sau video, \u00een timpul c\u0103ruia v\u0103 vom prezenta postul pentru care a\u021bi aplicat \u0219i vom vorbi despre valorile companiei noastre.<\/p>\n<\/div>\n<\/div>\n<\/div>\n<\/div>\n\n\n\n<div class=\"wp-block-columns is-layout-flex wp-container-core-columns-is-layout-9d6595d7 wp-block-columns-is-layout-flex\">\n<div class=\"wp-block-column is-layout-flow wp-block-column-is-layout-flow\">\n<div class=\"wp-block-columns is-layout-flex wp-container-core-columns-is-layout-9d6595d7 wp-block-columns-is-layout-flex\">\n<div class=\"wp-block-column is-style-space-left is-layout-flow wp-block-column-is-layout-flow\" style=\"flex-basis:32%\">\n<figure class=\"wp-block-image size-full\"><img decoding=\"async\" src=\"https:\/\/bp2.eu\/wp-content\/uploads\/2022\/03\/Group-836.png\" alt=\"\" class=\"wp-image-5432\"\/><\/figure>\n<\/div>\n\n\n\n<div class=\"wp-block-column is-layout-flow wp-block-column-is-layout-flow\" style=\"flex-basis:66.66%\">\n<h2 class=\"wp-block-heading is-style-h3 noMarginBottom noMarginTop\">Etapa 3<\/h2>\n\n\n\n<h2 class=\"wp-block-heading is-style-h3 noMarginTop\" style=\"font-style:normal;font-weight:300\"><strong>\u00cent\u00e2lnire la biroul companiei<\/strong><\/h2>\n\n\n\n<p>Rezerva\u021bi aproximativ 45 de minute pentru aceast\u0103 etap\u0103. \u00cen timpul interviului v\u0103 vom spune mai multe despre companie, produse \u0219i cultura noastr\u0103. Atunci vom dori s\u0103 v\u0103 cunoa\u0219tem mai bine. Suntem interesa\u021bi de experien\u021ba, a\u0219tept\u0103rile \u0219i planurile dumneavoastr\u0103 de viitor. De asemenea, este posibil s\u0103 existe \u0219i o simpl\u0103 nevoie de recrutare, \u00een func\u021bie de postul pentru care candida\u021bi.<\/p>\n<\/div>\n<\/div>\n<\/div>\n\n\n\n<div class=\"wp-block-column is-layout-flow wp-block-column-is-layout-flow\">\n<div class=\"wp-block-columns is-layout-flex wp-container-core-columns-is-layout-9d6595d7 wp-block-columns-is-layout-flex\">\n<div class=\"wp-block-column is-style-space-left is-layout-flow wp-block-column-is-layout-flow\" style=\"flex-basis:32%\">\n<figure class=\"wp-block-image size-full\"><img loading=\"lazy\" decoding=\"async\" width=\"110\" height=\"110\" src=\"https:\/\/bp2.eu\/wp-content\/uploads\/2022\/03\/Group-837.png\" alt=\"\" class=\"wp-image-5436\"\/><\/figure>\n<\/div>\n\n\n\n<div class=\"wp-block-column is-layout-flow wp-block-column-is-layout-flow\" style=\"flex-basis:66.66%\">\n<h2 class=\"wp-block-heading is-style-h3 noMarginBottom noMarginTop\">Etapa 4<\/h2>\n\n\n\n<h2 class=\"wp-block-heading is-style-h3 noMarginTop\" style=\"font-style:normal;font-weight:300\"><strong>V\u0103 inform\u0103m despre rezultatele recrut\u0103rii<\/strong><\/h2>\n\n\n\n<p>V\u0103 respect\u0103m timpul, a\u0219a c\u0103 ne propunem \u00eentotdeauna s\u0103 revenim cu o decizie \u00een termen de dou\u0103 s\u0103pt\u0103m\u00e2ni de la ultimul interviu. V\u0103 vom informa \u00eentotdeauna despre rezultatul recrut\u0103rii dumneavoastr\u0103 prin telefon sau e-mail.<\/p>\n<\/div>\n<\/div>\n<\/div>\n<\/div>\n<\/div><\/div>\n\n\n\n<div class=\"wp-block-group alignCenter\"><div class=\"wp-block-group__inner-container is-layout-flow wp-block-group-is-layout-flow\"><div class=\"wp-block-image is-style-cinema is-style-mobile-full wp-embed-aspect-16-9 wp-has-aspect-ratio\">\n<figure class=\"aligncenter size-full\"><img loading=\"lazy\" decoding=\"async\" width=\"1633\" height=\"437\" src=\"https:\/\/bp2.eu\/wp-content\/uploads\/2022\/03\/bp2_kariera-2.png\" alt=\"\" class=\"wp-image-5449\" srcset=\"https:\/\/bp2.eu\/wp-content\/uploads\/2022\/03\/bp2_kariera-2.png 1633w, https:\/\/bp2.eu\/wp-content\/uploads\/2022\/03\/bp2_kariera-2-820x219.png 820w, https:\/\/bp2.eu\/wp-content\/uploads\/2022\/03\/bp2_kariera-2-1024x274.png 1024w, https:\/\/bp2.eu\/wp-content\/uploads\/2022\/03\/bp2_kariera-2-768x206.png 768w, https:\/\/bp2.eu\/wp-content\/uploads\/2022\/03\/bp2_kariera-2-1536x411.png 1536w\" sizes=\"auto, (max-width: 1633px) 100vw, 1633px\" \/><\/figure>\n<\/div><\/div><\/div>\n\n\n\n<div id=\"piloni\" class=\"wp-block-group is-style-minus-margin has-dark-gray-background-color has-background\"><div class=\"wp-block-group__inner-container is-layout-flow wp-block-group-is-layout-flow\">\n<div style=\"height:80px\" aria-hidden=\"true\" class=\"wp-block-spacer is-style-small-spacer\"><\/div>\n\n\n\n<h2 class=\"wp-block-heading has-text-align-center is-style-h2\"><strong><strong>CEI 4 PILONI<\/strong><\/strong><\/h2>\n\n\n\n<p class=\"has-text-align-center\">O companie, ca \u0219i o cl\u0103dire, trebuie s\u0103 fie construit\u0103 pe o funda\u021bie solid\u0103. Am construit BP2 pe patru piloni puternici<\/p>\n\n\n\n<p class=\"has-text-align-center\">ca o\u021belul &#8211; piloni care garanteaz\u0103 stabilitatea \u0219i permit o cre\u0219tere continu\u0103.<\/p>\n\n\n\n<div style=\"height:100px\" aria-hidden=\"true\" class=\"wp-block-spacer is-style-small-spacer\"><\/div>\n\n\n\n<div class=\"wp-block-columns is-layout-flex wp-container-core-columns-is-layout-9d6595d7 wp-block-columns-is-layout-flex\">\n<div class=\"wp-block-column is-layout-flow wp-block-column-is-layout-flow\"><div class=\"wp-block-image\">\n<figure class=\"aligncenter size-full\"><img decoding=\"async\" src=\"https:\/\/bp2.eu\/wp-content\/uploads\/2022\/03\/bp2_dekarze_icon-3.png\" alt=\"\" class=\"wp-image-3355\"\/><\/figure>\n<\/div>\n\n\n<p class=\"has-text-align-center\"><strong>OAMENII<\/strong><\/p>\n\n\n\n<p class=\"has-text-align-center\">Credem c\u0103 numai munca \u00een echip\u0103 poate duce la succes. \u00cencrederea reciproc\u0103 \u0219i angajamentul de a lucra \u00eempreun\u0103 construie\u0219te o echip\u0103 rezistent\u0103 la coroziune!<\/p>\n<\/div>\n\n\n\n<div class=\"wp-block-column is-layout-flow wp-block-column-is-layout-flow\"><div class=\"wp-block-image\">\n<figure class=\"aligncenter size-full\"><img decoding=\"async\" src=\"https:\/\/bp2.eu\/wp-content\/uploads\/2022\/03\/Group-324.png\" alt=\"\" class=\"wp-image-2027\"\/><\/figure>\n<\/div>\n\n\n<p class=\"has-text-align-center\"><strong>RELA\u021aIILE DINTRE OAMENI<\/strong><\/p>\n\n\n\n<p class=\"has-text-align-center\">\u00cen lumea modern\u0103, fiabilitatea \u0219i responsabilitatea trebuie s\u0103 stea la baza rela\u021biilor de afaceri. Datorit\u0103 unei astfel de politici, am reu\u0219it s\u0103 c\u00e2\u0219tig\u0103m \u00eencrederea a peste 1.500 de clien\u021bi activi, iar num\u0103rul lor este \u00een continu\u0103 cre\u0219tere.<\/p>\n<\/div>\n\n\n\n<div class=\"wp-block-column is-layout-flow wp-block-column-is-layout-flow\"><div class=\"wp-block-image\">\n<figure class=\"aligncenter size-full\"><img decoding=\"async\" src=\"https:\/\/bp2.eu\/wp-content\/uploads\/2022\/03\/Group-327.png\" alt=\"\" class=\"wp-image-2048\"\/><\/figure>\n<\/div>\n\n\n<p class=\"has-text-align-center\"><strong>TEHNOLOGIA<\/strong><\/p>\n\n\n\n<p class=\"has-text-align-center\">Ne-am angajat s\u0103 g\u0103sim solu\u021bii inovatoare care s\u0103 ne permit\u0103 s\u0103 cre\u0219tem continuu produc\u021bia, s\u0103 ne extindem gama de produse \u0219i s\u0103 \u00eembun\u0103t\u0103\u021bim calitatea. \u00cen acela\u0219i timp asigur\u0103m siguran\u021ba angaja\u021bilor \u0219i longevitatea, \u00een conformitate cu valorile noastre de CSR.<\/p>\n<\/div>\n\n\n\n<div class=\"wp-block-column is-layout-flow wp-block-column-is-layout-flow\"><div class=\"wp-block-image\">\n<figure class=\"aligncenter size-full\"><img decoding=\"async\" src=\"https:\/\/bp2.eu\/wp-content\/uploads\/2022\/03\/Group-330.png\" alt=\"\" class=\"wp-image-2071\"\/><\/figure>\n<\/div>\n\n\n<p class=\"has-text-align-center\"><strong>CALITATEA<\/strong><\/p>\n\n\n\n<p class=\"has-text-align-center\">\u00cenc\u0103 de la \u00eenceput, prioritatea noastr\u0103 a fost calitatea! Ca urmare, putem oferi garan\u021bii pe termen lung, av\u00e2nd \u00eencredere c\u0103 nu vom dezam\u0103gi clien\u021bii no\u0219tri.<\/p>\n<\/div>\n<\/div>\n\n\n\n<div style=\"height:100px\" aria-hidden=\"true\" class=\"wp-block-spacer is-style-small-spacer\"><\/div>\n<\/div><\/div>\n\n\n\n<div class=\"wp-block-group\"><div class=\"wp-block-group__inner-container is-layout-flow wp-block-group-is-layout-flow\">\n<div style=\"height:100px\" aria-hidden=\"true\" class=\"wp-block-spacer is-style-small-spacer\"><\/div>\n\n\n\n<div class=\"wp-block-columns is-layout-flex wp-container-core-columns-is-layout-9d6595d7 wp-block-columns-is-layout-flex\">\n<div class=\"wp-block-column is-layout-flow wp-block-column-is-layout-flow\">\n<div class=\"wp-block-cover is-style-content-from-bottom\"><span aria-hidden=\"true\" class=\"wp-block-cover__background has-background-dim\"><\/span><img loading=\"lazy\" decoding=\"async\" width=\"527\" height=\"534\" class=\"wp-block-cover__image-background wp-image-3694\" alt=\"\" src=\"https:\/\/bp2.eu\/wp-content\/uploads\/2022\/03\/IMG_8343.png\" data-object-fit=\"cover\"\/><div class=\"wp-block-cover__inner-container is-layout-flow wp-block-cover-is-layout-flow\">\n<h2 class=\"wp-block-heading is-style-h3\"><strong><strong>ZON\u0102 PROFESIONAL\u0102<\/strong><\/strong><\/h2>\n\n\n\n<p>Merge\u021bi la o pagin\u0103 dedicat\u0103 oamenilor din industrie.<\/p>\n\n\n\n<a href=\"https:\/\/bp2.eu\/ro\/zona-profesionala\/\"  class=\"button button--red \">AFLA\u021aI MAI MULTE<\/a><\/div><\/div>\n<\/div>\n\n\n\n<div class=\"wp-block-column is-layout-flow wp-block-column-is-layout-flow\">\n<div class=\"wp-block-cover is-style-content-from-bottom\"><span aria-hidden=\"true\" class=\"wp-block-cover__background has-background-dim\"><\/span><img loading=\"lazy\" decoding=\"async\" width=\"526\" height=\"534\" class=\"wp-block-cover__image-background wp-image-5514\" alt=\"\" src=\"https:\/\/bp2.eu\/wp-content\/uploads\/2022\/03\/MASTER-ROOFER_01-07-2021-23.png\" data-object-fit=\"cover\"\/><div class=\"wp-block-cover__inner-container is-layout-flow wp-block-cover-is-layout-flow\">\n<h2 class=\"wp-block-heading is-style-h3\"><strong>ACADEMIA CAMPIONILOR<\/strong><\/h2>\n\n\n\n<p>Program de instruire propriu \u0219i platform\u0103 de schimb de experien\u021b\u0103.<\/p>\n\n\n\n<a href=\"https:\/\/ac.impro.ro\/ro\/\"  class=\"button button--red \">AL\u0102TUR\u0102-TE ACADEMIEI CAMPIONILOR<\/a><\/div><\/div>\n<\/div>\n\n\n\n<div class=\"wp-block-column is-layout-flow wp-block-column-is-layout-flow\">\n<div class=\"wp-block-cover is-light is-style-content-from-bottom\"><span aria-hidden=\"true\" class=\"wp-block-cover__background has-background-dim\"><\/span><img loading=\"lazy\" decoding=\"async\" width=\"526\" height=\"534\" class=\"wp-block-cover__image-background wp-image-5510\" alt=\"\" src=\"https:\/\/bp2.eu\/wp-content\/uploads\/2022\/03\/Piknik-15-lecie-PSD-Malopolska-14.png\" data-object-fit=\"cover\"\/><div class=\"wp-block-cover__inner-container is-layout-flow wp-block-cover-is-layout-flow\">\n<h2 class=\"wp-block-heading is-style-h3 has-white-color has-text-color\"><strong><strong>ACTIVIT\u0102\u021aILE DE MARKETING<\/strong><\/strong><\/h2>\n\n\n\n<p class=\"has-white-color has-text-color\">Ajutor de marketing pentru distribuitori \u0219i activit\u0103\u021bi de CSR.<\/p>\n\n\n\n<a href=\"https:\/\/bp2.eu\/ro\/activitatile-de-marketing\/\"  class=\"button button--red \">AFLA\u021aI MAI MULTE DESPRE ACTIVIT\u0102\u021aILE NOASTRE<\/a><\/div><\/div>\n<\/div>\n<\/div>\n<\/div><\/div>\n\n\n\n<div style=\"height:100px\" aria-hidden=\"true\" class=\"wp-block-spacer is-style-smaller-spacer\"><\/div>\n","protected":false},"excerpt":{"rendered":"<p>CARIERA LA IMPRO, EXIST\u0102 COMPANII PENTRU CARE MERIT\u0102 S\u0102 LUCREZI CARIERE Suntem un produc\u0103tor polonez de solu\u021bii complete pentru acoperi\u0219uri \u0219i fa\u021bade. Suntem prezen\u021bi \u00een aceast\u0103 industrie din 1995. Avem patru unit\u0103\u021bi de produc\u021bie integrate \u00een Polonia, \u00een Grojec, l\u00e2ng\u0103 Cracovia, \u0219i D\u0105browa G\u00f3rnicza, \u00een Ko\u0161ice, Slovacia, \u0219i \u00een Rom\u00e2nia, \u00een Cluj Napoca \u0219i Timi\u0219oara. [&hellip;]<\/p>\n","protected":false},"author":1,"featured_media":0,"parent":0,"menu_order":118,"comment_status":"closed","ping_status":"closed","template":"","meta":{"_acf_changed":false,"content-type":"","inline_featured_image":false,"footnotes":""},"class_list":["post-83367","page","type-page","status-publish","hentry"],"acf":[],"_links":{"self":[{"href":"https:\/\/bp2.eu\/ro\/wp-json\/wp\/v2\/pages\/83367","targetHints":{"allow":["GET"]}}],"collection":[{"href":"https:\/\/bp2.eu\/ro\/wp-json\/wp\/v2\/pages"}],"about":[{"href":"https:\/\/bp2.eu\/ro\/wp-json\/wp\/v2\/types\/page"}],"author":[{"embeddable":true,"href":"https:\/\/bp2.eu\/ro\/wp-json\/wp\/v2\/users\/1"}],"replies":[{"embeddable":true,"href":"https:\/\/bp2.eu\/ro\/wp-json\/wp\/v2\/comments?post=83367"}],"version-history":[{"count":0,"href":"https:\/\/bp2.eu\/ro\/wp-json\/wp\/v2\/pages\/83367\/revisions"}],"wp:attachment":[{"href":"https:\/\/bp2.eu\/ro\/wp-json\/wp\/v2\/media?parent=83367"}],"curies":[{"name":"wp","href":"https:\/\/api.w.org\/{rel}","templated":true}]}}