{"id":83385,"date":"2022-01-05T14:14:44","date_gmt":"2022-01-05T13:14:44","guid":{"rendered":"https:\/\/bp2.eu\/oferta\/"},"modified":"2024-09-06T14:27:11","modified_gmt":"2024-09-06T12:27:11","slug":"oferta","status":"publish","type":"page","link":"https:\/\/bp2.eu\/ro\/oferta\/","title":{"rendered":"Oferta noastr\u0103"},"content":{"rendered":"\n<div class=\"wp-block-group is-style-with-b2-background\"><div class=\"wp-block-group__inner-container is-layout-flow wp-block-group-is-layout-flow\">\n<div style=\"height:100px\" aria-hidden=\"true\" class=\"wp-block-spacer is-style-small-spacer\"><\/div>\n\n\n\n<p class=\"has-text-align-center noMarginBottom has-red-color has-text-color\"><strong>G\u0102SI\u021aI ACOPERIREA PERFECT\u0102 PENTRU NEVOILE DUMNEAVOASTR\u0102<\/strong><\/p>\n\n\n\n<h1 class=\"wp-block-heading has-text-align-center is-style-h1 noMarginTop noMarginBottom\" style=\"font-size:3.5em\"><strong><strong><strong>OFERTA NOASTR\u0102<\/strong><\/strong><\/strong><\/h1>\n\n\n\n<div style=\"height:100px\" aria-hidden=\"true\" class=\"wp-block-spacer is-style-small-spacer\"><\/div>\n<\/div><\/div>\n\n\n\n<div class=\"wp-block-group is-style-narrow-group\"><div class=\"wp-block-group__inner-container is-layout-flow wp-block-group-is-layout-flow\">\n<p class=\"has-text-align-center\" style=\"font-size:22px\">Suntem un produc\u0103tor de solu\u021bii complete pentru industria construc\u021biilor. Oferim o gam\u0103 \u00eentreag\u0103 de produse dedicate construc\u021biilor comerciale \u0219i reziden\u021biale, adic\u0103 acoperi\u0219uri, pl\u0103ci de construc\u021bie, casete de fa\u021bad\u0103, panouri sandwich, casete de perete, sisteme de drenaj, precum \u0219i servicii specializate de prelucrare a o\u021belului \u00een cadrul centrului nostru de servicii pentru o\u021bel. Ne extindem \u00een mod constant gama de produse, adapt\u00e2ndu-ne la cerin\u021bele pie\u021bei.<\/p>\n<\/div><\/div>\n\n\n\n<div style=\"height:100px\" aria-hidden=\"true\" class=\"wp-block-spacer is-style-small-spacer\"><\/div>\n\n\n\n<div class=\"wp-block-group\"><div class=\"wp-block-group__inner-container is-layout-flow wp-block-group-is-layout-flow\">\n<div class=\"wp-block-columns is-style-grid is-layout-flex wp-container-core-columns-is-layout-9d6595d7 wp-block-columns-is-layout-flex\">\n<div class=\"wp-block-column is-layout-flow wp-block-column-is-layout-flow\">\n<div class=\"wp-block-cover is-style-full-height\"><span aria-hidden=\"true\" class=\"wp-block-cover__background has-background-dim-0 has-background-dim\"><\/span><img loading=\"lazy\" decoding=\"async\" width=\"804\" height=\"538\" class=\"wp-block-cover__image-background wp-image-783\" alt=\"\" src=\"https:\/\/bp2.eu\/wp-content\/uploads\/2022\/02\/bp2_oferta_1.png\" data-object-fit=\"cover\" srcset=\"https:\/\/bp2.eu\/wp-content\/uploads\/2022\/02\/bp2_oferta_1.png 804w, https:\/\/bp2.eu\/wp-content\/uploads\/2022\/02\/bp2_oferta_1-768x514.png 768w\" sizes=\"auto, (max-width: 804px) 100vw, 804px\" \/><div class=\"wp-block-cover__inner-container is-layout-flow wp-block-cover-is-layout-flow\">\n<p class=\"has-text-align-center has-large-font-size\"><\/p>\n<\/div><\/div>\n<\/div>\n\n\n\n<div class=\"wp-block-column is-layout-flow wp-block-column-is-layout-flow\">\n<div class=\"wp-block-cover is-light is-style-full-height\"><span aria-hidden=\"true\" class=\"wp-block-cover__background has-dark-gray-background-color has-background-dim-100 has-background-dim\"><\/span><div class=\"wp-block-cover__inner-container is-layout-flow wp-block-cover-is-layout-flow\">\n<h3 class=\"header-with-icon \">\n<span class=\"header-with-icon__icon\"><img decoding=\"async\" src=\"https:\/\/bp2.eu\/wp-content\/uploads\/2022\/01\/home-icon.png\" alt=\"CL\u0102DIRI REZIDEN\u021aIALE\"><\/span>\n<span class=\"header-with-icon__content\">CL\u0102DIRI REZIDEN\u021aIALE<\/span>\n<\/h3>\n\n\n<ul class=\"links-list links-list--multiple \">\n                    <li class=\"links-list__item\">\n            <a href=\"https:\/\/bp2.eu\/oferta\/budownictwo-mieszkaniowe\/?type=modular-series-blachodachowki-modulowe\">\n                <span class=\"links-list__smallTitle\">\u021aigl\u0103 metalic\u0103 modular\u0103 pentru acoperi\u0219uri<\/span>                <span class=\"links-list__title\">MODULAR SERIES<\/span>            <\/a>\n        <\/li>\n                    <li class=\"links-list__item\">\n            <a href=\"https:\/\/bp2.eu\/oferta\/budownictwo-mieszkaniowe\/?type=classic-series-blachodachowki-ciete-na-wymiar\">\n                <span class=\"links-list__smallTitle\">\u021aigl\u0103 metalic\u0103 clasic\u0103 pentru acoperi\u0219uri<\/span>                <span class=\"links-list__title\">CLASSIC SERIES<\/span>            <\/a>\n        <\/li>\n                    <li class=\"links-list__item\">\n            <a href=\"https:\/\/bp2.eu\/oferta\/budownictwo-mieszkaniowe\/?type=compact-series-blachodachowki-kompaktowe\">\n                <span class=\"links-list__smallTitle\">\u021aigl\u0103 metalic\u0103 compact\u0103 pentru acoperi\u0219uri<\/span>                <span class=\"links-list__title\">COMPACT SERIES<\/span>            <\/a>\n        <\/li>\n                    <li class=\"links-list__item\">\n            <a href=\"https:\/\/bp2.eu\/oferta\/budownictwo-mieszkaniowe\/?type=blachodachowki-retro\">\n                <span class=\"links-list__smallTitle\">\u021aigle metalice <\/span>                <span class=\"links-list__title\">RETRO<\/span>            <\/a>\n        <\/li>\n                    <li class=\"links-list__item\">\n            <a href=\"https:\/\/bp2.eu\/oferta\/budownictwo-mieszkaniowe\/?type=panele-dachowe\">\n                <span class=\"links-list__smallTitle\">Panouri de acoperi\u0219<\/span>                <span class=\"links-list__title\">PANEL SERIES<\/span>            <\/a>\n        <\/li>\n                    <li class=\"links-list__item\">\n            <a href=\"https:\/\/bp2.eu\/oferta\/budownictwo-mieszkaniowe\/?type=systemy-rynnowe-inguri\">\n                <span class=\"links-list__smallTitle\">Sisteme de jgheaburi<\/span>                <span class=\"links-list__title\">INGURI<\/span>            <\/a>\n        <\/li>\n                    <li class=\"links-list__item\">\n            <a href=\"https:\/\/bp2.eu\/oferta\/budownictwo-mieszkaniowe\/?type=blachy-trapezowe\">\n                <span class=\"links-list__smallTitle\">Acoperi\u0219uri \u0219i fa\u021bade<\/span>                <span class=\"links-list__title\">Table Trapezoidale<\/span>            <\/a>\n        <\/li>\n                    <li class=\"links-list__item\">\n            <a href=\"https:\/\/bp2.eu\/oferta\/budownictwo-mieszkaniowe\/?type=blachy-plaskie\">\n                                <span class=\"links-list__title\">Table plane<\/span>            <\/a>\n        <\/li>\n                    <li class=\"links-list__item\">\n            <a href=\"https:\/\/bp2.eu\/oferta\/budownictwo-mieszkaniowe\/?type=obrobki-blacharskie\">\n                                <span class=\"links-list__title\">Prelucrari din tabla<\/span>            <\/a>\n        <\/li>\n                    <li class=\"links-list__item\">\n            <a href=\"https:\/\/bp2.eu\/oferta\/budownictwo-mieszkaniowe\/?type=akcesoria-dachowe\">\n                                <span class=\"links-list__title\">Accesorii de tinichigerie<\/span>            <\/a>\n        <\/li>\n    <\/ul><\/div><\/div>\n<\/div>\n<\/div>\n\n\n\n<div class=\"wp-block-columns is-style-mobile-reverse is-style-grid fade-in is-layout-flex wp-container-core-columns-is-layout-9d6595d7 wp-block-columns-is-layout-flex\">\n<div class=\"wp-block-column is-layout-flow wp-block-column-is-layout-flow\">\n<div class=\"wp-block-cover is-light is-style-full-height\"><span aria-hidden=\"true\" class=\"wp-block-cover__background has-dark-gray-background-color has-background-dim-100 has-background-dim\"><\/span><div class=\"wp-block-cover__inner-container is-layout-flow wp-block-cover-is-layout-flow\">\n<h3 class=\"header-with-icon \">\n<span class=\"header-with-icon__icon\"><img decoding=\"async\" src=\"https:\/\/bp2.eu\/wp-content\/uploads\/2022\/02\/noun_mall_3821276.png\" alt=\"CL\u0102DIRI INDUSTRIALE\"><\/span>\n<span class=\"header-with-icon__content\">CL\u0102DIRI INDUSTRIALE<\/span>\n<\/h3>\n\n\n<ul class=\"links-list links-list--single \">\n                    <li class=\"links-list__item\">\n            <a href=\"https:\/\/bp2.eu\/oferta\/budownictwo-przemyslowe\/?type=blachy-trapezowe-inwestycje\">\n                <span class=\"links-list__smallTitle\">Pentru acoepri\u0219uri \u0219i fa\u021bade<\/span>                <span class=\"links-list__title\">Table trapezoidale<\/span>            <\/a>\n        <\/li>\n                    <li class=\"links-list__item\">\n            <a href=\"https:\/\/bp2.eu\/oferta\/budownictwo-przemyslowe\/?type=plyty-warstwowe-corepir\">\n                <span class=\"links-list__smallTitle\">CorePIR<\/span>                <span class=\"links-list__title\">Panouri sandwich<\/span>            <\/a>\n        <\/li>\n                    <li class=\"links-list__item\">\n            <a href=\"https:\/\/bp2.eu\/oferta\/budownictwo-przemyslowe\/?type=plyty-warstwowe-corewool\">\n                <span class=\"links-list__smallTitle\">CoreWOOL<\/span>                <span class=\"links-list__title\">Panouri sandwich<\/span>            <\/a>\n        <\/li>\n                    <li class=\"links-list__item\">\n            <a href=\"#\">\n                                <span class=\"links-list__title\">Casete de fa\u021bade &#038; PROSYSTHERM<\/span>            <\/a>\n        <\/li>\n                    <li class=\"links-list__item\">\n            <a href=\"https:\/\/bp2.eu\/oferta\/budownictwo-przemyslowe\/?type=okladziny-elewacyjne\">\n                <span class=\"links-list__smallTitle\">Panouri de fa\u021bad\u0103<\/span>                <span class=\"links-list__title\">SKRIN, LINEA, SINUS<\/span>            <\/a>\n        <\/li>\n    <\/ul><\/div><\/div>\n<\/div>\n\n\n\n<div class=\"wp-block-column is-layout-flow wp-block-column-is-layout-flow\">\n<div class=\"wp-block-cover is-light is-style-full-height\"><span aria-hidden=\"true\" class=\"wp-block-cover__background has-background-dim-0 has-background-dim\"><\/span><img loading=\"lazy\" decoding=\"async\" width=\"804\" height=\"487\" class=\"wp-block-cover__image-background wp-image-789\" alt=\"\" src=\"https:\/\/bp2.eu\/wp-content\/uploads\/2022\/02\/bp2_oferta_2.png\" data-object-fit=\"cover\" srcset=\"https:\/\/bp2.eu\/wp-content\/uploads\/2022\/02\/bp2_oferta_2.png 804w, https:\/\/bp2.eu\/wp-content\/uploads\/2022\/02\/bp2_oferta_2-768x465.png 768w\" sizes=\"auto, (max-width: 804px) 100vw, 804px\" \/><div class=\"wp-block-cover__inner-container is-layout-flow wp-block-cover-is-layout-flow\">\n<p class=\"has-text-align-center has-large-font-size\"><\/p>\n<\/div><\/div>\n<\/div>\n<\/div>\n\n\n\n<div class=\"wp-block-columns is-style-grid is-layout-flex wp-container-core-columns-is-layout-9d6595d7 wp-block-columns-is-layout-flex\">\n<div class=\"wp-block-column is-layout-flow wp-block-column-is-layout-flow\">\n<div class=\"wp-block-cover is-style-full-height\"><span aria-hidden=\"true\" class=\"wp-block-cover__background has-background-dim-0 has-background-dim\"><\/span><img loading=\"lazy\" decoding=\"async\" width=\"804\" height=\"393\" class=\"wp-block-cover__image-background wp-image-57447\" alt=\"\" src=\"https:\/\/bp2.eu\/wp-content\/uploads\/2023\/01\/vss.jpg\" data-object-fit=\"cover\" srcset=\"https:\/\/bp2.eu\/wp-content\/uploads\/2023\/01\/vss.jpg 804w, https:\/\/bp2.eu\/wp-content\/uploads\/2023\/01\/vss-768x375.jpg 768w\" sizes=\"auto, (max-width: 804px) 100vw, 804px\" \/><div class=\"wp-block-cover__inner-container is-layout-flow wp-block-cover-is-layout-flow\">\n<p class=\"has-text-align-center has-large-font-size\"><\/p>\n<\/div><\/div>\n<\/div>\n\n\n\n<div class=\"wp-block-column is-layout-flow wp-block-column-is-layout-flow\">\n<div class=\"wp-block-cover is-light is-style-full-height\"><span aria-hidden=\"true\" class=\"wp-block-cover__background has-dark-gray-background-color has-background-dim-100 has-background-dim\"><\/span><div class=\"wp-block-cover__inner-container is-layout-flow wp-block-cover-is-layout-flow\">\n<h3 class=\"header-with-icon \">\n<span class=\"header-with-icon__icon\"><img decoding=\"async\" src=\"https:\/\/bp2.eu\/wp-content\/uploads\/2022\/02\/Path-99.png\" alt=\"V\u00e2nzare \u0219i procesare tabl\u0103 plan\u0103\"><\/span>\n<span class=\"header-with-icon__content\">V\u00e2nzare \u0219i procesare tabl\u0103 plan\u0103<\/span>\n<\/h3>\n\n\n<ul class=\"links-list links-list--single \">\n                    <li class=\"links-list__item\">\n            <a href=\"https:\/\/vss.sk\/pl\/produkt\/formatki-i-blachy-plaskie\/\">\n                                <span class=\"links-list__title\">Table plane<\/span>            <\/a>\n        <\/li>\n                    <li class=\"links-list__item\">\n            <a href=\"https:\/\/vss.sk\/pl\/produkt\/uslugi-przewijania-i-rozkroje\/\">\n                                <span class=\"links-list__title\">F\u00e2\u0219iere \u0219i rebobinare<\/span>            <\/a>\n        <\/li>\n                    <li class=\"links-list__item\">\n            <a href=\"https:\/\/vss.sk\/en\/product\/perforation-of-sheets\/\">\n                                <span class=\"links-list__title\">Perforare table plane<\/span>            <\/a>\n        <\/li>\n                    <li class=\"links-list__item\">\n            <a href=\"https:\/\/vss.sk\/en\/product\/protection-and-packaging\/\">\n                                <span class=\"links-list__title\">Protejare \u0219i ambalare<\/span>            <\/a>\n        <\/li>\n    <\/ul><\/div><\/div>\n<\/div>\n<\/div>\n<\/div><\/div>\n\n\n\n<div style=\"height:100px\" aria-hidden=\"true\" class=\"wp-block-spacer is-style-small-spacer\"><\/div>\n","protected":false},"excerpt":{"rendered":"<p>G\u0102SI\u021aI ACOPERIREA PERFECT\u0102 PENTRU NEVOILE DUMNEAVOASTR\u0102 OFERTA NOASTR\u0102 Suntem un produc\u0103tor de solu\u021bii complete pentru industria construc\u021biilor. Oferim o gam\u0103 \u00eentreag\u0103 de produse dedicate construc\u021biilor comerciale \u0219i reziden\u021biale, adic\u0103 acoperi\u0219uri, pl\u0103ci de construc\u021bie, casete de fa\u021bad\u0103, panouri sandwich, casete de perete, sisteme de drenaj, precum \u0219i servicii specializate de prelucrare a o\u021belului \u00een cadrul centrului [&hellip;]<\/p>\n","protected":false},"author":1,"featured_media":0,"parent":0,"menu_order":151,"comment_status":"closed","ping_status":"closed","template":"templates\/offer.php","meta":{"_acf_changed":false,"content-type":"","inline_featured_image":false,"footnotes":""},"class_list":["post-83385","page","type-page","status-publish","hentry"],"acf":[],"_links":{"self":[{"href":"https:\/\/bp2.eu\/ro\/wp-json\/wp\/v2\/pages\/83385","targetHints":{"allow":["GET"]}}],"collection":[{"href":"https:\/\/bp2.eu\/ro\/wp-json\/wp\/v2\/pages"}],"about":[{"href":"https:\/\/bp2.eu\/ro\/wp-json\/wp\/v2\/types\/page"}],"author":[{"embeddable":true,"href":"https:\/\/bp2.eu\/ro\/wp-json\/wp\/v2\/users\/1"}],"replies":[{"embeddable":true,"href":"https:\/\/bp2.eu\/ro\/wp-json\/wp\/v2\/comments?post=83385"}],"version-history":[{"count":0,"href":"https:\/\/bp2.eu\/ro\/wp-json\/wp\/v2\/pages\/83385\/revisions"}],"wp:attachment":[{"href":"https:\/\/bp2.eu\/ro\/wp-json\/wp\/v2\/media?parent=83385"}],"curies":[{"name":"wp","href":"https:\/\/api.w.org\/{rel}","templated":true}]}}