{"id":83501,"date":"2022-04-19T08:11:31","date_gmt":"2022-04-19T06:11:31","guid":{"rendered":"https:\/\/bp2.eu\/faq\/"},"modified":"2024-09-10T08:56:44","modified_gmt":"2024-09-10T06:56:44","slug":"faq","status":"publish","type":"page","link":"https:\/\/bp2.eu\/ro\/faq\/","title":{"rendered":"\u00centreb\u0103ri frecvente (FAQ)"},"content":{"rendered":"\n<h2 class=\"wp-block-heading is-style-h2\" style=\"font-size:24px\">Ave\u021bi nevoie de ajutor? Vede\u021bi aici r\u0103spunsurile la cele mai frecvente \u00eentreb\u0103ri ale clien\u021bilor no\u0219tri.<\/h2>\n\n\n\n<p>Apreciem timpul dumneavoastr\u0103, a\u0219a c\u0103 rezolvarea rapid\u0103 a oric\u0103ror nel\u0103muriri este prioritatea noastr\u0103.<\/p>\n\n\n\n<p>Dac\u0103 nu g\u0103si\u021bi r\u0103spunsul la \u00eentrebarea dumneavoastr\u0103, adresa\u021bi-v\u0103 exper\u021bilor no\u0219tri, utiliza\u021bi pagina Contacta\u021bi-ne \u0219i scrie\u021bi-ne.<\/p>\n\n\n\n<p>Vom fi bucuro\u0219i s\u0103 v\u0103 ajut\u0103m \u0219i s\u0103 clarific\u0103m orice nel\u0103muriri pe care le ave\u021bi.<\/p>\n","protected":false},"excerpt":{"rendered":"<p>Ave\u021bi nevoie de ajutor? Vede\u021bi aici r\u0103spunsurile la cele mai frecvente \u00eentreb\u0103ri ale clien\u021bilor no\u0219tri. Apreciem timpul dumneavoastr\u0103, a\u0219a c\u0103 rezolvarea rapid\u0103 a oric\u0103ror nel\u0103muriri este prioritatea noastr\u0103. Dac\u0103 nu g\u0103si\u021bi r\u0103spunsul la \u00eentrebarea dumneavoastr\u0103, adresa\u021bi-v\u0103 exper\u021bilor no\u0219tri, utiliza\u021bi pagina Contacta\u021bi-ne \u0219i scrie\u021bi-ne. Vom fi bucuro\u0219i s\u0103 v\u0103 ajut\u0103m \u0219i s\u0103 clarific\u0103m orice nel\u0103muriri pe [&hellip;]<\/p>\n","protected":false},"author":1,"featured_media":0,"parent":0,"menu_order":37,"comment_status":"closed","ping_status":"closed","template":"templates\/faq.php","meta":{"_acf_changed":false,"content-type":"","inline_featured_image":false,"footnotes":""},"class_list":["post-83501","page","type-page","status-publish","hentry"],"acf":[],"_links":{"self":[{"href":"https:\/\/bp2.eu\/ro\/wp-json\/wp\/v2\/pages\/83501","targetHints":{"allow":["GET"]}}],"collection":[{"href":"https:\/\/bp2.eu\/ro\/wp-json\/wp\/v2\/pages"}],"about":[{"href":"https:\/\/bp2.eu\/ro\/wp-json\/wp\/v2\/types\/page"}],"author":[{"embeddable":true,"href":"https:\/\/bp2.eu\/ro\/wp-json\/wp\/v2\/users\/1"}],"replies":[{"embeddable":true,"href":"https:\/\/bp2.eu\/ro\/wp-json\/wp\/v2\/comments?post=83501"}],"version-history":[{"count":0,"href":"https:\/\/bp2.eu\/ro\/wp-json\/wp\/v2\/pages\/83501\/revisions"}],"wp:attachment":[{"href":"https:\/\/bp2.eu\/ro\/wp-json\/wp\/v2\/media?parent=83501"}],"curies":[{"name":"wp","href":"https:\/\/api.w.org\/{rel}","templated":true}]}}