{"id":82873,"date":"2022-03-11T13:56:18","date_gmt":"2022-03-11T12:56:18","guid":{"rendered":"https:\/\/bp2.eu\/produkt\/lambda-2-0\/"},"modified":"2025-07-01T14:50:16","modified_gmt":"2025-07-01T12:50:16","slug":"lambda-2-0","status":"publish","type":"product","link":"https:\/\/bp2.eu\/ro\/produkt\/lambda-2-0\/","title":{"rendered":"LAMBDA 2.0"},"content":{"rendered":"\n<div class=\"wp-block-group is-style-narrower-group\"><div class=\"wp-block-group__inner-container is-layout-flow wp-block-group-is-layout-flow\">\n<h2 class=\"wp-block-heading has-text-align-center is-style-h1\">\u00ceN FUNC\u021aIE DE NEVOILE DUMNEAVOASTR\u0102<\/h2>\n\n\n\n<p class=\"has-text-align-center\">LAMBDA 2.0 este disponibil \u00een dou\u0103 l\u0103\u021bimi (515 mm \u0219i 307 mm &#8211; l\u0103\u021bimi de acoperire) \u0219i patru tipuri de profile, oferindu-v\u0103 aspectul dorit.<\/p>\n<\/div><\/div>\n\n\n\n<div class=\"wp-block-group\"><div class=\"wp-block-group__inner-container is-layout-flow wp-block-group-is-layout-flow\">\n<h2 class=\"wp-block-heading has-text-align-center is-style-h3 has-red-color has-text-color\">MICRO RIB [M]<\/h2>\n\n\n\n<p class=\"has-text-align-center\">Micro-profilarea panoului pe \u00eentreaga sa suprafa\u021b\u0103 longitudinal\u0103 reduce la minimum posibilitatea ondula\u021biei tablei.<\/p>\n\n\n\n<div style=\"height:100px\" aria-hidden=\"true\" class=\"wp-block-spacer is-style-small-spacer\"><\/div>\n\n\n\n<div class=\"wp-block-columns is-layout-flex wp-container-core-columns-is-layout-9d6595d7 wp-block-columns-is-layout-flex\">\n<div class=\"wp-block-column is-layout-flow wp-block-column-is-layout-flow\"><div class=\"wp-block-image\">\n<figure class=\"aligncenter size-large is-resized\"><img loading=\"lazy\" decoding=\"async\" width=\"1024\" height=\"753\" src=\"https:\/\/bp2.eu\/wp-content\/uploads\/2022\/03\/Lambda_2_0_LW.2.0.515.M_dim-1024x753.png\" alt=\"\" class=\"wp-image-5645\" style=\"width:512px;height:377px\" srcset=\"https:\/\/bp2.eu\/wp-content\/uploads\/2022\/03\/Lambda_2_0_LW.2.0.515.M_dim-1024x753.png 1024w, https:\/\/bp2.eu\/wp-content\/uploads\/2022\/03\/Lambda_2_0_LW.2.0.515.M_dim-820x603.png 820w, https:\/\/bp2.eu\/wp-content\/uploads\/2022\/03\/Lambda_2_0_LW.2.0.515.M_dim-768x565.png 768w, https:\/\/bp2.eu\/wp-content\/uploads\/2022\/03\/Lambda_2_0_LW.2.0.515.M_dim-1536x1130.png 1536w, https:\/\/bp2.eu\/wp-content\/uploads\/2022\/03\/Lambda_2_0_LW.2.0.515.M_dim.png 1892w\" sizes=\"auto, (max-width: 1024px) 100vw, 1024px\" \/><\/figure>\n<\/div>\n\n\n<p class=\"has-text-align-center\"><strong>Cod produs:<\/strong><br><strong>LW.2.0.515.M<\/strong><\/p>\n\n\n\n<p class=\"has-text-align-center\">Panou de acoperi\u0219 LAMBDA 2.0 MICRO-RIB cu microprofilare longitudinal\u0103 \u0219i decupaj pentru \u00eendoire.<\/p>\n<\/div>\n\n\n\n<div class=\"wp-block-column is-layout-flow wp-block-column-is-layout-flow\"><div class=\"wp-block-image\">\n<figure class=\"aligncenter size-large is-resized\"><img loading=\"lazy\" decoding=\"async\" width=\"1024\" height=\"753\" src=\"https:\/\/bp2.eu\/wp-content\/uploads\/2022\/03\/Lambda_2_0_LW.2.0.515.M_dim-1-1024x753.png\" alt=\"\" class=\"wp-image-5708\" style=\"width:512px;height:377px\" srcset=\"https:\/\/bp2.eu\/wp-content\/uploads\/2022\/03\/Lambda_2_0_LW.2.0.515.M_dim-1-1024x753.png 1024w, https:\/\/bp2.eu\/wp-content\/uploads\/2022\/03\/Lambda_2_0_LW.2.0.515.M_dim-1-820x603.png 820w, https:\/\/bp2.eu\/wp-content\/uploads\/2022\/03\/Lambda_2_0_LW.2.0.515.M_dim-1-768x565.png 768w, https:\/\/bp2.eu\/wp-content\/uploads\/2022\/03\/Lambda_2_0_LW.2.0.515.M_dim-1-1536x1130.png 1536w, https:\/\/bp2.eu\/wp-content\/uploads\/2022\/03\/Lambda_2_0_LW.2.0.515.M_dim-1.png 1892w\" sizes=\"auto, (max-width: 1024px) 100vw, 1024px\" \/><\/figure>\n<\/div>\n\n\n<p class=\"has-text-align-center\"><strong>Cod produs:<\/strong><br><strong>LW.2.0.515.M<\/strong><\/p>\n\n\n\n<p class=\"has-text-align-center\">LAMBDA 2.0 tet\u0151panel MICRO-RIB hosszanti mikr\u00f3profiloz\u00e1ssal \u00e9s BEND-LOCK visszahajt\u00e1ssal.<\/p>\n<\/div>\n<\/div>\n\n\n\n<div style=\"height:100px\" aria-hidden=\"true\" class=\"wp-block-spacer is-style-small-spacer\"><\/div>\n\n\n\n<h2 class=\"wp-block-heading has-text-align-center is-style-h3 has-red-color has-text-color\">PROFILAREA TIP [R]<\/h2>\n\n\n\n<p class=\"has-text-align-center\">Profilarea suprafe\u021bei panoului cu canaluri longitudinale simetrice.<\/p>\n\n\n\n<div style=\"height:100px\" aria-hidden=\"true\" class=\"wp-block-spacer is-style-small-spacer\"><\/div>\n\n\n\n<div class=\"wp-block-columns is-layout-flex wp-container-core-columns-is-layout-9d6595d7 wp-block-columns-is-layout-flex\">\n<div class=\"wp-block-column is-layout-flow wp-block-column-is-layout-flow\"><div class=\"wp-block-image\">\n<figure class=\"aligncenter size-large is-resized\"><img loading=\"lazy\" decoding=\"async\" width=\"1024\" height=\"754\" src=\"https:\/\/bp2.eu\/wp-content\/uploads\/2022\/03\/LW.2.0.515.R_dim-1024x754.png\" alt=\"\" class=\"wp-image-5721\" style=\"width:512px;height:377px\" srcset=\"https:\/\/bp2.eu\/wp-content\/uploads\/2022\/03\/LW.2.0.515.R_dim-1024x754.png 1024w, https:\/\/bp2.eu\/wp-content\/uploads\/2022\/03\/LW.2.0.515.R_dim-820x604.png 820w, https:\/\/bp2.eu\/wp-content\/uploads\/2022\/03\/LW.2.0.515.R_dim-768x565.png 768w, https:\/\/bp2.eu\/wp-content\/uploads\/2022\/03\/LW.2.0.515.R_dim.png 1500w\" sizes=\"auto, (max-width: 1024px) 100vw, 1024px\" \/><\/figure>\n<\/div>\n\n\n<p class=\"has-text-align-center\"><strong>Cod Produs:<\/strong><br><strong>LW.2.0.515.R<\/strong><\/p>\n\n\n\n<p class=\"has-text-align-center\">Panou de acoperi\u0219 LAMBDA2.0 cu profil lingitudinal dublu \u0219i decupaj pentru \u00eendoire.<\/p>\n<\/div>\n\n\n\n<div class=\"wp-block-column is-layout-flow wp-block-column-is-layout-flow\"><div class=\"wp-block-image\">\n<figure class=\"aligncenter size-large is-resized\"><img loading=\"lazy\" decoding=\"async\" width=\"1024\" height=\"754\" src=\"https:\/\/bp2.eu\/wp-content\/uploads\/2022\/03\/LWZ.2.0.515.R_dim-1024x754.png\" alt=\"\" class=\"wp-image-5717\" style=\"width:512px;height:377px\" srcset=\"https:\/\/bp2.eu\/wp-content\/uploads\/2022\/03\/LWZ.2.0.515.R_dim-1024x754.png 1024w, https:\/\/bp2.eu\/wp-content\/uploads\/2022\/03\/LWZ.2.0.515.R_dim-820x604.png 820w, https:\/\/bp2.eu\/wp-content\/uploads\/2022\/03\/LWZ.2.0.515.R_dim-768x565.png 768w, https:\/\/bp2.eu\/wp-content\/uploads\/2022\/03\/LWZ.2.0.515.R_dim.png 1500w\" sizes=\"auto, (max-width: 1024px) 100vw, 1024px\" \/><\/figure>\n<\/div>\n\n\n<p class=\"has-text-align-center\"><strong>Cod Produs:<\/strong><br><strong>LWZ.2.0.515.R<\/strong><\/p>\n\n\n\n<p class=\"has-text-align-center\">Panou de acoperi\u0219 LAMBDA 2.0 cu profil longitudinal dublu \u0219i sistem BEND-LOCK.<\/p>\n<\/div>\n<\/div>\n\n\n\n<div style=\"height:100px\" aria-hidden=\"true\" class=\"wp-block-spacer is-style-small-spacer\"><\/div>\n\n\n\n<h2 class=\"wp-block-heading has-text-align-center is-style-h3 has-red-color has-text-color\">PROFILARE TIP [T25]<\/h2>\n\n\n\n<p class=\"has-text-align-center\">Suprafa\u021ba panoului este proiectat\u0103 cu un profil trapezoidal larg longitudinal.<\/p>\n\n\n\n<div style=\"height:100px\" aria-hidden=\"true\" class=\"wp-block-spacer is-style-small-spacer\"><\/div>\n\n\n\n<div class=\"wp-block-columns is-layout-flex wp-container-core-columns-is-layout-9d6595d7 wp-block-columns-is-layout-flex\">\n<div class=\"wp-block-column is-layout-flow wp-block-column-is-layout-flow\"><div class=\"wp-block-image\">\n<figure class=\"aligncenter size-large is-resized\"><img loading=\"lazy\" decoding=\"async\" width=\"1024\" height=\"754\" src=\"https:\/\/bp2.eu\/wp-content\/uploads\/2022\/03\/LW.2.0.515.T25_dim-1024x754.png\" alt=\"\" class=\"wp-image-5735\" style=\"width:512px;height:377px\" srcset=\"https:\/\/bp2.eu\/wp-content\/uploads\/2022\/03\/LW.2.0.515.T25_dim-1024x754.png 1024w, https:\/\/bp2.eu\/wp-content\/uploads\/2022\/03\/LW.2.0.515.T25_dim-820x604.png 820w, https:\/\/bp2.eu\/wp-content\/uploads\/2022\/03\/LW.2.0.515.T25_dim-768x565.png 768w, https:\/\/bp2.eu\/wp-content\/uploads\/2022\/03\/LW.2.0.515.T25_dim.png 1500w\" sizes=\"auto, (max-width: 1024px) 100vw, 1024px\" \/><\/figure>\n<\/div>\n\n\n<p class=\"has-text-align-center\"><strong>Cod Produs:<\/strong><br><strong>LW.2.0.515.T25<\/strong><\/p>\n\n\n\n<p class=\"has-text-align-center\">Panou de acoperi\u0219 LAMBDA 2.0 cu profil dublu trapezoidal<\/p>\n<\/div>\n\n\n\n<div class=\"wp-block-column is-layout-flow wp-block-column-is-layout-flow\"><div class=\"wp-block-image\">\n<figure class=\"aligncenter size-large is-resized\"><img loading=\"lazy\" decoding=\"async\" width=\"1024\" height=\"754\" src=\"https:\/\/bp2.eu\/wp-content\/uploads\/2022\/03\/LWZ.2.0.515.T25_dim-1024x754.png\" alt=\"\" class=\"wp-image-5739\" style=\"width:512px;height:377px\" srcset=\"https:\/\/bp2.eu\/wp-content\/uploads\/2022\/03\/LWZ.2.0.515.T25_dim-1024x754.png 1024w, https:\/\/bp2.eu\/wp-content\/uploads\/2022\/03\/LWZ.2.0.515.T25_dim-820x604.png 820w, https:\/\/bp2.eu\/wp-content\/uploads\/2022\/03\/LWZ.2.0.515.T25_dim-768x565.png 768w, https:\/\/bp2.eu\/wp-content\/uploads\/2022\/03\/LWZ.2.0.515.T25_dim.png 1500w\" sizes=\"auto, (max-width: 1024px) 100vw, 1024px\" \/><\/figure>\n<\/div>\n\n\n<p class=\"has-text-align-center\"><strong>Cod Produs:<\/strong><br><strong>LWZ.2.0.515.T25<\/strong><\/p>\n\n\n\n<p class=\"has-text-align-center\">Panoul de acoperi\u0219 LAMBDA 2.0 cu profil dublu trapezoidal \u0219i sisten BENDLOCK.<\/p>\n<\/div>\n<\/div>\n\n\n\n<div style=\"height:100px\" aria-hidden=\"true\" class=\"wp-block-spacer is-style-small-spacer\"><\/div>\n\n\n\n<h2 class=\"wp-block-heading has-text-align-center is-style-h3 has-red-color has-text-color\">SUPRAFA\u021a\u0102 PLAN\u0102 [P]<\/h2>\n\n\n\n<p class=\"has-text-align-center\">Finisaj clasic neted al panoului<\/p>\n\n\n\n<div style=\"height:100px\" aria-hidden=\"true\" class=\"wp-block-spacer is-style-small-spacer\"><\/div>\n\n\n\n<div class=\"wp-block-columns is-layout-flex wp-container-core-columns-is-layout-9d6595d7 wp-block-columns-is-layout-flex\">\n<div class=\"wp-block-column is-layout-flow wp-block-column-is-layout-flow\"><div class=\"wp-block-image\">\n<figure class=\"aligncenter size-large is-resized\"><img loading=\"lazy\" decoding=\"async\" width=\"1024\" height=\"754\" src=\"https:\/\/bp2.eu\/wp-content\/uploads\/2022\/03\/LW.2.0.515.P_dim-1024x754.png\" alt=\"\" class=\"wp-image-5759\" style=\"width:512px;height:377px\" srcset=\"https:\/\/bp2.eu\/wp-content\/uploads\/2022\/03\/LW.2.0.515.P_dim-1024x754.png 1024w, https:\/\/bp2.eu\/wp-content\/uploads\/2022\/03\/LW.2.0.515.P_dim-820x604.png 820w, https:\/\/bp2.eu\/wp-content\/uploads\/2022\/03\/LW.2.0.515.P_dim-768x565.png 768w, https:\/\/bp2.eu\/wp-content\/uploads\/2022\/03\/LW.2.0.515.P_dim.png 1500w\" sizes=\"auto, (max-width: 1024px) 100vw, 1024px\" \/><\/figure>\n<\/div>\n\n\n<p class=\"has-text-align-center\"><strong>Cod Produs:<\/strong><br><strong>LW.2.0.515.P<\/strong><\/p>\n\n\n\n<p class=\"has-text-align-center\">Panou de acoperi\u0219 LAMBDA 2.0 cu suprafa\u021b\u0103 plan\u0103<\/p>\n<\/div>\n\n\n\n<div class=\"wp-block-column is-layout-flow wp-block-column-is-layout-flow\"><div class=\"wp-block-image\">\n<figure class=\"aligncenter size-large is-resized\"><img loading=\"lazy\" decoding=\"async\" width=\"1024\" height=\"754\" src=\"https:\/\/bp2.eu\/wp-content\/uploads\/2022\/03\/LWZ.2.0.515.P_dim-2-1024x754.png\" alt=\"\" class=\"wp-image-5763\" style=\"width:512px;height:377px\" srcset=\"https:\/\/bp2.eu\/wp-content\/uploads\/2022\/03\/LWZ.2.0.515.P_dim-2-1024x754.png 1024w, https:\/\/bp2.eu\/wp-content\/uploads\/2022\/03\/LWZ.2.0.515.P_dim-2-820x604.png 820w, https:\/\/bp2.eu\/wp-content\/uploads\/2022\/03\/LWZ.2.0.515.P_dim-2-768x565.png 768w, https:\/\/bp2.eu\/wp-content\/uploads\/2022\/03\/LWZ.2.0.515.P_dim-2.png 1500w\" sizes=\"auto, (max-width: 1024px) 100vw, 1024px\" \/><\/figure>\n<\/div>\n\n\n<p class=\"has-text-align-center\"><strong>A term\u00e9k k\u00f3dja:<\/strong><br><strong>LWZ.2.0.515.P<\/strong><\/p>\n\n\n\n<p class=\"has-text-align-center\">Panou de acoperi\u0219 LAMBDA 2.0 cu suprafa\u021b\u0103 plan\u0103 \u0219i sistem BEND-LOCK.<\/p>\n<\/div>\n<\/div>\n\n\n\n<h2 class=\"wp-block-heading is-style-h3\">ATEN\u021aIE!<\/h2>\n\n\n\n<p>Datorit\u0103 structurii panourilor de acoperi\u0219, panoul de acoperi\u0219 poate fi supus fenomenului de ondulare a tablei. Acesta este un fenomen natural pentru acest tip de produs.<\/p>\n<\/div><\/div>\n","protected":false},"featured_media":23003,"menu_order":177,"template":"","product_category":[2002],"warranty":[1980,1981,1982,1983,1984,1985,1986],"product_serie":[],"class_list":["post-82873","product","type-product","status-publish","has-post-thumbnail","hentry","product_category-panel-series","warranty-10-lat-ro","warranty-15-lat-ro","warranty-20-lat-ro","warranty-25-lat-ro","warranty-30-lat-ro","warranty-35-lat-ro","warranty-40-lat-ro"],"acf":[],"_links":{"self":[{"href":"https:\/\/bp2.eu\/ro\/wp-json\/wp\/v2\/product\/82873","targetHints":{"allow":["GET"]}}],"collection":[{"href":"https:\/\/bp2.eu\/ro\/wp-json\/wp\/v2\/product"}],"about":[{"href":"https:\/\/bp2.eu\/ro\/wp-json\/wp\/v2\/types\/product"}],"wp:featuredmedia":[{"embeddable":true,"href":"https:\/\/bp2.eu\/ro\/wp-json\/wp\/v2\/media\/23003"}],"wp:attachment":[{"href":"https:\/\/bp2.eu\/ro\/wp-json\/wp\/v2\/media?parent=82873"}],"wp:term":[{"taxonomy":"product_category","embeddable":true,"href":"https:\/\/bp2.eu\/ro\/wp-json\/wp\/v2\/product_category?post=82873"},{"taxonomy":"warranty","embeddable":true,"href":"https:\/\/bp2.eu\/ro\/wp-json\/wp\/v2\/warranty?post=82873"},{"taxonomy":"product_serie","embeddable":true,"href":"https:\/\/bp2.eu\/ro\/wp-json\/wp\/v2\/product_serie?post=82873"}],"curies":[{"name":"wp","href":"https:\/\/api.w.org\/{rel}","templated":true}]}}